{"id":7819,"date":"2015-02-24T17:24:36","date_gmt":"2015-02-24T16:24:36","guid":{"rendered":"http:\/\/www.endless-hills.de\/?page_id=7819"},"modified":"2015-03-03T13:55:02","modified_gmt":"2015-03-03T12:55:02","slug":"lambada-queen","status":"publish","type":"page","link":"https:\/\/www.endless-hills.de\/?page_id=7819","title":{"rendered":"Lady Lambada"},"content":{"rendered":"<p>tricolour H\u00fcndin<\/p>\n<p>geboren um 3.36 Uhr<\/p>\n<p>Ganz die Mama nur mit voller wei\u00dfer Halskrause, vorne ein S\u00f6ckchen und ein Strumpf in wei\u00df<\/p>\n<p>Weitere Infos folgen&#8230;<\/p>\n<p><!-- default-view.php -->\n<div\n\tclass=\"ngg-galleryoverview default-view\n\t ngg-ajax-pagination-none\t\"\n\tid=\"ngg-gallery-dfdf185cd5a24bc80349564b031c309d-1\"\n\tdata-nextgen-gallery-id=\"134\"\n\tdata-gallery-id=\"134\"\n\t\tdata-gallery-name=\"Lady Lambada\"\n\t>\n\n\t\t<!-- Thumbnails -->\n\t\t\t\t<div id=\"ngg-image-0\" class=\"ngg-gallery-thumbnail-box\n\t\t\t\t\t\t\t\t\t\t\t\"\n\t\t\t>\n\t\t\t\t\t\t<div class=\"ngg-gallery-thumbnail\">\n\t\t<a href=\"https:\/\/www.endless-hills.de\/wp-content\/gallery\/lady-lambada\/DSC_0550.JPG?t=1429110265\"\n\t\t\ttitle=\"\"\n\t\t\tdata-src=\"https:\/\/www.endless-hills.de\/wp-content\/gallery\/lady-lambada\/DSC_0550.JPG?t=1429110265\"\n\t\t\tdata-thumbnail=\"https:\/\/www.endless-hills.de\/wp-content\/gallery\/lady-lambada\/thumbs\/thumbs_DSC_0550.JPG?t=1429110265\"\n\t\t\tdata-image-id=\"6625\"\n\t\t\tdata-image-name=\"DSC_0550.JPG\"\n\t\t\tdata-title=\"DSC_0550.JPG\"\n\t\t\tdata-description=\"\"\n\t\t\tdata-image-slug=\"dsc_0550-jpg\"\n\t\t\t\t\t\t\t\t\t\t\t\t\t\t\t\t\t\t\t\tclass=\"shutterset_dfdf185cd5a24bc80349564b031c309d\">\n\t\t\t\t\t\t\t\t<img\n\t\t\t\t\ttitle=\"DSC_0550.JPG\"\n\t\t\t\t\talt=\"DSC_0550.JPG\"\n\t\t\t\t\tsrc=\"https:\/\/www.endless-hills.de\/wp-content\/gallery\/lady-lambada\/thumbs\/thumbs_DSC_0550.JPG?t=1429110265\"\n\t\t\t\t\twidth=\"300\"\n\t\t\t\t\theight=\"300\"\n\t\t\t\t\tstyle=\"max-width:100%;\"\n\t\t\t\t\/>\n\t\t\t<\/a>\n\t\t<\/div>\n\t\t\t\t\t\t\t<\/div>\n\t\t\t\n\t\t\t\t<div id=\"ngg-image-1\" class=\"ngg-gallery-thumbnail-box\n\t\t\t\t\t\t\t\t\t\t\t\"\n\t\t\t>\n\t\t\t\t\t\t<div class=\"ngg-gallery-thumbnail\">\n\t\t<a href=\"https:\/\/www.endless-hills.de\/wp-content\/gallery\/lady-lambada\/DSC_0534.JPG?t=1429109054\"\n\t\t\ttitle=\"\"\n\t\t\tdata-src=\"https:\/\/www.endless-hills.de\/wp-content\/gallery\/lady-lambada\/DSC_0534.JPG?t=1429109054\"\n\t\t\tdata-thumbnail=\"https:\/\/www.endless-hills.de\/wp-content\/gallery\/lady-lambada\/thumbs\/thumbs_DSC_0534.JPG?t=1429109054\"\n\t\t\tdata-image-id=\"6621\"\n\t\t\tdata-image-name=\"DSC_0534.JPG\"\n\t\t\tdata-title=\"DSC_0534.JPG\"\n\t\t\tdata-description=\"\"\n\t\t\tdata-image-slug=\"dsc_0534-jpg\"\n\t\t\t\t\t\t\t\t\t\t\t\t\t\t\t\t\t\t\t\tclass=\"shutterset_dfdf185cd5a24bc80349564b031c309d\">\n\t\t\t\t\t\t\t\t<img\n\t\t\t\t\ttitle=\"DSC_0534.JPG\"\n\t\t\t\t\talt=\"DSC_0534.JPG\"\n\t\t\t\t\tsrc=\"https:\/\/www.endless-hills.de\/wp-content\/gallery\/lady-lambada\/thumbs\/thumbs_DSC_0534.JPG?t=1429109054\"\n\t\t\t\t\twidth=\"300\"\n\t\t\t\t\theight=\"300\"\n\t\t\t\t\tstyle=\"max-width:100%;\"\n\t\t\t\t\/>\n\t\t\t<\/a>\n\t\t<\/div>\n\t\t\t\t\t\t\t<\/div>\n\t\t\t\n\t\t\t\t<div id=\"ngg-image-2\" class=\"ngg-gallery-thumbnail-box\n\t\t\t\t\t\t\t\t\t\t\t\"\n\t\t\t>\n\t\t\t\t\t\t<div class=\"ngg-gallery-thumbnail\">\n\t\t<a href=\"https:\/\/www.endless-hills.de\/wp-content\/gallery\/lady-lambada\/DSC_0537.JPG?t=1429109065\"\n\t\t\ttitle=\"\"\n\t\t\tdata-src=\"https:\/\/www.endless-hills.de\/wp-content\/gallery\/lady-lambada\/DSC_0537.JPG?t=1429109065\"\n\t\t\tdata-thumbnail=\"https:\/\/www.endless-hills.de\/wp-content\/gallery\/lady-lambada\/thumbs\/thumbs_DSC_0537.JPG?t=1429109065\"\n\t\t\tdata-image-id=\"6622\"\n\t\t\tdata-image-name=\"DSC_0537.JPG\"\n\t\t\tdata-title=\"DSC_0537.JPG\"\n\t\t\tdata-description=\"\"\n\t\t\tdata-image-slug=\"dsc_0537-jpg\"\n\t\t\t\t\t\t\t\t\t\t\t\t\t\t\t\t\t\t\t\tclass=\"shutterset_dfdf185cd5a24bc80349564b031c309d\">\n\t\t\t\t\t\t\t\t<img\n\t\t\t\t\ttitle=\"DSC_0537.JPG\"\n\t\t\t\t\talt=\"DSC_0537.JPG\"\n\t\t\t\t\tsrc=\"https:\/\/www.endless-hills.de\/wp-content\/gallery\/lady-lambada\/thumbs\/thumbs_DSC_0537.JPG?t=1429109065\"\n\t\t\t\t\twidth=\"300\"\n\t\t\t\t\theight=\"300\"\n\t\t\t\t\tstyle=\"max-width:100%;\"\n\t\t\t\t\/>\n\t\t\t<\/a>\n\t\t<\/div>\n\t\t\t\t\t\t\t<\/div>\n\t\t\t\n\t\t\t\t<div id=\"ngg-image-3\" class=\"ngg-gallery-thumbnail-box\n\t\t\t\t\t\t\t\t\t\t\t\"\n\t\t\t>\n\t\t\t\t\t\t<div class=\"ngg-gallery-thumbnail\">\n\t\t<a href=\"https:\/\/www.endless-hills.de\/wp-content\/gallery\/lady-lambada\/DSC_0540.JPG?t=1429109075\"\n\t\t\ttitle=\"\"\n\t\t\tdata-src=\"https:\/\/www.endless-hills.de\/wp-content\/gallery\/lady-lambada\/DSC_0540.JPG?t=1429109075\"\n\t\t\tdata-thumbnail=\"https:\/\/www.endless-hills.de\/wp-content\/gallery\/lady-lambada\/thumbs\/thumbs_DSC_0540.JPG?t=1429109075\"\n\t\t\tdata-image-id=\"6623\"\n\t\t\tdata-image-name=\"DSC_0540.JPG\"\n\t\t\tdata-title=\"DSC_0540.JPG\"\n\t\t\tdata-description=\"\"\n\t\t\tdata-image-slug=\"dsc_0540-jpg\"\n\t\t\t\t\t\t\t\t\t\t\t\t\t\t\t\t\t\t\t\tclass=\"shutterset_dfdf185cd5a24bc80349564b031c309d\">\n\t\t\t\t\t\t\t\t<img\n\t\t\t\t\ttitle=\"DSC_0540.JPG\"\n\t\t\t\t\talt=\"DSC_0540.JPG\"\n\t\t\t\t\tsrc=\"https:\/\/www.endless-hills.de\/wp-content\/gallery\/lady-lambada\/thumbs\/thumbs_DSC_0540.JPG?t=1429109075\"\n\t\t\t\t\twidth=\"300\"\n\t\t\t\t\theight=\"300\"\n\t\t\t\t\tstyle=\"max-width:100%;\"\n\t\t\t\t\/>\n\t\t\t<\/a>\n\t\t<\/div>\n\t\t\t\t\t\t\t<\/div>\n\t\t\t\n\t\t\t\t<div id=\"ngg-image-4\" class=\"ngg-gallery-thumbnail-box\n\t\t\t\t\t\t\t\t\t\t\t\"\n\t\t\t>\n\t\t\t\t\t\t<div class=\"ngg-gallery-thumbnail\">\n\t\t<a href=\"https:\/\/www.endless-hills.de\/wp-content\/gallery\/lady-lambada\/DSC_0547.JPG?t=1429109088\"\n\t\t\ttitle=\"\"\n\t\t\tdata-src=\"https:\/\/www.endless-hills.de\/wp-content\/gallery\/lady-lambada\/DSC_0547.JPG?t=1429109088\"\n\t\t\tdata-thumbnail=\"https:\/\/www.endless-hills.de\/wp-content\/gallery\/lady-lambada\/thumbs\/thumbs_DSC_0547.JPG?t=1429109088\"\n\t\t\tdata-image-id=\"6624\"\n\t\t\tdata-image-name=\"DSC_0547.JPG\"\n\t\t\tdata-title=\"DSC_0547.JPG\"\n\t\t\tdata-description=\"\"\n\t\t\tdata-image-slug=\"dsc_0547-jpg\"\n\t\t\t\t\t\t\t\t\t\t\t\t\t\t\t\t\t\t\t\tclass=\"shutterset_dfdf185cd5a24bc80349564b031c309d\">\n\t\t\t\t\t\t\t\t<img\n\t\t\t\t\ttitle=\"DSC_0547.JPG\"\n\t\t\t\t\talt=\"DSC_0547.JPG\"\n\t\t\t\t\tsrc=\"https:\/\/www.endless-hills.de\/wp-content\/gallery\/lady-lambada\/thumbs\/thumbs_DSC_0547.JPG?t=1429109088\"\n\t\t\t\t\twidth=\"300\"\n\t\t\t\t\theight=\"300\"\n\t\t\t\t\tstyle=\"max-width:100%;\"\n\t\t\t\t\/>\n\t\t\t<\/a>\n\t\t<\/div>\n\t\t\t\t\t\t\t<\/div>\n\t\t\t\n\t\t\t\t<div id=\"ngg-image-5\" class=\"ngg-gallery-thumbnail-box\n\t\t\t\t\t\t\t\t\t\t\t\"\n\t\t\t>\n\t\t\t\t\t\t<div class=\"ngg-gallery-thumbnail\">\n\t\t<a href=\"https:\/\/www.endless-hills.de\/wp-content\/gallery\/lady-lambada\/DSC_0552.JPG?t=1429109109\"\n\t\t\ttitle=\"\"\n\t\t\tdata-src=\"https:\/\/www.endless-hills.de\/wp-content\/gallery\/lady-lambada\/DSC_0552.JPG?t=1429109109\"\n\t\t\tdata-thumbnail=\"https:\/\/www.endless-hills.de\/wp-content\/gallery\/lady-lambada\/thumbs\/thumbs_DSC_0552.JPG?t=1429109109\"\n\t\t\tdata-image-id=\"6626\"\n\t\t\tdata-image-name=\"DSC_0552.JPG\"\n\t\t\tdata-title=\"DSC_0552.JPG\"\n\t\t\tdata-description=\"\"\n\t\t\tdata-image-slug=\"dsc_0552-jpg\"\n\t\t\t\t\t\t\t\t\t\t\t\t\t\t\t\t\t\t\t\tclass=\"shutterset_dfdf185cd5a24bc80349564b031c309d\">\n\t\t\t\t\t\t\t\t<img\n\t\t\t\t\ttitle=\"DSC_0552.JPG\"\n\t\t\t\t\talt=\"DSC_0552.JPG\"\n\t\t\t\t\tsrc=\"https:\/\/www.endless-hills.de\/wp-content\/gallery\/lady-lambada\/thumbs\/thumbs_DSC_0552.JPG?t=1429109109\"\n\t\t\t\t\twidth=\"300\"\n\t\t\t\t\theight=\"300\"\n\t\t\t\t\tstyle=\"max-width:100%;\"\n\t\t\t\t\/>\n\t\t\t<\/a>\n\t\t<\/div>\n\t\t\t\t\t\t\t<\/div>\n\t\t\t\n\t\t\t\t<div id=\"ngg-image-6\" class=\"ngg-gallery-thumbnail-box\n\t\t\t\t\t\t\t\t\t\t\t\"\n\t\t\t>\n\t\t\t\t\t\t<div class=\"ngg-gallery-thumbnail\">\n\t\t<a href=\"https:\/\/www.endless-hills.de\/wp-content\/gallery\/lady-lambada\/DSC_0557.JPG?t=1429109148\"\n\t\t\ttitle=\"\"\n\t\t\tdata-src=\"https:\/\/www.endless-hills.de\/wp-content\/gallery\/lady-lambada\/DSC_0557.JPG?t=1429109148\"\n\t\t\tdata-thumbnail=\"https:\/\/www.endless-hills.de\/wp-content\/gallery\/lady-lambada\/thumbs\/thumbs_DSC_0557.JPG?t=1429109148\"\n\t\t\tdata-image-id=\"6628\"\n\t\t\tdata-image-name=\"DSC_0557.JPG\"\n\t\t\tdata-title=\"DSC_0557.JPG\"\n\t\t\tdata-description=\"\"\n\t\t\tdata-image-slug=\"dsc_0557-jpg\"\n\t\t\t\t\t\t\t\t\t\t\t\t\t\t\t\t\t\t\t\tclass=\"shutterset_dfdf185cd5a24bc80349564b031c309d\">\n\t\t\t\t\t\t\t\t<img\n\t\t\t\t\ttitle=\"DSC_0557.JPG\"\n\t\t\t\t\talt=\"DSC_0557.JPG\"\n\t\t\t\t\tsrc=\"https:\/\/www.endless-hills.de\/wp-content\/gallery\/lady-lambada\/thumbs\/thumbs_DSC_0557.JPG?t=1429109148\"\n\t\t\t\t\twidth=\"300\"\n\t\t\t\t\theight=\"300\"\n\t\t\t\t\tstyle=\"max-width:100%;\"\n\t\t\t\t\/>\n\t\t\t<\/a>\n\t\t<\/div>\n\t\t\t\t\t\t\t<\/div>\n\t\t\t\n\t\t\t\t<div id=\"ngg-image-7\" class=\"ngg-gallery-thumbnail-box\n\t\t\t\t\t\t\t\t\t\t\t\"\n\t\t\t>\n\t\t\t\t\t\t<div class=\"ngg-gallery-thumbnail\">\n\t\t<a href=\"https:\/\/www.endless-hills.de\/wp-content\/gallery\/lady-lambada\/DSC_0554.JPG?t=1429109117\"\n\t\t\ttitle=\"\"\n\t\t\tdata-src=\"https:\/\/www.endless-hills.de\/wp-content\/gallery\/lady-lambada\/DSC_0554.JPG?t=1429109117\"\n\t\t\tdata-thumbnail=\"https:\/\/www.endless-hills.de\/wp-content\/gallery\/lady-lambada\/thumbs\/thumbs_DSC_0554.JPG?t=1429109117\"\n\t\t\tdata-image-id=\"6627\"\n\t\t\tdata-image-name=\"DSC_0554.JPG\"\n\t\t\tdata-title=\"DSC_0554.JPG\"\n\t\t\tdata-description=\"\"\n\t\t\tdata-image-slug=\"dsc_0554-jpg\"\n\t\t\t\t\t\t\t\t\t\t\t\t\t\t\t\t\t\t\t\tclass=\"shutterset_dfdf185cd5a24bc80349564b031c309d\">\n\t\t\t\t\t\t\t\t<img\n\t\t\t\t\ttitle=\"DSC_0554.JPG\"\n\t\t\t\t\talt=\"DSC_0554.JPG\"\n\t\t\t\t\tsrc=\"https:\/\/www.endless-hills.de\/wp-content\/gallery\/lady-lambada\/thumbs\/thumbs_DSC_0554.JPG?t=1429109117\"\n\t\t\t\t\twidth=\"300\"\n\t\t\t\t\theight=\"300\"\n\t\t\t\t\tstyle=\"max-width:100%;\"\n\t\t\t\t\/>\n\t\t\t<\/a>\n\t\t<\/div>\n\t\t\t\t\t\t\t<\/div>\n\t\t\t\n\t\t\t\t<div id=\"ngg-image-8\" class=\"ngg-gallery-thumbnail-box\n\t\t\t\t\t\t\t\t\t\t\t\"\n\t\t\t>\n\t\t\t\t\t\t<div class=\"ngg-gallery-thumbnail\">\n\t\t<a href=\"https:\/\/www.endless-hills.de\/wp-content\/gallery\/lady-lambada\/DSC_0182.JPG?t=1428435056\"\n\t\t\ttitle=\"\"\n\t\t\tdata-src=\"https:\/\/www.endless-hills.de\/wp-content\/gallery\/lady-lambada\/DSC_0182.JPG?t=1428435056\"\n\t\t\tdata-thumbnail=\"https:\/\/www.endless-hills.de\/wp-content\/gallery\/lady-lambada\/thumbs\/thumbs_DSC_0182.JPG?t=1428435056\"\n\t\t\tdata-image-id=\"6574\"\n\t\t\tdata-image-name=\"DSC_0182.JPG\"\n\t\t\tdata-title=\"DSC_0182.JPG\"\n\t\t\tdata-description=\"\"\n\t\t\tdata-image-slug=\"dsc_0182-jpg-1\"\n\t\t\t\t\t\t\t\t\t\t\t\t\t\t\t\t\t\t\t\tclass=\"shutterset_dfdf185cd5a24bc80349564b031c309d\">\n\t\t\t\t\t\t\t\t<img\n\t\t\t\t\ttitle=\"DSC_0182.JPG\"\n\t\t\t\t\talt=\"DSC_0182.JPG\"\n\t\t\t\t\tsrc=\"https:\/\/www.endless-hills.de\/wp-content\/gallery\/lady-lambada\/thumbs\/thumbs_DSC_0182.JPG?t=1428435056\"\n\t\t\t\t\twidth=\"300\"\n\t\t\t\t\theight=\"300\"\n\t\t\t\t\tstyle=\"max-width:100%;\"\n\t\t\t\t\/>\n\t\t\t<\/a>\n\t\t<\/div>\n\t\t\t\t\t\t\t<\/div>\n\t\t\t\n\t\t\t\t<div id=\"ngg-image-9\" class=\"ngg-gallery-thumbnail-box\n\t\t\t\t\t\t\t\t\t\t\t\"\n\t\t\t>\n\t\t\t\t\t\t<div class=\"ngg-gallery-thumbnail\">\n\t\t<a href=\"https:\/\/www.endless-hills.de\/wp-content\/gallery\/lady-lambada\/DSC_0183.JPG?t=1428435073\"\n\t\t\ttitle=\"\"\n\t\t\tdata-src=\"https:\/\/www.endless-hills.de\/wp-content\/gallery\/lady-lambada\/DSC_0183.JPG?t=1428435073\"\n\t\t\tdata-thumbnail=\"https:\/\/www.endless-hills.de\/wp-content\/gallery\/lady-lambada\/thumbs\/thumbs_DSC_0183.JPG?t=1428435073\"\n\t\t\tdata-image-id=\"6575\"\n\t\t\tdata-image-name=\"DSC_0183.JPG\"\n\t\t\tdata-title=\"DSC_0183.JPG\"\n\t\t\tdata-description=\"\"\n\t\t\tdata-image-slug=\"dsc_0183-jpg-1\"\n\t\t\t\t\t\t\t\t\t\t\t\t\t\t\t\t\t\t\t\tclass=\"shutterset_dfdf185cd5a24bc80349564b031c309d\">\n\t\t\t\t\t\t\t\t<img\n\t\t\t\t\ttitle=\"DSC_0183.JPG\"\n\t\t\t\t\talt=\"DSC_0183.JPG\"\n\t\t\t\t\tsrc=\"https:\/\/www.endless-hills.de\/wp-content\/gallery\/lady-lambada\/thumbs\/thumbs_DSC_0183.JPG?t=1428435073\"\n\t\t\t\t\twidth=\"300\"\n\t\t\t\t\theight=\"300\"\n\t\t\t\t\tstyle=\"max-width:100%;\"\n\t\t\t\t\/>\n\t\t\t<\/a>\n\t\t<\/div>\n\t\t\t\t\t\t\t<\/div>\n\t\t\t\n\t\t\t\t<div id=\"ngg-image-10\" class=\"ngg-gallery-thumbnail-box\n\t\t\t\t\t\t\t\t\t\t\t\"\n\t\t\t>\n\t\t\t\t\t\t<div class=\"ngg-gallery-thumbnail\">\n\t\t<a href=\"https:\/\/www.endless-hills.de\/wp-content\/gallery\/lady-lambada\/DSC_0205.JPG?t=1428435106\"\n\t\t\ttitle=\"\"\n\t\t\tdata-src=\"https:\/\/www.endless-hills.de\/wp-content\/gallery\/lady-lambada\/DSC_0205.JPG?t=1428435106\"\n\t\t\tdata-thumbnail=\"https:\/\/www.endless-hills.de\/wp-content\/gallery\/lady-lambada\/thumbs\/thumbs_DSC_0205.JPG?t=1428435106\"\n\t\t\tdata-image-id=\"6576\"\n\t\t\tdata-image-name=\"DSC_0205.JPG\"\n\t\t\tdata-title=\"DSC_0205.JPG\"\n\t\t\tdata-description=\"\"\n\t\t\tdata-image-slug=\"dsc_0205-jpg-1\"\n\t\t\t\t\t\t\t\t\t\t\t\t\t\t\t\t\t\t\t\tclass=\"shutterset_dfdf185cd5a24bc80349564b031c309d\">\n\t\t\t\t\t\t\t\t<img\n\t\t\t\t\ttitle=\"DSC_0205.JPG\"\n\t\t\t\t\talt=\"DSC_0205.JPG\"\n\t\t\t\t\tsrc=\"https:\/\/www.endless-hills.de\/wp-content\/gallery\/lady-lambada\/thumbs\/thumbs_DSC_0205.JPG?t=1428435106\"\n\t\t\t\t\twidth=\"300\"\n\t\t\t\t\theight=\"300\"\n\t\t\t\t\tstyle=\"max-width:100%;\"\n\t\t\t\t\/>\n\t\t\t<\/a>\n\t\t<\/div>\n\t\t\t\t\t\t\t<\/div>\n\t\t\t\n\t\t\t\t<div id=\"ngg-image-11\" class=\"ngg-gallery-thumbnail-box\n\t\t\t\t\t\t\t\t\t\t\t\"\n\t\t\t>\n\t\t\t\t\t\t<div class=\"ngg-gallery-thumbnail\">\n\t\t<a href=\"https:\/\/www.endless-hills.de\/wp-content\/gallery\/lady-lambada\/DSC_0225.JPG?t=1428435120\"\n\t\t\ttitle=\"\"\n\t\t\tdata-src=\"https:\/\/www.endless-hills.de\/wp-content\/gallery\/lady-lambada\/DSC_0225.JPG?t=1428435120\"\n\t\t\tdata-thumbnail=\"https:\/\/www.endless-hills.de\/wp-content\/gallery\/lady-lambada\/thumbs\/thumbs_DSC_0225.JPG?t=1428435120\"\n\t\t\tdata-image-id=\"6577\"\n\t\t\tdata-image-name=\"DSC_0225.JPG\"\n\t\t\tdata-title=\"DSC_0225.JPG\"\n\t\t\tdata-description=\"\"\n\t\t\tdata-image-slug=\"dsc_0225-jpg-1\"\n\t\t\t\t\t\t\t\t\t\t\t\t\t\t\t\t\t\t\t\tclass=\"shutterset_dfdf185cd5a24bc80349564b031c309d\">\n\t\t\t\t\t\t\t\t<img\n\t\t\t\t\ttitle=\"DSC_0225.JPG\"\n\t\t\t\t\talt=\"DSC_0225.JPG\"\n\t\t\t\t\tsrc=\"https:\/\/www.endless-hills.de\/wp-content\/gallery\/lady-lambada\/thumbs\/thumbs_DSC_0225.JPG?t=1428435120\"\n\t\t\t\t\twidth=\"300\"\n\t\t\t\t\theight=\"300\"\n\t\t\t\t\tstyle=\"max-width:100%;\"\n\t\t\t\t\/>\n\t\t\t<\/a>\n\t\t<\/div>\n\t\t\t\t\t\t\t<\/div>\n\t\t\t\n\t\t\t\t<div id=\"ngg-image-12\" class=\"ngg-gallery-thumbnail-box\n\t\t\t\t\t\t\t\t\t\t\t\"\n\t\t\t>\n\t\t\t\t\t\t<div class=\"ngg-gallery-thumbnail\">\n\t\t<a href=\"https:\/\/www.endless-hills.de\/wp-content\/gallery\/lady-lambada\/DSC_0226.JPG?t=1428435129\"\n\t\t\ttitle=\"\"\n\t\t\tdata-src=\"https:\/\/www.endless-hills.de\/wp-content\/gallery\/lady-lambada\/DSC_0226.JPG?t=1428435129\"\n\t\t\tdata-thumbnail=\"https:\/\/www.endless-hills.de\/wp-content\/gallery\/lady-lambada\/thumbs\/thumbs_DSC_0226.JPG?t=1428435129\"\n\t\t\tdata-image-id=\"6578\"\n\t\t\tdata-image-name=\"DSC_0226.JPG\"\n\t\t\tdata-title=\"DSC_0226.JPG\"\n\t\t\tdata-description=\"\"\n\t\t\tdata-image-slug=\"dsc_0226-jpg-1\"\n\t\t\t\t\t\t\t\t\t\t\t\t\t\t\t\t\t\t\t\tclass=\"shutterset_dfdf185cd5a24bc80349564b031c309d\">\n\t\t\t\t\t\t\t\t<img\n\t\t\t\t\ttitle=\"DSC_0226.JPG\"\n\t\t\t\t\talt=\"DSC_0226.JPG\"\n\t\t\t\t\tsrc=\"https:\/\/www.endless-hills.de\/wp-content\/gallery\/lady-lambada\/thumbs\/thumbs_DSC_0226.JPG?t=1428435129\"\n\t\t\t\t\twidth=\"300\"\n\t\t\t\t\theight=\"300\"\n\t\t\t\t\tstyle=\"max-width:100%;\"\n\t\t\t\t\/>\n\t\t\t<\/a>\n\t\t<\/div>\n\t\t\t\t\t\t\t<\/div>\n\t\t\t\n\t\t\t\t<div id=\"ngg-image-13\" class=\"ngg-gallery-thumbnail-box\n\t\t\t\t\t\t\t\t\t\t\t\"\n\t\t\t>\n\t\t\t\t\t\t<div class=\"ngg-gallery-thumbnail\">\n\t\t<a href=\"https:\/\/www.endless-hills.de\/wp-content\/gallery\/lady-lambada\/P1010400.JPG?t=1428435150\"\n\t\t\ttitle=\"\"\n\t\t\tdata-src=\"https:\/\/www.endless-hills.de\/wp-content\/gallery\/lady-lambada\/P1010400.JPG?t=1428435150\"\n\t\t\tdata-thumbnail=\"https:\/\/www.endless-hills.de\/wp-content\/gallery\/lady-lambada\/thumbs\/thumbs_P1010400.JPG?t=1428435150\"\n\t\t\tdata-image-id=\"6579\"\n\t\t\tdata-image-name=\"P1010400.JPG\"\n\t\t\tdata-title=\"P1010400.JPG\"\n\t\t\tdata-description=\"\"\n\t\t\tdata-image-slug=\"p1010400-jpg\"\n\t\t\t\t\t\t\t\t\t\t\t\t\t\t\t\t\t\t\t\tclass=\"shutterset_dfdf185cd5a24bc80349564b031c309d\">\n\t\t\t\t\t\t\t\t<img\n\t\t\t\t\ttitle=\"P1010400.JPG\"\n\t\t\t\t\talt=\"P1010400.JPG\"\n\t\t\t\t\tsrc=\"https:\/\/www.endless-hills.de\/wp-content\/gallery\/lady-lambada\/thumbs\/thumbs_P1010400.JPG?t=1428435150\"\n\t\t\t\t\twidth=\"300\"\n\t\t\t\t\theight=\"300\"\n\t\t\t\t\tstyle=\"max-width:100%;\"\n\t\t\t\t\/>\n\t\t\t<\/a>\n\t\t<\/div>\n\t\t\t\t\t\t\t<\/div>\n\t\t\t\n\t\t\t\t<div id=\"ngg-image-14\" class=\"ngg-gallery-thumbnail-box\n\t\t\t\t\t\t\t\t\t\t\t\"\n\t\t\t>\n\t\t\t\t\t\t<div class=\"ngg-gallery-thumbnail\">\n\t\t<a href=\"https:\/\/www.endless-hills.de\/wp-content\/gallery\/lady-lambada\/P1010419.JPG?t=1428435172\"\n\t\t\ttitle=\"\"\n\t\t\tdata-src=\"https:\/\/www.endless-hills.de\/wp-content\/gallery\/lady-lambada\/P1010419.JPG?t=1428435172\"\n\t\t\tdata-thumbnail=\"https:\/\/www.endless-hills.de\/wp-content\/gallery\/lady-lambada\/thumbs\/thumbs_P1010419.JPG?t=1428435172\"\n\t\t\tdata-image-id=\"6580\"\n\t\t\tdata-image-name=\"P1010419.JPG\"\n\t\t\tdata-title=\"P1010419.JPG\"\n\t\t\tdata-description=\"\"\n\t\t\tdata-image-slug=\"p1010419-jpg\"\n\t\t\t\t\t\t\t\t\t\t\t\t\t\t\t\t\t\t\t\tclass=\"shutterset_dfdf185cd5a24bc80349564b031c309d\">\n\t\t\t\t\t\t\t\t<img\n\t\t\t\t\ttitle=\"P1010419.JPG\"\n\t\t\t\t\talt=\"P1010419.JPG\"\n\t\t\t\t\tsrc=\"https:\/\/www.endless-hills.de\/wp-content\/gallery\/lady-lambada\/thumbs\/thumbs_P1010419.JPG?t=1428435172\"\n\t\t\t\t\twidth=\"300\"\n\t\t\t\t\theight=\"300\"\n\t\t\t\t\tstyle=\"max-width:100%;\"\n\t\t\t\t\/>\n\t\t\t<\/a>\n\t\t<\/div>\n\t\t\t\t\t\t\t<\/div>\n\t\t\t\n\t\t\t\t<div id=\"ngg-image-15\" class=\"ngg-gallery-thumbnail-box\n\t\t\t\t\t\t\t\t\t\t\t\"\n\t\t\t>\n\t\t\t\t\t\t<div class=\"ngg-gallery-thumbnail\">\n\t\t<a href=\"https:\/\/www.endless-hills.de\/wp-content\/gallery\/lady-lambada\/DSC_0093.JPG?t=1427201212\"\n\t\t\ttitle=\"\"\n\t\t\tdata-src=\"https:\/\/www.endless-hills.de\/wp-content\/gallery\/lady-lambada\/DSC_0093.JPG?t=1427201212\"\n\t\t\tdata-thumbnail=\"https:\/\/www.endless-hills.de\/wp-content\/gallery\/lady-lambada\/thumbs\/thumbs_DSC_0093.JPG?t=1427201212\"\n\t\t\tdata-image-id=\"6406\"\n\t\t\tdata-image-name=\"DSC_0093.JPG\"\n\t\t\tdata-title=\"DSC_0093\"\n\t\t\tdata-description=\"\"\n\t\t\tdata-image-slug=\"dsc_0093-2\"\n\t\t\t\t\t\t\t\t\t\t\t\t\t\t\t\t\t\t\t\tclass=\"shutterset_dfdf185cd5a24bc80349564b031c309d\">\n\t\t\t\t\t\t\t\t<img\n\t\t\t\t\ttitle=\"DSC_0093\"\n\t\t\t\t\talt=\"DSC_0093\"\n\t\t\t\t\tsrc=\"https:\/\/www.endless-hills.de\/wp-content\/gallery\/lady-lambada\/thumbs\/thumbs_DSC_0093.JPG?t=1427201212\"\n\t\t\t\t\twidth=\"300\"\n\t\t\t\t\theight=\"300\"\n\t\t\t\t\tstyle=\"max-width:100%;\"\n\t\t\t\t\/>\n\t\t\t<\/a>\n\t\t<\/div>\n\t\t\t\t\t\t\t<\/div>\n\t\t\t\n\t\t\t\t<div id=\"ngg-image-16\" class=\"ngg-gallery-thumbnail-box\n\t\t\t\t\t\t\t\t\t\t\t\"\n\t\t\t>\n\t\t\t\t\t\t<div class=\"ngg-gallery-thumbnail\">\n\t\t<a href=\"https:\/\/www.endless-hills.de\/wp-content\/gallery\/lady-lambada\/DSC_0054.JPG?t=1427201212\"\n\t\t\ttitle=\"\"\n\t\t\tdata-src=\"https:\/\/www.endless-hills.de\/wp-content\/gallery\/lady-lambada\/DSC_0054.JPG?t=1427201212\"\n\t\t\tdata-thumbnail=\"https:\/\/www.endless-hills.de\/wp-content\/gallery\/lady-lambada\/thumbs\/thumbs_DSC_0054.JPG?t=1427201212\"\n\t\t\tdata-image-id=\"6402\"\n\t\t\tdata-image-name=\"DSC_0054.JPG\"\n\t\t\tdata-title=\"DSC_0054\"\n\t\t\tdata-description=\"\"\n\t\t\tdata-image-slug=\"dsc_0054-1\"\n\t\t\t\t\t\t\t\t\t\t\t\t\t\t\t\t\t\t\t\tclass=\"shutterset_dfdf185cd5a24bc80349564b031c309d\">\n\t\t\t\t\t\t\t\t<img\n\t\t\t\t\ttitle=\"DSC_0054\"\n\t\t\t\t\talt=\"DSC_0054\"\n\t\t\t\t\tsrc=\"https:\/\/www.endless-hills.de\/wp-content\/gallery\/lady-lambada\/thumbs\/thumbs_DSC_0054.JPG?t=1427201212\"\n\t\t\t\t\twidth=\"300\"\n\t\t\t\t\theight=\"300\"\n\t\t\t\t\tstyle=\"max-width:100%;\"\n\t\t\t\t\/>\n\t\t\t<\/a>\n\t\t<\/div>\n\t\t\t\t\t\t\t<\/div>\n\t\t\t\n\t\t\t\t<div id=\"ngg-image-17\" class=\"ngg-gallery-thumbnail-box\n\t\t\t\t\t\t\t\t\t\t\t\"\n\t\t\t>\n\t\t\t\t\t\t<div class=\"ngg-gallery-thumbnail\">\n\t\t<a href=\"https:\/\/www.endless-hills.de\/wp-content\/gallery\/lady-lambada\/DSC_0060.JPG?t=1427201212\"\n\t\t\ttitle=\"\"\n\t\t\tdata-src=\"https:\/\/www.endless-hills.de\/wp-content\/gallery\/lady-lambada\/DSC_0060.JPG?t=1427201212\"\n\t\t\tdata-thumbnail=\"https:\/\/www.endless-hills.de\/wp-content\/gallery\/lady-lambada\/thumbs\/thumbs_DSC_0060.JPG?t=1427201212\"\n\t\t\tdata-image-id=\"6403\"\n\t\t\tdata-image-name=\"DSC_0060.JPG\"\n\t\t\tdata-title=\"DSC_0060\"\n\t\t\tdata-description=\"\"\n\t\t\tdata-image-slug=\"dsc_0060-3\"\n\t\t\t\t\t\t\t\t\t\t\t\t\t\t\t\t\t\t\t\tclass=\"shutterset_dfdf185cd5a24bc80349564b031c309d\">\n\t\t\t\t\t\t\t\t<img\n\t\t\t\t\ttitle=\"DSC_0060\"\n\t\t\t\t\talt=\"DSC_0060\"\n\t\t\t\t\tsrc=\"https:\/\/www.endless-hills.de\/wp-content\/gallery\/lady-lambada\/thumbs\/thumbs_DSC_0060.JPG?t=1427201212\"\n\t\t\t\t\twidth=\"300\"\n\t\t\t\t\theight=\"300\"\n\t\t\t\t\tstyle=\"max-width:100%;\"\n\t\t\t\t\/>\n\t\t\t<\/a>\n\t\t<\/div>\n\t\t\t\t\t\t\t<\/div>\n\t\t\t\n\t\t\t\t<div id=\"ngg-image-18\" class=\"ngg-gallery-thumbnail-box\n\t\t\t\t\t\t\t\t\t\t\t\"\n\t\t\t>\n\t\t\t\t\t\t<div class=\"ngg-gallery-thumbnail\">\n\t\t<a href=\"https:\/\/www.endless-hills.de\/wp-content\/gallery\/lady-lambada\/DSC_0061.JPG?t=1427201212\"\n\t\t\ttitle=\"\"\n\t\t\tdata-src=\"https:\/\/www.endless-hills.de\/wp-content\/gallery\/lady-lambada\/DSC_0061.JPG?t=1427201212\"\n\t\t\tdata-thumbnail=\"https:\/\/www.endless-hills.de\/wp-content\/gallery\/lady-lambada\/thumbs\/thumbs_DSC_0061.JPG?t=1427201212\"\n\t\t\tdata-image-id=\"6404\"\n\t\t\tdata-image-name=\"DSC_0061.JPG\"\n\t\t\tdata-title=\"DSC_0061\"\n\t\t\tdata-description=\"\"\n\t\t\tdata-image-slug=\"dsc_0061-1\"\n\t\t\t\t\t\t\t\t\t\t\t\t\t\t\t\t\t\t\t\tclass=\"shutterset_dfdf185cd5a24bc80349564b031c309d\">\n\t\t\t\t\t\t\t\t<img\n\t\t\t\t\ttitle=\"DSC_0061\"\n\t\t\t\t\talt=\"DSC_0061\"\n\t\t\t\t\tsrc=\"https:\/\/www.endless-hills.de\/wp-content\/gallery\/lady-lambada\/thumbs\/thumbs_DSC_0061.JPG?t=1427201212\"\n\t\t\t\t\twidth=\"300\"\n\t\t\t\t\theight=\"300\"\n\t\t\t\t\tstyle=\"max-width:100%;\"\n\t\t\t\t\/>\n\t\t\t<\/a>\n\t\t<\/div>\n\t\t\t\t\t\t\t<\/div>\n\t\t\t\n\t\t\t\t<div id=\"ngg-image-19\" class=\"ngg-gallery-thumbnail-box\n\t\t\t\t\t\t\t\t\t\t\t\"\n\t\t\t>\n\t\t\t\t\t\t<div class=\"ngg-gallery-thumbnail\">\n\t\t<a href=\"https:\/\/www.endless-hills.de\/wp-content\/gallery\/lady-lambada\/DSC_0069.JPG?t=1427201212\"\n\t\t\ttitle=\"\"\n\t\t\tdata-src=\"https:\/\/www.endless-hills.de\/wp-content\/gallery\/lady-lambada\/DSC_0069.JPG?t=1427201212\"\n\t\t\tdata-thumbnail=\"https:\/\/www.endless-hills.de\/wp-content\/gallery\/lady-lambada\/thumbs\/thumbs_DSC_0069.JPG?t=1427201212\"\n\t\t\tdata-image-id=\"6405\"\n\t\t\tdata-image-name=\"DSC_0069.JPG\"\n\t\t\tdata-title=\"DSC_0069\"\n\t\t\tdata-description=\"\"\n\t\t\tdata-image-slug=\"dsc_0069-3\"\n\t\t\t\t\t\t\t\t\t\t\t\t\t\t\t\t\t\t\t\tclass=\"shutterset_dfdf185cd5a24bc80349564b031c309d\">\n\t\t\t\t\t\t\t\t<img\n\t\t\t\t\ttitle=\"DSC_0069\"\n\t\t\t\t\talt=\"DSC_0069\"\n\t\t\t\t\tsrc=\"https:\/\/www.endless-hills.de\/wp-content\/gallery\/lady-lambada\/thumbs\/thumbs_DSC_0069.JPG?t=1427201212\"\n\t\t\t\t\twidth=\"300\"\n\t\t\t\t\theight=\"300\"\n\t\t\t\t\tstyle=\"max-width:100%;\"\n\t\t\t\t\/>\n\t\t\t<\/a>\n\t\t<\/div>\n\t\t\t\t\t\t\t<\/div>\n\t\t\t\n\t\n\t<br style=\"clear: both\" \/>\n\n\t\t<div class=\"slideshowlink\">\n\t\t<a href='https:\/\/www.endless-hills.de\/index.php\/nggallery\/slideshow?page_id=7819'>[Zeige als Diashow]<\/a>\n\n\t<\/div>\n\t\n\t\t<!-- Pagination -->\n\t\t<div class='ngg-navigation'><span class='current'>1<\/span>\n<a class='page-numbers' data-pageid='2' href='https:\/\/www.endless-hills.de\/index.php\/nggallery\/page\/2?page_id=7819'>2<\/a>\n<a class='prev' href='https:\/\/www.endless-hills.de\/index.php\/nggallery\/page\/2?page_id=7819' data-pageid=\"2\">&#9658;<\/a><\/div>\t<\/div>\n<\/p>\n<p>&nbsp;<\/p>\n","protected":false},"excerpt":{"rendered":"<p>tricolour H\u00fcndin geboren um 3.36 Uhr Ganz die Mama nur mit voller wei\u00dfer Halskrause, vorne ein S\u00f6ckchen und ein Strumpf in wei\u00df Weitere Infos folgen&#8230; [Zeige als Diashow] 1 2 &#9658; &nbsp;<\/p>\n","protected":false},"author":3,"featured_media":0,"parent":7812,"menu_order":8,"comment_status":"closed","ping_status":"closed","template":"","meta":{"ngg_post_thumbnail":0,"footnotes":""},"class_list":["post-7819","page","type-page","status-publish","hentry"],"_links":{"self":[{"href":"https:\/\/www.endless-hills.de\/index.php?rest_route=\/wp\/v2\/pages\/7819","targetHints":{"allow":["GET"]}}],"collection":[{"href":"https:\/\/www.endless-hills.de\/index.php?rest_route=\/wp\/v2\/pages"}],"about":[{"href":"https:\/\/www.endless-hills.de\/index.php?rest_route=\/wp\/v2\/types\/page"}],"author":[{"embeddable":true,"href":"https:\/\/www.endless-hills.de\/index.php?rest_route=\/wp\/v2\/users\/3"}],"replies":[{"embeddable":true,"href":"https:\/\/www.endless-hills.de\/index.php?rest_route=%2Fwp%2Fv2%2Fcomments&post=7819"}],"version-history":[{"count":4,"href":"https:\/\/www.endless-hills.de\/index.php?rest_route=\/wp\/v2\/pages\/7819\/revisions"}],"predecessor-version":[{"id":7954,"href":"https:\/\/www.endless-hills.de\/index.php?rest_route=\/wp\/v2\/pages\/7819\/revisions\/7954"}],"up":[{"embeddable":true,"href":"https:\/\/www.endless-hills.de\/index.php?rest_route=\/wp\/v2\/pages\/7812"}],"wp:attachment":[{"href":"https:\/\/www.endless-hills.de\/index.php?rest_route=%2Fwp%2Fv2%2Fmedia&parent=7819"}],"curies":[{"name":"wp","href":"https:\/\/api.w.org\/{rel}","templated":true}]}}