{"id":7812,"date":"2015-02-24T16:43:15","date_gmt":"2015-02-24T15:43:15","guid":{"rendered":"http:\/\/www.endless-hills.de\/?page_id=7812"},"modified":"2015-11-25T15:15:42","modified_gmt":"2015-11-25T14:15:42","slug":"l-wurf","status":"publish","type":"page","link":"https:\/\/www.endless-hills.de\/?page_id=7812","title":{"rendered":"L-Wurf"},"content":{"rendered":"<h2 style=\"text-align: center;\"><span style=\"color: #ff0000;\">Wir haben Collie &#8211; Welpen in darksable und tricolour<\/span><\/h2>\n<p style=\"text-align: center;\">geboren am 23.02.2015<\/p>\n<p style=\"text-align: center;\">Informationen zu der Verpaarung:<\/p>\n<h3 style=\"text-align: center;\"><span style=\"color: #0000ff;\">Pancho\u00a0Sir vom Br\u00fcggener &#8211; Land<\/span><\/h3>\n<p style=\"text-align: center;\">CEA\/PRA\/KAT frei puppy test DOK, CEA gen. normal, MDR1 +\/+, DM N\/N, PRArcd2 N\/N, HD &#8211; A2, K\u00f6rklasse I, vollzahniges Scherengebi\u00df, nat\u00fcrliche Kippohren<\/p>\n<p style=\"text-align: center;\">und<\/p>\n<h3 style=\"text-align: center;\"><span style=\"color: #0000ff;\">Dallinaire Believe in Miracles<\/span><\/h3>\n<p style=\"text-align: center;\">CEA\/PRA\/KAT frei, \u00a0MDR1 -\/-, DM n\/n, PRArcd2 N\/N, HD &#8211; A1, K\u00f6rklasse II, vollzahniges Scherengebi\u00df, nat\u00fcrliche Kippohren<\/p>\n<p style=\"text-align: center;\"><span style=\"color: #ff0000;\">Alle Welpen sind frei vom MDR1 Gendefekt, DM N\/DM, CEA Carrier, sowie PRA N\/N.\u00a0<\/span><\/p>\n<div id=\"attachment_7817\" style=\"width: 510px\" class=\"wp-caption aligncenter\"><img loading=\"lazy\" decoding=\"async\" aria-describedby=\"caption-attachment-7817\" class=\"wp-image-7817\" src=\"http:\/\/www.endless-hills.de\/wp-content\/uploads\/2015\/02\/IMG_0778-768x1024.jpg\" alt=\"Vorzeitiges Osternest??? ;)\" width=\"500\" height=\"667\" srcset=\"https:\/\/www.endless-hills.de\/wp-content\/uploads\/2015\/02\/IMG_0778-768x1024.jpg 768w, https:\/\/www.endless-hills.de\/wp-content\/uploads\/2015\/02\/IMG_0778-225x300.jpg 225w\" sizes=\"auto, (max-width: 500px) 100vw, 500px\" \/><p id=\"caption-attachment-7817\" class=\"wp-caption-text\">Vorzeitiges Osternest??? \ud83d\ude09<\/p><\/div>\n","protected":false},"excerpt":{"rendered":"<p>Wir haben Collie &#8211; Welpen in darksable und tricolour geboren am 23.02.2015 Informationen zu der Verpaarung: Pancho\u00a0Sir vom Br\u00fcggener &#8211; Land CEA\/PRA\/KAT frei puppy test DOK, CEA gen. normal, MDR1 +\/+, DM N\/N, PRArcd2 N\/N, HD &#8211; A2, K\u00f6rklasse I, vollzahniges Scherengebi\u00df, nat\u00fcrliche Kippohren und Dallinaire Believe in Miracles CEA\/PRA\/KAT frei, \u00a0MDR1 -\/-, DM n\/n, [&hellip;]<\/p>\n","protected":false},"author":3,"featured_media":0,"parent":1539,"menu_order":12,"comment_status":"closed","ping_status":"closed","template":"","meta":{"ngg_post_thumbnail":0,"footnotes":""},"class_list":["post-7812","page","type-page","status-publish","hentry"],"_links":{"self":[{"href":"https:\/\/www.endless-hills.de\/index.php?rest_route=\/wp\/v2\/pages\/7812","targetHints":{"allow":["GET"]}}],"collection":[{"href":"https:\/\/www.endless-hills.de\/index.php?rest_route=\/wp\/v2\/pages"}],"about":[{"href":"https:\/\/www.endless-hills.de\/index.php?rest_route=\/wp\/v2\/types\/page"}],"author":[{"embeddable":true,"href":"https:\/\/www.endless-hills.de\/index.php?rest_route=\/wp\/v2\/users\/3"}],"replies":[{"embeddable":true,"href":"https:\/\/www.endless-hills.de\/index.php?rest_route=%2Fwp%2Fv2%2Fcomments&post=7812"}],"version-history":[{"count":4,"href":"https:\/\/www.endless-hills.de\/index.php?rest_route=\/wp\/v2\/pages\/7812\/revisions"}],"predecessor-version":[{"id":21357,"href":"https:\/\/www.endless-hills.de\/index.php?rest_route=\/wp\/v2\/pages\/7812\/revisions\/21357"}],"up":[{"embeddable":true,"href":"https:\/\/www.endless-hills.de\/index.php?rest_route=\/wp\/v2\/pages\/1539"}],"wp:attachment":[{"href":"https:\/\/www.endless-hills.de\/index.php?rest_route=%2Fwp%2Fv2%2Fmedia&parent=7812"}],"curies":[{"name":"wp","href":"https:\/\/api.w.org\/{rel}","templated":true}]}}