{"id":75,"date":"2010-01-19T10:15:04","date_gmt":"2010-01-19T09:15:04","guid":{"rendered":"http:\/\/www.nicollies.de\/?page_id=75"},"modified":"2011-08-08T22:55:37","modified_gmt":"2011-08-08T21:55:37","slug":"der-collie","status":"publish","type":"page","link":"https:\/\/www.endless-hills.de\/?page_id=75","title":{"rendered":"Der Collie"},"content":{"rendered":"<h3>Allgemeines zum Rough- oder Langhaar-Collie<\/h3>\n<p>Der Langhaar-Collie wird heute in zwei Varianten gez\u00fcchtet. Der Britische Collie den man als Rough Collie bezeichnet, ist ein eleganter bis 61 cm gro\u00dfer und bis 25 kg schwerer Begleithund und hat ein etwas durchmischtes Ober- bzw. Unterfell, wodurch das Fell mehr aufpl\u00fcscht. Sein Eleganter Gang wirkt adlig. Dieser geschmeidige und aktive Hund hat dichtes Fell, mit einem seidig weichem Unterhaar unterlegt. Er gilt auch heute noch als vornehmer, um nicht zu sagen &#8211; adliger Hund.<\/p>\n<p>Den Collie gibt es weltweit in drei Farbschl\u00e4gen: zobel-wei\u00df(sable-white \/ dark-sable &#8211; heller Goldton bis tiefdunkel Mahagoni), tricolor (\u00fcberwiegend schwarz-wei\u00df mit tan) und blue-merle (grau-meliert).<\/p>\n<p style=\"text-align: center;\"><img loading=\"lazy\" decoding=\"async\" width=\"300\" height=\"227\" class=\"size-medium wp-image-347 aligncenter\" title=\"Ally &amp; Blue Jeans\" src=\"http:\/\/www.collies-of-endless-hills.de\/wp-content\/uploads\/2010\/01\/DSC090671-300x227.jpg\" alt=\"\" srcset=\"https:\/\/www.endless-hills.de\/wp-content\/uploads\/2010\/01\/DSC090671-300x227.jpg 300w, https:\/\/www.endless-hills.de\/wp-content\/uploads\/2010\/01\/DSC090671.jpg 587w\" sizes=\"auto, (max-width: 300px) 100vw, 300px\" \/><\/p>\n<h3>Herkunft und Geschichtliches<\/h3>\n<p>Der Schottische Sch\u00e4ferhund existiert nachweislich schon seit dem 13. Jahrhundert in England und wurde vorwiegend als H\u00fctehund der Sch\u00e4fer in den Schottischen Hochmooren genutzt. Seinen Namen hat der Collie von den Schafen. Diese Schafe mit schwarzen K\u00f6pfen und Beinen werden Colleys genannt; ihre H\u00fctehunde waren die Colley Dogs, ein Name, der sich sp\u00e4ter in Collie abwandelte.<\/p>\n<p>Nach der Fundlage zu urteilen, ist der Collie eine Kreuzung romanischer Herdenschutzhunde, die in Begleitung r\u00f6mischer Truppen nach Gallien und Germanien kamen und sich hier dem einheimischen Spitz der Alpen mischte, der von den Hochalpen bis in die Goten- und Wikingergebiete verbreitet war. Im Zuge der Wanderung germanischer V\u00f6lker kam er nach Island bzw. auf die Britischen Inseln und wurde durch die Insellage jahrhundertelang isoliert von Schafz\u00fcchtern gehalten, die besonderen Wert auf bestimmte Zeichnungen legten, um den Hund im Hochmoor leichter auszumachen. So entwickelte sich seine Zeichnung zu einem rassetypischen Merkmal. Damit d\u00fcrfte der Colliestammbaum bereits um 500 nach Christi Geburt beginnen. Nachgewiesen ist die Spezialisierung als flexibler H\u00fctehund f\u00fcr Schafe bereits 3000 v. Ch. im gesamten indogermanischen Sprachraum.<\/p>\n<p style=\"text-align: center;\"><img loading=\"lazy\" decoding=\"async\" width=\"300\" height=\"201\" class=\"aligncenter size-medium wp-image-350\" title=\"Ally the saucy of endless hills\" src=\"http:\/\/www.collies-of-endless-hills.de\/wp-content\/uploads\/2010\/01\/091-300x201.jpg\" alt=\"\" srcset=\"https:\/\/www.endless-hills.de\/wp-content\/uploads\/2010\/01\/091-300x201.jpg 300w, https:\/\/www.endless-hills.de\/wp-content\/uploads\/2010\/01\/091.jpg 500w\" sizes=\"auto, (max-width: 300px) 100vw, 300px\" \/><\/p>\n<p>\u00a0<\/p>\n<p>Queen Victoria von Hannover lernte den Collie durch ihre Aufenthalte im schottischen Balmoral kennen und lieben und wurde fortan ein F\u00f6rderer dieser Rasse, die sie gern und gro\u00dfz\u00fcgig auch an Diplomaten und K\u00f6nigsh\u00e4user in ganz Europa verschenkte. Ber\u00fchmt wurde ihre schwarze Collieh\u00fcndin Gypsy, die 1868 im Park von Schloss Windsor beerdigt wurde. Diese Tradition f\u00fchrte auch Elisabeth von England, genannt Queen Mum, weiter fort.<\/p>\n<p>1840 erfolgte in England die Gr\u00fcndung des &#8222;Collie Club&#8220; durch herrschaftliche Liebhaber, die ihrerseits 1858 die Anerkennung als Rasse durchsetzten. 1859 fand die erste nationale Hundeausstellung in England statt. Der Collie trat 1861 erstmals auf der Birmingham Dog Show in Erscheinung. Von einem gewissen Herrn Siviter wurde ein Collie namens \u201eJeho\u201c ausgestellt. Er ging in der Klasse \u201eSheepdogs of all Varieties&#8220; an den Start.<\/p>\n<p>Der Collie wurde auch als erster Hund im Kriegs- und Sanit\u00e4tsdienst eingesetzt. Er genoss einen gro\u00dfartigen Ruf als Sanit\u00e4ts- und Meldehund des Milit\u00e4rs. Die Briten setzten weltweit Collies auf Kriegsschaupl\u00e4tzen ein, nicht zum K\u00e4mpfen sondern um zu helfen. So retteten Collies tausenden von Soldaten das Leben. Der Collie ist heute einer der einflussreichsten und beliebtesten Hunderassen weltweit, die in unz\u00e4hligen anderen Hunderassen eingekreuzt wird und wurde.<\/p>\n<p style=\"text-align: center;\"><img loading=\"lazy\" decoding=\"async\" width=\"300\" height=\"225\" class=\"size-medium wp-image-352 aligncenter\" title=\"Collieparty\" src=\"http:\/\/www.collies-of-endless-hills.de\/wp-content\/uploads\/2010\/01\/DSC071841-300x225.jpg\" alt=\"\" srcset=\"https:\/\/www.endless-hills.de\/wp-content\/uploads\/2010\/01\/DSC071841-300x225.jpg 300w, https:\/\/www.endless-hills.de\/wp-content\/uploads\/2010\/01\/DSC071841.jpg 518w\" sizes=\"auto, (max-width: 300px) 100vw, 300px\" \/><\/p>\n<p>\u00dcber die Herkunft des Collies existieren viele Legenden. Eine Legende erz\u00e4hlt, dass Queen Victoria von Hannover dem letzten russischen Zaren Nicolaus II. (ihrem Urenkel) zu seinen russischen Windhunden auch Collies schenkte und der Zar fortan beide Rassen z\u00fcchtete und kreuzte. So entstand der Barsoi durch Kreuzung von Collie und russischem Windhund, was das edle Temperament des Barsois erkl\u00e4ren w\u00fcrde.<\/p>\n<p>Durch den extrem schmalen Kopf wurde dem Collie lange Zeit eine mindere Intelligenz zugesprochen. Dies hat sich mit der Zeit jedoch wieder gegeben, insbesondere nachdem K\u00f6nigin Victoria ihn f\u00f6rderte. Sp\u00e4testens mit dem Fernsehhund Lassie stieg der zu einer der beliebtesten Haushunderassen auf. Seitdem folgten mehr als 50 Lassie-Filme und 2 Fernsehserien, von denen die letzte erst 1989 abgedreht war.<\/p>\n<p>Neusten Forschungen zufolge gilt der Collie knapp besiegt vom Border Collie als kl\u00fcgste Hunderasse der Welt.<\/p>\n","protected":false},"excerpt":{"rendered":"<p>Allgemeines zum Rough- oder Langhaar-Collie Der Langhaar-Collie wird heute in zwei Varianten gez\u00fcchtet. Der Britische Collie den man als Rough Collie bezeichnet, ist ein eleganter bis 61 cm gro\u00dfer und bis 25 kg schwerer Begleithund und hat ein etwas durchmischtes Ober- bzw. Unterfell, wodurch das Fell mehr aufpl\u00fcscht. Sein Eleganter Gang wirkt adlig. Dieser geschmeidige [&hellip;]<\/p>\n","protected":false},"author":3,"featured_media":0,"parent":2676,"menu_order":1,"comment_status":"closed","ping_status":"closed","template":"","meta":{"ngg_post_thumbnail":0,"footnotes":""},"class_list":["post-75","page","type-page","status-publish","hentry"],"_links":{"self":[{"href":"https:\/\/www.endless-hills.de\/index.php?rest_route=\/wp\/v2\/pages\/75","targetHints":{"allow":["GET"]}}],"collection":[{"href":"https:\/\/www.endless-hills.de\/index.php?rest_route=\/wp\/v2\/pages"}],"about":[{"href":"https:\/\/www.endless-hills.de\/index.php?rest_route=\/wp\/v2\/types\/page"}],"author":[{"embeddable":true,"href":"https:\/\/www.endless-hills.de\/index.php?rest_route=\/wp\/v2\/users\/3"}],"replies":[{"embeddable":true,"href":"https:\/\/www.endless-hills.de\/index.php?rest_route=%2Fwp%2Fv2%2Fcomments&post=75"}],"version-history":[{"count":22,"href":"https:\/\/www.endless-hills.de\/index.php?rest_route=\/wp\/v2\/pages\/75\/revisions"}],"predecessor-version":[{"id":78,"href":"https:\/\/www.endless-hills.de\/index.php?rest_route=\/wp\/v2\/pages\/75\/revisions\/78"}],"up":[{"embeddable":true,"href":"https:\/\/www.endless-hills.de\/index.php?rest_route=\/wp\/v2\/pages\/2676"}],"wp:attachment":[{"href":"https:\/\/www.endless-hills.de\/index.php?rest_route=%2Fwp%2Fv2%2Fmedia&parent=75"}],"curies":[{"name":"wp","href":"https:\/\/api.w.org\/{rel}","templated":true}]}}