{"id":73,"date":"2010-01-19T10:14:14","date_gmt":"2010-01-19T09:14:14","guid":{"rendered":"http:\/\/www.nicollies.de\/?page_id=73"},"modified":"2015-04-07T20:42:31","modified_gmt":"2015-04-07T19:42:31","slug":"unsere-kleinen","status":"publish","type":"page","link":"https:\/\/www.endless-hills.de\/?page_id=73","title":{"rendered":"Informationen zur Aufzucht"},"content":{"rendered":"<div>\n<p>Bei uns wachsen die Welpen in den ersten 5 Wochen vollst\u00e4ndig im Haus auf. Hier werden sie an allerlei allt\u00e4gliche Ger\u00e4usche gew\u00f6hnt und wir haben sie st\u00e4ndig im Auge, so dass auch wirklich nichts passiert. Unsere ganze Familie beteiligt sich an den Arbeiten rund um die M\u00e4uschen, um einen m\u00f6glichst guten und vielf\u00e4ltigen Sozialkontakt zu f\u00f6rdern.<\/p>\n<p style=\"text-align: center;\"><img loading=\"lazy\" decoding=\"async\" width=\"300\" height=\"201\" class=\"size-medium wp-image-341 aligncenter\" title=\"Welpe\" src=\"http:\/\/www.collies-of-endless-hills.de\/wp-content\/uploads\/2010\/01\/16-300x201.jpg\" alt=\"\" srcset=\"https:\/\/www.endless-hills.de\/wp-content\/uploads\/2010\/01\/16-300x201.jpg 300w, https:\/\/www.endless-hills.de\/wp-content\/uploads\/2010\/01\/16.jpg 600w\" sizes=\"auto, (max-width: 300px) 100vw, 300px\" \/><\/p>\n<\/div>\n<div>\n<p>Anschlie\u00dfend d\u00fcrfen sie schon etwas nach drau\u00dfen. Dies funktioniert sehr einfach, denn sie k\u00f6nnen unsere gro\u00dfe Terassent\u00fcr benutzen;). Unheimlich schnell begreifen sie so, stubenrein zu werden. Au\u00dferdem bieten wir unseren Babys zus\u00e4tzlich einen beheizten Raum mit angrenzendem Freilauf, um\u00a0ihre Freiheit zu genie\u00dfen, ihren gro\u00dfen Bewegungs- und Spieldrang auszuleben, die Au\u00dfenwelt kennen zu lernen und alle Umweltreize genauestens zu studieren. Einzeln oder in Gruppen kommen sie dann nach wie vor t\u00e4glich mehrmals ins Haus, um nichts von dem in der ersten Lebensphase Erlernten zu vergessen und um jeden Einzelnen besser kennen zu lernen. Wir wollen unseren \u201ezuk\u00fcnftigen Familien\u201c so viel wie m\u00f6glich Information \u00fcber ihren neuen Familienzuwachs mit auf den Weg geben k\u00f6nnen, um beiden den Einstieg in eine tolle, gemeinsame Zeit zu erleichtern.<\/p>\n<\/div>\n<div>\n<p style=\"text-align: center;\"><img loading=\"lazy\" decoding=\"async\" width=\"500\" height=\"335\" class=\"size-medium wp-image-343 aligncenter\" title=\"Welpe \" src=\"http:\/\/www.collies-of-endless-hills.de\/wp-content\/uploads\/2010\/01\/01-300x201.jpg\" alt=\"\" srcset=\"https:\/\/www.endless-hills.de\/wp-content\/uploads\/2010\/01\/01-300x201.jpg 300w, https:\/\/www.endless-hills.de\/wp-content\/uploads\/2010\/01\/01.jpg 500w\" sizes=\"auto, (max-width: 500px) 100vw, 500px\" \/><\/p>\n<p>Unsere Kleinen werden im Alter von neun Wochen mehrmals entwurmt, geimpft, gechipt mit einem EU-Heimtierpass und der original VDH \u2013 Ahnentafel vom CfbrH bestens gepr\u00e4gt und sozialisiert in liebevolle Familien\u00a0 oder ein tolles zu Hause mit\u00a0ausreichend Zeit und Verstand\u00a0abgegeben. Nat\u00fcrlich nehmen sie alles Notwendige f\u00fcr die ersten Tage mit, wenn sie ihr K\u00f6fferchen packen und unser Heim verlassen.<\/p>\n<\/div>\n<div>\n<p>Ihnen gef\u00e4llt das? Sie haben Interesse, uns einmal zu besuchen? Nach telefonischer Absprache sind Sie jederzeit herzlich Willkommen!<\/p>\n<\/div>\n","protected":false},"excerpt":{"rendered":"<p>Bei uns wachsen die Welpen in den ersten 5 Wochen vollst\u00e4ndig im Haus auf. Hier werden sie an allerlei allt\u00e4gliche Ger\u00e4usche gew\u00f6hnt und wir haben sie st\u00e4ndig im Auge, so dass auch wirklich nichts passiert. Unsere ganze Familie beteiligt sich an den Arbeiten rund um die M\u00e4uschen, um einen m\u00f6glichst guten und vielf\u00e4ltigen Sozialkontakt zu [&hellip;]<\/p>\n","protected":false},"author":3,"featured_media":0,"parent":9,"menu_order":10,"comment_status":"closed","ping_status":"closed","template":"","meta":{"ngg_post_thumbnail":0,"footnotes":""},"class_list":["post-73","page","type-page","status-publish","hentry"],"_links":{"self":[{"href":"https:\/\/www.endless-hills.de\/index.php?rest_route=\/wp\/v2\/pages\/73","targetHints":{"allow":["GET"]}}],"collection":[{"href":"https:\/\/www.endless-hills.de\/index.php?rest_route=\/wp\/v2\/pages"}],"about":[{"href":"https:\/\/www.endless-hills.de\/index.php?rest_route=\/wp\/v2\/types\/page"}],"author":[{"embeddable":true,"href":"https:\/\/www.endless-hills.de\/index.php?rest_route=\/wp\/v2\/users\/3"}],"replies":[{"embeddable":true,"href":"https:\/\/www.endless-hills.de\/index.php?rest_route=%2Fwp%2Fv2%2Fcomments&post=73"}],"version-history":[{"count":26,"href":"https:\/\/www.endless-hills.de\/index.php?rest_route=\/wp\/v2\/pages\/73\/revisions"}],"predecessor-version":[{"id":8836,"href":"https:\/\/www.endless-hills.de\/index.php?rest_route=\/wp\/v2\/pages\/73\/revisions\/8836"}],"up":[{"embeddable":true,"href":"https:\/\/www.endless-hills.de\/index.php?rest_route=\/wp\/v2\/pages\/9"}],"wp:attachment":[{"href":"https:\/\/www.endless-hills.de\/index.php?rest_route=%2Fwp%2Fv2%2Fmedia&parent=73"}],"curies":[{"name":"wp","href":"https:\/\/api.w.org\/{rel}","templated":true}]}}