{"id":6508,"date":"2014-10-10T18:52:45","date_gmt":"2014-10-10T17:52:45","guid":{"rendered":"http:\/\/www.endless-hills.de\/?page_id=6508"},"modified":"2014-12-04T16:18:03","modified_gmt":"2014-12-04T15:18:03","slug":"kim-gloss","status":"publish","type":"page","link":"https:\/\/www.endless-hills.de\/?page_id=6508","title":{"rendered":"Kim Gloss &#8211; vergeben"},"content":{"rendered":"<p>H\u00fcndin &#8211; darksable<\/p>\n<p>Kim ist um 7.40 geboren also schon im Tageslicht. Sie hat eine kleine wei\u00dfe Blesse, sowie ein wei\u00dfes Schn\u00e4uzchen und ist einfach nur bezaubernd.<\/p>\n<p>Sie ist MDR1 +\/+, PRA +\/+, DM +\/+ und CEA Carrier<\/p>\n<p><!-- default-view.php -->\n<div\n\tclass=\"ngg-galleryoverview default-view\n\t ngg-ajax-pagination-none\t\"\n\tid=\"ngg-gallery-8cfacdeb14a5fc255dd9ab641e111af4-1\"\n\tdata-nextgen-gallery-id=\"127\"\n\tdata-gallery-id=\"127\"\n\t\tdata-gallery-name=\"Kim Gloss\"\n\t>\n\n\t\t<!-- Thumbnails -->\n\t\t\t\t<div id=\"ngg-image-0\" class=\"ngg-gallery-thumbnail-box\n\t\t\t\t\t\t\t\t\t\t\t\"\n\t\t\t>\n\t\t\t\t\t\t<div class=\"ngg-gallery-thumbnail\">\n\t\t<a href=\"https:\/\/www.endless-hills.de\/wp-content\/gallery\/kim-gloss\/DSC_0177.JPG?t=1417349735\"\n\t\t\ttitle=\" \"\n\t\t\tdata-src=\"https:\/\/www.endless-hills.de\/wp-content\/gallery\/kim-gloss\/DSC_0177.JPG?t=1417349735\"\n\t\t\tdata-thumbnail=\"https:\/\/www.endless-hills.de\/wp-content\/gallery\/kim-gloss\/thumbs\/thumbs_DSC_0177.JPG?t=1417349735\"\n\t\t\tdata-image-id=\"6119\"\n\t\t\tdata-image-name=\"DSC_0177.JPG\"\n\t\t\tdata-title=\"DSC_0177\"\n\t\t\tdata-description=\" \"\n\t\t\tdata-image-slug=\"dsc_0177-2\"\n\t\t\t\t\t\t\t\t\t\t\t\t\t\t\t\t\t\t\t\tclass=\"shutterset_8cfacdeb14a5fc255dd9ab641e111af4\">\n\t\t\t\t\t\t\t\t<img\n\t\t\t\t\ttitle=\"DSC_0177\"\n\t\t\t\t\talt=\"DSC_0177\"\n\t\t\t\t\tsrc=\"https:\/\/www.endless-hills.de\/wp-content\/gallery\/kim-gloss\/thumbs\/thumbs_DSC_0177.JPG?t=1417349735\"\n\t\t\t\t\twidth=\"300\"\n\t\t\t\t\theight=\"300\"\n\t\t\t\t\tstyle=\"max-width:100%;\"\n\t\t\t\t\/>\n\t\t\t<\/a>\n\t\t<\/div>\n\t\t\t\t\t\t\t<\/div>\n\t\t\t\n\t\t\t\t<div id=\"ngg-image-1\" class=\"ngg-gallery-thumbnail-box\n\t\t\t\t\t\t\t\t\t\t\t\"\n\t\t\t>\n\t\t\t\t\t\t<div class=\"ngg-gallery-thumbnail\">\n\t\t<a href=\"https:\/\/www.endless-hills.de\/wp-content\/gallery\/kim-gloss\/DSC_0184.JPG?t=1417349767\"\n\t\t\ttitle=\" \"\n\t\t\tdata-src=\"https:\/\/www.endless-hills.de\/wp-content\/gallery\/kim-gloss\/DSC_0184.JPG?t=1417349767\"\n\t\t\tdata-thumbnail=\"https:\/\/www.endless-hills.de\/wp-content\/gallery\/kim-gloss\/thumbs\/thumbs_DSC_0184.JPG?t=1417349767\"\n\t\t\tdata-image-id=\"6120\"\n\t\t\tdata-image-name=\"DSC_0184.JPG\"\n\t\t\tdata-title=\"DSC_0184\"\n\t\t\tdata-description=\" \"\n\t\t\tdata-image-slug=\"dsc_0184\"\n\t\t\t\t\t\t\t\t\t\t\t\t\t\t\t\t\t\t\t\tclass=\"shutterset_8cfacdeb14a5fc255dd9ab641e111af4\">\n\t\t\t\t\t\t\t\t<img\n\t\t\t\t\ttitle=\"DSC_0184\"\n\t\t\t\t\talt=\"DSC_0184\"\n\t\t\t\t\tsrc=\"https:\/\/www.endless-hills.de\/wp-content\/gallery\/kim-gloss\/thumbs\/thumbs_DSC_0184.JPG?t=1417349767\"\n\t\t\t\t\twidth=\"300\"\n\t\t\t\t\theight=\"300\"\n\t\t\t\t\tstyle=\"max-width:100%;\"\n\t\t\t\t\/>\n\t\t\t<\/a>\n\t\t<\/div>\n\t\t\t\t\t\t\t<\/div>\n\t\t\t\n\t\t\t\t<div id=\"ngg-image-2\" class=\"ngg-gallery-thumbnail-box\n\t\t\t\t\t\t\t\t\t\t\t\"\n\t\t\t>\n\t\t\t\t\t\t<div class=\"ngg-gallery-thumbnail\">\n\t\t<a href=\"https:\/\/www.endless-hills.de\/wp-content\/gallery\/kim-gloss\/DSC_0175.JPG?t=1417706285\"\n\t\t\ttitle=\"\"\n\t\t\tdata-src=\"https:\/\/www.endless-hills.de\/wp-content\/gallery\/kim-gloss\/DSC_0175.JPG?t=1417706285\"\n\t\t\tdata-thumbnail=\"https:\/\/www.endless-hills.de\/wp-content\/gallery\/kim-gloss\/thumbs\/thumbs_DSC_0175.JPG?t=1417706285\"\n\t\t\tdata-image-id=\"6118\"\n\t\t\tdata-image-name=\"DSC_0175.JPG\"\n\t\t\tdata-title=\"DSC_0175\"\n\t\t\tdata-description=\"\"\n\t\t\tdata-image-slug=\"dsc_0175-2\"\n\t\t\t\t\t\t\t\t\t\t\t\t\t\t\t\t\t\t\t\tclass=\"shutterset_8cfacdeb14a5fc255dd9ab641e111af4\">\n\t\t\t\t\t\t\t\t<img\n\t\t\t\t\ttitle=\"DSC_0175\"\n\t\t\t\t\talt=\"DSC_0175\"\n\t\t\t\t\tsrc=\"https:\/\/www.endless-hills.de\/wp-content\/gallery\/kim-gloss\/thumbs\/thumbs_DSC_0175.JPG?t=1417706285\"\n\t\t\t\t\twidth=\"300\"\n\t\t\t\t\theight=\"300\"\n\t\t\t\t\tstyle=\"max-width:100%;\"\n\t\t\t\t\/>\n\t\t\t<\/a>\n\t\t<\/div>\n\t\t\t\t\t\t\t<\/div>\n\t\t\t\n\t\t\t\t<div id=\"ngg-image-3\" class=\"ngg-gallery-thumbnail-box\n\t\t\t\t\t\t\t\t\t\t\t\"\n\t\t\t>\n\t\t\t\t\t\t<div class=\"ngg-gallery-thumbnail\">\n\t\t<a href=\"https:\/\/www.endless-hills.de\/wp-content\/gallery\/kim-gloss\/DSC_0057.jpg?t=1416488600\"\n\t\t\ttitle=\"\"\n\t\t\tdata-src=\"https:\/\/www.endless-hills.de\/wp-content\/gallery\/kim-gloss\/DSC_0057.jpg?t=1416488600\"\n\t\t\tdata-thumbnail=\"https:\/\/www.endless-hills.de\/wp-content\/gallery\/kim-gloss\/thumbs\/thumbs_DSC_0057.jpg?t=1416488600\"\n\t\t\tdata-image-id=\"5995\"\n\t\t\tdata-image-name=\"DSC_0057.jpg\"\n\t\t\tdata-title=\"DSC_0057\"\n\t\t\tdata-description=\"\"\n\t\t\tdata-image-slug=\"dsc_0057\"\n\t\t\t\t\t\t\t\t\t\t\t\t\t\t\t\t\t\t\t\tclass=\"shutterset_8cfacdeb14a5fc255dd9ab641e111af4\">\n\t\t\t\t\t\t\t\t<img\n\t\t\t\t\ttitle=\"DSC_0057\"\n\t\t\t\t\talt=\"DSC_0057\"\n\t\t\t\t\tsrc=\"https:\/\/www.endless-hills.de\/wp-content\/gallery\/kim-gloss\/thumbs\/thumbs_DSC_0057.jpg?t=1416488600\"\n\t\t\t\t\twidth=\"300\"\n\t\t\t\t\theight=\"300\"\n\t\t\t\t\tstyle=\"max-width:100%;\"\n\t\t\t\t\/>\n\t\t\t<\/a>\n\t\t<\/div>\n\t\t\t\t\t\t\t<\/div>\n\t\t\t\n\t\t\t\t<div id=\"ngg-image-4\" class=\"ngg-gallery-thumbnail-box\n\t\t\t\t\t\t\t\t\t\t\t\"\n\t\t\t>\n\t\t\t\t\t\t<div class=\"ngg-gallery-thumbnail\">\n\t\t<a href=\"https:\/\/www.endless-hills.de\/wp-content\/gallery\/kim-gloss\/DSC_0055.jpg?t=1416141162\"\n\t\t\ttitle=\" \"\n\t\t\tdata-src=\"https:\/\/www.endless-hills.de\/wp-content\/gallery\/kim-gloss\/DSC_0055.jpg?t=1416141162\"\n\t\t\tdata-thumbnail=\"https:\/\/www.endless-hills.de\/wp-content\/gallery\/kim-gloss\/thumbs\/thumbs_DSC_0055.jpg?t=1416141162\"\n\t\t\tdata-image-id=\"5993\"\n\t\t\tdata-image-name=\"DSC_0055.jpg\"\n\t\t\tdata-title=\"DSC_0055\"\n\t\t\tdata-description=\" \"\n\t\t\tdata-image-slug=\"dsc_0055-1\"\n\t\t\t\t\t\t\t\t\t\t\t\t\t\t\t\t\t\t\t\tclass=\"shutterset_8cfacdeb14a5fc255dd9ab641e111af4\">\n\t\t\t\t\t\t\t\t<img\n\t\t\t\t\ttitle=\"DSC_0055\"\n\t\t\t\t\talt=\"DSC_0055\"\n\t\t\t\t\tsrc=\"https:\/\/www.endless-hills.de\/wp-content\/gallery\/kim-gloss\/thumbs\/thumbs_DSC_0055.jpg?t=1416141162\"\n\t\t\t\t\twidth=\"300\"\n\t\t\t\t\theight=\"300\"\n\t\t\t\t\tstyle=\"max-width:100%;\"\n\t\t\t\t\/>\n\t\t\t<\/a>\n\t\t<\/div>\n\t\t\t\t\t\t\t<\/div>\n\t\t\t\n\t\t\t\t<div id=\"ngg-image-5\" class=\"ngg-gallery-thumbnail-box\n\t\t\t\t\t\t\t\t\t\t\t\"\n\t\t\t>\n\t\t\t\t\t\t<div class=\"ngg-gallery-thumbnail\">\n\t\t<a href=\"https:\/\/www.endless-hills.de\/wp-content\/gallery\/kim-gloss\/DSC_0056.jpg?t=1416141165\"\n\t\t\ttitle=\" \"\n\t\t\tdata-src=\"https:\/\/www.endless-hills.de\/wp-content\/gallery\/kim-gloss\/DSC_0056.jpg?t=1416141165\"\n\t\t\tdata-thumbnail=\"https:\/\/www.endless-hills.de\/wp-content\/gallery\/kim-gloss\/thumbs\/thumbs_DSC_0056.jpg?t=1416141165\"\n\t\t\tdata-image-id=\"5994\"\n\t\t\tdata-image-name=\"DSC_0056.jpg\"\n\t\t\tdata-title=\"DSC_0056\"\n\t\t\tdata-description=\" \"\n\t\t\tdata-image-slug=\"dsc_0056-3\"\n\t\t\t\t\t\t\t\t\t\t\t\t\t\t\t\t\t\t\t\tclass=\"shutterset_8cfacdeb14a5fc255dd9ab641e111af4\">\n\t\t\t\t\t\t\t\t<img\n\t\t\t\t\ttitle=\"DSC_0056\"\n\t\t\t\t\talt=\"DSC_0056\"\n\t\t\t\t\tsrc=\"https:\/\/www.endless-hills.de\/wp-content\/gallery\/kim-gloss\/thumbs\/thumbs_DSC_0056.jpg?t=1416141165\"\n\t\t\t\t\twidth=\"300\"\n\t\t\t\t\theight=\"300\"\n\t\t\t\t\tstyle=\"max-width:100%;\"\n\t\t\t\t\/>\n\t\t\t<\/a>\n\t\t<\/div>\n\t\t\t\t\t\t\t<\/div>\n\t\t\t\n\t\t\t\t<div id=\"ngg-image-6\" class=\"ngg-gallery-thumbnail-box\n\t\t\t\t\t\t\t\t\t\t\t\"\n\t\t\t>\n\t\t\t\t\t\t<div class=\"ngg-gallery-thumbnail\">\n\t\t<a href=\"https:\/\/www.endless-hills.de\/wp-content\/gallery\/kim-gloss\/DSC_0049.jpg?t=1416141148\"\n\t\t\ttitle=\" \"\n\t\t\tdata-src=\"https:\/\/www.endless-hills.de\/wp-content\/gallery\/kim-gloss\/DSC_0049.jpg?t=1416141148\"\n\t\t\tdata-thumbnail=\"https:\/\/www.endless-hills.de\/wp-content\/gallery\/kim-gloss\/thumbs\/thumbs_DSC_0049.jpg?t=1416141148\"\n\t\t\tdata-image-id=\"5988\"\n\t\t\tdata-image-name=\"DSC_0049.jpg\"\n\t\t\tdata-title=\"DSC_0049\"\n\t\t\tdata-description=\" \"\n\t\t\tdata-image-slug=\"dsc_0049\"\n\t\t\t\t\t\t\t\t\t\t\t\t\t\t\t\t\t\t\t\tclass=\"shutterset_8cfacdeb14a5fc255dd9ab641e111af4\">\n\t\t\t\t\t\t\t\t<img\n\t\t\t\t\ttitle=\"DSC_0049\"\n\t\t\t\t\talt=\"DSC_0049\"\n\t\t\t\t\tsrc=\"https:\/\/www.endless-hills.de\/wp-content\/gallery\/kim-gloss\/thumbs\/thumbs_DSC_0049.jpg?t=1416141148\"\n\t\t\t\t\twidth=\"300\"\n\t\t\t\t\theight=\"300\"\n\t\t\t\t\tstyle=\"max-width:100%;\"\n\t\t\t\t\/>\n\t\t\t<\/a>\n\t\t<\/div>\n\t\t\t\t\t\t\t<\/div>\n\t\t\t\n\t\t\t\t<div id=\"ngg-image-7\" class=\"ngg-gallery-thumbnail-box\n\t\t\t\t\t\t\t\t\t\t\t\"\n\t\t\t>\n\t\t\t\t\t\t<div class=\"ngg-gallery-thumbnail\">\n\t\t<a href=\"https:\/\/www.endless-hills.de\/wp-content\/gallery\/kim-gloss\/DSC_0048.jpg?t=1416141145\"\n\t\t\ttitle=\" \"\n\t\t\tdata-src=\"https:\/\/www.endless-hills.de\/wp-content\/gallery\/kim-gloss\/DSC_0048.jpg?t=1416141145\"\n\t\t\tdata-thumbnail=\"https:\/\/www.endless-hills.de\/wp-content\/gallery\/kim-gloss\/thumbs\/thumbs_DSC_0048.jpg?t=1416141145\"\n\t\t\tdata-image-id=\"5987\"\n\t\t\tdata-image-name=\"DSC_0048.jpg\"\n\t\t\tdata-title=\"DSC_0048\"\n\t\t\tdata-description=\" \"\n\t\t\tdata-image-slug=\"dsc_0048\"\n\t\t\t\t\t\t\t\t\t\t\t\t\t\t\t\t\t\t\t\tclass=\"shutterset_8cfacdeb14a5fc255dd9ab641e111af4\">\n\t\t\t\t\t\t\t\t<img\n\t\t\t\t\ttitle=\"DSC_0048\"\n\t\t\t\t\talt=\"DSC_0048\"\n\t\t\t\t\tsrc=\"https:\/\/www.endless-hills.de\/wp-content\/gallery\/kim-gloss\/thumbs\/thumbs_DSC_0048.jpg?t=1416141145\"\n\t\t\t\t\twidth=\"300\"\n\t\t\t\t\theight=\"300\"\n\t\t\t\t\tstyle=\"max-width:100%;\"\n\t\t\t\t\/>\n\t\t\t<\/a>\n\t\t<\/div>\n\t\t\t\t\t\t\t<\/div>\n\t\t\t\n\t\t\t\t<div id=\"ngg-image-8\" class=\"ngg-gallery-thumbnail-box\n\t\t\t\t\t\t\t\t\t\t\t\"\n\t\t\t>\n\t\t\t\t\t\t<div class=\"ngg-gallery-thumbnail\">\n\t\t<a href=\"https:\/\/www.endless-hills.de\/wp-content\/gallery\/kim-gloss\/DSC_0051.jpg?t=1416141154\"\n\t\t\ttitle=\" \"\n\t\t\tdata-src=\"https:\/\/www.endless-hills.de\/wp-content\/gallery\/kim-gloss\/DSC_0051.jpg?t=1416141154\"\n\t\t\tdata-thumbnail=\"https:\/\/www.endless-hills.de\/wp-content\/gallery\/kim-gloss\/thumbs\/thumbs_DSC_0051.jpg?t=1416141154\"\n\t\t\tdata-image-id=\"5990\"\n\t\t\tdata-image-name=\"DSC_0051.jpg\"\n\t\t\tdata-title=\"DSC_0051\"\n\t\t\tdata-description=\" \"\n\t\t\tdata-image-slug=\"dsc_0051-1\"\n\t\t\t\t\t\t\t\t\t\t\t\t\t\t\t\t\t\t\t\tclass=\"shutterset_8cfacdeb14a5fc255dd9ab641e111af4\">\n\t\t\t\t\t\t\t\t<img\n\t\t\t\t\ttitle=\"DSC_0051\"\n\t\t\t\t\talt=\"DSC_0051\"\n\t\t\t\t\tsrc=\"https:\/\/www.endless-hills.de\/wp-content\/gallery\/kim-gloss\/thumbs\/thumbs_DSC_0051.jpg?t=1416141154\"\n\t\t\t\t\twidth=\"300\"\n\t\t\t\t\theight=\"300\"\n\t\t\t\t\tstyle=\"max-width:100%;\"\n\t\t\t\t\/>\n\t\t\t<\/a>\n\t\t<\/div>\n\t\t\t\t\t\t\t<\/div>\n\t\t\t\n\t\t\t\t<div id=\"ngg-image-9\" class=\"ngg-gallery-thumbnail-box\n\t\t\t\t\t\t\t\t\t\t\t\"\n\t\t\t>\n\t\t\t\t\t\t<div class=\"ngg-gallery-thumbnail\">\n\t\t<a href=\"https:\/\/www.endless-hills.de\/wp-content\/gallery\/kim-gloss\/DSC_0053.jpg?t=1416141160\"\n\t\t\ttitle=\" \"\n\t\t\tdata-src=\"https:\/\/www.endless-hills.de\/wp-content\/gallery\/kim-gloss\/DSC_0053.jpg?t=1416141160\"\n\t\t\tdata-thumbnail=\"https:\/\/www.endless-hills.de\/wp-content\/gallery\/kim-gloss\/thumbs\/thumbs_DSC_0053.jpg?t=1416141160\"\n\t\t\tdata-image-id=\"5992\"\n\t\t\tdata-image-name=\"DSC_0053.jpg\"\n\t\t\tdata-title=\"DSC_0053\"\n\t\t\tdata-description=\" \"\n\t\t\tdata-image-slug=\"dsc_0053\"\n\t\t\t\t\t\t\t\t\t\t\t\t\t\t\t\t\t\t\t\tclass=\"shutterset_8cfacdeb14a5fc255dd9ab641e111af4\">\n\t\t\t\t\t\t\t\t<img\n\t\t\t\t\ttitle=\"DSC_0053\"\n\t\t\t\t\talt=\"DSC_0053\"\n\t\t\t\t\tsrc=\"https:\/\/www.endless-hills.de\/wp-content\/gallery\/kim-gloss\/thumbs\/thumbs_DSC_0053.jpg?t=1416141160\"\n\t\t\t\t\twidth=\"300\"\n\t\t\t\t\theight=\"300\"\n\t\t\t\t\tstyle=\"max-width:100%;\"\n\t\t\t\t\/>\n\t\t\t<\/a>\n\t\t<\/div>\n\t\t\t\t\t\t\t<\/div>\n\t\t\t\n\t\t\t\t<div id=\"ngg-image-10\" class=\"ngg-gallery-thumbnail-box\n\t\t\t\t\t\t\t\t\t\t\t\"\n\t\t\t>\n\t\t\t\t\t\t<div class=\"ngg-gallery-thumbnail\">\n\t\t<a href=\"https:\/\/www.endless-hills.de\/wp-content\/gallery\/kim-gloss\/DSC_0052.jpg?t=1416141157\"\n\t\t\ttitle=\" \"\n\t\t\tdata-src=\"https:\/\/www.endless-hills.de\/wp-content\/gallery\/kim-gloss\/DSC_0052.jpg?t=1416141157\"\n\t\t\tdata-thumbnail=\"https:\/\/www.endless-hills.de\/wp-content\/gallery\/kim-gloss\/thumbs\/thumbs_DSC_0052.jpg?t=1416141157\"\n\t\t\tdata-image-id=\"5991\"\n\t\t\tdata-image-name=\"DSC_0052.jpg\"\n\t\t\tdata-title=\"DSC_0052\"\n\t\t\tdata-description=\" \"\n\t\t\tdata-image-slug=\"dsc_0052-1\"\n\t\t\t\t\t\t\t\t\t\t\t\t\t\t\t\t\t\t\t\tclass=\"shutterset_8cfacdeb14a5fc255dd9ab641e111af4\">\n\t\t\t\t\t\t\t\t<img\n\t\t\t\t\ttitle=\"DSC_0052\"\n\t\t\t\t\talt=\"DSC_0052\"\n\t\t\t\t\tsrc=\"https:\/\/www.endless-hills.de\/wp-content\/gallery\/kim-gloss\/thumbs\/thumbs_DSC_0052.jpg?t=1416141157\"\n\t\t\t\t\twidth=\"300\"\n\t\t\t\t\theight=\"300\"\n\t\t\t\t\tstyle=\"max-width:100%;\"\n\t\t\t\t\/>\n\t\t\t<\/a>\n\t\t<\/div>\n\t\t\t\t\t\t\t<\/div>\n\t\t\t\n\t\t\t\t<div id=\"ngg-image-11\" class=\"ngg-gallery-thumbnail-box\n\t\t\t\t\t\t\t\t\t\t\t\"\n\t\t\t>\n\t\t\t\t\t\t<div class=\"ngg-gallery-thumbnail\">\n\t\t<a href=\"https:\/\/www.endless-hills.de\/wp-content\/gallery\/kim-gloss\/DSC_0050.jpg?t=1416141151\"\n\t\t\ttitle=\" \"\n\t\t\tdata-src=\"https:\/\/www.endless-hills.de\/wp-content\/gallery\/kim-gloss\/DSC_0050.jpg?t=1416141151\"\n\t\t\tdata-thumbnail=\"https:\/\/www.endless-hills.de\/wp-content\/gallery\/kim-gloss\/thumbs\/thumbs_DSC_0050.jpg?t=1416141151\"\n\t\t\tdata-image-id=\"5989\"\n\t\t\tdata-image-name=\"DSC_0050.jpg\"\n\t\t\tdata-title=\"DSC_0050\"\n\t\t\tdata-description=\" \"\n\t\t\tdata-image-slug=\"dsc_0050-1\"\n\t\t\t\t\t\t\t\t\t\t\t\t\t\t\t\t\t\t\t\tclass=\"shutterset_8cfacdeb14a5fc255dd9ab641e111af4\">\n\t\t\t\t\t\t\t\t<img\n\t\t\t\t\ttitle=\"DSC_0050\"\n\t\t\t\t\talt=\"DSC_0050\"\n\t\t\t\t\tsrc=\"https:\/\/www.endless-hills.de\/wp-content\/gallery\/kim-gloss\/thumbs\/thumbs_DSC_0050.jpg?t=1416141151\"\n\t\t\t\t\twidth=\"300\"\n\t\t\t\t\theight=\"300\"\n\t\t\t\t\tstyle=\"max-width:100%;\"\n\t\t\t\t\/>\n\t\t\t<\/a>\n\t\t<\/div>\n\t\t\t\t\t\t\t<\/div>\n\t\t\t\n\t\t\t\t<div id=\"ngg-image-12\" class=\"ngg-gallery-thumbnail-box\n\t\t\t\t\t\t\t\t\t\t\t\"\n\t\t\t>\n\t\t\t\t\t\t<div class=\"ngg-gallery-thumbnail\">\n\t\t<a href=\"https:\/\/www.endless-hills.de\/wp-content\/gallery\/kim-gloss\/DSC_0822.jpg?t=1414926854\"\n\t\t\ttitle=\" \"\n\t\t\tdata-src=\"https:\/\/www.endless-hills.de\/wp-content\/gallery\/kim-gloss\/DSC_0822.jpg?t=1414926854\"\n\t\t\tdata-thumbnail=\"https:\/\/www.endless-hills.de\/wp-content\/gallery\/kim-gloss\/thumbs\/thumbs_DSC_0822.jpg?t=1414926854\"\n\t\t\tdata-image-id=\"5769\"\n\t\t\tdata-image-name=\"DSC_0822.jpg\"\n\t\t\tdata-title=\"DSC_0822\"\n\t\t\tdata-description=\" \"\n\t\t\tdata-image-slug=\"dsc_0822-5\"\n\t\t\t\t\t\t\t\t\t\t\t\t\t\t\t\t\t\t\t\tclass=\"shutterset_8cfacdeb14a5fc255dd9ab641e111af4\">\n\t\t\t\t\t\t\t\t<img\n\t\t\t\t\ttitle=\"DSC_0822\"\n\t\t\t\t\talt=\"DSC_0822\"\n\t\t\t\t\tsrc=\"https:\/\/www.endless-hills.de\/wp-content\/gallery\/kim-gloss\/thumbs\/thumbs_DSC_0822.jpg?t=1414926854\"\n\t\t\t\t\twidth=\"300\"\n\t\t\t\t\theight=\"300\"\n\t\t\t\t\tstyle=\"max-width:100%;\"\n\t\t\t\t\/>\n\t\t\t<\/a>\n\t\t<\/div>\n\t\t\t\t\t\t\t<\/div>\n\t\t\t\n\t\t\t\t<div id=\"ngg-image-13\" class=\"ngg-gallery-thumbnail-box\n\t\t\t\t\t\t\t\t\t\t\t\"\n\t\t\t>\n\t\t\t\t\t\t<div class=\"ngg-gallery-thumbnail\">\n\t\t<a href=\"https:\/\/www.endless-hills.de\/wp-content\/gallery\/kim-gloss\/DSC_0696.JPG?t=1413894911\"\n\t\t\ttitle=\" \"\n\t\t\tdata-src=\"https:\/\/www.endless-hills.de\/wp-content\/gallery\/kim-gloss\/DSC_0696.JPG?t=1413894911\"\n\t\t\tdata-thumbnail=\"https:\/\/www.endless-hills.de\/wp-content\/gallery\/kim-gloss\/thumbs\/thumbs_DSC_0696.JPG?t=1413894911\"\n\t\t\tdata-image-id=\"5678\"\n\t\t\tdata-image-name=\"DSC_0696.JPG\"\n\t\t\tdata-title=\"DSC_0696\"\n\t\t\tdata-description=\" \"\n\t\t\tdata-image-slug=\"dsc_0696-4\"\n\t\t\t\t\t\t\t\t\t\t\t\t\t\t\t\t\t\t\t\tclass=\"shutterset_8cfacdeb14a5fc255dd9ab641e111af4\">\n\t\t\t\t\t\t\t\t<img\n\t\t\t\t\ttitle=\"DSC_0696\"\n\t\t\t\t\talt=\"DSC_0696\"\n\t\t\t\t\tsrc=\"https:\/\/www.endless-hills.de\/wp-content\/gallery\/kim-gloss\/thumbs\/thumbs_DSC_0696.JPG?t=1413894911\"\n\t\t\t\t\twidth=\"300\"\n\t\t\t\t\theight=\"300\"\n\t\t\t\t\tstyle=\"max-width:100%;\"\n\t\t\t\t\/>\n\t\t\t<\/a>\n\t\t<\/div>\n\t\t\t\t\t\t\t<\/div>\n\t\t\t\n\t\t\t\t<div id=\"ngg-image-14\" class=\"ngg-gallery-thumbnail-box\n\t\t\t\t\t\t\t\t\t\t\t\"\n\t\t\t>\n\t\t\t\t\t\t<div class=\"ngg-gallery-thumbnail\">\n\t\t<a href=\"https:\/\/www.endless-hills.de\/wp-content\/gallery\/kim-gloss\/DSC_0691.JPG?t=1413895048\"\n\t\t\ttitle=\" \"\n\t\t\tdata-src=\"https:\/\/www.endless-hills.de\/wp-content\/gallery\/kim-gloss\/DSC_0691.JPG?t=1413895048\"\n\t\t\tdata-thumbnail=\"https:\/\/www.endless-hills.de\/wp-content\/gallery\/kim-gloss\/thumbs\/thumbs_DSC_0691.JPG?t=1413895048\"\n\t\t\tdata-image-id=\"5679\"\n\t\t\tdata-image-name=\"DSC_0691.JPG\"\n\t\t\tdata-title=\"DSC_0691\"\n\t\t\tdata-description=\" \"\n\t\t\tdata-image-slug=\"dsc_0691\"\n\t\t\t\t\t\t\t\t\t\t\t\t\t\t\t\t\t\t\t\tclass=\"shutterset_8cfacdeb14a5fc255dd9ab641e111af4\">\n\t\t\t\t\t\t\t\t<img\n\t\t\t\t\ttitle=\"DSC_0691\"\n\t\t\t\t\talt=\"DSC_0691\"\n\t\t\t\t\tsrc=\"https:\/\/www.endless-hills.de\/wp-content\/gallery\/kim-gloss\/thumbs\/thumbs_DSC_0691.JPG?t=1413895048\"\n\t\t\t\t\twidth=\"300\"\n\t\t\t\t\theight=\"300\"\n\t\t\t\t\tstyle=\"max-width:100%;\"\n\t\t\t\t\/>\n\t\t\t<\/a>\n\t\t<\/div>\n\t\t\t\t\t\t\t<\/div>\n\t\t\t\n\t\t\t\t<div id=\"ngg-image-15\" class=\"ngg-gallery-thumbnail-box\n\t\t\t\t\t\t\t\t\t\t\t\"\n\t\t\t>\n\t\t\t\t\t\t<div class=\"ngg-gallery-thumbnail\">\n\t\t<a href=\"https:\/\/www.endless-hills.de\/wp-content\/gallery\/kim-gloss\/DSC_0697.JPG?t=1413895149\"\n\t\t\ttitle=\" \"\n\t\t\tdata-src=\"https:\/\/www.endless-hills.de\/wp-content\/gallery\/kim-gloss\/DSC_0697.JPG?t=1413895149\"\n\t\t\tdata-thumbnail=\"https:\/\/www.endless-hills.de\/wp-content\/gallery\/kim-gloss\/thumbs\/thumbs_DSC_0697.JPG?t=1413895149\"\n\t\t\tdata-image-id=\"5680\"\n\t\t\tdata-image-name=\"DSC_0697.JPG\"\n\t\t\tdata-title=\"DSC_0697\"\n\t\t\tdata-description=\" \"\n\t\t\tdata-image-slug=\"dsc_0697-3\"\n\t\t\t\t\t\t\t\t\t\t\t\t\t\t\t\t\t\t\t\tclass=\"shutterset_8cfacdeb14a5fc255dd9ab641e111af4\">\n\t\t\t\t\t\t\t\t<img\n\t\t\t\t\ttitle=\"DSC_0697\"\n\t\t\t\t\talt=\"DSC_0697\"\n\t\t\t\t\tsrc=\"https:\/\/www.endless-hills.de\/wp-content\/gallery\/kim-gloss\/thumbs\/thumbs_DSC_0697.JPG?t=1413895149\"\n\t\t\t\t\twidth=\"300\"\n\t\t\t\t\theight=\"300\"\n\t\t\t\t\tstyle=\"max-width:100%;\"\n\t\t\t\t\/>\n\t\t\t<\/a>\n\t\t<\/div>\n\t\t\t\t\t\t\t<\/div>\n\t\t\t\n\t\t\t\t<div id=\"ngg-image-16\" class=\"ngg-gallery-thumbnail-box\n\t\t\t\t\t\t\t\t\t\t\t\"\n\t\t\t>\n\t\t\t\t\t\t<div class=\"ngg-gallery-thumbnail\">\n\t\t<a href=\"https:\/\/www.endless-hills.de\/wp-content\/gallery\/kim-gloss\/DSC_0700.JPG?t=1413895240\"\n\t\t\ttitle=\" \"\n\t\t\tdata-src=\"https:\/\/www.endless-hills.de\/wp-content\/gallery\/kim-gloss\/DSC_0700.JPG?t=1413895240\"\n\t\t\tdata-thumbnail=\"https:\/\/www.endless-hills.de\/wp-content\/gallery\/kim-gloss\/thumbs\/thumbs_DSC_0700.JPG?t=1413895240\"\n\t\t\tdata-image-id=\"5681\"\n\t\t\tdata-image-name=\"DSC_0700.JPG\"\n\t\t\tdata-title=\"DSC_0700\"\n\t\t\tdata-description=\" \"\n\t\t\tdata-image-slug=\"dsc_0700-5\"\n\t\t\t\t\t\t\t\t\t\t\t\t\t\t\t\t\t\t\t\tclass=\"shutterset_8cfacdeb14a5fc255dd9ab641e111af4\">\n\t\t\t\t\t\t\t\t<img\n\t\t\t\t\ttitle=\"DSC_0700\"\n\t\t\t\t\talt=\"DSC_0700\"\n\t\t\t\t\tsrc=\"https:\/\/www.endless-hills.de\/wp-content\/gallery\/kim-gloss\/thumbs\/thumbs_DSC_0700.JPG?t=1413895240\"\n\t\t\t\t\twidth=\"300\"\n\t\t\t\t\theight=\"300\"\n\t\t\t\t\tstyle=\"max-width:100%;\"\n\t\t\t\t\/>\n\t\t\t<\/a>\n\t\t<\/div>\n\t\t\t\t\t\t\t<\/div>\n\t\t\t\n\t\t\t\t<div id=\"ngg-image-17\" class=\"ngg-gallery-thumbnail-box\n\t\t\t\t\t\t\t\t\t\t\t\"\n\t\t\t>\n\t\t\t\t\t\t<div class=\"ngg-gallery-thumbnail\">\n\t\t<a href=\"https:\/\/www.endless-hills.de\/wp-content\/gallery\/kim-gloss\/DSC_0819.jpg?t=1414926845\"\n\t\t\ttitle=\" \"\n\t\t\tdata-src=\"https:\/\/www.endless-hills.de\/wp-content\/gallery\/kim-gloss\/DSC_0819.jpg?t=1414926845\"\n\t\t\tdata-thumbnail=\"https:\/\/www.endless-hills.de\/wp-content\/gallery\/kim-gloss\/thumbs\/thumbs_DSC_0819.jpg?t=1414926845\"\n\t\t\tdata-image-id=\"5766\"\n\t\t\tdata-image-name=\"DSC_0819.jpg\"\n\t\t\tdata-title=\"DSC_0819\"\n\t\t\tdata-description=\" \"\n\t\t\tdata-image-slug=\"dsc_0819-3\"\n\t\t\t\t\t\t\t\t\t\t\t\t\t\t\t\t\t\t\t\tclass=\"shutterset_8cfacdeb14a5fc255dd9ab641e111af4\">\n\t\t\t\t\t\t\t\t<img\n\t\t\t\t\ttitle=\"DSC_0819\"\n\t\t\t\t\talt=\"DSC_0819\"\n\t\t\t\t\tsrc=\"https:\/\/www.endless-hills.de\/wp-content\/gallery\/kim-gloss\/thumbs\/thumbs_DSC_0819.jpg?t=1414926845\"\n\t\t\t\t\twidth=\"300\"\n\t\t\t\t\theight=\"300\"\n\t\t\t\t\tstyle=\"max-width:100%;\"\n\t\t\t\t\/>\n\t\t\t<\/a>\n\t\t<\/div>\n\t\t\t\t\t\t\t<\/div>\n\t\t\t\n\t\t\t\t<div id=\"ngg-image-18\" class=\"ngg-gallery-thumbnail-box\n\t\t\t\t\t\t\t\t\t\t\t\"\n\t\t\t>\n\t\t\t\t\t\t<div class=\"ngg-gallery-thumbnail\">\n\t\t<a href=\"https:\/\/www.endless-hills.de\/wp-content\/gallery\/kim-gloss\/DSC_0820.jpg?t=1414926848\"\n\t\t\ttitle=\" \"\n\t\t\tdata-src=\"https:\/\/www.endless-hills.de\/wp-content\/gallery\/kim-gloss\/DSC_0820.jpg?t=1414926848\"\n\t\t\tdata-thumbnail=\"https:\/\/www.endless-hills.de\/wp-content\/gallery\/kim-gloss\/thumbs\/thumbs_DSC_0820.jpg?t=1414926848\"\n\t\t\tdata-image-id=\"5767\"\n\t\t\tdata-image-name=\"DSC_0820.jpg\"\n\t\t\tdata-title=\"DSC_0820\"\n\t\t\tdata-description=\" \"\n\t\t\tdata-image-slug=\"dsc_0820-4\"\n\t\t\t\t\t\t\t\t\t\t\t\t\t\t\t\t\t\t\t\tclass=\"shutterset_8cfacdeb14a5fc255dd9ab641e111af4\">\n\t\t\t\t\t\t\t\t<img\n\t\t\t\t\ttitle=\"DSC_0820\"\n\t\t\t\t\talt=\"DSC_0820\"\n\t\t\t\t\tsrc=\"https:\/\/www.endless-hills.de\/wp-content\/gallery\/kim-gloss\/thumbs\/thumbs_DSC_0820.jpg?t=1414926848\"\n\t\t\t\t\twidth=\"300\"\n\t\t\t\t\theight=\"300\"\n\t\t\t\t\tstyle=\"max-width:100%;\"\n\t\t\t\t\/>\n\t\t\t<\/a>\n\t\t<\/div>\n\t\t\t\t\t\t\t<\/div>\n\t\t\t\n\t\t\t\t<div id=\"ngg-image-19\" class=\"ngg-gallery-thumbnail-box\n\t\t\t\t\t\t\t\t\t\t\t\"\n\t\t\t>\n\t\t\t\t\t\t<div class=\"ngg-gallery-thumbnail\">\n\t\t<a href=\"https:\/\/www.endless-hills.de\/wp-content\/gallery\/kim-gloss\/DSC_0821.jpg?t=1414926850\"\n\t\t\ttitle=\" \"\n\t\t\tdata-src=\"https:\/\/www.endless-hills.de\/wp-content\/gallery\/kim-gloss\/DSC_0821.jpg?t=1414926850\"\n\t\t\tdata-thumbnail=\"https:\/\/www.endless-hills.de\/wp-content\/gallery\/kim-gloss\/thumbs\/thumbs_DSC_0821.jpg?t=1414926850\"\n\t\t\tdata-image-id=\"5768\"\n\t\t\tdata-image-name=\"DSC_0821.jpg\"\n\t\t\tdata-title=\"DSC_0821\"\n\t\t\tdata-description=\" \"\n\t\t\tdata-image-slug=\"dsc_0821-4\"\n\t\t\t\t\t\t\t\t\t\t\t\t\t\t\t\t\t\t\t\tclass=\"shutterset_8cfacdeb14a5fc255dd9ab641e111af4\">\n\t\t\t\t\t\t\t\t<img\n\t\t\t\t\ttitle=\"DSC_0821\"\n\t\t\t\t\talt=\"DSC_0821\"\n\t\t\t\t\tsrc=\"https:\/\/www.endless-hills.de\/wp-content\/gallery\/kim-gloss\/thumbs\/thumbs_DSC_0821.jpg?t=1414926850\"\n\t\t\t\t\twidth=\"300\"\n\t\t\t\t\theight=\"300\"\n\t\t\t\t\tstyle=\"max-width:100%;\"\n\t\t\t\t\/>\n\t\t\t<\/a>\n\t\t<\/div>\n\t\t\t\t\t\t\t<\/div>\n\t\t\t\n\t\n\t<br style=\"clear: both\" \/>\n\n\t\t<div class=\"slideshowlink\">\n\t\t<a href='https:\/\/www.endless-hills.de\/index.php\/nggallery\/slideshow?page_id=6508'>[Zeige als Diashow]<\/a>\n\n\t<\/div>\n\t\n\t\t<!-- Pagination -->\n\t\t<div class='ngg-navigation'><span class='current'>1<\/span>\n<a class='page-numbers' data-pageid='2' href='https:\/\/www.endless-hills.de\/index.php\/nggallery\/page\/2?page_id=6508'>2<\/a>\n<a class='prev' href='https:\/\/www.endless-hills.de\/index.php\/nggallery\/page\/2?page_id=6508' data-pageid=\"2\">&#9658;<\/a><\/div>\t<\/div>\n<\/p>\n<p>&nbsp;<\/p>\n","protected":false},"excerpt":{"rendered":"<p>H\u00fcndin &#8211; darksable Kim ist um 7.40 geboren also schon im Tageslicht. Sie hat eine kleine wei\u00dfe Blesse, sowie ein wei\u00dfes Schn\u00e4uzchen und ist einfach nur bezaubernd. Sie ist MDR1 +\/+, PRA +\/+, DM +\/+ und CEA Carrier [Zeige als Diashow] 1 2 &#9658; &nbsp;<\/p>\n","protected":false},"author":3,"featured_media":0,"parent":7705,"menu_order":5,"comment_status":"closed","ping_status":"closed","template":"","meta":{"ngg_post_thumbnail":0,"footnotes":""},"class_list":["post-6508","page","type-page","status-publish","hentry"],"_links":{"self":[{"href":"https:\/\/www.endless-hills.de\/index.php?rest_route=\/wp\/v2\/pages\/6508","targetHints":{"allow":["GET"]}}],"collection":[{"href":"https:\/\/www.endless-hills.de\/index.php?rest_route=\/wp\/v2\/pages"}],"about":[{"href":"https:\/\/www.endless-hills.de\/index.php?rest_route=\/wp\/v2\/types\/page"}],"author":[{"embeddable":true,"href":"https:\/\/www.endless-hills.de\/index.php?rest_route=\/wp\/v2\/users\/3"}],"replies":[{"embeddable":true,"href":"https:\/\/www.endless-hills.de\/index.php?rest_route=%2Fwp%2Fv2%2Fcomments&post=6508"}],"version-history":[{"count":10,"href":"https:\/\/www.endless-hills.de\/index.php?rest_route=\/wp\/v2\/pages\/6508\/revisions"}],"predecessor-version":[{"id":7704,"href":"https:\/\/www.endless-hills.de\/index.php?rest_route=\/wp\/v2\/pages\/6508\/revisions\/7704"}],"up":[{"embeddable":true,"href":"https:\/\/www.endless-hills.de\/index.php?rest_route=\/wp\/v2\/pages\/7705"}],"wp:attachment":[{"href":"https:\/\/www.endless-hills.de\/index.php?rest_route=%2Fwp%2Fv2%2Fmedia&parent=6508"}],"curies":[{"name":"wp","href":"https:\/\/api.w.org\/{rel}","templated":true}]}}