{"id":6506,"date":"2014-10-10T18:52:01","date_gmt":"2014-10-10T17:52:01","guid":{"rendered":"http:\/\/www.endless-hills.de\/?page_id=6506"},"modified":"2014-12-04T16:17:24","modified_gmt":"2014-12-04T15:17:24","slug":"kerry-gold","status":"publish","type":"page","link":"https:\/\/www.endless-hills.de\/?page_id=6506","title":{"rendered":"Kerry Gold &#8211; vergeben"},"content":{"rendered":"<p>H\u00fcndin &#8211; darksable<\/p>\n<p>Kerry ist eine s\u00fc\u00dfe, dicke Maus mit immenser Halskrause und komplett wei\u00dfen Vorderbeinchen. An den Hinterf\u00fc\u00dfen hat sie nur die Zehen weiss. Immer fr\u00f6hlich und lustig pr\u00e4sentiert sie ihre Sch\u00f6nheit! Aufgeschlossen geht sie an Neues heran. Man muss sie einfach lieben!<\/p>\n<p>Sie ist MDR1 +\/+, PRA +\/+, DM +\/- \u00a0\ud83d\ude42<\/p>\n<p><!-- default-view.php -->\n<div\n\tclass=\"ngg-galleryoverview default-view\n\t ngg-ajax-pagination-none\t\"\n\tid=\"ngg-gallery-6fb0618b52d2c783240b8c2322346aad-1\"\n\tdata-gallery-id=\"126\">\n\n\t\t<!-- Thumbnails -->\n\t\t\t\t<div id=\"ngg-image-0\" class=\"ngg-gallery-thumbnail-box\n\t\t\t\t\t\t\t\t\t\t\t\"\n\t\t\t>\n\t\t\t\t\t\t<div class=\"ngg-gallery-thumbnail\">\n\t\t\t<a href=\"https:\/\/www.endless-hills.de\/wp-content\/gallery\/kerry-gold\/DSC_0194.JPG\"\n\t\t\t\ttitle=\"\"\n\t\t\t\tdata-src=\"https:\/\/www.endless-hills.de\/wp-content\/gallery\/kerry-gold\/DSC_0194.JPG\"\n\t\t\t\tdata-thumbnail=\"https:\/\/www.endless-hills.de\/wp-content\/gallery\/kerry-gold\/thumbs\/thumbs_DSC_0194.JPG\"\n\t\t\t\tdata-image-id=\"6121\"\n\t\t\t\tdata-title=\"DSC_0194\"\n\t\t\t\tdata-description=\"\"\n\t\t\t\tdata-image-slug=\"dsc_0194-4\"\n\t\t\t\t\t\t\t\t\t\t\t\t\t\t\t\t\t\t\t\tclass=\"shutterset_6fb0618b52d2c783240b8c2322346aad\">\n\t\t\t\t\t\t\t\t<img\n\t\t\t\t\ttitle=\"DSC_0194\"\n\t\t\t\t\talt=\"DSC_0194\"\n\t\t\t\t\tsrc=\"https:\/\/www.endless-hills.de\/wp-content\/gallery\/kerry-gold\/thumbs\/thumbs_DSC_0194.JPG\"\n\t\t\t\t\twidth=\"300\"\n\t\t\t\t\theight=\"300\"\n\t\t\t\t\tstyle=\"max-width:100%;\"\n\t\t\t\t\/>\n\t\t\t<\/a>\n\t\t<\/div>\n\t\t\t\t\t\t\t<\/div>\n\t\t\t\n\t\t\t\t<div id=\"ngg-image-1\" class=\"ngg-gallery-thumbnail-box\n\t\t\t\t\t\t\t\t\t\t\t\"\n\t\t\t>\n\t\t\t\t\t\t<div class=\"ngg-gallery-thumbnail\">\n\t\t\t<a href=\"https:\/\/www.endless-hills.de\/wp-content\/gallery\/kerry-gold\/DSC_0197.JPG\"\n\t\t\t\ttitle=\" \"\n\t\t\t\tdata-src=\"https:\/\/www.endless-hills.de\/wp-content\/gallery\/kerry-gold\/DSC_0197.JPG\"\n\t\t\t\tdata-thumbnail=\"https:\/\/www.endless-hills.de\/wp-content\/gallery\/kerry-gold\/thumbs\/thumbs_DSC_0197.JPG\"\n\t\t\t\tdata-image-id=\"6122\"\n\t\t\t\tdata-title=\"DSC_0197\"\n\t\t\t\tdata-description=\" \"\n\t\t\t\tdata-image-slug=\"dsc_0197-1\"\n\t\t\t\t\t\t\t\t\t\t\t\t\t\t\t\t\t\t\t\tclass=\"shutterset_6fb0618b52d2c783240b8c2322346aad\">\n\t\t\t\t\t\t\t\t<img\n\t\t\t\t\ttitle=\"DSC_0197\"\n\t\t\t\t\talt=\"DSC_0197\"\n\t\t\t\t\tsrc=\"https:\/\/www.endless-hills.de\/wp-content\/gallery\/kerry-gold\/thumbs\/thumbs_DSC_0197.JPG\"\n\t\t\t\t\twidth=\"300\"\n\t\t\t\t\theight=\"300\"\n\t\t\t\t\tstyle=\"max-width:100%;\"\n\t\t\t\t\/>\n\t\t\t<\/a>\n\t\t<\/div>\n\t\t\t\t\t\t\t<\/div>\n\t\t\t\n\t\t\t\t<div id=\"ngg-image-2\" class=\"ngg-gallery-thumbnail-box\n\t\t\t\t\t\t\t\t\t\t\t\"\n\t\t\t>\n\t\t\t\t\t\t<div class=\"ngg-gallery-thumbnail\">\n\t\t\t<a href=\"https:\/\/www.endless-hills.de\/wp-content\/gallery\/kerry-gold\/DSC_0204.JPG\"\n\t\t\t\ttitle=\" \"\n\t\t\t\tdata-src=\"https:\/\/www.endless-hills.de\/wp-content\/gallery\/kerry-gold\/DSC_0204.JPG\"\n\t\t\t\tdata-thumbnail=\"https:\/\/www.endless-hills.de\/wp-content\/gallery\/kerry-gold\/thumbs\/thumbs_DSC_0204.JPG\"\n\t\t\t\tdata-image-id=\"6123\"\n\t\t\t\tdata-title=\"DSC_0204\"\n\t\t\t\tdata-description=\" \"\n\t\t\t\tdata-image-slug=\"dsc_0204-5\"\n\t\t\t\t\t\t\t\t\t\t\t\t\t\t\t\t\t\t\t\tclass=\"shutterset_6fb0618b52d2c783240b8c2322346aad\">\n\t\t\t\t\t\t\t\t<img\n\t\t\t\t\ttitle=\"DSC_0204\"\n\t\t\t\t\talt=\"DSC_0204\"\n\t\t\t\t\tsrc=\"https:\/\/www.endless-hills.de\/wp-content\/gallery\/kerry-gold\/thumbs\/thumbs_DSC_0204.JPG\"\n\t\t\t\t\twidth=\"300\"\n\t\t\t\t\theight=\"300\"\n\t\t\t\t\tstyle=\"max-width:100%;\"\n\t\t\t\t\/>\n\t\t\t<\/a>\n\t\t<\/div>\n\t\t\t\t\t\t\t<\/div>\n\t\t\t\n\t\t\t\t<div id=\"ngg-image-3\" class=\"ngg-gallery-thumbnail-box\n\t\t\t\t\t\t\t\t\t\t\t\"\n\t\t\t>\n\t\t\t\t\t\t<div class=\"ngg-gallery-thumbnail\">\n\t\t\t<a href=\"https:\/\/www.endless-hills.de\/wp-content\/gallery\/kerry-gold\/DSC_0044.jpg\"\n\t\t\t\ttitle=\"\"\n\t\t\t\tdata-src=\"https:\/\/www.endless-hills.de\/wp-content\/gallery\/kerry-gold\/DSC_0044.jpg\"\n\t\t\t\tdata-thumbnail=\"https:\/\/www.endless-hills.de\/wp-content\/gallery\/kerry-gold\/thumbs\/thumbs_DSC_0044.jpg\"\n\t\t\t\tdata-image-id=\"5986\"\n\t\t\t\tdata-title=\"DSC_0044\"\n\t\t\t\tdata-description=\"\"\n\t\t\t\tdata-image-slug=\"dsc_0044\"\n\t\t\t\t\t\t\t\t\t\t\t\t\t\t\t\t\t\t\t\tclass=\"shutterset_6fb0618b52d2c783240b8c2322346aad\">\n\t\t\t\t\t\t\t\t<img\n\t\t\t\t\ttitle=\"DSC_0044\"\n\t\t\t\t\talt=\"DSC_0044\"\n\t\t\t\t\tsrc=\"https:\/\/www.endless-hills.de\/wp-content\/gallery\/kerry-gold\/thumbs\/thumbs_DSC_0044.jpg\"\n\t\t\t\t\twidth=\"300\"\n\t\t\t\t\theight=\"300\"\n\t\t\t\t\tstyle=\"max-width:100%;\"\n\t\t\t\t\/>\n\t\t\t<\/a>\n\t\t<\/div>\n\t\t\t\t\t\t\t<\/div>\n\t\t\t\n\t\t\t\t<div id=\"ngg-image-4\" class=\"ngg-gallery-thumbnail-box\n\t\t\t\t\t\t\t\t\t\t\t\"\n\t\t\t>\n\t\t\t\t\t\t<div class=\"ngg-gallery-thumbnail\">\n\t\t\t<a href=\"https:\/\/www.endless-hills.de\/wp-content\/gallery\/kerry-gold\/DSC_0042.jpg\"\n\t\t\t\ttitle=\" \"\n\t\t\t\tdata-src=\"https:\/\/www.endless-hills.de\/wp-content\/gallery\/kerry-gold\/DSC_0042.jpg\"\n\t\t\t\tdata-thumbnail=\"https:\/\/www.endless-hills.de\/wp-content\/gallery\/kerry-gold\/thumbs\/thumbs_DSC_0042.jpg\"\n\t\t\t\tdata-image-id=\"5985\"\n\t\t\t\tdata-title=\"DSC_0042\"\n\t\t\t\tdata-description=\" \"\n\t\t\t\tdata-image-slug=\"dsc_0042\"\n\t\t\t\t\t\t\t\t\t\t\t\t\t\t\t\t\t\t\t\tclass=\"shutterset_6fb0618b52d2c783240b8c2322346aad\">\n\t\t\t\t\t\t\t\t<img\n\t\t\t\t\ttitle=\"DSC_0042\"\n\t\t\t\t\talt=\"DSC_0042\"\n\t\t\t\t\tsrc=\"https:\/\/www.endless-hills.de\/wp-content\/gallery\/kerry-gold\/thumbs\/thumbs_DSC_0042.jpg\"\n\t\t\t\t\twidth=\"300\"\n\t\t\t\t\theight=\"300\"\n\t\t\t\t\tstyle=\"max-width:100%;\"\n\t\t\t\t\/>\n\t\t\t<\/a>\n\t\t<\/div>\n\t\t\t\t\t\t\t<\/div>\n\t\t\t\n\t\t\t\t<div id=\"ngg-image-5\" class=\"ngg-gallery-thumbnail-box\n\t\t\t\t\t\t\t\t\t\t\t\"\n\t\t\t>\n\t\t\t\t\t\t<div class=\"ngg-gallery-thumbnail\">\n\t\t\t<a href=\"https:\/\/www.endless-hills.de\/wp-content\/gallery\/kerry-gold\/DSC_0041.jpg\"\n\t\t\t\ttitle=\" \"\n\t\t\t\tdata-src=\"https:\/\/www.endless-hills.de\/wp-content\/gallery\/kerry-gold\/DSC_0041.jpg\"\n\t\t\t\tdata-thumbnail=\"https:\/\/www.endless-hills.de\/wp-content\/gallery\/kerry-gold\/thumbs\/thumbs_DSC_0041.jpg\"\n\t\t\t\tdata-image-id=\"5984\"\n\t\t\t\tdata-title=\"DSC_0041\"\n\t\t\t\tdata-description=\" \"\n\t\t\t\tdata-image-slug=\"dsc_0041-1\"\n\t\t\t\t\t\t\t\t\t\t\t\t\t\t\t\t\t\t\t\tclass=\"shutterset_6fb0618b52d2c783240b8c2322346aad\">\n\t\t\t\t\t\t\t\t<img\n\t\t\t\t\ttitle=\"DSC_0041\"\n\t\t\t\t\talt=\"DSC_0041\"\n\t\t\t\t\tsrc=\"https:\/\/www.endless-hills.de\/wp-content\/gallery\/kerry-gold\/thumbs\/thumbs_DSC_0041.jpg\"\n\t\t\t\t\twidth=\"300\"\n\t\t\t\t\theight=\"300\"\n\t\t\t\t\tstyle=\"max-width:100%;\"\n\t\t\t\t\/>\n\t\t\t<\/a>\n\t\t<\/div>\n\t\t\t\t\t\t\t<\/div>\n\t\t\t\n\t\t\t\t<div id=\"ngg-image-6\" class=\"ngg-gallery-thumbnail-box\n\t\t\t\t\t\t\t\t\t\t\t\"\n\t\t\t>\n\t\t\t\t\t\t<div class=\"ngg-gallery-thumbnail\">\n\t\t\t<a href=\"https:\/\/www.endless-hills.de\/wp-content\/gallery\/kerry-gold\/DSC_0040.jpg\"\n\t\t\t\ttitle=\" \"\n\t\t\t\tdata-src=\"https:\/\/www.endless-hills.de\/wp-content\/gallery\/kerry-gold\/DSC_0040.jpg\"\n\t\t\t\tdata-thumbnail=\"https:\/\/www.endless-hills.de\/wp-content\/gallery\/kerry-gold\/thumbs\/thumbs_DSC_0040.jpg\"\n\t\t\t\tdata-image-id=\"5983\"\n\t\t\t\tdata-title=\"DSC_0040\"\n\t\t\t\tdata-description=\" \"\n\t\t\t\tdata-image-slug=\"dsc_0040\"\n\t\t\t\t\t\t\t\t\t\t\t\t\t\t\t\t\t\t\t\tclass=\"shutterset_6fb0618b52d2c783240b8c2322346aad\">\n\t\t\t\t\t\t\t\t<img\n\t\t\t\t\ttitle=\"DSC_0040\"\n\t\t\t\t\talt=\"DSC_0040\"\n\t\t\t\t\tsrc=\"https:\/\/www.endless-hills.de\/wp-content\/gallery\/kerry-gold\/thumbs\/thumbs_DSC_0040.jpg\"\n\t\t\t\t\twidth=\"300\"\n\t\t\t\t\theight=\"300\"\n\t\t\t\t\tstyle=\"max-width:100%;\"\n\t\t\t\t\/>\n\t\t\t<\/a>\n\t\t<\/div>\n\t\t\t\t\t\t\t<\/div>\n\t\t\t\n\t\t\t\t<div id=\"ngg-image-7\" class=\"ngg-gallery-thumbnail-box\n\t\t\t\t\t\t\t\t\t\t\t\"\n\t\t\t>\n\t\t\t\t\t\t<div class=\"ngg-gallery-thumbnail\">\n\t\t\t<a href=\"https:\/\/www.endless-hills.de\/wp-content\/gallery\/kerry-gold\/DSC_0039.jpg\"\n\t\t\t\ttitle=\" \"\n\t\t\t\tdata-src=\"https:\/\/www.endless-hills.de\/wp-content\/gallery\/kerry-gold\/DSC_0039.jpg\"\n\t\t\t\tdata-thumbnail=\"https:\/\/www.endless-hills.de\/wp-content\/gallery\/kerry-gold\/thumbs\/thumbs_DSC_0039.jpg\"\n\t\t\t\tdata-image-id=\"5982\"\n\t\t\t\tdata-title=\"DSC_0039\"\n\t\t\t\tdata-description=\" \"\n\t\t\t\tdata-image-slug=\"dsc_0039-1\"\n\t\t\t\t\t\t\t\t\t\t\t\t\t\t\t\t\t\t\t\tclass=\"shutterset_6fb0618b52d2c783240b8c2322346aad\">\n\t\t\t\t\t\t\t\t<img\n\t\t\t\t\ttitle=\"DSC_0039\"\n\t\t\t\t\talt=\"DSC_0039\"\n\t\t\t\t\tsrc=\"https:\/\/www.endless-hills.de\/wp-content\/gallery\/kerry-gold\/thumbs\/thumbs_DSC_0039.jpg\"\n\t\t\t\t\twidth=\"300\"\n\t\t\t\t\theight=\"300\"\n\t\t\t\t\tstyle=\"max-width:100%;\"\n\t\t\t\t\/>\n\t\t\t<\/a>\n\t\t<\/div>\n\t\t\t\t\t\t\t<\/div>\n\t\t\t\n\t\t\t\t<div id=\"ngg-image-8\" class=\"ngg-gallery-thumbnail-box\n\t\t\t\t\t\t\t\t\t\t\t\"\n\t\t\t>\n\t\t\t\t\t\t<div class=\"ngg-gallery-thumbnail\">\n\t\t\t<a href=\"https:\/\/www.endless-hills.de\/wp-content\/gallery\/kerry-gold\/DSC_0038.jpg\"\n\t\t\t\ttitle=\" \"\n\t\t\t\tdata-src=\"https:\/\/www.endless-hills.de\/wp-content\/gallery\/kerry-gold\/DSC_0038.jpg\"\n\t\t\t\tdata-thumbnail=\"https:\/\/www.endless-hills.de\/wp-content\/gallery\/kerry-gold\/thumbs\/thumbs_DSC_0038.jpg\"\n\t\t\t\tdata-image-id=\"5981\"\n\t\t\t\tdata-title=\"DSC_0038\"\n\t\t\t\tdata-description=\" \"\n\t\t\t\tdata-image-slug=\"dsc_0038\"\n\t\t\t\t\t\t\t\t\t\t\t\t\t\t\t\t\t\t\t\tclass=\"shutterset_6fb0618b52d2c783240b8c2322346aad\">\n\t\t\t\t\t\t\t\t<img\n\t\t\t\t\ttitle=\"DSC_0038\"\n\t\t\t\t\talt=\"DSC_0038\"\n\t\t\t\t\tsrc=\"https:\/\/www.endless-hills.de\/wp-content\/gallery\/kerry-gold\/thumbs\/thumbs_DSC_0038.jpg\"\n\t\t\t\t\twidth=\"300\"\n\t\t\t\t\theight=\"300\"\n\t\t\t\t\tstyle=\"max-width:100%;\"\n\t\t\t\t\/>\n\t\t\t<\/a>\n\t\t<\/div>\n\t\t\t\t\t\t\t<\/div>\n\t\t\t\n\t\t\t\t<div id=\"ngg-image-9\" class=\"ngg-gallery-thumbnail-box\n\t\t\t\t\t\t\t\t\t\t\t\"\n\t\t\t>\n\t\t\t\t\t\t<div class=\"ngg-gallery-thumbnail\">\n\t\t\t<a href=\"https:\/\/www.endless-hills.de\/wp-content\/gallery\/kerry-gold\/DSC_0680.JPG\"\n\t\t\t\ttitle=\"\"\n\t\t\t\tdata-src=\"https:\/\/www.endless-hills.de\/wp-content\/gallery\/kerry-gold\/DSC_0680.JPG\"\n\t\t\t\tdata-thumbnail=\"https:\/\/www.endless-hills.de\/wp-content\/gallery\/kerry-gold\/thumbs\/thumbs_DSC_0680.JPG\"\n\t\t\t\tdata-image-id=\"5671\"\n\t\t\t\tdata-title=\"DSC_0680\"\n\t\t\t\tdata-description=\"\"\n\t\t\t\tdata-image-slug=\"dsc_0680-2\"\n\t\t\t\t\t\t\t\t\t\t\t\t\t\t\t\t\t\t\t\tclass=\"shutterset_6fb0618b52d2c783240b8c2322346aad\">\n\t\t\t\t\t\t\t\t<img\n\t\t\t\t\ttitle=\"DSC_0680\"\n\t\t\t\t\talt=\"DSC_0680\"\n\t\t\t\t\tsrc=\"https:\/\/www.endless-hills.de\/wp-content\/gallery\/kerry-gold\/thumbs\/thumbs_DSC_0680.JPG\"\n\t\t\t\t\twidth=\"300\"\n\t\t\t\t\theight=\"300\"\n\t\t\t\t\tstyle=\"max-width:100%;\"\n\t\t\t\t\/>\n\t\t\t<\/a>\n\t\t<\/div>\n\t\t\t\t\t\t\t<\/div>\n\t\t\t\n\t\t\t\t<div id=\"ngg-image-10\" class=\"ngg-gallery-thumbnail-box\n\t\t\t\t\t\t\t\t\t\t\t\"\n\t\t\t>\n\t\t\t\t\t\t<div class=\"ngg-gallery-thumbnail\">\n\t\t\t<a href=\"https:\/\/www.endless-hills.de\/wp-content\/gallery\/kerry-gold\/DSC_0681.JPG\"\n\t\t\t\ttitle=\" \"\n\t\t\t\tdata-src=\"https:\/\/www.endless-hills.de\/wp-content\/gallery\/kerry-gold\/DSC_0681.JPG\"\n\t\t\t\tdata-thumbnail=\"https:\/\/www.endless-hills.de\/wp-content\/gallery\/kerry-gold\/thumbs\/thumbs_DSC_0681.JPG\"\n\t\t\t\tdata-image-id=\"5672\"\n\t\t\t\tdata-title=\"DSC_0681\"\n\t\t\t\tdata-description=\" \"\n\t\t\t\tdata-image-slug=\"dsc_0681-4\"\n\t\t\t\t\t\t\t\t\t\t\t\t\t\t\t\t\t\t\t\tclass=\"shutterset_6fb0618b52d2c783240b8c2322346aad\">\n\t\t\t\t\t\t\t\t<img\n\t\t\t\t\ttitle=\"DSC_0681\"\n\t\t\t\t\talt=\"DSC_0681\"\n\t\t\t\t\tsrc=\"https:\/\/www.endless-hills.de\/wp-content\/gallery\/kerry-gold\/thumbs\/thumbs_DSC_0681.JPG\"\n\t\t\t\t\twidth=\"300\"\n\t\t\t\t\theight=\"300\"\n\t\t\t\t\tstyle=\"max-width:100%;\"\n\t\t\t\t\/>\n\t\t\t<\/a>\n\t\t<\/div>\n\t\t\t\t\t\t\t<\/div>\n\t\t\t\n\t\t\t\t<div id=\"ngg-image-11\" class=\"ngg-gallery-thumbnail-box\n\t\t\t\t\t\t\t\t\t\t\t\"\n\t\t\t>\n\t\t\t\t\t\t<div class=\"ngg-gallery-thumbnail\">\n\t\t\t<a href=\"https:\/\/www.endless-hills.de\/wp-content\/gallery\/kerry-gold\/DSC_0683.JPG\"\n\t\t\t\ttitle=\" \"\n\t\t\t\tdata-src=\"https:\/\/www.endless-hills.de\/wp-content\/gallery\/kerry-gold\/DSC_0683.JPG\"\n\t\t\t\tdata-thumbnail=\"https:\/\/www.endless-hills.de\/wp-content\/gallery\/kerry-gold\/thumbs\/thumbs_DSC_0683.JPG\"\n\t\t\t\tdata-image-id=\"5673\"\n\t\t\t\tdata-title=\"DSC_0683\"\n\t\t\t\tdata-description=\" \"\n\t\t\t\tdata-image-slug=\"dsc_0683\"\n\t\t\t\t\t\t\t\t\t\t\t\t\t\t\t\t\t\t\t\tclass=\"shutterset_6fb0618b52d2c783240b8c2322346aad\">\n\t\t\t\t\t\t\t\t<img\n\t\t\t\t\ttitle=\"DSC_0683\"\n\t\t\t\t\talt=\"DSC_0683\"\n\t\t\t\t\tsrc=\"https:\/\/www.endless-hills.de\/wp-content\/gallery\/kerry-gold\/thumbs\/thumbs_DSC_0683.JPG\"\n\t\t\t\t\twidth=\"300\"\n\t\t\t\t\theight=\"300\"\n\t\t\t\t\tstyle=\"max-width:100%;\"\n\t\t\t\t\/>\n\t\t\t<\/a>\n\t\t<\/div>\n\t\t\t\t\t\t\t<\/div>\n\t\t\t\n\t\t\t\t<div id=\"ngg-image-12\" class=\"ngg-gallery-thumbnail-box\n\t\t\t\t\t\t\t\t\t\t\t\"\n\t\t\t>\n\t\t\t\t\t\t<div class=\"ngg-gallery-thumbnail\">\n\t\t\t<a href=\"https:\/\/www.endless-hills.de\/wp-content\/gallery\/kerry-gold\/DSC_0684.JPG\"\n\t\t\t\ttitle=\" \"\n\t\t\t\tdata-src=\"https:\/\/www.endless-hills.de\/wp-content\/gallery\/kerry-gold\/DSC_0684.JPG\"\n\t\t\t\tdata-thumbnail=\"https:\/\/www.endless-hills.de\/wp-content\/gallery\/kerry-gold\/thumbs\/thumbs_DSC_0684.JPG\"\n\t\t\t\tdata-image-id=\"5674\"\n\t\t\t\tdata-title=\"DSC_0684\"\n\t\t\t\tdata-description=\" \"\n\t\t\t\tdata-image-slug=\"dsc_0684-3\"\n\t\t\t\t\t\t\t\t\t\t\t\t\t\t\t\t\t\t\t\tclass=\"shutterset_6fb0618b52d2c783240b8c2322346aad\">\n\t\t\t\t\t\t\t\t<img\n\t\t\t\t\ttitle=\"DSC_0684\"\n\t\t\t\t\talt=\"DSC_0684\"\n\t\t\t\t\tsrc=\"https:\/\/www.endless-hills.de\/wp-content\/gallery\/kerry-gold\/thumbs\/thumbs_DSC_0684.JPG\"\n\t\t\t\t\twidth=\"300\"\n\t\t\t\t\theight=\"300\"\n\t\t\t\t\tstyle=\"max-width:100%;\"\n\t\t\t\t\/>\n\t\t\t<\/a>\n\t\t<\/div>\n\t\t\t\t\t\t\t<\/div>\n\t\t\t\n\t\t\t\t<div id=\"ngg-image-13\" class=\"ngg-gallery-thumbnail-box\n\t\t\t\t\t\t\t\t\t\t\t\"\n\t\t\t>\n\t\t\t\t\t\t<div class=\"ngg-gallery-thumbnail\">\n\t\t\t<a href=\"https:\/\/www.endless-hills.de\/wp-content\/gallery\/kerry-gold\/DSC_0685.JPG\"\n\t\t\t\ttitle=\" \"\n\t\t\t\tdata-src=\"https:\/\/www.endless-hills.de\/wp-content\/gallery\/kerry-gold\/DSC_0685.JPG\"\n\t\t\t\tdata-thumbnail=\"https:\/\/www.endless-hills.de\/wp-content\/gallery\/kerry-gold\/thumbs\/thumbs_DSC_0685.JPG\"\n\t\t\t\tdata-image-id=\"5675\"\n\t\t\t\tdata-title=\"DSC_0685\"\n\t\t\t\tdata-description=\" \"\n\t\t\t\tdata-image-slug=\"dsc_0685-1\"\n\t\t\t\t\t\t\t\t\t\t\t\t\t\t\t\t\t\t\t\tclass=\"shutterset_6fb0618b52d2c783240b8c2322346aad\">\n\t\t\t\t\t\t\t\t<img\n\t\t\t\t\ttitle=\"DSC_0685\"\n\t\t\t\t\talt=\"DSC_0685\"\n\t\t\t\t\tsrc=\"https:\/\/www.endless-hills.de\/wp-content\/gallery\/kerry-gold\/thumbs\/thumbs_DSC_0685.JPG\"\n\t\t\t\t\twidth=\"300\"\n\t\t\t\t\theight=\"300\"\n\t\t\t\t\tstyle=\"max-width:100%;\"\n\t\t\t\t\/>\n\t\t\t<\/a>\n\t\t<\/div>\n\t\t\t\t\t\t\t<\/div>\n\t\t\t\n\t\t\t\t<div id=\"ngg-image-14\" class=\"ngg-gallery-thumbnail-box\n\t\t\t\t\t\t\t\t\t\t\t\"\n\t\t\t>\n\t\t\t\t\t\t<div class=\"ngg-gallery-thumbnail\">\n\t\t\t<a href=\"https:\/\/www.endless-hills.de\/wp-content\/gallery\/kerry-gold\/DSC_0687.JPG\"\n\t\t\t\ttitle=\" \"\n\t\t\t\tdata-src=\"https:\/\/www.endless-hills.de\/wp-content\/gallery\/kerry-gold\/DSC_0687.JPG\"\n\t\t\t\tdata-thumbnail=\"https:\/\/www.endless-hills.de\/wp-content\/gallery\/kerry-gold\/thumbs\/thumbs_DSC_0687.JPG\"\n\t\t\t\tdata-image-id=\"5676\"\n\t\t\t\tdata-title=\"DSC_0687\"\n\t\t\t\tdata-description=\" \"\n\t\t\t\tdata-image-slug=\"dsc_0687-3\"\n\t\t\t\t\t\t\t\t\t\t\t\t\t\t\t\t\t\t\t\tclass=\"shutterset_6fb0618b52d2c783240b8c2322346aad\">\n\t\t\t\t\t\t\t\t<img\n\t\t\t\t\ttitle=\"DSC_0687\"\n\t\t\t\t\talt=\"DSC_0687\"\n\t\t\t\t\tsrc=\"https:\/\/www.endless-hills.de\/wp-content\/gallery\/kerry-gold\/thumbs\/thumbs_DSC_0687.JPG\"\n\t\t\t\t\twidth=\"300\"\n\t\t\t\t\theight=\"300\"\n\t\t\t\t\tstyle=\"max-width:100%;\"\n\t\t\t\t\/>\n\t\t\t<\/a>\n\t\t<\/div>\n\t\t\t\t\t\t\t<\/div>\n\t\t\t\n\t\t\t\t<div id=\"ngg-image-15\" class=\"ngg-gallery-thumbnail-box\n\t\t\t\t\t\t\t\t\t\t\t\"\n\t\t\t>\n\t\t\t\t\t\t<div class=\"ngg-gallery-thumbnail\">\n\t\t\t<a href=\"https:\/\/www.endless-hills.de\/wp-content\/gallery\/kerry-gold\/DSC_0814.jpg\"\n\t\t\t\ttitle=\" \"\n\t\t\t\tdata-src=\"https:\/\/www.endless-hills.de\/wp-content\/gallery\/kerry-gold\/DSC_0814.jpg\"\n\t\t\t\tdata-thumbnail=\"https:\/\/www.endless-hills.de\/wp-content\/gallery\/kerry-gold\/thumbs\/thumbs_DSC_0814.jpg\"\n\t\t\t\tdata-image-id=\"5762\"\n\t\t\t\tdata-title=\"DSC_0814\"\n\t\t\t\tdata-description=\" \"\n\t\t\t\tdata-image-slug=\"dsc_0814-5\"\n\t\t\t\t\t\t\t\t\t\t\t\t\t\t\t\t\t\t\t\tclass=\"shutterset_6fb0618b52d2c783240b8c2322346aad\">\n\t\t\t\t\t\t\t\t<img\n\t\t\t\t\ttitle=\"DSC_0814\"\n\t\t\t\t\talt=\"DSC_0814\"\n\t\t\t\t\tsrc=\"https:\/\/www.endless-hills.de\/wp-content\/gallery\/kerry-gold\/thumbs\/thumbs_DSC_0814.jpg\"\n\t\t\t\t\twidth=\"300\"\n\t\t\t\t\theight=\"300\"\n\t\t\t\t\tstyle=\"max-width:100%;\"\n\t\t\t\t\/>\n\t\t\t<\/a>\n\t\t<\/div>\n\t\t\t\t\t\t\t<\/div>\n\t\t\t\n\t\t\t\t<div id=\"ngg-image-16\" class=\"ngg-gallery-thumbnail-box\n\t\t\t\t\t\t\t\t\t\t\t\"\n\t\t\t>\n\t\t\t\t\t\t<div class=\"ngg-gallery-thumbnail\">\n\t\t\t<a href=\"https:\/\/www.endless-hills.de\/wp-content\/gallery\/kerry-gold\/DSC_0815.jpg\"\n\t\t\t\ttitle=\" \"\n\t\t\t\tdata-src=\"https:\/\/www.endless-hills.de\/wp-content\/gallery\/kerry-gold\/DSC_0815.jpg\"\n\t\t\t\tdata-thumbnail=\"https:\/\/www.endless-hills.de\/wp-content\/gallery\/kerry-gold\/thumbs\/thumbs_DSC_0815.jpg\"\n\t\t\t\tdata-image-id=\"5763\"\n\t\t\t\tdata-title=\"DSC_0815\"\n\t\t\t\tdata-description=\" \"\n\t\t\t\tdata-image-slug=\"dsc_0815-5\"\n\t\t\t\t\t\t\t\t\t\t\t\t\t\t\t\t\t\t\t\tclass=\"shutterset_6fb0618b52d2c783240b8c2322346aad\">\n\t\t\t\t\t\t\t\t<img\n\t\t\t\t\ttitle=\"DSC_0815\"\n\t\t\t\t\talt=\"DSC_0815\"\n\t\t\t\t\tsrc=\"https:\/\/www.endless-hills.de\/wp-content\/gallery\/kerry-gold\/thumbs\/thumbs_DSC_0815.jpg\"\n\t\t\t\t\twidth=\"300\"\n\t\t\t\t\theight=\"300\"\n\t\t\t\t\tstyle=\"max-width:100%;\"\n\t\t\t\t\/>\n\t\t\t<\/a>\n\t\t<\/div>\n\t\t\t\t\t\t\t<\/div>\n\t\t\t\n\t\t\t\t<div id=\"ngg-image-17\" class=\"ngg-gallery-thumbnail-box\n\t\t\t\t\t\t\t\t\t\t\t\"\n\t\t\t>\n\t\t\t\t\t\t<div class=\"ngg-gallery-thumbnail\">\n\t\t\t<a href=\"https:\/\/www.endless-hills.de\/wp-content\/gallery\/kerry-gold\/DSC_0816.jpg\"\n\t\t\t\ttitle=\" \"\n\t\t\t\tdata-src=\"https:\/\/www.endless-hills.de\/wp-content\/gallery\/kerry-gold\/DSC_0816.jpg\"\n\t\t\t\tdata-thumbnail=\"https:\/\/www.endless-hills.de\/wp-content\/gallery\/kerry-gold\/thumbs\/thumbs_DSC_0816.jpg\"\n\t\t\t\tdata-image-id=\"5764\"\n\t\t\t\tdata-title=\"DSC_0816\"\n\t\t\t\tdata-description=\" \"\n\t\t\t\tdata-image-slug=\"dsc_0816-3\"\n\t\t\t\t\t\t\t\t\t\t\t\t\t\t\t\t\t\t\t\tclass=\"shutterset_6fb0618b52d2c783240b8c2322346aad\">\n\t\t\t\t\t\t\t\t<img\n\t\t\t\t\ttitle=\"DSC_0816\"\n\t\t\t\t\talt=\"DSC_0816\"\n\t\t\t\t\tsrc=\"https:\/\/www.endless-hills.de\/wp-content\/gallery\/kerry-gold\/thumbs\/thumbs_DSC_0816.jpg\"\n\t\t\t\t\twidth=\"300\"\n\t\t\t\t\theight=\"300\"\n\t\t\t\t\tstyle=\"max-width:100%;\"\n\t\t\t\t\/>\n\t\t\t<\/a>\n\t\t<\/div>\n\t\t\t\t\t\t\t<\/div>\n\t\t\t\n\t\t\t\t<div id=\"ngg-image-18\" class=\"ngg-gallery-thumbnail-box\n\t\t\t\t\t\t\t\t\t\t\t\"\n\t\t\t>\n\t\t\t\t\t\t<div class=\"ngg-gallery-thumbnail\">\n\t\t\t<a href=\"https:\/\/www.endless-hills.de\/wp-content\/gallery\/kerry-gold\/DSC_0817.jpg\"\n\t\t\t\ttitle=\" \"\n\t\t\t\tdata-src=\"https:\/\/www.endless-hills.de\/wp-content\/gallery\/kerry-gold\/DSC_0817.jpg\"\n\t\t\t\tdata-thumbnail=\"https:\/\/www.endless-hills.de\/wp-content\/gallery\/kerry-gold\/thumbs\/thumbs_DSC_0817.jpg\"\n\t\t\t\tdata-image-id=\"5765\"\n\t\t\t\tdata-title=\"DSC_0817\"\n\t\t\t\tdata-description=\" \"\n\t\t\t\tdata-image-slug=\"dsc_0817-3\"\n\t\t\t\t\t\t\t\t\t\t\t\t\t\t\t\t\t\t\t\tclass=\"shutterset_6fb0618b52d2c783240b8c2322346aad\">\n\t\t\t\t\t\t\t\t<img\n\t\t\t\t\ttitle=\"DSC_0817\"\n\t\t\t\t\talt=\"DSC_0817\"\n\t\t\t\t\tsrc=\"https:\/\/www.endless-hills.de\/wp-content\/gallery\/kerry-gold\/thumbs\/thumbs_DSC_0817.jpg\"\n\t\t\t\t\twidth=\"300\"\n\t\t\t\t\theight=\"300\"\n\t\t\t\t\tstyle=\"max-width:100%;\"\n\t\t\t\t\/>\n\t\t\t<\/a>\n\t\t<\/div>\n\t\t\t\t\t\t\t<\/div>\n\t\t\t\n\t\n\t<br style=\"clear: both\" \/>\n\n\t\t<div class=\"slideshowlink\">\n\t\t<a href='https:\/\/www.endless-hills.de\/index.php\/nggallery\/slideshow?page_id=6506'>[Zeige als Diashow]<\/a>\n\n\t<\/div>\n\t\n\t\t<!-- Pagination -->\n\t\t<div class='ngg-clear'><\/div>\t<\/div>\n<\/p>\n","protected":false},"excerpt":{"rendered":"<p>H\u00fcndin &#8211; darksable Kerry ist eine s\u00fc\u00dfe, dicke Maus mit immenser Halskrause und komplett wei\u00dfen Vorderbeinchen. An den Hinterf\u00fc\u00dfen hat sie nur die Zehen weiss. Immer fr\u00f6hlich und lustig pr\u00e4sentiert sie ihre Sch\u00f6nheit! Aufgeschlossen geht sie an Neues heran. Man muss sie einfach lieben! Sie ist MDR1 +\/+, PRA +\/+, DM +\/- \u00a0\ud83d\ude42 [Zeige als [&hellip;]<\/p>\n","protected":false},"author":3,"featured_media":0,"parent":7705,"menu_order":4,"comment_status":"closed","ping_status":"closed","template":"","meta":{"ngg_post_thumbnail":0,"footnotes":""},"class_list":["post-6506","page","type-page","status-publish","hentry"],"_links":{"self":[{"href":"https:\/\/www.endless-hills.de\/index.php?rest_route=\/wp\/v2\/pages\/6506","targetHints":{"allow":["GET"]}}],"collection":[{"href":"https:\/\/www.endless-hills.de\/index.php?rest_route=\/wp\/v2\/pages"}],"about":[{"href":"https:\/\/www.endless-hills.de\/index.php?rest_route=\/wp\/v2\/types\/page"}],"author":[{"embeddable":true,"href":"https:\/\/www.endless-hills.de\/index.php?rest_route=\/wp\/v2\/users\/3"}],"replies":[{"embeddable":true,"href":"https:\/\/www.endless-hills.de\/index.php?rest_route=%2Fwp%2Fv2%2Fcomments&post=6506"}],"version-history":[{"count":8,"href":"https:\/\/www.endless-hills.de\/index.php?rest_route=\/wp\/v2\/pages\/6506\/revisions"}],"predecessor-version":[{"id":7702,"href":"https:\/\/www.endless-hills.de\/index.php?rest_route=\/wp\/v2\/pages\/6506\/revisions\/7702"}],"up":[{"embeddable":true,"href":"https:\/\/www.endless-hills.de\/index.php?rest_route=\/wp\/v2\/pages\/7705"}],"wp:attachment":[{"href":"https:\/\/www.endless-hills.de\/index.php?rest_route=%2Fwp%2Fv2%2Fmedia&parent=6506"}],"curies":[{"name":"wp","href":"https:\/\/api.w.org\/{rel}","templated":true}]}}