{"id":6502,"date":"2014-10-10T18:49:42","date_gmt":"2014-10-10T17:49:42","guid":{"rendered":"http:\/\/www.endless-hills.de\/?page_id=6502"},"modified":"2014-12-04T16:16:06","modified_gmt":"2014-12-04T15:16:06","slug":"ketchup-song","status":"publish","type":"page","link":"https:\/\/www.endless-hills.de\/?page_id=6502","title":{"rendered":"Ketchup Song &#8211; vergeben"},"content":{"rendered":"<p>R\u00fcde &#8211; goldsable<\/p>\n<p>Unser Ketchup wurde um 5.56 in diese Welt bef\u00f6rdert. Er ist ein sch\u00f6ner kr\u00e4ftiger Bub mit kompletter, breiter Halskrause und hochwei\u00dfen Vorderbeinchen.<\/p>\n<p>Er ist MDR1 +\/+, PRA +\/+, DM +\/- und CEA Carrier \ud83d\ude42<\/p>\n<p>&nbsp;<\/p>\n<p><!-- default-view.php -->\n<div\n\tclass=\"ngg-galleryoverview default-view\n\t ngg-ajax-pagination-none\t\"\n\tid=\"ngg-gallery-234f0bfd733550dc88558fc458da8b9e-1\"\n\tdata-nextgen-gallery-id=\"124\"\n\tdata-gallery-id=\"124\"\n\t\tdata-gallery-name=\"Ketchup Song\"\n\t>\n\n\t\t<!-- Thumbnails -->\n\t\t\t\t<div id=\"ngg-image-0\" class=\"ngg-gallery-thumbnail-box\n\t\t\t\t\t\t\t\t\t\t\t\"\n\t\t\t>\n\t\t\t\t\t\t<div class=\"ngg-gallery-thumbnail\">\n\t\t<a href=\"https:\/\/www.endless-hills.de\/wp-content\/gallery\/ketchup-song\/DSC_0195.JPG?t=1417706169\"\n\t\t\ttitle=\"\"\n\t\t\tdata-src=\"https:\/\/www.endless-hills.de\/wp-content\/gallery\/ketchup-song\/DSC_0195.JPG?t=1417706169\"\n\t\t\tdata-thumbnail=\"https:\/\/www.endless-hills.de\/wp-content\/gallery\/ketchup-song\/thumbs\/thumbs_DSC_0195.JPG?t=1417706169\"\n\t\t\tdata-image-id=\"6113\"\n\t\t\tdata-image-name=\"DSC_0195.JPG\"\n\t\t\tdata-title=\"DSC_0195\"\n\t\t\tdata-description=\"\"\n\t\t\tdata-image-slug=\"dsc_0195-2\"\n\t\t\t\t\t\t\t\t\t\t\t\t\t\t\t\t\t\t\t\tclass=\"shutterset_234f0bfd733550dc88558fc458da8b9e\">\n\t\t\t\t\t\t\t\t<img\n\t\t\t\t\ttitle=\"DSC_0195\"\n\t\t\t\t\talt=\"DSC_0195\"\n\t\t\t\t\tsrc=\"https:\/\/www.endless-hills.de\/wp-content\/gallery\/ketchup-song\/thumbs\/thumbs_DSC_0195.JPG?t=1417706169\"\n\t\t\t\t\twidth=\"300\"\n\t\t\t\t\theight=\"300\"\n\t\t\t\t\tstyle=\"max-width:100%;\"\n\t\t\t\t\/>\n\t\t\t<\/a>\n\t\t<\/div>\n\t\t\t\t\t\t\t<\/div>\n\t\t\t\n\t\t\t\t<div id=\"ngg-image-1\" class=\"ngg-gallery-thumbnail-box\n\t\t\t\t\t\t\t\t\t\t\t\"\n\t\t\t>\n\t\t\t\t\t\t<div class=\"ngg-gallery-thumbnail\">\n\t\t<a href=\"https:\/\/www.endless-hills.de\/wp-content\/gallery\/ketchup-song\/DSC_0196.JPG?t=1417349273\"\n\t\t\ttitle=\" \"\n\t\t\tdata-src=\"https:\/\/www.endless-hills.de\/wp-content\/gallery\/ketchup-song\/DSC_0196.JPG?t=1417349273\"\n\t\t\tdata-thumbnail=\"https:\/\/www.endless-hills.de\/wp-content\/gallery\/ketchup-song\/thumbs\/thumbs_DSC_0196.JPG?t=1417349273\"\n\t\t\tdata-image-id=\"6114\"\n\t\t\tdata-image-name=\"DSC_0196.JPG\"\n\t\t\tdata-title=\"DSC_0196\"\n\t\t\tdata-description=\" \"\n\t\t\tdata-image-slug=\"dsc_0196-1\"\n\t\t\t\t\t\t\t\t\t\t\t\t\t\t\t\t\t\t\t\tclass=\"shutterset_234f0bfd733550dc88558fc458da8b9e\">\n\t\t\t\t\t\t\t\t<img\n\t\t\t\t\ttitle=\"DSC_0196\"\n\t\t\t\t\talt=\"DSC_0196\"\n\t\t\t\t\tsrc=\"https:\/\/www.endless-hills.de\/wp-content\/gallery\/ketchup-song\/thumbs\/thumbs_DSC_0196.JPG?t=1417349273\"\n\t\t\t\t\twidth=\"300\"\n\t\t\t\t\theight=\"300\"\n\t\t\t\t\tstyle=\"max-width:100%;\"\n\t\t\t\t\/>\n\t\t\t<\/a>\n\t\t<\/div>\n\t\t\t\t\t\t\t<\/div>\n\t\t\t\n\t\t\t\t<div id=\"ngg-image-2\" class=\"ngg-gallery-thumbnail-box\n\t\t\t\t\t\t\t\t\t\t\t\"\n\t\t\t>\n\t\t\t\t\t\t<div class=\"ngg-gallery-thumbnail\">\n\t\t<a href=\"https:\/\/www.endless-hills.de\/wp-content\/gallery\/ketchup-song\/DSC_0201.JPG?t=1417349304\"\n\t\t\ttitle=\" \"\n\t\t\tdata-src=\"https:\/\/www.endless-hills.de\/wp-content\/gallery\/ketchup-song\/DSC_0201.JPG?t=1417349304\"\n\t\t\tdata-thumbnail=\"https:\/\/www.endless-hills.de\/wp-content\/gallery\/ketchup-song\/thumbs\/thumbs_DSC_0201.JPG?t=1417349304\"\n\t\t\tdata-image-id=\"6115\"\n\t\t\tdata-image-name=\"DSC_0201.JPG\"\n\t\t\tdata-title=\"DSC_0201\"\n\t\t\tdata-description=\" \"\n\t\t\tdata-image-slug=\"dsc_0201-1\"\n\t\t\t\t\t\t\t\t\t\t\t\t\t\t\t\t\t\t\t\tclass=\"shutterset_234f0bfd733550dc88558fc458da8b9e\">\n\t\t\t\t\t\t\t\t<img\n\t\t\t\t\ttitle=\"DSC_0201\"\n\t\t\t\t\talt=\"DSC_0201\"\n\t\t\t\t\tsrc=\"https:\/\/www.endless-hills.de\/wp-content\/gallery\/ketchup-song\/thumbs\/thumbs_DSC_0201.JPG?t=1417349304\"\n\t\t\t\t\twidth=\"300\"\n\t\t\t\t\theight=\"300\"\n\t\t\t\t\tstyle=\"max-width:100%;\"\n\t\t\t\t\/>\n\t\t\t<\/a>\n\t\t<\/div>\n\t\t\t\t\t\t\t<\/div>\n\t\t\t\n\t\t\t\t<div id=\"ngg-image-3\" class=\"ngg-gallery-thumbnail-box\n\t\t\t\t\t\t\t\t\t\t\t\"\n\t\t\t>\n\t\t\t\t\t\t<div class=\"ngg-gallery-thumbnail\">\n\t\t<a href=\"https:\/\/www.endless-hills.de\/wp-content\/gallery\/ketchup-song\/DSC_0025.jpg?t=1416483296\"\n\t\t\ttitle=\"\"\n\t\t\tdata-src=\"https:\/\/www.endless-hills.de\/wp-content\/gallery\/ketchup-song\/DSC_0025.jpg?t=1416483296\"\n\t\t\tdata-thumbnail=\"https:\/\/www.endless-hills.de\/wp-content\/gallery\/ketchup-song\/thumbs\/thumbs_DSC_0025.jpg?t=1416483296\"\n\t\t\tdata-image-id=\"5973\"\n\t\t\tdata-image-name=\"DSC_0025.jpg\"\n\t\t\tdata-title=\"DSC_0025\"\n\t\t\tdata-description=\"\"\n\t\t\tdata-image-slug=\"dsc_0025-3\"\n\t\t\t\t\t\t\t\t\t\t\t\t\t\t\t\t\t\t\t\tclass=\"shutterset_234f0bfd733550dc88558fc458da8b9e\">\n\t\t\t\t\t\t\t\t<img\n\t\t\t\t\ttitle=\"DSC_0025\"\n\t\t\t\t\talt=\"DSC_0025\"\n\t\t\t\t\tsrc=\"https:\/\/www.endless-hills.de\/wp-content\/gallery\/ketchup-song\/thumbs\/thumbs_DSC_0025.jpg?t=1416483296\"\n\t\t\t\t\twidth=\"300\"\n\t\t\t\t\theight=\"300\"\n\t\t\t\t\tstyle=\"max-width:100%;\"\n\t\t\t\t\/>\n\t\t\t<\/a>\n\t\t<\/div>\n\t\t\t\t\t\t\t<\/div>\n\t\t\t\n\t\t\t\t<div id=\"ngg-image-4\" class=\"ngg-gallery-thumbnail-box\n\t\t\t\t\t\t\t\t\t\t\t\"\n\t\t\t>\n\t\t\t\t\t\t<div class=\"ngg-gallery-thumbnail\">\n\t\t<a href=\"https:\/\/www.endless-hills.de\/wp-content\/gallery\/ketchup-song\/DSC_0024.jpg?t=1416140985\"\n\t\t\ttitle=\" \"\n\t\t\tdata-src=\"https:\/\/www.endless-hills.de\/wp-content\/gallery\/ketchup-song\/DSC_0024.jpg?t=1416140985\"\n\t\t\tdata-thumbnail=\"https:\/\/www.endless-hills.de\/wp-content\/gallery\/ketchup-song\/thumbs\/thumbs_DSC_0024.jpg?t=1416140985\"\n\t\t\tdata-image-id=\"5972\"\n\t\t\tdata-image-name=\"DSC_0024.jpg\"\n\t\t\tdata-title=\"DSC_0024\"\n\t\t\tdata-description=\" \"\n\t\t\tdata-image-slug=\"dsc_0024\"\n\t\t\t\t\t\t\t\t\t\t\t\t\t\t\t\t\t\t\t\tclass=\"shutterset_234f0bfd733550dc88558fc458da8b9e\">\n\t\t\t\t\t\t\t\t<img\n\t\t\t\t\ttitle=\"DSC_0024\"\n\t\t\t\t\talt=\"DSC_0024\"\n\t\t\t\t\tsrc=\"https:\/\/www.endless-hills.de\/wp-content\/gallery\/ketchup-song\/thumbs\/thumbs_DSC_0024.jpg?t=1416140985\"\n\t\t\t\t\twidth=\"300\"\n\t\t\t\t\theight=\"300\"\n\t\t\t\t\tstyle=\"max-width:100%;\"\n\t\t\t\t\/>\n\t\t\t<\/a>\n\t\t<\/div>\n\t\t\t\t\t\t\t<\/div>\n\t\t\t\n\t\t\t\t<div id=\"ngg-image-5\" class=\"ngg-gallery-thumbnail-box\n\t\t\t\t\t\t\t\t\t\t\t\"\n\t\t\t>\n\t\t\t\t\t\t<div class=\"ngg-gallery-thumbnail\">\n\t\t<a href=\"https:\/\/www.endless-hills.de\/wp-content\/gallery\/ketchup-song\/DSC_0023.jpg?t=1416140982\"\n\t\t\ttitle=\" \"\n\t\t\tdata-src=\"https:\/\/www.endless-hills.de\/wp-content\/gallery\/ketchup-song\/DSC_0023.jpg?t=1416140982\"\n\t\t\tdata-thumbnail=\"https:\/\/www.endless-hills.de\/wp-content\/gallery\/ketchup-song\/thumbs\/thumbs_DSC_0023.jpg?t=1416140982\"\n\t\t\tdata-image-id=\"5971\"\n\t\t\tdata-image-name=\"DSC_0023.jpg\"\n\t\t\tdata-title=\"DSC_0023\"\n\t\t\tdata-description=\" \"\n\t\t\tdata-image-slug=\"dsc_0023\"\n\t\t\t\t\t\t\t\t\t\t\t\t\t\t\t\t\t\t\t\tclass=\"shutterset_234f0bfd733550dc88558fc458da8b9e\">\n\t\t\t\t\t\t\t\t<img\n\t\t\t\t\ttitle=\"DSC_0023\"\n\t\t\t\t\talt=\"DSC_0023\"\n\t\t\t\t\tsrc=\"https:\/\/www.endless-hills.de\/wp-content\/gallery\/ketchup-song\/thumbs\/thumbs_DSC_0023.jpg?t=1416140982\"\n\t\t\t\t\twidth=\"300\"\n\t\t\t\t\theight=\"300\"\n\t\t\t\t\tstyle=\"max-width:100%;\"\n\t\t\t\t\/>\n\t\t\t<\/a>\n\t\t<\/div>\n\t\t\t\t\t\t\t<\/div>\n\t\t\t\n\t\t\t\t<div id=\"ngg-image-6\" class=\"ngg-gallery-thumbnail-box\n\t\t\t\t\t\t\t\t\t\t\t\"\n\t\t\t>\n\t\t\t\t\t\t<div class=\"ngg-gallery-thumbnail\">\n\t\t<a href=\"https:\/\/www.endless-hills.de\/wp-content\/gallery\/ketchup-song\/DSC_0021.jpg?t=1416140975\"\n\t\t\ttitle=\" \"\n\t\t\tdata-src=\"https:\/\/www.endless-hills.de\/wp-content\/gallery\/ketchup-song\/DSC_0021.jpg?t=1416140975\"\n\t\t\tdata-thumbnail=\"https:\/\/www.endless-hills.de\/wp-content\/gallery\/ketchup-song\/thumbs\/thumbs_DSC_0021.jpg?t=1416140975\"\n\t\t\tdata-image-id=\"5969\"\n\t\t\tdata-image-name=\"DSC_0021.jpg\"\n\t\t\tdata-title=\"DSC_0021\"\n\t\t\tdata-description=\" \"\n\t\t\tdata-image-slug=\"dsc_0021\"\n\t\t\t\t\t\t\t\t\t\t\t\t\t\t\t\t\t\t\t\tclass=\"shutterset_234f0bfd733550dc88558fc458da8b9e\">\n\t\t\t\t\t\t\t\t<img\n\t\t\t\t\ttitle=\"DSC_0021\"\n\t\t\t\t\talt=\"DSC_0021\"\n\t\t\t\t\tsrc=\"https:\/\/www.endless-hills.de\/wp-content\/gallery\/ketchup-song\/thumbs\/thumbs_DSC_0021.jpg?t=1416140975\"\n\t\t\t\t\twidth=\"300\"\n\t\t\t\t\theight=\"300\"\n\t\t\t\t\tstyle=\"max-width:100%;\"\n\t\t\t\t\/>\n\t\t\t<\/a>\n\t\t<\/div>\n\t\t\t\t\t\t\t<\/div>\n\t\t\t\n\t\t\t\t<div id=\"ngg-image-7\" class=\"ngg-gallery-thumbnail-box\n\t\t\t\t\t\t\t\t\t\t\t\"\n\t\t\t>\n\t\t\t\t\t\t<div class=\"ngg-gallery-thumbnail\">\n\t\t<a href=\"https:\/\/www.endless-hills.de\/wp-content\/gallery\/ketchup-song\/DSC_0022.jpg?t=1416140978\"\n\t\t\ttitle=\" \"\n\t\t\tdata-src=\"https:\/\/www.endless-hills.de\/wp-content\/gallery\/ketchup-song\/DSC_0022.jpg?t=1416140978\"\n\t\t\tdata-thumbnail=\"https:\/\/www.endless-hills.de\/wp-content\/gallery\/ketchup-song\/thumbs\/thumbs_DSC_0022.jpg?t=1416140978\"\n\t\t\tdata-image-id=\"5970\"\n\t\t\tdata-image-name=\"DSC_0022.jpg\"\n\t\t\tdata-title=\"DSC_0022\"\n\t\t\tdata-description=\" \"\n\t\t\tdata-image-slug=\"dsc_0022-1\"\n\t\t\t\t\t\t\t\t\t\t\t\t\t\t\t\t\t\t\t\tclass=\"shutterset_234f0bfd733550dc88558fc458da8b9e\">\n\t\t\t\t\t\t\t\t<img\n\t\t\t\t\ttitle=\"DSC_0022\"\n\t\t\t\t\talt=\"DSC_0022\"\n\t\t\t\t\tsrc=\"https:\/\/www.endless-hills.de\/wp-content\/gallery\/ketchup-song\/thumbs\/thumbs_DSC_0022.jpg?t=1416140978\"\n\t\t\t\t\twidth=\"300\"\n\t\t\t\t\theight=\"300\"\n\t\t\t\t\tstyle=\"max-width:100%;\"\n\t\t\t\t\/>\n\t\t\t<\/a>\n\t\t<\/div>\n\t\t\t\t\t\t\t<\/div>\n\t\t\t\n\t\t\t\t<div id=\"ngg-image-8\" class=\"ngg-gallery-thumbnail-box\n\t\t\t\t\t\t\t\t\t\t\t\"\n\t\t\t>\n\t\t\t\t\t\t<div class=\"ngg-gallery-thumbnail\">\n\t\t<a href=\"https:\/\/www.endless-hills.de\/wp-content\/gallery\/ketchup-song\/DSC_0018.jpg?t=1416140973\"\n\t\t\ttitle=\" \"\n\t\t\tdata-src=\"https:\/\/www.endless-hills.de\/wp-content\/gallery\/ketchup-song\/DSC_0018.jpg?t=1416140973\"\n\t\t\tdata-thumbnail=\"https:\/\/www.endless-hills.de\/wp-content\/gallery\/ketchup-song\/thumbs\/thumbs_DSC_0018.jpg?t=1416140973\"\n\t\t\tdata-image-id=\"5968\"\n\t\t\tdata-image-name=\"DSC_0018.jpg\"\n\t\t\tdata-title=\"DSC_0018\"\n\t\t\tdata-description=\" \"\n\t\t\tdata-image-slug=\"dsc_0018\"\n\t\t\t\t\t\t\t\t\t\t\t\t\t\t\t\t\t\t\t\tclass=\"shutterset_234f0bfd733550dc88558fc458da8b9e\">\n\t\t\t\t\t\t\t\t<img\n\t\t\t\t\ttitle=\"DSC_0018\"\n\t\t\t\t\talt=\"DSC_0018\"\n\t\t\t\t\tsrc=\"https:\/\/www.endless-hills.de\/wp-content\/gallery\/ketchup-song\/thumbs\/thumbs_DSC_0018.jpg?t=1416140973\"\n\t\t\t\t\twidth=\"300\"\n\t\t\t\t\theight=\"300\"\n\t\t\t\t\tstyle=\"max-width:100%;\"\n\t\t\t\t\/>\n\t\t\t<\/a>\n\t\t<\/div>\n\t\t\t\t\t\t\t<\/div>\n\t\t\t\n\t\t\t\t<div id=\"ngg-image-9\" class=\"ngg-gallery-thumbnail-box\n\t\t\t\t\t\t\t\t\t\t\t\"\n\t\t\t>\n\t\t\t\t\t\t<div class=\"ngg-gallery-thumbnail\">\n\t\t<a href=\"https:\/\/www.endless-hills.de\/wp-content\/gallery\/ketchup-song\/DSC_0017.jpg?t=1416140970\"\n\t\t\ttitle=\" \"\n\t\t\tdata-src=\"https:\/\/www.endless-hills.de\/wp-content\/gallery\/ketchup-song\/DSC_0017.jpg?t=1416140970\"\n\t\t\tdata-thumbnail=\"https:\/\/www.endless-hills.de\/wp-content\/gallery\/ketchup-song\/thumbs\/thumbs_DSC_0017.jpg?t=1416140970\"\n\t\t\tdata-image-id=\"5967\"\n\t\t\tdata-image-name=\"DSC_0017.jpg\"\n\t\t\tdata-title=\"DSC_0017\"\n\t\t\tdata-description=\" \"\n\t\t\tdata-image-slug=\"dsc_0017\"\n\t\t\t\t\t\t\t\t\t\t\t\t\t\t\t\t\t\t\t\tclass=\"shutterset_234f0bfd733550dc88558fc458da8b9e\">\n\t\t\t\t\t\t\t\t<img\n\t\t\t\t\ttitle=\"DSC_0017\"\n\t\t\t\t\talt=\"DSC_0017\"\n\t\t\t\t\tsrc=\"https:\/\/www.endless-hills.de\/wp-content\/gallery\/ketchup-song\/thumbs\/thumbs_DSC_0017.jpg?t=1416140970\"\n\t\t\t\t\twidth=\"300\"\n\t\t\t\t\theight=\"300\"\n\t\t\t\t\tstyle=\"max-width:100%;\"\n\t\t\t\t\/>\n\t\t\t<\/a>\n\t\t<\/div>\n\t\t\t\t\t\t\t<\/div>\n\t\t\t\n\t\t\t\t<div id=\"ngg-image-10\" class=\"ngg-gallery-thumbnail-box\n\t\t\t\t\t\t\t\t\t\t\t\"\n\t\t\t>\n\t\t\t\t\t\t<div class=\"ngg-gallery-thumbnail\">\n\t\t<a href=\"https:\/\/www.endless-hills.de\/wp-content\/gallery\/ketchup-song\/DSC_0801.JPG?t=1414925361\"\n\t\t\ttitle=\" \"\n\t\t\tdata-src=\"https:\/\/www.endless-hills.de\/wp-content\/gallery\/ketchup-song\/DSC_0801.JPG?t=1414925361\"\n\t\t\tdata-thumbnail=\"https:\/\/www.endless-hills.de\/wp-content\/gallery\/ketchup-song\/thumbs\/thumbs_DSC_0801.JPG?t=1414925361\"\n\t\t\tdata-image-id=\"5726\"\n\t\t\tdata-image-name=\"DSC_0801.JPG\"\n\t\t\tdata-title=\"DSC_0801\"\n\t\t\tdata-description=\" \"\n\t\t\tdata-image-slug=\"dsc_0801\"\n\t\t\t\t\t\t\t\t\t\t\t\t\t\t\t\t\t\t\t\tclass=\"shutterset_234f0bfd733550dc88558fc458da8b9e\">\n\t\t\t\t\t\t\t\t<img\n\t\t\t\t\ttitle=\"DSC_0801\"\n\t\t\t\t\talt=\"DSC_0801\"\n\t\t\t\t\tsrc=\"https:\/\/www.endless-hills.de\/wp-content\/gallery\/ketchup-song\/thumbs\/thumbs_DSC_0801.JPG?t=1414925361\"\n\t\t\t\t\twidth=\"300\"\n\t\t\t\t\theight=\"300\"\n\t\t\t\t\tstyle=\"max-width:100%;\"\n\t\t\t\t\/>\n\t\t\t<\/a>\n\t\t<\/div>\n\t\t\t\t\t\t\t<\/div>\n\t\t\t\n\t\t\t\t<div id=\"ngg-image-11\" class=\"ngg-gallery-thumbnail-box\n\t\t\t\t\t\t\t\t\t\t\t\"\n\t\t\t>\n\t\t\t\t\t\t<div class=\"ngg-gallery-thumbnail\">\n\t\t<a href=\"https:\/\/www.endless-hills.de\/wp-content\/gallery\/ketchup-song\/DSC_0800.JPG?t=1414925295\"\n\t\t\ttitle=\" \"\n\t\t\tdata-src=\"https:\/\/www.endless-hills.de\/wp-content\/gallery\/ketchup-song\/DSC_0800.JPG?t=1414925295\"\n\t\t\tdata-thumbnail=\"https:\/\/www.endless-hills.de\/wp-content\/gallery\/ketchup-song\/thumbs\/thumbs_DSC_0800.JPG?t=1414925295\"\n\t\t\tdata-image-id=\"5725\"\n\t\t\tdata-image-name=\"DSC_0800.JPG\"\n\t\t\tdata-title=\"DSC_0800\"\n\t\t\tdata-description=\" \"\n\t\t\tdata-image-slug=\"dsc_0800-3\"\n\t\t\t\t\t\t\t\t\t\t\t\t\t\t\t\t\t\t\t\tclass=\"shutterset_234f0bfd733550dc88558fc458da8b9e\">\n\t\t\t\t\t\t\t\t<img\n\t\t\t\t\ttitle=\"DSC_0800\"\n\t\t\t\t\talt=\"DSC_0800\"\n\t\t\t\t\tsrc=\"https:\/\/www.endless-hills.de\/wp-content\/gallery\/ketchup-song\/thumbs\/thumbs_DSC_0800.JPG?t=1414925295\"\n\t\t\t\t\twidth=\"300\"\n\t\t\t\t\theight=\"300\"\n\t\t\t\t\tstyle=\"max-width:100%;\"\n\t\t\t\t\/>\n\t\t\t<\/a>\n\t\t<\/div>\n\t\t\t\t\t\t\t<\/div>\n\t\t\t\n\t\t\t\t<div id=\"ngg-image-12\" class=\"ngg-gallery-thumbnail-box\n\t\t\t\t\t\t\t\t\t\t\t\"\n\t\t\t>\n\t\t\t\t\t\t<div class=\"ngg-gallery-thumbnail\">\n\t\t<a href=\"https:\/\/www.endless-hills.de\/wp-content\/gallery\/ketchup-song\/DSC_0654.JPG?t=1415184058\"\n\t\t\ttitle=\"\"\n\t\t\tdata-src=\"https:\/\/www.endless-hills.de\/wp-content\/gallery\/ketchup-song\/DSC_0654.JPG?t=1415184058\"\n\t\t\tdata-thumbnail=\"https:\/\/www.endless-hills.de\/wp-content\/gallery\/ketchup-song\/thumbs\/thumbs_DSC_0654.JPG?t=1415184058\"\n\t\t\tdata-image-id=\"5661\"\n\t\t\tdata-image-name=\"DSC_0654.JPG\"\n\t\t\tdata-title=\"DSC_0654\"\n\t\t\tdata-description=\"\"\n\t\t\tdata-image-slug=\"dsc_0654-3\"\n\t\t\t\t\t\t\t\t\t\t\t\t\t\t\t\t\t\t\t\tclass=\"shutterset_234f0bfd733550dc88558fc458da8b9e\">\n\t\t\t\t\t\t\t\t<img\n\t\t\t\t\ttitle=\"DSC_0654\"\n\t\t\t\t\talt=\"DSC_0654\"\n\t\t\t\t\tsrc=\"https:\/\/www.endless-hills.de\/wp-content\/gallery\/ketchup-song\/thumbs\/thumbs_DSC_0654.JPG?t=1415184058\"\n\t\t\t\t\twidth=\"300\"\n\t\t\t\t\theight=\"300\"\n\t\t\t\t\tstyle=\"max-width:100%;\"\n\t\t\t\t\/>\n\t\t\t<\/a>\n\t\t<\/div>\n\t\t\t\t\t\t\t<\/div>\n\t\t\t\n\t\t\t\t<div id=\"ngg-image-13\" class=\"ngg-gallery-thumbnail-box\n\t\t\t\t\t\t\t\t\t\t\t\"\n\t\t\t>\n\t\t\t\t\t\t<div class=\"ngg-gallery-thumbnail\">\n\t\t<a href=\"https:\/\/www.endless-hills.de\/wp-content\/gallery\/ketchup-song\/DSC_0655.JPG?t=1413892922\"\n\t\t\ttitle=\" \"\n\t\t\tdata-src=\"https:\/\/www.endless-hills.de\/wp-content\/gallery\/ketchup-song\/DSC_0655.JPG?t=1413892922\"\n\t\t\tdata-thumbnail=\"https:\/\/www.endless-hills.de\/wp-content\/gallery\/ketchup-song\/thumbs\/thumbs_DSC_0655.JPG?t=1413892922\"\n\t\t\tdata-image-id=\"5662\"\n\t\t\tdata-image-name=\"DSC_0655.JPG\"\n\t\t\tdata-title=\"DSC_0655\"\n\t\t\tdata-description=\" \"\n\t\t\tdata-image-slug=\"dsc_0655-4\"\n\t\t\t\t\t\t\t\t\t\t\t\t\t\t\t\t\t\t\t\tclass=\"shutterset_234f0bfd733550dc88558fc458da8b9e\">\n\t\t\t\t\t\t\t\t<img\n\t\t\t\t\ttitle=\"DSC_0655\"\n\t\t\t\t\talt=\"DSC_0655\"\n\t\t\t\t\tsrc=\"https:\/\/www.endless-hills.de\/wp-content\/gallery\/ketchup-song\/thumbs\/thumbs_DSC_0655.JPG?t=1413892922\"\n\t\t\t\t\twidth=\"300\"\n\t\t\t\t\theight=\"300\"\n\t\t\t\t\tstyle=\"max-width:100%;\"\n\t\t\t\t\/>\n\t\t\t<\/a>\n\t\t<\/div>\n\t\t\t\t\t\t\t<\/div>\n\t\t\t\n\t\t\t\t<div id=\"ngg-image-14\" class=\"ngg-gallery-thumbnail-box\n\t\t\t\t\t\t\t\t\t\t\t\"\n\t\t\t>\n\t\t\t\t\t\t<div class=\"ngg-gallery-thumbnail\">\n\t\t<a href=\"https:\/\/www.endless-hills.de\/wp-content\/gallery\/ketchup-song\/DSC_0658.JPG?t=1413892989\"\n\t\t\ttitle=\" \"\n\t\t\tdata-src=\"https:\/\/www.endless-hills.de\/wp-content\/gallery\/ketchup-song\/DSC_0658.JPG?t=1413892989\"\n\t\t\tdata-thumbnail=\"https:\/\/www.endless-hills.de\/wp-content\/gallery\/ketchup-song\/thumbs\/thumbs_DSC_0658.JPG?t=1413892989\"\n\t\t\tdata-image-id=\"5663\"\n\t\t\tdata-image-name=\"DSC_0658.JPG\"\n\t\t\tdata-title=\"DSC_0658\"\n\t\t\tdata-description=\" \"\n\t\t\tdata-image-slug=\"dsc_0658-5\"\n\t\t\t\t\t\t\t\t\t\t\t\t\t\t\t\t\t\t\t\tclass=\"shutterset_234f0bfd733550dc88558fc458da8b9e\">\n\t\t\t\t\t\t\t\t<img\n\t\t\t\t\ttitle=\"DSC_0658\"\n\t\t\t\t\talt=\"DSC_0658\"\n\t\t\t\t\tsrc=\"https:\/\/www.endless-hills.de\/wp-content\/gallery\/ketchup-song\/thumbs\/thumbs_DSC_0658.JPG?t=1413892989\"\n\t\t\t\t\twidth=\"300\"\n\t\t\t\t\theight=\"300\"\n\t\t\t\t\tstyle=\"max-width:100%;\"\n\t\t\t\t\/>\n\t\t\t<\/a>\n\t\t<\/div>\n\t\t\t\t\t\t\t<\/div>\n\t\t\t\n\t\t\t\t<div id=\"ngg-image-15\" class=\"ngg-gallery-thumbnail-box\n\t\t\t\t\t\t\t\t\t\t\t\"\n\t\t\t>\n\t\t\t\t\t\t<div class=\"ngg-gallery-thumbnail\">\n\t\t<a href=\"https:\/\/www.endless-hills.de\/wp-content\/gallery\/ketchup-song\/DSC_0660.JPG?t=1413893083\"\n\t\t\ttitle=\" \"\n\t\t\tdata-src=\"https:\/\/www.endless-hills.de\/wp-content\/gallery\/ketchup-song\/DSC_0660.JPG?t=1413893083\"\n\t\t\tdata-thumbnail=\"https:\/\/www.endless-hills.de\/wp-content\/gallery\/ketchup-song\/thumbs\/thumbs_DSC_0660.JPG?t=1413893083\"\n\t\t\tdata-image-id=\"5664\"\n\t\t\tdata-image-name=\"DSC_0660.JPG\"\n\t\t\tdata-title=\"DSC_0660\"\n\t\t\tdata-description=\" \"\n\t\t\tdata-image-slug=\"dsc_0660-5\"\n\t\t\t\t\t\t\t\t\t\t\t\t\t\t\t\t\t\t\t\tclass=\"shutterset_234f0bfd733550dc88558fc458da8b9e\">\n\t\t\t\t\t\t\t\t<img\n\t\t\t\t\ttitle=\"DSC_0660\"\n\t\t\t\t\talt=\"DSC_0660\"\n\t\t\t\t\tsrc=\"https:\/\/www.endless-hills.de\/wp-content\/gallery\/ketchup-song\/thumbs\/thumbs_DSC_0660.JPG?t=1413893083\"\n\t\t\t\t\twidth=\"300\"\n\t\t\t\t\theight=\"300\"\n\t\t\t\t\tstyle=\"max-width:100%;\"\n\t\t\t\t\/>\n\t\t\t<\/a>\n\t\t<\/div>\n\t\t\t\t\t\t\t<\/div>\n\t\t\t\n\t\t\t\t<div id=\"ngg-image-16\" class=\"ngg-gallery-thumbnail-box\n\t\t\t\t\t\t\t\t\t\t\t\"\n\t\t\t>\n\t\t\t\t\t\t<div class=\"ngg-gallery-thumbnail\">\n\t\t<a href=\"https:\/\/www.endless-hills.de\/wp-content\/gallery\/ketchup-song\/DSC_0661.JPG?t=1413893177\"\n\t\t\ttitle=\" \"\n\t\t\tdata-src=\"https:\/\/www.endless-hills.de\/wp-content\/gallery\/ketchup-song\/DSC_0661.JPG?t=1413893177\"\n\t\t\tdata-thumbnail=\"https:\/\/www.endless-hills.de\/wp-content\/gallery\/ketchup-song\/thumbs\/thumbs_DSC_0661.JPG?t=1413893177\"\n\t\t\tdata-image-id=\"5665\"\n\t\t\tdata-image-name=\"DSC_0661.JPG\"\n\t\t\tdata-title=\"DSC_0661\"\n\t\t\tdata-description=\" \"\n\t\t\tdata-image-slug=\"dsc_0661-4\"\n\t\t\t\t\t\t\t\t\t\t\t\t\t\t\t\t\t\t\t\tclass=\"shutterset_234f0bfd733550dc88558fc458da8b9e\">\n\t\t\t\t\t\t\t\t<img\n\t\t\t\t\ttitle=\"DSC_0661\"\n\t\t\t\t\talt=\"DSC_0661\"\n\t\t\t\t\tsrc=\"https:\/\/www.endless-hills.de\/wp-content\/gallery\/ketchup-song\/thumbs\/thumbs_DSC_0661.JPG?t=1413893177\"\n\t\t\t\t\twidth=\"300\"\n\t\t\t\t\theight=\"300\"\n\t\t\t\t\tstyle=\"max-width:100%;\"\n\t\t\t\t\/>\n\t\t\t<\/a>\n\t\t<\/div>\n\t\t\t\t\t\t\t<\/div>\n\t\t\t\n\t\t\t\t<div id=\"ngg-image-17\" class=\"ngg-gallery-thumbnail-box\n\t\t\t\t\t\t\t\t\t\t\t\"\n\t\t\t>\n\t\t\t\t\t\t<div class=\"ngg-gallery-thumbnail\">\n\t\t<a href=\"https:\/\/www.endless-hills.de\/wp-content\/gallery\/ketchup-song\/DSC_0802.JPG?t=1414925473\"\n\t\t\ttitle=\" \"\n\t\t\tdata-src=\"https:\/\/www.endless-hills.de\/wp-content\/gallery\/ketchup-song\/DSC_0802.JPG?t=1414925473\"\n\t\t\tdata-thumbnail=\"https:\/\/www.endless-hills.de\/wp-content\/gallery\/ketchup-song\/thumbs\/thumbs_DSC_0802.JPG?t=1414925473\"\n\t\t\tdata-image-id=\"5727\"\n\t\t\tdata-image-name=\"DSC_0802.JPG\"\n\t\t\tdata-title=\"DSC_0802\"\n\t\t\tdata-description=\" \"\n\t\t\tdata-image-slug=\"dsc_0802-4\"\n\t\t\t\t\t\t\t\t\t\t\t\t\t\t\t\t\t\t\t\tclass=\"shutterset_234f0bfd733550dc88558fc458da8b9e\">\n\t\t\t\t\t\t\t\t<img\n\t\t\t\t\ttitle=\"DSC_0802\"\n\t\t\t\t\talt=\"DSC_0802\"\n\t\t\t\t\tsrc=\"https:\/\/www.endless-hills.de\/wp-content\/gallery\/ketchup-song\/thumbs\/thumbs_DSC_0802.JPG?t=1414925473\"\n\t\t\t\t\twidth=\"300\"\n\t\t\t\t\theight=\"300\"\n\t\t\t\t\tstyle=\"max-width:100%;\"\n\t\t\t\t\/>\n\t\t\t<\/a>\n\t\t<\/div>\n\t\t\t\t\t\t\t<\/div>\n\t\t\t\n\t\t\t\t<div id=\"ngg-image-18\" class=\"ngg-gallery-thumbnail-box\n\t\t\t\t\t\t\t\t\t\t\t\"\n\t\t\t>\n\t\t\t\t\t\t<div class=\"ngg-gallery-thumbnail\">\n\t\t<a href=\"https:\/\/www.endless-hills.de\/wp-content\/gallery\/ketchup-song\/DSC_0803.JPG?t=1414925532\"\n\t\t\ttitle=\" \"\n\t\t\tdata-src=\"https:\/\/www.endless-hills.de\/wp-content\/gallery\/ketchup-song\/DSC_0803.JPG?t=1414925532\"\n\t\t\tdata-thumbnail=\"https:\/\/www.endless-hills.de\/wp-content\/gallery\/ketchup-song\/thumbs\/thumbs_DSC_0803.JPG?t=1414925532\"\n\t\t\tdata-image-id=\"5728\"\n\t\t\tdata-image-name=\"DSC_0803.JPG\"\n\t\t\tdata-title=\"DSC_0803\"\n\t\t\tdata-description=\" \"\n\t\t\tdata-image-slug=\"dsc_0803-4\"\n\t\t\t\t\t\t\t\t\t\t\t\t\t\t\t\t\t\t\t\tclass=\"shutterset_234f0bfd733550dc88558fc458da8b9e\">\n\t\t\t\t\t\t\t\t<img\n\t\t\t\t\ttitle=\"DSC_0803\"\n\t\t\t\t\talt=\"DSC_0803\"\n\t\t\t\t\tsrc=\"https:\/\/www.endless-hills.de\/wp-content\/gallery\/ketchup-song\/thumbs\/thumbs_DSC_0803.JPG?t=1414925532\"\n\t\t\t\t\twidth=\"300\"\n\t\t\t\t\theight=\"300\"\n\t\t\t\t\tstyle=\"max-width:100%;\"\n\t\t\t\t\/>\n\t\t\t<\/a>\n\t\t<\/div>\n\t\t\t\t\t\t\t<\/div>\n\t\t\t\n\t\n\t<br style=\"clear: both\" \/>\n\n\t\t<div class=\"slideshowlink\">\n\t\t<a href='https:\/\/www.endless-hills.de\/index.php\/nggallery\/slideshow?page_id=6502'>[Zeige als Diashow]<\/a>\n\n\t<\/div>\n\t\n\t\t<!-- Pagination -->\n\t\t<div class='ngg-clear'><\/div>\t<\/div>\n<\/p>\n<p>&nbsp;<\/p>\n","protected":false},"excerpt":{"rendered":"<p>R\u00fcde &#8211; goldsable Unser Ketchup wurde um 5.56 in diese Welt bef\u00f6rdert. Er ist ein sch\u00f6ner kr\u00e4ftiger Bub mit kompletter, breiter Halskrause und hochwei\u00dfen Vorderbeinchen. Er ist MDR1 +\/+, PRA +\/+, DM +\/- und CEA Carrier \ud83d\ude42 &nbsp; [Zeige als Diashow] &nbsp;<\/p>\n","protected":false},"author":3,"featured_media":0,"parent":7705,"menu_order":2,"comment_status":"closed","ping_status":"closed","template":"","meta":{"ngg_post_thumbnail":0,"footnotes":""},"class_list":["post-6502","page","type-page","status-publish","hentry"],"_links":{"self":[{"href":"https:\/\/www.endless-hills.de\/index.php?rest_route=\/wp\/v2\/pages\/6502","targetHints":{"allow":["GET"]}}],"collection":[{"href":"https:\/\/www.endless-hills.de\/index.php?rest_route=\/wp\/v2\/pages"}],"about":[{"href":"https:\/\/www.endless-hills.de\/index.php?rest_route=\/wp\/v2\/types\/page"}],"author":[{"embeddable":true,"href":"https:\/\/www.endless-hills.de\/index.php?rest_route=\/wp\/v2\/users\/3"}],"replies":[{"embeddable":true,"href":"https:\/\/www.endless-hills.de\/index.php?rest_route=%2Fwp%2Fv2%2Fcomments&post=6502"}],"version-history":[{"count":7,"href":"https:\/\/www.endless-hills.de\/index.php?rest_route=\/wp\/v2\/pages\/6502\/revisions"}],"predecessor-version":[{"id":7703,"href":"https:\/\/www.endless-hills.de\/index.php?rest_route=\/wp\/v2\/pages\/6502\/revisions\/7703"}],"up":[{"embeddable":true,"href":"https:\/\/www.endless-hills.de\/index.php?rest_route=\/wp\/v2\/pages\/7705"}],"wp:attachment":[{"href":"https:\/\/www.endless-hills.de\/index.php?rest_route=%2Fwp%2Fv2%2Fmedia&parent=6502"}],"curies":[{"name":"wp","href":"https:\/\/api.w.org\/{rel}","templated":true}]}}