{"id":6171,"date":"2014-06-29T21:27:41","date_gmt":"2014-06-29T20:27:41","guid":{"rendered":"http:\/\/www.endless-hills.de\/?page_id=6171"},"modified":"2024-12-03T20:29:25","modified_gmt":"2024-12-03T19:29:25","slug":"hip-hop-hero-of-endless-hills","status":"publish","type":"page","link":"https:\/\/www.endless-hills.de\/?page_id=6171","title":{"rendered":"Ch, JCh. Hip Hop Hero of endless hills"},"content":{"rendered":"<p style=\"color: #2b2c1b;\"><span style=\"color: #0000ff;\">gold sable R\u00fcde (Dog) &#8211; Hero<\/span><\/p>\n<p style=\"color: #2b2c1b;\">geboren am 31. Oktober 2012<\/p>\n<p style=\"color: #2b2c1b;\">CEA\/PRA\/KAT klinisch frei puppy test, CEA gen. affected, MDR1 +\/-, DM \u2013 N\/DM (Carrier), HD -A, vollzahniges korrektes Scherengebi\u00df, 59cm,\u00a0K\u00f6rklasse I,\u00a0Wesenstest bestens bestanden!<\/p>\n<p style=\"color: #2b2c1b; text-align: center;\"><span style=\"color: #ff0000;\">Deutscher Champion VDH<\/span><\/p>\n<p style=\"color: #2b2c1b; text-align: center;\"><span style=\"color: #ff0000;\">Deutscher Champion Club\u00a0<\/span><\/p>\n<p style=\"color: #2b2c1b; text-align: center;\"><span style=\"color: #ff0000;\">Deutscher Jugendchampion Club &amp; VDH<\/span><\/p>\n<p style=\"color: #2b2c1b; text-align: center;\"><span style=\"color: #ff0000;\">VDH &#8211; Jugendsieger Leipzig 2013<\/span><\/p>\n<p style=\"color: #2b2c1b; text-align: center;\"><span style=\"color: #ff0000;\">German Junior Winner<\/span><\/p>\n<p style=\"color: #2b2c1b; text-align: center;\"><span style=\"color: #ff0000;\">Bester Junghund Leipzig 2013<\/span><\/p>\n<p style=\"color: #2b2c1b; text-align: center;\"><span style=\"color: #ff0000;\">Sieger Steiermark 2015<\/span><\/p>\n<p style=\"color: #2b2c1b; text-align: center;\"><span style=\"color: #ff0000;\">1x CACIB, 2x Res CACIB, 2x BOS<\/span><\/p>\n<p style=\"color: #2b2c1b; text-align: center;\"><span style=\"color: #ff0000;\">1x JBOB, 1x BOB<\/span><\/p>\n<p style=\"color: #2b2c1b; text-align: center;\"><span style=\"color: #ff0000;\">Crufts Qualifikation 2016<\/span><\/p>\n<p style=\"color: #2b2c1b; text-align: center;\"><img loading=\"lazy\" decoding=\"async\" class=\"aligncenter wp-image-6264\" src=\"http:\/\/www.endless-hills.de\/wp-content\/uploads\/2014\/06\/984122_706791469366862_1565778297369198384_n.jpg\" alt=\"984122_706791469366862_1565778297369198384_n\" width=\"650\" height=\"532\" srcset=\"https:\/\/www.endless-hills.de\/wp-content\/uploads\/2014\/06\/984122_706791469366862_1565778297369198384_n.jpg 960w, https:\/\/www.endless-hills.de\/wp-content\/uploads\/2014\/06\/984122_706791469366862_1565778297369198384_n-300x245.jpg 300w\" sizes=\"auto, (max-width: 650px) 100vw, 650px\" \/><\/p>\n<p style=\"text-align: center;\">Wir freuen uns t\u00e4glich \u00fcber diesen wundersch\u00f6nen Collie R\u00fcden, der aus unserer Zuchtst\u00e4tte stammt. Hero ist einfach traumhaft in allem. Er \u00fcberzeugt uns sowohl durch sein wundervolles Aussehen, als auch durch seinen stets fr\u00f6hlichen, aufgeschlossenen und absolut lieben Charakter. Wir sind sehr froh, dass Hero uns zur \u00a0Zucht zur Verf\u00fcgung steht und freuen uns sehr, auf und \u00fcber Kinder von unserem Traumprinzen.<\/p>\n<p>&nbsp;<\/p>\n<p><img loading=\"lazy\" decoding=\"async\" class=\"aligncenter wp-image-6261\" src=\"http:\/\/www.endless-hills.de\/wp-content\/uploads\/2014\/06\/Ahnen-1024x528.jpg\" alt=\"Ahnen\" width=\"750\" height=\"387\" srcset=\"https:\/\/www.endless-hills.de\/wp-content\/uploads\/2014\/06\/Ahnen-1024x528.jpg 1024w, https:\/\/www.endless-hills.de\/wp-content\/uploads\/2014\/06\/Ahnen-300x154.jpg 300w\" sizes=\"auto, (max-width: 750px) 100vw, 750px\" \/><\/p>\n<p>&nbsp;<\/p>\n<p><!-- default-view.php -->\n<div\n\tclass=\"ngg-galleryoverview default-view\n\t ngg-ajax-pagination-none\t\"\n\tid=\"ngg-gallery-fe51a188aa77107884312ebeaeaf0ebc-1\"\n\tdata-gallery-id=\"120\">\n\n\t\t<!-- Thumbnails -->\n\t\t\t\t<div id=\"ngg-image-0\" class=\"ngg-gallery-thumbnail-box\n\t\t\t\t\t\t\t\t\t\t\t\"\n\t\t\t>\n\t\t\t\t\t\t<div class=\"ngg-gallery-thumbnail\">\n\t\t\t<a href=\"https:\/\/www.endless-hills.de\/wp-content\/gallery\/hero\/Penig-25.5.2014-K%C3%B6rung-132.JPG\"\n\t\t\t\ttitle=\"\"\n\t\t\t\tdata-src=\"https:\/\/www.endless-hills.de\/wp-content\/gallery\/hero\/Penig-25.5.2014-K%C3%B6rung-132.JPG\"\n\t\t\t\tdata-thumbnail=\"https:\/\/www.endless-hills.de\/wp-content\/gallery\/hero\/thumbs\/thumbs_Penig-25.5.2014-K%C3%B6rung-132.JPG\"\n\t\t\t\tdata-image-id=\"5554\"\n\t\t\t\tdata-title=\"Penig 25.5.2014 K\u00f6rung (13)[2]\"\n\t\t\t\tdata-description=\"\"\n\t\t\t\tdata-image-slug=\"penig-25-5-2014-k%c3%b6rung-132-1\"\n\t\t\t\t\t\t\t\t\t\t\t\t\t\t\t\t\t\t\t\tclass=\"shutterset_fe51a188aa77107884312ebeaeaf0ebc\">\n\t\t\t\t\t\t\t\t<img\n\t\t\t\t\ttitle=\"Penig 25.5.2014 K\u00f6rung (13)[2]\"\n\t\t\t\t\talt=\"Penig 25.5.2014 K\u00f6rung (13)[2]\"\n\t\t\t\t\tsrc=\"https:\/\/www.endless-hills.de\/wp-content\/gallery\/hero\/thumbs\/thumbs_Penig-25.5.2014-K%C3%B6rung-132.JPG\"\n\t\t\t\t\twidth=\"300\"\n\t\t\t\t\theight=\"300\"\n\t\t\t\t\tstyle=\"max-width:100%;\"\n\t\t\t\t\/>\n\t\t\t<\/a>\n\t\t<\/div>\n\t\t\t\t\t\t\t<\/div>\n\t\t\t\n\t\t\t\t<div id=\"ngg-image-1\" class=\"ngg-gallery-thumbnail-box\n\t\t\t\t\t\t\t\t\t\t\t\"\n\t\t\t>\n\t\t\t\t\t\t<div class=\"ngg-gallery-thumbnail\">\n\t\t\t<a href=\"https:\/\/www.endless-hills.de\/wp-content\/gallery\/hero\/Hero-17-Mon-4.JPG\"\n\t\t\t\ttitle=\" \"\n\t\t\t\tdata-src=\"https:\/\/www.endless-hills.de\/wp-content\/gallery\/hero\/Hero-17-Mon-4.JPG\"\n\t\t\t\tdata-thumbnail=\"https:\/\/www.endless-hills.de\/wp-content\/gallery\/hero\/thumbs\/thumbs_Hero-17-Mon-4.JPG\"\n\t\t\t\tdata-image-id=\"5555\"\n\t\t\t\tdata-title=\"Hero 17 Mon (4)\"\n\t\t\t\tdata-description=\" \"\n\t\t\t\tdata-image-slug=\"hero-17-mon-4\"\n\t\t\t\t\t\t\t\t\t\t\t\t\t\t\t\t\t\t\t\tclass=\"shutterset_fe51a188aa77107884312ebeaeaf0ebc\">\n\t\t\t\t\t\t\t\t<img\n\t\t\t\t\ttitle=\"Hero 17 Mon (4)\"\n\t\t\t\t\talt=\"Hero 17 Mon (4)\"\n\t\t\t\t\tsrc=\"https:\/\/www.endless-hills.de\/wp-content\/gallery\/hero\/thumbs\/thumbs_Hero-17-Mon-4.JPG\"\n\t\t\t\t\twidth=\"300\"\n\t\t\t\t\theight=\"300\"\n\t\t\t\t\tstyle=\"max-width:100%;\"\n\t\t\t\t\/>\n\t\t\t<\/a>\n\t\t<\/div>\n\t\t\t\t\t\t\t<\/div>\n\t\t\t\n\t\t\t\t<div id=\"ngg-image-2\" class=\"ngg-gallery-thumbnail-box\n\t\t\t\t\t\t\t\t\t\t\t\"\n\t\t\t>\n\t\t\t\t\t\t<div class=\"ngg-gallery-thumbnail\">\n\t\t\t<a href=\"https:\/\/www.endless-hills.de\/wp-content\/gallery\/hero\/Hero-17-Mon-6.JPG\"\n\t\t\t\ttitle=\" \"\n\t\t\t\tdata-src=\"https:\/\/www.endless-hills.de\/wp-content\/gallery\/hero\/Hero-17-Mon-6.JPG\"\n\t\t\t\tdata-thumbnail=\"https:\/\/www.endless-hills.de\/wp-content\/gallery\/hero\/thumbs\/thumbs_Hero-17-Mon-6.JPG\"\n\t\t\t\tdata-image-id=\"5556\"\n\t\t\t\tdata-title=\"Hero 17 Mon (6)\"\n\t\t\t\tdata-description=\" \"\n\t\t\t\tdata-image-slug=\"hero-17-mon-6\"\n\t\t\t\t\t\t\t\t\t\t\t\t\t\t\t\t\t\t\t\tclass=\"shutterset_fe51a188aa77107884312ebeaeaf0ebc\">\n\t\t\t\t\t\t\t\t<img\n\t\t\t\t\ttitle=\"Hero 17 Mon (6)\"\n\t\t\t\t\talt=\"Hero 17 Mon (6)\"\n\t\t\t\t\tsrc=\"https:\/\/www.endless-hills.de\/wp-content\/gallery\/hero\/thumbs\/thumbs_Hero-17-Mon-6.JPG\"\n\t\t\t\t\twidth=\"300\"\n\t\t\t\t\theight=\"300\"\n\t\t\t\t\tstyle=\"max-width:100%;\"\n\t\t\t\t\/>\n\t\t\t<\/a>\n\t\t<\/div>\n\t\t\t\t\t\t\t<\/div>\n\t\t\t\n\t\t\t\t<div id=\"ngg-image-3\" class=\"ngg-gallery-thumbnail-box\n\t\t\t\t\t\t\t\t\t\t\t\"\n\t\t\t>\n\t\t\t\t\t\t<div class=\"ngg-gallery-thumbnail\">\n\t\t\t<a href=\"https:\/\/www.endless-hills.de\/wp-content\/gallery\/hero\/Hero-17-Mon-8.JPG\"\n\t\t\t\ttitle=\" \"\n\t\t\t\tdata-src=\"https:\/\/www.endless-hills.de\/wp-content\/gallery\/hero\/Hero-17-Mon-8.JPG\"\n\t\t\t\tdata-thumbnail=\"https:\/\/www.endless-hills.de\/wp-content\/gallery\/hero\/thumbs\/thumbs_Hero-17-Mon-8.JPG\"\n\t\t\t\tdata-image-id=\"5557\"\n\t\t\t\tdata-title=\"Hero 17 Mon (8)\"\n\t\t\t\tdata-description=\" \"\n\t\t\t\tdata-image-slug=\"hero-17-mon-8\"\n\t\t\t\t\t\t\t\t\t\t\t\t\t\t\t\t\t\t\t\tclass=\"shutterset_fe51a188aa77107884312ebeaeaf0ebc\">\n\t\t\t\t\t\t\t\t<img\n\t\t\t\t\ttitle=\"Hero 17 Mon (8)\"\n\t\t\t\t\talt=\"Hero 17 Mon (8)\"\n\t\t\t\t\tsrc=\"https:\/\/www.endless-hills.de\/wp-content\/gallery\/hero\/thumbs\/thumbs_Hero-17-Mon-8.JPG\"\n\t\t\t\t\twidth=\"300\"\n\t\t\t\t\theight=\"300\"\n\t\t\t\t\tstyle=\"max-width:100%;\"\n\t\t\t\t\/>\n\t\t\t<\/a>\n\t\t<\/div>\n\t\t\t\t\t\t\t<\/div>\n\t\t\t\n\t\t\t\t<div id=\"ngg-image-4\" class=\"ngg-gallery-thumbnail-box\n\t\t\t\t\t\t\t\t\t\t\t\"\n\t\t\t>\n\t\t\t\t\t\t<div class=\"ngg-gallery-thumbnail\">\n\t\t\t<a href=\"https:\/\/www.endless-hills.de\/wp-content\/gallery\/hero\/Hero-17-Mon-12.JPG\"\n\t\t\t\ttitle=\" \"\n\t\t\t\tdata-src=\"https:\/\/www.endless-hills.de\/wp-content\/gallery\/hero\/Hero-17-Mon-12.JPG\"\n\t\t\t\tdata-thumbnail=\"https:\/\/www.endless-hills.de\/wp-content\/gallery\/hero\/thumbs\/thumbs_Hero-17-Mon-12.JPG\"\n\t\t\t\tdata-image-id=\"5558\"\n\t\t\t\tdata-title=\"Hero 17 Mon (12)\"\n\t\t\t\tdata-description=\" \"\n\t\t\t\tdata-image-slug=\"hero-17-mon-12\"\n\t\t\t\t\t\t\t\t\t\t\t\t\t\t\t\t\t\t\t\tclass=\"shutterset_fe51a188aa77107884312ebeaeaf0ebc\">\n\t\t\t\t\t\t\t\t<img\n\t\t\t\t\ttitle=\"Hero 17 Mon (12)\"\n\t\t\t\t\talt=\"Hero 17 Mon (12)\"\n\t\t\t\t\tsrc=\"https:\/\/www.endless-hills.de\/wp-content\/gallery\/hero\/thumbs\/thumbs_Hero-17-Mon-12.JPG\"\n\t\t\t\t\twidth=\"300\"\n\t\t\t\t\theight=\"300\"\n\t\t\t\t\tstyle=\"max-width:100%;\"\n\t\t\t\t\/>\n\t\t\t<\/a>\n\t\t<\/div>\n\t\t\t\t\t\t\t<\/div>\n\t\t\t\n\t\t\t\t<div id=\"ngg-image-5\" class=\"ngg-gallery-thumbnail-box\n\t\t\t\t\t\t\t\t\t\t\t\"\n\t\t\t>\n\t\t\t\t\t\t<div class=\"ngg-gallery-thumbnail\">\n\t\t\t<a href=\"https:\/\/www.endless-hills.de\/wp-content\/gallery\/hero\/Hero-17-Mon.-2.JPG\"\n\t\t\t\ttitle=\" \"\n\t\t\t\tdata-src=\"https:\/\/www.endless-hills.de\/wp-content\/gallery\/hero\/Hero-17-Mon.-2.JPG\"\n\t\t\t\tdata-thumbnail=\"https:\/\/www.endless-hills.de\/wp-content\/gallery\/hero\/thumbs\/thumbs_Hero-17-Mon.-2.JPG\"\n\t\t\t\tdata-image-id=\"5559\"\n\t\t\t\tdata-title=\"Hero 17 Mon. (2)\"\n\t\t\t\tdata-description=\" \"\n\t\t\t\tdata-image-slug=\"hero-17-mon-2\"\n\t\t\t\t\t\t\t\t\t\t\t\t\t\t\t\t\t\t\t\tclass=\"shutterset_fe51a188aa77107884312ebeaeaf0ebc\">\n\t\t\t\t\t\t\t\t<img\n\t\t\t\t\ttitle=\"Hero 17 Mon. (2)\"\n\t\t\t\t\talt=\"Hero 17 Mon. (2)\"\n\t\t\t\t\tsrc=\"https:\/\/www.endless-hills.de\/wp-content\/gallery\/hero\/thumbs\/thumbs_Hero-17-Mon.-2.JPG\"\n\t\t\t\t\twidth=\"300\"\n\t\t\t\t\theight=\"300\"\n\t\t\t\t\tstyle=\"max-width:100%;\"\n\t\t\t\t\/>\n\t\t\t<\/a>\n\t\t<\/div>\n\t\t\t\t\t\t\t<\/div>\n\t\t\t\n\t\t\t\t<div id=\"ngg-image-6\" class=\"ngg-gallery-thumbnail-box\n\t\t\t\t\t\t\t\t\t\t\t\"\n\t\t\t>\n\t\t\t\t\t\t<div class=\"ngg-gallery-thumbnail\">\n\t\t\t<a href=\"https:\/\/www.endless-hills.de\/wp-content\/gallery\/hero\/Heros-1.-Geburtstag-7.JPG\"\n\t\t\t\ttitle=\" \"\n\t\t\t\tdata-src=\"https:\/\/www.endless-hills.de\/wp-content\/gallery\/hero\/Heros-1.-Geburtstag-7.JPG\"\n\t\t\t\tdata-thumbnail=\"https:\/\/www.endless-hills.de\/wp-content\/gallery\/hero\/thumbs\/thumbs_Heros-1.-Geburtstag-7.JPG\"\n\t\t\t\tdata-image-id=\"5560\"\n\t\t\t\tdata-title=\"Heros 1. Geburtstag (7)\"\n\t\t\t\tdata-description=\" \"\n\t\t\t\tdata-image-slug=\"heros-1-geburtstag-7\"\n\t\t\t\t\t\t\t\t\t\t\t\t\t\t\t\t\t\t\t\tclass=\"shutterset_fe51a188aa77107884312ebeaeaf0ebc\">\n\t\t\t\t\t\t\t\t<img\n\t\t\t\t\ttitle=\"Heros 1. Geburtstag (7)\"\n\t\t\t\t\talt=\"Heros 1. Geburtstag (7)\"\n\t\t\t\t\tsrc=\"https:\/\/www.endless-hills.de\/wp-content\/gallery\/hero\/thumbs\/thumbs_Heros-1.-Geburtstag-7.JPG\"\n\t\t\t\t\twidth=\"300\"\n\t\t\t\t\theight=\"300\"\n\t\t\t\t\tstyle=\"max-width:100%;\"\n\t\t\t\t\/>\n\t\t\t<\/a>\n\t\t<\/div>\n\t\t\t\t\t\t\t<\/div>\n\t\t\t\n\t\t\t\t<div id=\"ngg-image-7\" class=\"ngg-gallery-thumbnail-box\n\t\t\t\t\t\t\t\t\t\t\t\"\n\t\t\t>\n\t\t\t\t\t\t<div class=\"ngg-gallery-thumbnail\">\n\t\t\t<a href=\"https:\/\/www.endless-hills.de\/wp-content\/gallery\/hero\/Heros-1.-Geburtstag-9.JPG\"\n\t\t\t\ttitle=\" \"\n\t\t\t\tdata-src=\"https:\/\/www.endless-hills.de\/wp-content\/gallery\/hero\/Heros-1.-Geburtstag-9.JPG\"\n\t\t\t\tdata-thumbnail=\"https:\/\/www.endless-hills.de\/wp-content\/gallery\/hero\/thumbs\/thumbs_Heros-1.-Geburtstag-9.JPG\"\n\t\t\t\tdata-image-id=\"5561\"\n\t\t\t\tdata-title=\"Heros 1. Geburtstag (9)\"\n\t\t\t\tdata-description=\" \"\n\t\t\t\tdata-image-slug=\"heros-1-geburtstag-9\"\n\t\t\t\t\t\t\t\t\t\t\t\t\t\t\t\t\t\t\t\tclass=\"shutterset_fe51a188aa77107884312ebeaeaf0ebc\">\n\t\t\t\t\t\t\t\t<img\n\t\t\t\t\ttitle=\"Heros 1. Geburtstag (9)\"\n\t\t\t\t\talt=\"Heros 1. Geburtstag (9)\"\n\t\t\t\t\tsrc=\"https:\/\/www.endless-hills.de\/wp-content\/gallery\/hero\/thumbs\/thumbs_Heros-1.-Geburtstag-9.JPG\"\n\t\t\t\t\twidth=\"300\"\n\t\t\t\t\theight=\"300\"\n\t\t\t\t\tstyle=\"max-width:100%;\"\n\t\t\t\t\/>\n\t\t\t<\/a>\n\t\t<\/div>\n\t\t\t\t\t\t\t<\/div>\n\t\t\t\n\t\t\t\t<div id=\"ngg-image-8\" class=\"ngg-gallery-thumbnail-box\n\t\t\t\t\t\t\t\t\t\t\t\"\n\t\t\t>\n\t\t\t\t\t\t<div class=\"ngg-gallery-thumbnail\">\n\t\t\t<a href=\"https:\/\/www.endless-hills.de\/wp-content\/gallery\/hero\/Heros-1.-Geburtstag-10.JPG\"\n\t\t\t\ttitle=\" \"\n\t\t\t\tdata-src=\"https:\/\/www.endless-hills.de\/wp-content\/gallery\/hero\/Heros-1.-Geburtstag-10.JPG\"\n\t\t\t\tdata-thumbnail=\"https:\/\/www.endless-hills.de\/wp-content\/gallery\/hero\/thumbs\/thumbs_Heros-1.-Geburtstag-10.JPG\"\n\t\t\t\tdata-image-id=\"5562\"\n\t\t\t\tdata-title=\"Heros 1. Geburtstag (10)\"\n\t\t\t\tdata-description=\" \"\n\t\t\t\tdata-image-slug=\"heros-1-geburtstag-10\"\n\t\t\t\t\t\t\t\t\t\t\t\t\t\t\t\t\t\t\t\tclass=\"shutterset_fe51a188aa77107884312ebeaeaf0ebc\">\n\t\t\t\t\t\t\t\t<img\n\t\t\t\t\ttitle=\"Heros 1. Geburtstag (10)\"\n\t\t\t\t\talt=\"Heros 1. Geburtstag (10)\"\n\t\t\t\t\tsrc=\"https:\/\/www.endless-hills.de\/wp-content\/gallery\/hero\/thumbs\/thumbs_Heros-1.-Geburtstag-10.JPG\"\n\t\t\t\t\twidth=\"300\"\n\t\t\t\t\theight=\"300\"\n\t\t\t\t\tstyle=\"max-width:100%;\"\n\t\t\t\t\/>\n\t\t\t<\/a>\n\t\t<\/div>\n\t\t\t\t\t\t\t<\/div>\n\t\t\t\n\t\t\t\t<div id=\"ngg-image-9\" class=\"ngg-gallery-thumbnail-box\n\t\t\t\t\t\t\t\t\t\t\t\"\n\t\t\t>\n\t\t\t\t\t\t<div class=\"ngg-gallery-thumbnail\">\n\t\t\t<a href=\"https:\/\/www.endless-hills.de\/wp-content\/gallery\/hero\/Heros-1.-Geburtstag-12.JPG\"\n\t\t\t\ttitle=\" \"\n\t\t\t\tdata-src=\"https:\/\/www.endless-hills.de\/wp-content\/gallery\/hero\/Heros-1.-Geburtstag-12.JPG\"\n\t\t\t\tdata-thumbnail=\"https:\/\/www.endless-hills.de\/wp-content\/gallery\/hero\/thumbs\/thumbs_Heros-1.-Geburtstag-12.JPG\"\n\t\t\t\tdata-image-id=\"5563\"\n\t\t\t\tdata-title=\"Heros 1. Geburtstag (12)\"\n\t\t\t\tdata-description=\" \"\n\t\t\t\tdata-image-slug=\"heros-1-geburtstag-12\"\n\t\t\t\t\t\t\t\t\t\t\t\t\t\t\t\t\t\t\t\tclass=\"shutterset_fe51a188aa77107884312ebeaeaf0ebc\">\n\t\t\t\t\t\t\t\t<img\n\t\t\t\t\ttitle=\"Heros 1. Geburtstag (12)\"\n\t\t\t\t\talt=\"Heros 1. Geburtstag (12)\"\n\t\t\t\t\tsrc=\"https:\/\/www.endless-hills.de\/wp-content\/gallery\/hero\/thumbs\/thumbs_Heros-1.-Geburtstag-12.JPG\"\n\t\t\t\t\twidth=\"300\"\n\t\t\t\t\theight=\"300\"\n\t\t\t\t\tstyle=\"max-width:100%;\"\n\t\t\t\t\/>\n\t\t\t<\/a>\n\t\t<\/div>\n\t\t\t\t\t\t\t<\/div>\n\t\t\t\n\t\t\t\t<div id=\"ngg-image-10\" class=\"ngg-gallery-thumbnail-box\n\t\t\t\t\t\t\t\t\t\t\t\"\n\t\t\t>\n\t\t\t\t\t\t<div class=\"ngg-gallery-thumbnail\">\n\t\t\t<a href=\"https:\/\/www.endless-hills.de\/wp-content\/gallery\/hero\/IMG_0452.JPG\"\n\t\t\t\ttitle=\" \"\n\t\t\t\tdata-src=\"https:\/\/www.endless-hills.de\/wp-content\/gallery\/hero\/IMG_0452.JPG\"\n\t\t\t\tdata-thumbnail=\"https:\/\/www.endless-hills.de\/wp-content\/gallery\/hero\/thumbs\/thumbs_IMG_0452.JPG\"\n\t\t\t\tdata-image-id=\"5564\"\n\t\t\t\tdata-title=\"IMG_0452\"\n\t\t\t\tdata-description=\" \"\n\t\t\t\tdata-image-slug=\"img_0452\"\n\t\t\t\t\t\t\t\t\t\t\t\t\t\t\t\t\t\t\t\tclass=\"shutterset_fe51a188aa77107884312ebeaeaf0ebc\">\n\t\t\t\t\t\t\t\t<img\n\t\t\t\t\ttitle=\"IMG_0452\"\n\t\t\t\t\talt=\"IMG_0452\"\n\t\t\t\t\tsrc=\"https:\/\/www.endless-hills.de\/wp-content\/gallery\/hero\/thumbs\/thumbs_IMG_0452.JPG\"\n\t\t\t\t\twidth=\"300\"\n\t\t\t\t\theight=\"300\"\n\t\t\t\t\tstyle=\"max-width:100%;\"\n\t\t\t\t\/>\n\t\t\t<\/a>\n\t\t<\/div>\n\t\t\t\t\t\t\t<\/div>\n\t\t\t\n\t\t\t\t<div id=\"ngg-image-11\" class=\"ngg-gallery-thumbnail-box\n\t\t\t\t\t\t\t\t\t\t\t\"\n\t\t\t>\n\t\t\t\t\t\t<div class=\"ngg-gallery-thumbnail\">\n\t\t\t<a href=\"https:\/\/www.endless-hills.de\/wp-content\/gallery\/hero\/IMG_0472.JPG\"\n\t\t\t\ttitle=\" \"\n\t\t\t\tdata-src=\"https:\/\/www.endless-hills.de\/wp-content\/gallery\/hero\/IMG_0472.JPG\"\n\t\t\t\tdata-thumbnail=\"https:\/\/www.endless-hills.de\/wp-content\/gallery\/hero\/thumbs\/thumbs_IMG_0472.JPG\"\n\t\t\t\tdata-image-id=\"5565\"\n\t\t\t\tdata-title=\"IMG_0472\"\n\t\t\t\tdata-description=\" \"\n\t\t\t\tdata-image-slug=\"img_0472\"\n\t\t\t\t\t\t\t\t\t\t\t\t\t\t\t\t\t\t\t\tclass=\"shutterset_fe51a188aa77107884312ebeaeaf0ebc\">\n\t\t\t\t\t\t\t\t<img\n\t\t\t\t\ttitle=\"IMG_0472\"\n\t\t\t\t\talt=\"IMG_0472\"\n\t\t\t\t\tsrc=\"https:\/\/www.endless-hills.de\/wp-content\/gallery\/hero\/thumbs\/thumbs_IMG_0472.JPG\"\n\t\t\t\t\twidth=\"300\"\n\t\t\t\t\theight=\"300\"\n\t\t\t\t\tstyle=\"max-width:100%;\"\n\t\t\t\t\/>\n\t\t\t<\/a>\n\t\t<\/div>\n\t\t\t\t\t\t\t<\/div>\n\t\t\t\n\t\t\t\t<div id=\"ngg-image-12\" class=\"ngg-gallery-thumbnail-box\n\t\t\t\t\t\t\t\t\t\t\t\"\n\t\t\t>\n\t\t\t\t\t\t<div class=\"ngg-gallery-thumbnail\">\n\t\t\t<a href=\"https:\/\/www.endless-hills.de\/wp-content\/gallery\/hero\/IMG_0474.JPG\"\n\t\t\t\ttitle=\" \"\n\t\t\t\tdata-src=\"https:\/\/www.endless-hills.de\/wp-content\/gallery\/hero\/IMG_0474.JPG\"\n\t\t\t\tdata-thumbnail=\"https:\/\/www.endless-hills.de\/wp-content\/gallery\/hero\/thumbs\/thumbs_IMG_0474.JPG\"\n\t\t\t\tdata-image-id=\"5566\"\n\t\t\t\tdata-title=\"IMG_0474\"\n\t\t\t\tdata-description=\" \"\n\t\t\t\tdata-image-slug=\"img_0474\"\n\t\t\t\t\t\t\t\t\t\t\t\t\t\t\t\t\t\t\t\tclass=\"shutterset_fe51a188aa77107884312ebeaeaf0ebc\">\n\t\t\t\t\t\t\t\t<img\n\t\t\t\t\ttitle=\"IMG_0474\"\n\t\t\t\t\talt=\"IMG_0474\"\n\t\t\t\t\tsrc=\"https:\/\/www.endless-hills.de\/wp-content\/gallery\/hero\/thumbs\/thumbs_IMG_0474.JPG\"\n\t\t\t\t\twidth=\"300\"\n\t\t\t\t\theight=\"300\"\n\t\t\t\t\tstyle=\"max-width:100%;\"\n\t\t\t\t\/>\n\t\t\t<\/a>\n\t\t<\/div>\n\t\t\t\t\t\t\t<\/div>\n\t\t\t\n\t\t\t\t<div id=\"ngg-image-13\" class=\"ngg-gallery-thumbnail-box\n\t\t\t\t\t\t\t\t\t\t\t\"\n\t\t\t>\n\t\t\t\t\t\t<div class=\"ngg-gallery-thumbnail\">\n\t\t\t<a href=\"https:\/\/www.endless-hills.de\/wp-content\/gallery\/hero\/IMG_0543.JPG\"\n\t\t\t\ttitle=\" \"\n\t\t\t\tdata-src=\"https:\/\/www.endless-hills.de\/wp-content\/gallery\/hero\/IMG_0543.JPG\"\n\t\t\t\tdata-thumbnail=\"https:\/\/www.endless-hills.de\/wp-content\/gallery\/hero\/thumbs\/thumbs_IMG_0543.JPG\"\n\t\t\t\tdata-image-id=\"5567\"\n\t\t\t\tdata-title=\"IMG_0543\"\n\t\t\t\tdata-description=\" \"\n\t\t\t\tdata-image-slug=\"img_0543\"\n\t\t\t\t\t\t\t\t\t\t\t\t\t\t\t\t\t\t\t\tclass=\"shutterset_fe51a188aa77107884312ebeaeaf0ebc\">\n\t\t\t\t\t\t\t\t<img\n\t\t\t\t\ttitle=\"IMG_0543\"\n\t\t\t\t\talt=\"IMG_0543\"\n\t\t\t\t\tsrc=\"https:\/\/www.endless-hills.de\/wp-content\/gallery\/hero\/thumbs\/thumbs_IMG_0543.JPG\"\n\t\t\t\t\twidth=\"300\"\n\t\t\t\t\theight=\"300\"\n\t\t\t\t\tstyle=\"max-width:100%;\"\n\t\t\t\t\/>\n\t\t\t<\/a>\n\t\t<\/div>\n\t\t\t\t\t\t\t<\/div>\n\t\t\t\n\t\t\t\t<div id=\"ngg-image-14\" class=\"ngg-gallery-thumbnail-box\n\t\t\t\t\t\t\t\t\t\t\t\"\n\t\t\t>\n\t\t\t\t\t\t<div class=\"ngg-gallery-thumbnail\">\n\t\t\t<a href=\"https:\/\/www.endless-hills.de\/wp-content\/gallery\/hero\/IMG_0546.JPG\"\n\t\t\t\ttitle=\" \"\n\t\t\t\tdata-src=\"https:\/\/www.endless-hills.de\/wp-content\/gallery\/hero\/IMG_0546.JPG\"\n\t\t\t\tdata-thumbnail=\"https:\/\/www.endless-hills.de\/wp-content\/gallery\/hero\/thumbs\/thumbs_IMG_0546.JPG\"\n\t\t\t\tdata-image-id=\"5568\"\n\t\t\t\tdata-title=\"IMG_0546\"\n\t\t\t\tdata-description=\" \"\n\t\t\t\tdata-image-slug=\"img_0546\"\n\t\t\t\t\t\t\t\t\t\t\t\t\t\t\t\t\t\t\t\tclass=\"shutterset_fe51a188aa77107884312ebeaeaf0ebc\">\n\t\t\t\t\t\t\t\t<img\n\t\t\t\t\ttitle=\"IMG_0546\"\n\t\t\t\t\talt=\"IMG_0546\"\n\t\t\t\t\tsrc=\"https:\/\/www.endless-hills.de\/wp-content\/gallery\/hero\/thumbs\/thumbs_IMG_0546.JPG\"\n\t\t\t\t\twidth=\"300\"\n\t\t\t\t\theight=\"300\"\n\t\t\t\t\tstyle=\"max-width:100%;\"\n\t\t\t\t\/>\n\t\t\t<\/a>\n\t\t<\/div>\n\t\t\t\t\t\t\t<\/div>\n\t\t\t\n\t\n\t<br style=\"clear: both\" \/>\n\n\t\t<div class=\"slideshowlink\">\n\t\t<a href='https:\/\/www.endless-hills.de\/index.php\/nggallery\/slideshow?page_id=6171'>[Zeige als Diashow]<\/a>\n\n\t<\/div>\n\t\n\t\t<!-- Pagination -->\n\t\t<div class='ngg-clear'><\/div>\t<\/div>\n<\/p>\n","protected":false},"excerpt":{"rendered":"<p>gold sable R\u00fcde (Dog) &#8211; Hero geboren am 31. Oktober 2012 CEA\/PRA\/KAT klinisch frei puppy test, CEA gen. affected, MDR1 +\/-, DM \u2013 N\/DM (Carrier), HD -A, vollzahniges korrektes Scherengebi\u00df, 59cm,\u00a0K\u00f6rklasse I,\u00a0Wesenstest bestens bestanden! Deutscher Champion VDH Deutscher Champion Club\u00a0 Deutscher Jugendchampion Club &amp; VDH VDH &#8211; Jugendsieger Leipzig 2013 German Junior Winner Bester Junghund [&hellip;]<\/p>\n","protected":false},"author":3,"featured_media":0,"parent":5743,"menu_order":1,"comment_status":"closed","ping_status":"closed","template":"","meta":{"ngg_post_thumbnail":0,"footnotes":""},"class_list":["post-6171","page","type-page","status-publish","hentry"],"_links":{"self":[{"href":"https:\/\/www.endless-hills.de\/index.php?rest_route=\/wp\/v2\/pages\/6171","targetHints":{"allow":["GET"]}}],"collection":[{"href":"https:\/\/www.endless-hills.de\/index.php?rest_route=\/wp\/v2\/pages"}],"about":[{"href":"https:\/\/www.endless-hills.de\/index.php?rest_route=\/wp\/v2\/types\/page"}],"author":[{"embeddable":true,"href":"https:\/\/www.endless-hills.de\/index.php?rest_route=\/wp\/v2\/users\/3"}],"replies":[{"embeddable":true,"href":"https:\/\/www.endless-hills.de\/index.php?rest_route=%2Fwp%2Fv2%2Fcomments&post=6171"}],"version-history":[{"count":28,"href":"https:\/\/www.endless-hills.de\/index.php?rest_route=\/wp\/v2\/pages\/6171\/revisions"}],"predecessor-version":[{"id":14106,"href":"https:\/\/www.endless-hills.de\/index.php?rest_route=\/wp\/v2\/pages\/6171\/revisions\/14106"}],"up":[{"embeddable":true,"href":"https:\/\/www.endless-hills.de\/index.php?rest_route=\/wp\/v2\/pages\/5743"}],"wp:attachment":[{"href":"https:\/\/www.endless-hills.de\/index.php?rest_route=%2Fwp%2Fv2%2Fmedia&parent=6171"}],"curies":[{"name":"wp","href":"https:\/\/api.w.org\/{rel}","templated":true}]}}