{"id":5664,"date":"2014-03-18T21:58:19","date_gmt":"2014-03-18T20:58:19","guid":{"rendered":"http:\/\/www.endless-hills.de\/?page_id=5664"},"modified":"2016-02-16T07:21:22","modified_gmt":"2016-02-16T06:21:22","slug":"dessert-rose","status":"publish","type":"page","link":"https:\/\/www.endless-hills.de\/?page_id=5664","title":{"rendered":"Desert Rose"},"content":{"rendered":"<p>Darksable H\u00fcndin &#8211; Geburtsgewicht 248g<\/p>\n<p>Unser einziges M\u00e4dchen f\u00fchlt sich diesmal mit Sicherheit wie die Prinzessin auf der Erbse und kommt somit bestimmt ganz nach ihrer Mama:) Sie entwickelt sich \u00e4u\u00dferst vielversprechend und wir sind sehr gespannt, was die Zukunft f\u00fcr dieses kleine M\u00e4uschen bringt?!<\/p>\n<p><!-- default-view.php -->\n<div\n\tclass=\"ngg-galleryoverview default-view\n\t ngg-ajax-pagination-none\t\"\n\tid=\"ngg-gallery-6e4447159855398ab1368873c59dc9a6-1\"\n\tdata-gallery-id=\"118\">\n\n\t\t<!-- Thumbnails -->\n\t\t\t\t<div id=\"ngg-image-0\" class=\"ngg-gallery-thumbnail-box\n\t\t\t\t\t\t\t\t\t\t\t\"\n\t\t\t>\n\t\t\t\t\t\t<div class=\"ngg-gallery-thumbnail\">\n\t\t\t<a href=\"https:\/\/www.endless-hills.de\/wp-content\/gallery\/dessert-rose\/DSC_1259.JPG\"\n\t\t\t\ttitle=\" \"\n\t\t\t\tdata-src=\"https:\/\/www.endless-hills.de\/wp-content\/gallery\/dessert-rose\/DSC_1259.JPG\"\n\t\t\t\tdata-thumbnail=\"https:\/\/www.endless-hills.de\/wp-content\/gallery\/dessert-rose\/thumbs\/thumbs_DSC_1259.JPG\"\n\t\t\t\tdata-image-id=\"5508\"\n\t\t\t\tdata-title=\"DSC_1259\"\n\t\t\t\tdata-description=\" \"\n\t\t\t\tdata-image-slug=\"dsc_1259-1\"\n\t\t\t\t\t\t\t\t\t\t\t\t\t\t\t\t\t\t\t\tclass=\"shutterset_6e4447159855398ab1368873c59dc9a6\">\n\t\t\t\t\t\t\t\t<img\n\t\t\t\t\ttitle=\"DSC_1259\"\n\t\t\t\t\talt=\"DSC_1259\"\n\t\t\t\t\tsrc=\"https:\/\/www.endless-hills.de\/wp-content\/gallery\/dessert-rose\/thumbs\/thumbs_DSC_1259.JPG\"\n\t\t\t\t\twidth=\"300\"\n\t\t\t\t\theight=\"300\"\n\t\t\t\t\tstyle=\"max-width:100%;\"\n\t\t\t\t\/>\n\t\t\t<\/a>\n\t\t<\/div>\n\t\t\t\t\t\t\t<\/div>\n\t\t\t\n\t\t\t\t<div id=\"ngg-image-1\" class=\"ngg-gallery-thumbnail-box\n\t\t\t\t\t\t\t\t\t\t\t\"\n\t\t\t>\n\t\t\t\t\t\t<div class=\"ngg-gallery-thumbnail\">\n\t\t\t<a href=\"https:\/\/www.endless-hills.de\/wp-content\/gallery\/dessert-rose\/DSC_1261.JPG\"\n\t\t\t\ttitle=\" \"\n\t\t\t\tdata-src=\"https:\/\/www.endless-hills.de\/wp-content\/gallery\/dessert-rose\/DSC_1261.JPG\"\n\t\t\t\tdata-thumbnail=\"https:\/\/www.endless-hills.de\/wp-content\/gallery\/dessert-rose\/thumbs\/thumbs_DSC_1261.JPG\"\n\t\t\t\tdata-image-id=\"5509\"\n\t\t\t\tdata-title=\"DSC_1261\"\n\t\t\t\tdata-description=\" \"\n\t\t\t\tdata-image-slug=\"dsc_1261\"\n\t\t\t\t\t\t\t\t\t\t\t\t\t\t\t\t\t\t\t\tclass=\"shutterset_6e4447159855398ab1368873c59dc9a6\">\n\t\t\t\t\t\t\t\t<img\n\t\t\t\t\ttitle=\"DSC_1261\"\n\t\t\t\t\talt=\"DSC_1261\"\n\t\t\t\t\tsrc=\"https:\/\/www.endless-hills.de\/wp-content\/gallery\/dessert-rose\/thumbs\/thumbs_DSC_1261.JPG\"\n\t\t\t\t\twidth=\"300\"\n\t\t\t\t\theight=\"300\"\n\t\t\t\t\tstyle=\"max-width:100%;\"\n\t\t\t\t\/>\n\t\t\t<\/a>\n\t\t<\/div>\n\t\t\t\t\t\t\t<\/div>\n\t\t\t\n\t\t\t\t<div id=\"ngg-image-2\" class=\"ngg-gallery-thumbnail-box\n\t\t\t\t\t\t\t\t\t\t\t\"\n\t\t\t>\n\t\t\t\t\t\t<div class=\"ngg-gallery-thumbnail\">\n\t\t\t<a href=\"https:\/\/www.endless-hills.de\/wp-content\/gallery\/dessert-rose\/DSC_1263.JPG\"\n\t\t\t\ttitle=\" \"\n\t\t\t\tdata-src=\"https:\/\/www.endless-hills.de\/wp-content\/gallery\/dessert-rose\/DSC_1263.JPG\"\n\t\t\t\tdata-thumbnail=\"https:\/\/www.endless-hills.de\/wp-content\/gallery\/dessert-rose\/thumbs\/thumbs_DSC_1263.JPG\"\n\t\t\t\tdata-image-id=\"5510\"\n\t\t\t\tdata-title=\"DSC_1263\"\n\t\t\t\tdata-description=\" \"\n\t\t\t\tdata-image-slug=\"dsc_1263-1\"\n\t\t\t\t\t\t\t\t\t\t\t\t\t\t\t\t\t\t\t\tclass=\"shutterset_6e4447159855398ab1368873c59dc9a6\">\n\t\t\t\t\t\t\t\t<img\n\t\t\t\t\ttitle=\"DSC_1263\"\n\t\t\t\t\talt=\"DSC_1263\"\n\t\t\t\t\tsrc=\"https:\/\/www.endless-hills.de\/wp-content\/gallery\/dessert-rose\/thumbs\/thumbs_DSC_1263.JPG\"\n\t\t\t\t\twidth=\"300\"\n\t\t\t\t\theight=\"300\"\n\t\t\t\t\tstyle=\"max-width:100%;\"\n\t\t\t\t\/>\n\t\t\t<\/a>\n\t\t<\/div>\n\t\t\t\t\t\t\t<\/div>\n\t\t\t\n\t\t\t\t<div id=\"ngg-image-3\" class=\"ngg-gallery-thumbnail-box\n\t\t\t\t\t\t\t\t\t\t\t\"\n\t\t\t>\n\t\t\t\t\t\t<div class=\"ngg-gallery-thumbnail\">\n\t\t\t<a href=\"https:\/\/www.endless-hills.de\/wp-content\/gallery\/dessert-rose\/DSC_1258.JPG\"\n\t\t\t\ttitle=\"\"\n\t\t\t\tdata-src=\"https:\/\/www.endless-hills.de\/wp-content\/gallery\/dessert-rose\/DSC_1258.JPG\"\n\t\t\t\tdata-thumbnail=\"https:\/\/www.endless-hills.de\/wp-content\/gallery\/dessert-rose\/thumbs\/thumbs_DSC_1258.JPG\"\n\t\t\t\tdata-image-id=\"5507\"\n\t\t\t\tdata-title=\"DSC_1258\"\n\t\t\t\tdata-description=\"\"\n\t\t\t\tdata-image-slug=\"dsc_1258-1\"\n\t\t\t\t\t\t\t\t\t\t\t\t\t\t\t\t\t\t\t\tclass=\"shutterset_6e4447159855398ab1368873c59dc9a6\">\n\t\t\t\t\t\t\t\t<img\n\t\t\t\t\ttitle=\"DSC_1258\"\n\t\t\t\t\talt=\"DSC_1258\"\n\t\t\t\t\tsrc=\"https:\/\/www.endless-hills.de\/wp-content\/gallery\/dessert-rose\/thumbs\/thumbs_DSC_1258.JPG\"\n\t\t\t\t\twidth=\"300\"\n\t\t\t\t\theight=\"300\"\n\t\t\t\t\tstyle=\"max-width:100%;\"\n\t\t\t\t\/>\n\t\t\t<\/a>\n\t\t<\/div>\n\t\t\t\t\t\t\t<\/div>\n\t\t\t\n\t\t\t\t<div id=\"ngg-image-4\" class=\"ngg-gallery-thumbnail-box\n\t\t\t\t\t\t\t\t\t\t\t\"\n\t\t\t>\n\t\t\t\t\t\t<div class=\"ngg-gallery-thumbnail\">\n\t\t\t<a href=\"https:\/\/www.endless-hills.de\/wp-content\/gallery\/dessert-rose\/DSC_1274.JPG\"\n\t\t\t\ttitle=\" \"\n\t\t\t\tdata-src=\"https:\/\/www.endless-hills.de\/wp-content\/gallery\/dessert-rose\/DSC_1274.JPG\"\n\t\t\t\tdata-thumbnail=\"https:\/\/www.endless-hills.de\/wp-content\/gallery\/dessert-rose\/thumbs\/thumbs_DSC_1274.JPG\"\n\t\t\t\tdata-image-id=\"5511\"\n\t\t\t\tdata-title=\"DSC_1274\"\n\t\t\t\tdata-description=\" \"\n\t\t\t\tdata-image-slug=\"dsc_1274-1\"\n\t\t\t\t\t\t\t\t\t\t\t\t\t\t\t\t\t\t\t\tclass=\"shutterset_6e4447159855398ab1368873c59dc9a6\">\n\t\t\t\t\t\t\t\t<img\n\t\t\t\t\ttitle=\"DSC_1274\"\n\t\t\t\t\talt=\"DSC_1274\"\n\t\t\t\t\tsrc=\"https:\/\/www.endless-hills.de\/wp-content\/gallery\/dessert-rose\/thumbs\/thumbs_DSC_1274.JPG\"\n\t\t\t\t\twidth=\"300\"\n\t\t\t\t\theight=\"300\"\n\t\t\t\t\tstyle=\"max-width:100%;\"\n\t\t\t\t\/>\n\t\t\t<\/a>\n\t\t<\/div>\n\t\t\t\t\t\t\t<\/div>\n\t\t\t\n\t\t\t\t<div id=\"ngg-image-5\" class=\"ngg-gallery-thumbnail-box\n\t\t\t\t\t\t\t\t\t\t\t\"\n\t\t\t>\n\t\t\t\t\t\t<div class=\"ngg-gallery-thumbnail\">\n\t\t\t<a href=\"https:\/\/www.endless-hills.de\/wp-content\/gallery\/dessert-rose\/DSC_1280.JPG\"\n\t\t\t\ttitle=\" \"\n\t\t\t\tdata-src=\"https:\/\/www.endless-hills.de\/wp-content\/gallery\/dessert-rose\/DSC_1280.JPG\"\n\t\t\t\tdata-thumbnail=\"https:\/\/www.endless-hills.de\/wp-content\/gallery\/dessert-rose\/thumbs\/thumbs_DSC_1280.JPG\"\n\t\t\t\tdata-image-id=\"5512\"\n\t\t\t\tdata-title=\"DSC_1280\"\n\t\t\t\tdata-description=\" \"\n\t\t\t\tdata-image-slug=\"dsc_1280-1\"\n\t\t\t\t\t\t\t\t\t\t\t\t\t\t\t\t\t\t\t\tclass=\"shutterset_6e4447159855398ab1368873c59dc9a6\">\n\t\t\t\t\t\t\t\t<img\n\t\t\t\t\ttitle=\"DSC_1280\"\n\t\t\t\t\talt=\"DSC_1280\"\n\t\t\t\t\tsrc=\"https:\/\/www.endless-hills.de\/wp-content\/gallery\/dessert-rose\/thumbs\/thumbs_DSC_1280.JPG\"\n\t\t\t\t\twidth=\"300\"\n\t\t\t\t\theight=\"300\"\n\t\t\t\t\tstyle=\"max-width:100%;\"\n\t\t\t\t\/>\n\t\t\t<\/a>\n\t\t<\/div>\n\t\t\t\t\t\t\t<\/div>\n\t\t\t\n\t\t\t\t<div id=\"ngg-image-6\" class=\"ngg-gallery-thumbnail-box\n\t\t\t\t\t\t\t\t\t\t\t\"\n\t\t\t>\n\t\t\t\t\t\t<div class=\"ngg-gallery-thumbnail\">\n\t\t\t<a href=\"https:\/\/www.endless-hills.de\/wp-content\/gallery\/dessert-rose\/DSC_1282.JPG\"\n\t\t\t\ttitle=\" \"\n\t\t\t\tdata-src=\"https:\/\/www.endless-hills.de\/wp-content\/gallery\/dessert-rose\/DSC_1282.JPG\"\n\t\t\t\tdata-thumbnail=\"https:\/\/www.endless-hills.de\/wp-content\/gallery\/dessert-rose\/thumbs\/thumbs_DSC_1282.JPG\"\n\t\t\t\tdata-image-id=\"5513\"\n\t\t\t\tdata-title=\"DSC_1282\"\n\t\t\t\tdata-description=\" \"\n\t\t\t\tdata-image-slug=\"dsc_1282\"\n\t\t\t\t\t\t\t\t\t\t\t\t\t\t\t\t\t\t\t\tclass=\"shutterset_6e4447159855398ab1368873c59dc9a6\">\n\t\t\t\t\t\t\t\t<img\n\t\t\t\t\ttitle=\"DSC_1282\"\n\t\t\t\t\talt=\"DSC_1282\"\n\t\t\t\t\tsrc=\"https:\/\/www.endless-hills.de\/wp-content\/gallery\/dessert-rose\/thumbs\/thumbs_DSC_1282.JPG\"\n\t\t\t\t\twidth=\"300\"\n\t\t\t\t\theight=\"300\"\n\t\t\t\t\tstyle=\"max-width:100%;\"\n\t\t\t\t\/>\n\t\t\t<\/a>\n\t\t<\/div>\n\t\t\t\t\t\t\t<\/div>\n\t\t\t\n\t\t\t\t<div id=\"ngg-image-7\" class=\"ngg-gallery-thumbnail-box\n\t\t\t\t\t\t\t\t\t\t\t\"\n\t\t\t>\n\t\t\t\t\t\t<div class=\"ngg-gallery-thumbnail\">\n\t\t\t<a href=\"https:\/\/www.endless-hills.de\/wp-content\/gallery\/dessert-rose\/DSC_1308.JPG\"\n\t\t\t\ttitle=\" \"\n\t\t\t\tdata-src=\"https:\/\/www.endless-hills.de\/wp-content\/gallery\/dessert-rose\/DSC_1308.JPG\"\n\t\t\t\tdata-thumbnail=\"https:\/\/www.endless-hills.de\/wp-content\/gallery\/dessert-rose\/thumbs\/thumbs_DSC_1308.JPG\"\n\t\t\t\tdata-image-id=\"5537\"\n\t\t\t\tdata-title=\"DSC_1308\"\n\t\t\t\tdata-description=\" \"\n\t\t\t\tdata-image-slug=\"dsc_1308\"\n\t\t\t\t\t\t\t\t\t\t\t\t\t\t\t\t\t\t\t\tclass=\"shutterset_6e4447159855398ab1368873c59dc9a6\">\n\t\t\t\t\t\t\t\t<img\n\t\t\t\t\ttitle=\"DSC_1308\"\n\t\t\t\t\talt=\"DSC_1308\"\n\t\t\t\t\tsrc=\"https:\/\/www.endless-hills.de\/wp-content\/gallery\/dessert-rose\/thumbs\/thumbs_DSC_1308.JPG\"\n\t\t\t\t\twidth=\"300\"\n\t\t\t\t\theight=\"300\"\n\t\t\t\t\tstyle=\"max-width:100%;\"\n\t\t\t\t\/>\n\t\t\t<\/a>\n\t\t<\/div>\n\t\t\t\t\t\t\t<\/div>\n\t\t\t\n\t\t\t\t<div id=\"ngg-image-8\" class=\"ngg-gallery-thumbnail-box\n\t\t\t\t\t\t\t\t\t\t\t\"\n\t\t\t>\n\t\t\t\t\t\t<div class=\"ngg-gallery-thumbnail\">\n\t\t\t<a href=\"https:\/\/www.endless-hills.de\/wp-content\/gallery\/dessert-rose\/DSC_1312.JPG\"\n\t\t\t\ttitle=\" \"\n\t\t\t\tdata-src=\"https:\/\/www.endless-hills.de\/wp-content\/gallery\/dessert-rose\/DSC_1312.JPG\"\n\t\t\t\tdata-thumbnail=\"https:\/\/www.endless-hills.de\/wp-content\/gallery\/dessert-rose\/thumbs\/thumbs_DSC_1312.JPG\"\n\t\t\t\tdata-image-id=\"5538\"\n\t\t\t\tdata-title=\"DSC_1312\"\n\t\t\t\tdata-description=\" \"\n\t\t\t\tdata-image-slug=\"dsc_1312-1\"\n\t\t\t\t\t\t\t\t\t\t\t\t\t\t\t\t\t\t\t\tclass=\"shutterset_6e4447159855398ab1368873c59dc9a6\">\n\t\t\t\t\t\t\t\t<img\n\t\t\t\t\ttitle=\"DSC_1312\"\n\t\t\t\t\talt=\"DSC_1312\"\n\t\t\t\t\tsrc=\"https:\/\/www.endless-hills.de\/wp-content\/gallery\/dessert-rose\/thumbs\/thumbs_DSC_1312.JPG\"\n\t\t\t\t\twidth=\"300\"\n\t\t\t\t\theight=\"300\"\n\t\t\t\t\tstyle=\"max-width:100%;\"\n\t\t\t\t\/>\n\t\t\t<\/a>\n\t\t<\/div>\n\t\t\t\t\t\t\t<\/div>\n\t\t\t\n\t\t\t\t<div id=\"ngg-image-9\" class=\"ngg-gallery-thumbnail-box\n\t\t\t\t\t\t\t\t\t\t\t\"\n\t\t\t>\n\t\t\t\t\t\t<div class=\"ngg-gallery-thumbnail\">\n\t\t\t<a href=\"https:\/\/www.endless-hills.de\/wp-content\/gallery\/dessert-rose\/DSC_1313.JPG\"\n\t\t\t\ttitle=\" \"\n\t\t\t\tdata-src=\"https:\/\/www.endless-hills.de\/wp-content\/gallery\/dessert-rose\/DSC_1313.JPG\"\n\t\t\t\tdata-thumbnail=\"https:\/\/www.endless-hills.de\/wp-content\/gallery\/dessert-rose\/thumbs\/thumbs_DSC_1313.JPG\"\n\t\t\t\tdata-image-id=\"5539\"\n\t\t\t\tdata-title=\"DSC_1313\"\n\t\t\t\tdata-description=\" \"\n\t\t\t\tdata-image-slug=\"dsc_1313\"\n\t\t\t\t\t\t\t\t\t\t\t\t\t\t\t\t\t\t\t\tclass=\"shutterset_6e4447159855398ab1368873c59dc9a6\">\n\t\t\t\t\t\t\t\t<img\n\t\t\t\t\ttitle=\"DSC_1313\"\n\t\t\t\t\talt=\"DSC_1313\"\n\t\t\t\t\tsrc=\"https:\/\/www.endless-hills.de\/wp-content\/gallery\/dessert-rose\/thumbs\/thumbs_DSC_1313.JPG\"\n\t\t\t\t\twidth=\"300\"\n\t\t\t\t\theight=\"300\"\n\t\t\t\t\tstyle=\"max-width:100%;\"\n\t\t\t\t\/>\n\t\t\t<\/a>\n\t\t<\/div>\n\t\t\t\t\t\t\t<\/div>\n\t\t\t\n\t\t\t\t<div id=\"ngg-image-10\" class=\"ngg-gallery-thumbnail-box\n\t\t\t\t\t\t\t\t\t\t\t\"\n\t\t\t>\n\t\t\t\t\t\t<div class=\"ngg-gallery-thumbnail\">\n\t\t\t<a href=\"https:\/\/www.endless-hills.de\/wp-content\/gallery\/dessert-rose\/DSC_1319.JPG\"\n\t\t\t\ttitle=\" \"\n\t\t\t\tdata-src=\"https:\/\/www.endless-hills.de\/wp-content\/gallery\/dessert-rose\/DSC_1319.JPG\"\n\t\t\t\tdata-thumbnail=\"https:\/\/www.endless-hills.de\/wp-content\/gallery\/dessert-rose\/thumbs\/thumbs_DSC_1319.JPG\"\n\t\t\t\tdata-image-id=\"5540\"\n\t\t\t\tdata-title=\"DSC_1319\"\n\t\t\t\tdata-description=\" \"\n\t\t\t\tdata-image-slug=\"dsc_1319\"\n\t\t\t\t\t\t\t\t\t\t\t\t\t\t\t\t\t\t\t\tclass=\"shutterset_6e4447159855398ab1368873c59dc9a6\">\n\t\t\t\t\t\t\t\t<img\n\t\t\t\t\ttitle=\"DSC_1319\"\n\t\t\t\t\talt=\"DSC_1319\"\n\t\t\t\t\tsrc=\"https:\/\/www.endless-hills.de\/wp-content\/gallery\/dessert-rose\/thumbs\/thumbs_DSC_1319.JPG\"\n\t\t\t\t\twidth=\"300\"\n\t\t\t\t\theight=\"300\"\n\t\t\t\t\tstyle=\"max-width:100%;\"\n\t\t\t\t\/>\n\t\t\t<\/a>\n\t\t<\/div>\n\t\t\t\t\t\t\t<\/div>\n\t\t\t\n\t\t\t\t<div id=\"ngg-image-11\" class=\"ngg-gallery-thumbnail-box\n\t\t\t\t\t\t\t\t\t\t\t\"\n\t\t\t>\n\t\t\t\t\t\t<div class=\"ngg-gallery-thumbnail\">\n\t\t\t<a href=\"https:\/\/www.endless-hills.de\/wp-content\/gallery\/dessert-rose\/DSC_1320.JPG\"\n\t\t\t\ttitle=\" \"\n\t\t\t\tdata-src=\"https:\/\/www.endless-hills.de\/wp-content\/gallery\/dessert-rose\/DSC_1320.JPG\"\n\t\t\t\tdata-thumbnail=\"https:\/\/www.endless-hills.de\/wp-content\/gallery\/dessert-rose\/thumbs\/thumbs_DSC_1320.JPG\"\n\t\t\t\tdata-image-id=\"5541\"\n\t\t\t\tdata-title=\"DSC_1320\"\n\t\t\t\tdata-description=\" \"\n\t\t\t\tdata-image-slug=\"dsc_1320\"\n\t\t\t\t\t\t\t\t\t\t\t\t\t\t\t\t\t\t\t\tclass=\"shutterset_6e4447159855398ab1368873c59dc9a6\">\n\t\t\t\t\t\t\t\t<img\n\t\t\t\t\ttitle=\"DSC_1320\"\n\t\t\t\t\talt=\"DSC_1320\"\n\t\t\t\t\tsrc=\"https:\/\/www.endless-hills.de\/wp-content\/gallery\/dessert-rose\/thumbs\/thumbs_DSC_1320.JPG\"\n\t\t\t\t\twidth=\"300\"\n\t\t\t\t\theight=\"300\"\n\t\t\t\t\tstyle=\"max-width:100%;\"\n\t\t\t\t\/>\n\t\t\t<\/a>\n\t\t<\/div>\n\t\t\t\t\t\t\t<\/div>\n\t\t\t\n\t\t\t\t<div id=\"ngg-image-12\" class=\"ngg-gallery-thumbnail-box\n\t\t\t\t\t\t\t\t\t\t\t\"\n\t\t\t>\n\t\t\t\t\t\t<div class=\"ngg-gallery-thumbnail\">\n\t\t\t<a href=\"https:\/\/www.endless-hills.de\/wp-content\/gallery\/dessert-rose\/DSC_1378.JPG\"\n\t\t\t\ttitle=\"\"\n\t\t\t\tdata-src=\"https:\/\/www.endless-hills.de\/wp-content\/gallery\/dessert-rose\/DSC_1378.JPG\"\n\t\t\t\tdata-thumbnail=\"https:\/\/www.endless-hills.de\/wp-content\/gallery\/dessert-rose\/thumbs\/thumbs_DSC_1378.JPG\"\n\t\t\t\tdata-image-id=\"5469\"\n\t\t\t\tdata-title=\"DSC_1378\"\n\t\t\t\tdata-description=\"\"\n\t\t\t\tdata-image-slug=\"dsc_1378\"\n\t\t\t\t\t\t\t\t\t\t\t\t\t\t\t\t\t\t\t\tclass=\"shutterset_6e4447159855398ab1368873c59dc9a6\">\n\t\t\t\t\t\t\t\t<img\n\t\t\t\t\ttitle=\"DSC_1378\"\n\t\t\t\t\talt=\"DSC_1378\"\n\t\t\t\t\tsrc=\"https:\/\/www.endless-hills.de\/wp-content\/gallery\/dessert-rose\/thumbs\/thumbs_DSC_1378.JPG\"\n\t\t\t\t\twidth=\"300\"\n\t\t\t\t\theight=\"300\"\n\t\t\t\t\tstyle=\"max-width:100%;\"\n\t\t\t\t\/>\n\t\t\t<\/a>\n\t\t<\/div>\n\t\t\t\t\t\t\t<\/div>\n\t\t\t\n\t\t\t\t<div id=\"ngg-image-13\" class=\"ngg-gallery-thumbnail-box\n\t\t\t\t\t\t\t\t\t\t\t\"\n\t\t\t>\n\t\t\t\t\t\t<div class=\"ngg-gallery-thumbnail\">\n\t\t\t<a href=\"https:\/\/www.endless-hills.de\/wp-content\/gallery\/dessert-rose\/DSC_1415.JPG\"\n\t\t\t\ttitle=\" \"\n\t\t\t\tdata-src=\"https:\/\/www.endless-hills.de\/wp-content\/gallery\/dessert-rose\/DSC_1415.JPG\"\n\t\t\t\tdata-thumbnail=\"https:\/\/www.endless-hills.de\/wp-content\/gallery\/dessert-rose\/thumbs\/thumbs_DSC_1415.JPG\"\n\t\t\t\tdata-image-id=\"5470\"\n\t\t\t\tdata-title=\"DSC_1415\"\n\t\t\t\tdata-description=\" \"\n\t\t\t\tdata-image-slug=\"dsc_1415\"\n\t\t\t\t\t\t\t\t\t\t\t\t\t\t\t\t\t\t\t\tclass=\"shutterset_6e4447159855398ab1368873c59dc9a6\">\n\t\t\t\t\t\t\t\t<img\n\t\t\t\t\ttitle=\"DSC_1415\"\n\t\t\t\t\talt=\"DSC_1415\"\n\t\t\t\t\tsrc=\"https:\/\/www.endless-hills.de\/wp-content\/gallery\/dessert-rose\/thumbs\/thumbs_DSC_1415.JPG\"\n\t\t\t\t\twidth=\"300\"\n\t\t\t\t\theight=\"300\"\n\t\t\t\t\tstyle=\"max-width:100%;\"\n\t\t\t\t\/>\n\t\t\t<\/a>\n\t\t<\/div>\n\t\t\t\t\t\t\t<\/div>\n\t\t\t\n\t\t\t\t<div id=\"ngg-image-14\" class=\"ngg-gallery-thumbnail-box\n\t\t\t\t\t\t\t\t\t\t\t\"\n\t\t\t>\n\t\t\t\t\t\t<div class=\"ngg-gallery-thumbnail\">\n\t\t\t<a href=\"https:\/\/www.endless-hills.de\/wp-content\/gallery\/dessert-rose\/DSC_1362.JPG\"\n\t\t\t\ttitle=\" \"\n\t\t\t\tdata-src=\"https:\/\/www.endless-hills.de\/wp-content\/gallery\/dessert-rose\/DSC_1362.JPG\"\n\t\t\t\tdata-thumbnail=\"https:\/\/www.endless-hills.de\/wp-content\/gallery\/dessert-rose\/thumbs\/thumbs_DSC_1362.JPG\"\n\t\t\t\tdata-image-id=\"5466\"\n\t\t\t\tdata-title=\"DSC_1362\"\n\t\t\t\tdata-description=\" \"\n\t\t\t\tdata-image-slug=\"dsc_1362\"\n\t\t\t\t\t\t\t\t\t\t\t\t\t\t\t\t\t\t\t\tclass=\"shutterset_6e4447159855398ab1368873c59dc9a6\">\n\t\t\t\t\t\t\t\t<img\n\t\t\t\t\ttitle=\"DSC_1362\"\n\t\t\t\t\talt=\"DSC_1362\"\n\t\t\t\t\tsrc=\"https:\/\/www.endless-hills.de\/wp-content\/gallery\/dessert-rose\/thumbs\/thumbs_DSC_1362.JPG\"\n\t\t\t\t\twidth=\"300\"\n\t\t\t\t\theight=\"300\"\n\t\t\t\t\tstyle=\"max-width:100%;\"\n\t\t\t\t\/>\n\t\t\t<\/a>\n\t\t<\/div>\n\t\t\t\t\t\t\t<\/div>\n\t\t\t\n\t\t\t\t<div id=\"ngg-image-15\" class=\"ngg-gallery-thumbnail-box\n\t\t\t\t\t\t\t\t\t\t\t\"\n\t\t\t>\n\t\t\t\t\t\t<div class=\"ngg-gallery-thumbnail\">\n\t\t\t<a href=\"https:\/\/www.endless-hills.de\/wp-content\/gallery\/dessert-rose\/DSC_1375.JPG\"\n\t\t\t\ttitle=\" \"\n\t\t\t\tdata-src=\"https:\/\/www.endless-hills.de\/wp-content\/gallery\/dessert-rose\/DSC_1375.JPG\"\n\t\t\t\tdata-thumbnail=\"https:\/\/www.endless-hills.de\/wp-content\/gallery\/dessert-rose\/thumbs\/thumbs_DSC_1375.JPG\"\n\t\t\t\tdata-image-id=\"5467\"\n\t\t\t\tdata-title=\"DSC_1375\"\n\t\t\t\tdata-description=\" \"\n\t\t\t\tdata-image-slug=\"dsc_1375-1\"\n\t\t\t\t\t\t\t\t\t\t\t\t\t\t\t\t\t\t\t\tclass=\"shutterset_6e4447159855398ab1368873c59dc9a6\">\n\t\t\t\t\t\t\t\t<img\n\t\t\t\t\ttitle=\"DSC_1375\"\n\t\t\t\t\talt=\"DSC_1375\"\n\t\t\t\t\tsrc=\"https:\/\/www.endless-hills.de\/wp-content\/gallery\/dessert-rose\/thumbs\/thumbs_DSC_1375.JPG\"\n\t\t\t\t\twidth=\"300\"\n\t\t\t\t\theight=\"300\"\n\t\t\t\t\tstyle=\"max-width:100%;\"\n\t\t\t\t\/>\n\t\t\t<\/a>\n\t\t<\/div>\n\t\t\t\t\t\t\t<\/div>\n\t\t\t\n\t\t\t\t<div id=\"ngg-image-16\" class=\"ngg-gallery-thumbnail-box\n\t\t\t\t\t\t\t\t\t\t\t\"\n\t\t\t>\n\t\t\t\t\t\t<div class=\"ngg-gallery-thumbnail\">\n\t\t\t<a href=\"https:\/\/www.endless-hills.de\/wp-content\/gallery\/dessert-rose\/DSC_1377.JPG\"\n\t\t\t\ttitle=\" \"\n\t\t\t\tdata-src=\"https:\/\/www.endless-hills.de\/wp-content\/gallery\/dessert-rose\/DSC_1377.JPG\"\n\t\t\t\tdata-thumbnail=\"https:\/\/www.endless-hills.de\/wp-content\/gallery\/dessert-rose\/thumbs\/thumbs_DSC_1377.JPG\"\n\t\t\t\tdata-image-id=\"5468\"\n\t\t\t\tdata-title=\"DSC_1377\"\n\t\t\t\tdata-description=\" \"\n\t\t\t\tdata-image-slug=\"dsc_1377\"\n\t\t\t\t\t\t\t\t\t\t\t\t\t\t\t\t\t\t\t\tclass=\"shutterset_6e4447159855398ab1368873c59dc9a6\">\n\t\t\t\t\t\t\t\t<img\n\t\t\t\t\ttitle=\"DSC_1377\"\n\t\t\t\t\talt=\"DSC_1377\"\n\t\t\t\t\tsrc=\"https:\/\/www.endless-hills.de\/wp-content\/gallery\/dessert-rose\/thumbs\/thumbs_DSC_1377.JPG\"\n\t\t\t\t\twidth=\"300\"\n\t\t\t\t\theight=\"300\"\n\t\t\t\t\tstyle=\"max-width:100%;\"\n\t\t\t\t\/>\n\t\t\t<\/a>\n\t\t<\/div>\n\t\t\t\t\t\t\t<\/div>\n\t\t\t\n\t\t\t\t<div id=\"ngg-image-17\" class=\"ngg-gallery-thumbnail-box\n\t\t\t\t\t\t\t\t\t\t\t\"\n\t\t\t>\n\t\t\t\t\t\t<div class=\"ngg-gallery-thumbnail\">\n\t\t\t<a href=\"https:\/\/www.endless-hills.de\/wp-content\/gallery\/dessert-rose\/dsc_1068.jpg\"\n\t\t\t\ttitle=\" \"\n\t\t\t\tdata-src=\"https:\/\/www.endless-hills.de\/wp-content\/gallery\/dessert-rose\/dsc_1068.jpg\"\n\t\t\t\tdata-thumbnail=\"https:\/\/www.endless-hills.de\/wp-content\/gallery\/dessert-rose\/thumbs\/thumbs_dsc_1068.jpg\"\n\t\t\t\tdata-image-id=\"5430\"\n\t\t\t\tdata-title=\"dsc_1068\"\n\t\t\t\tdata-description=\" \"\n\t\t\t\tdata-image-slug=\"dsc_1068-2\"\n\t\t\t\t\t\t\t\t\t\t\t\t\t\t\t\t\t\t\t\tclass=\"shutterset_6e4447159855398ab1368873c59dc9a6\">\n\t\t\t\t\t\t\t\t<img\n\t\t\t\t\ttitle=\"dsc_1068\"\n\t\t\t\t\talt=\"dsc_1068\"\n\t\t\t\t\tsrc=\"https:\/\/www.endless-hills.de\/wp-content\/gallery\/dessert-rose\/thumbs\/thumbs_dsc_1068.jpg\"\n\t\t\t\t\twidth=\"300\"\n\t\t\t\t\theight=\"300\"\n\t\t\t\t\tstyle=\"max-width:100%;\"\n\t\t\t\t\/>\n\t\t\t<\/a>\n\t\t<\/div>\n\t\t\t\t\t\t\t<\/div>\n\t\t\t\n\t\t\t\t<div id=\"ngg-image-18\" class=\"ngg-gallery-thumbnail-box\n\t\t\t\t\t\t\t\t\t\t\t\"\n\t\t\t>\n\t\t\t\t\t\t<div class=\"ngg-gallery-thumbnail\">\n\t\t\t<a href=\"https:\/\/www.endless-hills.de\/wp-content\/gallery\/dessert-rose\/dsc_1075.jpg\"\n\t\t\t\ttitle=\" \"\n\t\t\t\tdata-src=\"https:\/\/www.endless-hills.de\/wp-content\/gallery\/dessert-rose\/dsc_1075.jpg\"\n\t\t\t\tdata-thumbnail=\"https:\/\/www.endless-hills.de\/wp-content\/gallery\/dessert-rose\/thumbs\/thumbs_dsc_1075.jpg\"\n\t\t\t\tdata-image-id=\"5433\"\n\t\t\t\tdata-title=\"dsc_1075\"\n\t\t\t\tdata-description=\" \"\n\t\t\t\tdata-image-slug=\"dsc_1075-2\"\n\t\t\t\t\t\t\t\t\t\t\t\t\t\t\t\t\t\t\t\tclass=\"shutterset_6e4447159855398ab1368873c59dc9a6\">\n\t\t\t\t\t\t\t\t<img\n\t\t\t\t\ttitle=\"dsc_1075\"\n\t\t\t\t\talt=\"dsc_1075\"\n\t\t\t\t\tsrc=\"https:\/\/www.endless-hills.de\/wp-content\/gallery\/dessert-rose\/thumbs\/thumbs_dsc_1075.jpg\"\n\t\t\t\t\twidth=\"300\"\n\t\t\t\t\theight=\"300\"\n\t\t\t\t\tstyle=\"max-width:100%;\"\n\t\t\t\t\/>\n\t\t\t<\/a>\n\t\t<\/div>\n\t\t\t\t\t\t\t<\/div>\n\t\t\t\n\t\t\t\t<div id=\"ngg-image-19\" class=\"ngg-gallery-thumbnail-box\n\t\t\t\t\t\t\t\t\t\t\t\"\n\t\t\t>\n\t\t\t\t\t\t<div class=\"ngg-gallery-thumbnail\">\n\t\t\t<a href=\"https:\/\/www.endless-hills.de\/wp-content\/gallery\/dessert-rose\/dsc_1086.jpg\"\n\t\t\t\ttitle=\" \"\n\t\t\t\tdata-src=\"https:\/\/www.endless-hills.de\/wp-content\/gallery\/dessert-rose\/dsc_1086.jpg\"\n\t\t\t\tdata-thumbnail=\"https:\/\/www.endless-hills.de\/wp-content\/gallery\/dessert-rose\/thumbs\/thumbs_dsc_1086.jpg\"\n\t\t\t\tdata-image-id=\"5437\"\n\t\t\t\tdata-title=\"dsc_1086\"\n\t\t\t\tdata-description=\" \"\n\t\t\t\tdata-image-slug=\"dsc_1086\"\n\t\t\t\t\t\t\t\t\t\t\t\t\t\t\t\t\t\t\t\tclass=\"shutterset_6e4447159855398ab1368873c59dc9a6\">\n\t\t\t\t\t\t\t\t<img\n\t\t\t\t\ttitle=\"dsc_1086\"\n\t\t\t\t\talt=\"dsc_1086\"\n\t\t\t\t\tsrc=\"https:\/\/www.endless-hills.de\/wp-content\/gallery\/dessert-rose\/thumbs\/thumbs_dsc_1086.jpg\"\n\t\t\t\t\twidth=\"300\"\n\t\t\t\t\theight=\"300\"\n\t\t\t\t\tstyle=\"max-width:100%;\"\n\t\t\t\t\/>\n\t\t\t<\/a>\n\t\t<\/div>\n\t\t\t\t\t\t\t<\/div>\n\t\t\t\n\t\n\t<br style=\"clear: both\" \/>\n\n\t\t<div class=\"slideshowlink\">\n\t\t<a href='https:\/\/www.endless-hills.de\/index.php\/nggallery\/slideshow?page_id=5664'>[Zeige als Diashow]<\/a>\n\n\t<\/div>\n\t\n\t\t<!-- Pagination -->\n\t\t<div class='ngg-navigation'><span class='current'>1<\/span>\n<a class='page-numbers' data-pageid='2' href='https:\/\/www.endless-hills.de\/index.php\/nggallery\/page\/2?page_id=5664'>2<\/a>\n<a class='prev' href='https:\/\/www.endless-hills.de\/index.php\/nggallery\/page\/2?page_id=5664' data-pageid=\"2\">&#9658;<\/a><\/div>\t<\/div>\n<\/p>\n","protected":false},"excerpt":{"rendered":"<p>Darksable H\u00fcndin &#8211; Geburtsgewicht 248g Unser einziges M\u00e4dchen f\u00fchlt sich diesmal mit Sicherheit wie die Prinzessin auf der Erbse und kommt somit bestimmt ganz nach ihrer Mama:) Sie entwickelt sich \u00e4u\u00dferst vielversprechend und wir sind sehr gespannt, was die Zukunft f\u00fcr dieses kleine M\u00e4uschen bringt?! [Zeige als Diashow] 1 2 &#9658;<\/p>\n","protected":false},"author":3,"featured_media":0,"parent":5138,"menu_order":4,"comment_status":"closed","ping_status":"closed","template":"","meta":{"ngg_post_thumbnail":0,"footnotes":""},"class_list":["post-5664","page","type-page","status-publish","hentry"],"_links":{"self":[{"href":"https:\/\/www.endless-hills.de\/index.php?rest_route=\/wp\/v2\/pages\/5664","targetHints":{"allow":["GET"]}}],"collection":[{"href":"https:\/\/www.endless-hills.de\/index.php?rest_route=\/wp\/v2\/pages"}],"about":[{"href":"https:\/\/www.endless-hills.de\/index.php?rest_route=\/wp\/v2\/types\/page"}],"author":[{"embeddable":true,"href":"https:\/\/www.endless-hills.de\/index.php?rest_route=\/wp\/v2\/users\/3"}],"replies":[{"embeddable":true,"href":"https:\/\/www.endless-hills.de\/index.php?rest_route=%2Fwp%2Fv2%2Fcomments&post=5664"}],"version-history":[{"count":7,"href":"https:\/\/www.endless-hills.de\/index.php?rest_route=\/wp\/v2\/pages\/5664\/revisions"}],"predecessor-version":[{"id":12940,"href":"https:\/\/www.endless-hills.de\/index.php?rest_route=\/wp\/v2\/pages\/5664\/revisions\/12940"}],"up":[{"embeddable":true,"href":"https:\/\/www.endless-hills.de\/index.php?rest_route=\/wp\/v2\/pages\/5138"}],"wp:attachment":[{"href":"https:\/\/www.endless-hills.de\/index.php?rest_route=%2Fwp%2Fv2%2Fmedia&parent=5664"}],"curies":[{"name":"wp","href":"https:\/\/api.w.org\/{rel}","templated":true}]}}