{"id":5662,"date":"2014-03-18T21:53:33","date_gmt":"2014-03-18T20:53:33","guid":{"rendered":"http:\/\/www.endless-hills.de\/?page_id=5662"},"modified":"2016-02-16T07:19:49","modified_gmt":"2016-02-16T06:19:49","slug":"danse-avec-le-loup","status":"publish","type":"page","link":"https:\/\/www.endless-hills.de\/?page_id=5662","title":{"rendered":"Danse avec le Loup"},"content":{"rendered":"<p>Darksable R\u00fcde &#8211; Geburtsgewicht 273g<\/p>\n<p>Unser Wonneproppen ist ein kr\u00e4ftiger kleiner Kerl. Seine breite wei\u00dfe Halskrause und sein leuchtendes darksable machen ihn zu etwas ganz Besonderem. Er ist ein ganz gem\u00fctlicher Bub, der es liebt zu schmusen und zu kuscheln. Mit 5 Wochen wiegt er 1070g<\/p>\n<p>Alle Welpen sind genetisch frei vom MDR1 Gendefekt, sowie genetisch CEA frei!<\/p>\n<p><!-- default-view.php -->\n<div\n\tclass=\"ngg-galleryoverview default-view\n\t ngg-ajax-pagination-none\t\"\n\tid=\"ngg-gallery-5e43cb20261d38a262bf64b25c44e173-1\"\n\tdata-nextgen-gallery-id=\"114\"\n\tdata-gallery-id=\"114\"\n\t\tdata-gallery-name=\"Danse avec le loup\"\n\t>\n\n\t\t<!-- Thumbnails -->\n\t\t\t\t<div id=\"ngg-image-0\" class=\"ngg-gallery-thumbnail-box\n\t\t\t\t\t\t\t\t\t\t\t\"\n\t\t\t>\n\t\t\t\t\t\t<div class=\"ngg-gallery-thumbnail\">\n\t\t<a href=\"https:\/\/www.endless-hills.de\/wp-content\/gallery\/danse-avec-le-loup\/DSC_1243.JPG?t=1455603592\"\n\t\t\ttitle=\"\"\n\t\t\tdata-src=\"https:\/\/www.endless-hills.de\/wp-content\/gallery\/danse-avec-le-loup\/DSC_1243.JPG?t=1455603592\"\n\t\t\tdata-thumbnail=\"https:\/\/www.endless-hills.de\/wp-content\/gallery\/danse-avec-le-loup\/thumbs\/thumbs_DSC_1243.JPG?t=1455603592\"\n\t\t\tdata-image-id=\"5477\"\n\t\t\tdata-image-name=\"DSC_1243.JPG\"\n\t\t\tdata-title=\"DSC_1243\"\n\t\t\tdata-description=\"\"\n\t\t\tdata-image-slug=\"dsc_1243\"\n\t\t\t\t\t\t\t\t\t\t\t\t\t\t\t\t\t\t\t\tclass=\"shutterset_5e43cb20261d38a262bf64b25c44e173\">\n\t\t\t\t\t\t\t\t<img\n\t\t\t\t\ttitle=\"DSC_1243\"\n\t\t\t\t\talt=\"DSC_1243\"\n\t\t\t\t\tsrc=\"https:\/\/www.endless-hills.de\/wp-content\/gallery\/danse-avec-le-loup\/thumbs\/thumbs_DSC_1243.JPG?t=1455603592\"\n\t\t\t\t\twidth=\"300\"\n\t\t\t\t\theight=\"300\"\n\t\t\t\t\tstyle=\"max-width:100%;\"\n\t\t\t\t\/>\n\t\t\t<\/a>\n\t\t<\/div>\n\t\t\t\t\t\t\t<\/div>\n\t\t\t\n\t\t\t\t<div id=\"ngg-image-1\" class=\"ngg-gallery-thumbnail-box\n\t\t\t\t\t\t\t\t\t\t\t\"\n\t\t\t>\n\t\t\t\t\t\t<div class=\"ngg-gallery-thumbnail\">\n\t\t<a href=\"https:\/\/www.endless-hills.de\/wp-content\/gallery\/danse-avec-le-loup\/DSC_1244.JPG?t=1399050424\"\n\t\t\ttitle=\" \"\n\t\t\tdata-src=\"https:\/\/www.endless-hills.de\/wp-content\/gallery\/danse-avec-le-loup\/DSC_1244.JPG?t=1399050424\"\n\t\t\tdata-thumbnail=\"https:\/\/www.endless-hills.de\/wp-content\/gallery\/danse-avec-le-loup\/thumbs\/thumbs_DSC_1244.JPG?t=1399050424\"\n\t\t\tdata-image-id=\"5478\"\n\t\t\tdata-image-name=\"DSC_1244.JPG\"\n\t\t\tdata-title=\"DSC_1244\"\n\t\t\tdata-description=\" \"\n\t\t\tdata-image-slug=\"dsc_1244\"\n\t\t\t\t\t\t\t\t\t\t\t\t\t\t\t\t\t\t\t\tclass=\"shutterset_5e43cb20261d38a262bf64b25c44e173\">\n\t\t\t\t\t\t\t\t<img\n\t\t\t\t\ttitle=\"DSC_1244\"\n\t\t\t\t\talt=\"DSC_1244\"\n\t\t\t\t\tsrc=\"https:\/\/www.endless-hills.de\/wp-content\/gallery\/danse-avec-le-loup\/thumbs\/thumbs_DSC_1244.JPG?t=1399050424\"\n\t\t\t\t\twidth=\"300\"\n\t\t\t\t\theight=\"300\"\n\t\t\t\t\tstyle=\"max-width:100%;\"\n\t\t\t\t\/>\n\t\t\t<\/a>\n\t\t<\/div>\n\t\t\t\t\t\t\t<\/div>\n\t\t\t\n\t\t\t\t<div id=\"ngg-image-2\" class=\"ngg-gallery-thumbnail-box\n\t\t\t\t\t\t\t\t\t\t\t\"\n\t\t\t>\n\t\t\t\t\t\t<div class=\"ngg-gallery-thumbnail\">\n\t\t<a href=\"https:\/\/www.endless-hills.de\/wp-content\/gallery\/danse-avec-le-loup\/DSC_1245.JPG?t=1399050467\"\n\t\t\ttitle=\" \"\n\t\t\tdata-src=\"https:\/\/www.endless-hills.de\/wp-content\/gallery\/danse-avec-le-loup\/DSC_1245.JPG?t=1399050467\"\n\t\t\tdata-thumbnail=\"https:\/\/www.endless-hills.de\/wp-content\/gallery\/danse-avec-le-loup\/thumbs\/thumbs_DSC_1245.JPG?t=1399050467\"\n\t\t\tdata-image-id=\"5479\"\n\t\t\tdata-image-name=\"DSC_1245.JPG\"\n\t\t\tdata-title=\"DSC_1245\"\n\t\t\tdata-description=\" \"\n\t\t\tdata-image-slug=\"dsc_1245\"\n\t\t\t\t\t\t\t\t\t\t\t\t\t\t\t\t\t\t\t\tclass=\"shutterset_5e43cb20261d38a262bf64b25c44e173\">\n\t\t\t\t\t\t\t\t<img\n\t\t\t\t\ttitle=\"DSC_1245\"\n\t\t\t\t\talt=\"DSC_1245\"\n\t\t\t\t\tsrc=\"https:\/\/www.endless-hills.de\/wp-content\/gallery\/danse-avec-le-loup\/thumbs\/thumbs_DSC_1245.JPG?t=1399050467\"\n\t\t\t\t\twidth=\"300\"\n\t\t\t\t\theight=\"300\"\n\t\t\t\t\tstyle=\"max-width:100%;\"\n\t\t\t\t\/>\n\t\t\t<\/a>\n\t\t<\/div>\n\t\t\t\t\t\t\t<\/div>\n\t\t\t\n\t\t\t\t<div id=\"ngg-image-3\" class=\"ngg-gallery-thumbnail-box\n\t\t\t\t\t\t\t\t\t\t\t\"\n\t\t\t>\n\t\t\t\t\t\t<div class=\"ngg-gallery-thumbnail\">\n\t\t<a href=\"https:\/\/www.endless-hills.de\/wp-content\/gallery\/danse-avec-le-loup\/DSC_1246.JPG?t=1399050511\"\n\t\t\ttitle=\" \"\n\t\t\tdata-src=\"https:\/\/www.endless-hills.de\/wp-content\/gallery\/danse-avec-le-loup\/DSC_1246.JPG?t=1399050511\"\n\t\t\tdata-thumbnail=\"https:\/\/www.endless-hills.de\/wp-content\/gallery\/danse-avec-le-loup\/thumbs\/thumbs_DSC_1246.JPG?t=1399050511\"\n\t\t\tdata-image-id=\"5480\"\n\t\t\tdata-image-name=\"DSC_1246.JPG\"\n\t\t\tdata-title=\"DSC_1246\"\n\t\t\tdata-description=\" \"\n\t\t\tdata-image-slug=\"dsc_1246\"\n\t\t\t\t\t\t\t\t\t\t\t\t\t\t\t\t\t\t\t\tclass=\"shutterset_5e43cb20261d38a262bf64b25c44e173\">\n\t\t\t\t\t\t\t\t<img\n\t\t\t\t\ttitle=\"DSC_1246\"\n\t\t\t\t\talt=\"DSC_1246\"\n\t\t\t\t\tsrc=\"https:\/\/www.endless-hills.de\/wp-content\/gallery\/danse-avec-le-loup\/thumbs\/thumbs_DSC_1246.JPG?t=1399050511\"\n\t\t\t\t\twidth=\"300\"\n\t\t\t\t\theight=\"300\"\n\t\t\t\t\tstyle=\"max-width:100%;\"\n\t\t\t\t\/>\n\t\t\t<\/a>\n\t\t<\/div>\n\t\t\t\t\t\t\t<\/div>\n\t\t\t\n\t\t\t\t<div id=\"ngg-image-4\" class=\"ngg-gallery-thumbnail-box\n\t\t\t\t\t\t\t\t\t\t\t\"\n\t\t\t>\n\t\t\t\t\t\t<div class=\"ngg-gallery-thumbnail\">\n\t\t<a href=\"https:\/\/www.endless-hills.de\/wp-content\/gallery\/danse-avec-le-loup\/DSC_1264.JPG?t=1399050552\"\n\t\t\ttitle=\" \"\n\t\t\tdata-src=\"https:\/\/www.endless-hills.de\/wp-content\/gallery\/danse-avec-le-loup\/DSC_1264.JPG?t=1399050552\"\n\t\t\tdata-thumbnail=\"https:\/\/www.endless-hills.de\/wp-content\/gallery\/danse-avec-le-loup\/thumbs\/thumbs_DSC_1264.JPG?t=1399050552\"\n\t\t\tdata-image-id=\"5481\"\n\t\t\tdata-image-name=\"DSC_1264.JPG\"\n\t\t\tdata-title=\"DSC_1264\"\n\t\t\tdata-description=\" \"\n\t\t\tdata-image-slug=\"dsc_1264\"\n\t\t\t\t\t\t\t\t\t\t\t\t\t\t\t\t\t\t\t\tclass=\"shutterset_5e43cb20261d38a262bf64b25c44e173\">\n\t\t\t\t\t\t\t\t<img\n\t\t\t\t\ttitle=\"DSC_1264\"\n\t\t\t\t\talt=\"DSC_1264\"\n\t\t\t\t\tsrc=\"https:\/\/www.endless-hills.de\/wp-content\/gallery\/danse-avec-le-loup\/thumbs\/thumbs_DSC_1264.JPG?t=1399050552\"\n\t\t\t\t\twidth=\"300\"\n\t\t\t\t\theight=\"300\"\n\t\t\t\t\tstyle=\"max-width:100%;\"\n\t\t\t\t\/>\n\t\t\t<\/a>\n\t\t<\/div>\n\t\t\t\t\t\t\t<\/div>\n\t\t\t\n\t\t\t\t<div id=\"ngg-image-5\" class=\"ngg-gallery-thumbnail-box\n\t\t\t\t\t\t\t\t\t\t\t\"\n\t\t\t>\n\t\t\t\t\t\t<div class=\"ngg-gallery-thumbnail\">\n\t\t<a href=\"https:\/\/www.endless-hills.de\/wp-content\/gallery\/danse-avec-le-loup\/DSC_1279.JPG?t=1399050593\"\n\t\t\ttitle=\" \"\n\t\t\tdata-src=\"https:\/\/www.endless-hills.de\/wp-content\/gallery\/danse-avec-le-loup\/DSC_1279.JPG?t=1399050593\"\n\t\t\tdata-thumbnail=\"https:\/\/www.endless-hills.de\/wp-content\/gallery\/danse-avec-le-loup\/thumbs\/thumbs_DSC_1279.JPG?t=1399050593\"\n\t\t\tdata-image-id=\"5482\"\n\t\t\tdata-image-name=\"DSC_1279.JPG\"\n\t\t\tdata-title=\"DSC_1279\"\n\t\t\tdata-description=\" \"\n\t\t\tdata-image-slug=\"dsc_1279\"\n\t\t\t\t\t\t\t\t\t\t\t\t\t\t\t\t\t\t\t\tclass=\"shutterset_5e43cb20261d38a262bf64b25c44e173\">\n\t\t\t\t\t\t\t\t<img\n\t\t\t\t\ttitle=\"DSC_1279\"\n\t\t\t\t\talt=\"DSC_1279\"\n\t\t\t\t\tsrc=\"https:\/\/www.endless-hills.de\/wp-content\/gallery\/danse-avec-le-loup\/thumbs\/thumbs_DSC_1279.JPG?t=1399050593\"\n\t\t\t\t\twidth=\"300\"\n\t\t\t\t\theight=\"300\"\n\t\t\t\t\tstyle=\"max-width:100%;\"\n\t\t\t\t\/>\n\t\t\t<\/a>\n\t\t<\/div>\n\t\t\t\t\t\t\t<\/div>\n\t\t\t\n\t\t\t\t<div id=\"ngg-image-6\" class=\"ngg-gallery-thumbnail-box\n\t\t\t\t\t\t\t\t\t\t\t\"\n\t\t\t>\n\t\t\t\t\t\t<div class=\"ngg-gallery-thumbnail\">\n\t\t<a href=\"https:\/\/www.endless-hills.de\/wp-content\/gallery\/danse-avec-le-loup\/DSC_1318.JPG?t=1399979152\"\n\t\t\ttitle=\" \"\n\t\t\tdata-src=\"https:\/\/www.endless-hills.de\/wp-content\/gallery\/danse-avec-le-loup\/DSC_1318.JPG?t=1399979152\"\n\t\t\tdata-thumbnail=\"https:\/\/www.endless-hills.de\/wp-content\/gallery\/danse-avec-le-loup\/thumbs\/thumbs_DSC_1318.JPG?t=1399979152\"\n\t\t\tdata-image-id=\"5514\"\n\t\t\tdata-image-name=\"DSC_1318.JPG\"\n\t\t\tdata-title=\"DSC_1318\"\n\t\t\tdata-description=\" \"\n\t\t\tdata-image-slug=\"dsc_1318\"\n\t\t\t\t\t\t\t\t\t\t\t\t\t\t\t\t\t\t\t\tclass=\"shutterset_5e43cb20261d38a262bf64b25c44e173\">\n\t\t\t\t\t\t\t\t<img\n\t\t\t\t\ttitle=\"DSC_1318\"\n\t\t\t\t\talt=\"DSC_1318\"\n\t\t\t\t\tsrc=\"https:\/\/www.endless-hills.de\/wp-content\/gallery\/danse-avec-le-loup\/thumbs\/thumbs_DSC_1318.JPG?t=1399979152\"\n\t\t\t\t\twidth=\"300\"\n\t\t\t\t\theight=\"300\"\n\t\t\t\t\tstyle=\"max-width:100%;\"\n\t\t\t\t\/>\n\t\t\t<\/a>\n\t\t<\/div>\n\t\t\t\t\t\t\t<\/div>\n\t\t\t\n\t\t\t\t<div id=\"ngg-image-7\" class=\"ngg-gallery-thumbnail-box\n\t\t\t\t\t\t\t\t\t\t\t\"\n\t\t\t>\n\t\t\t\t\t\t<div class=\"ngg-gallery-thumbnail\">\n\t\t<a href=\"https:\/\/www.endless-hills.de\/wp-content\/gallery\/danse-avec-le-loup\/DSC_1331.JPG?t=1399979188\"\n\t\t\ttitle=\" \"\n\t\t\tdata-src=\"https:\/\/www.endless-hills.de\/wp-content\/gallery\/danse-avec-le-loup\/DSC_1331.JPG?t=1399979188\"\n\t\t\tdata-thumbnail=\"https:\/\/www.endless-hills.de\/wp-content\/gallery\/danse-avec-le-loup\/thumbs\/thumbs_DSC_1331.JPG?t=1399979188\"\n\t\t\tdata-image-id=\"5515\"\n\t\t\tdata-image-name=\"DSC_1331.JPG\"\n\t\t\tdata-title=\"DSC_1331\"\n\t\t\tdata-description=\" \"\n\t\t\tdata-image-slug=\"dsc_1331\"\n\t\t\t\t\t\t\t\t\t\t\t\t\t\t\t\t\t\t\t\tclass=\"shutterset_5e43cb20261d38a262bf64b25c44e173\">\n\t\t\t\t\t\t\t\t<img\n\t\t\t\t\ttitle=\"DSC_1331\"\n\t\t\t\t\talt=\"DSC_1331\"\n\t\t\t\t\tsrc=\"https:\/\/www.endless-hills.de\/wp-content\/gallery\/danse-avec-le-loup\/thumbs\/thumbs_DSC_1331.JPG?t=1399979188\"\n\t\t\t\t\twidth=\"300\"\n\t\t\t\t\theight=\"300\"\n\t\t\t\t\tstyle=\"max-width:100%;\"\n\t\t\t\t\/>\n\t\t\t<\/a>\n\t\t<\/div>\n\t\t\t\t\t\t\t<\/div>\n\t\t\t\n\t\t\t\t<div id=\"ngg-image-8\" class=\"ngg-gallery-thumbnail-box\n\t\t\t\t\t\t\t\t\t\t\t\"\n\t\t\t>\n\t\t\t\t\t\t<div class=\"ngg-gallery-thumbnail\">\n\t\t<a href=\"https:\/\/www.endless-hills.de\/wp-content\/gallery\/danse-avec-le-loup\/DSC_1333.JPG?t=1399979234\"\n\t\t\ttitle=\" \"\n\t\t\tdata-src=\"https:\/\/www.endless-hills.de\/wp-content\/gallery\/danse-avec-le-loup\/DSC_1333.JPG?t=1399979234\"\n\t\t\tdata-thumbnail=\"https:\/\/www.endless-hills.de\/wp-content\/gallery\/danse-avec-le-loup\/thumbs\/thumbs_DSC_1333.JPG?t=1399979234\"\n\t\t\tdata-image-id=\"5516\"\n\t\t\tdata-image-name=\"DSC_1333.JPG\"\n\t\t\tdata-title=\"DSC_1333\"\n\t\t\tdata-description=\" \"\n\t\t\tdata-image-slug=\"dsc_1333\"\n\t\t\t\t\t\t\t\t\t\t\t\t\t\t\t\t\t\t\t\tclass=\"shutterset_5e43cb20261d38a262bf64b25c44e173\">\n\t\t\t\t\t\t\t\t<img\n\t\t\t\t\ttitle=\"DSC_1333\"\n\t\t\t\t\talt=\"DSC_1333\"\n\t\t\t\t\tsrc=\"https:\/\/www.endless-hills.de\/wp-content\/gallery\/danse-avec-le-loup\/thumbs\/thumbs_DSC_1333.JPG?t=1399979234\"\n\t\t\t\t\twidth=\"300\"\n\t\t\t\t\theight=\"300\"\n\t\t\t\t\tstyle=\"max-width:100%;\"\n\t\t\t\t\/>\n\t\t\t<\/a>\n\t\t<\/div>\n\t\t\t\t\t\t\t<\/div>\n\t\t\t\n\t\t\t\t<div id=\"ngg-image-9\" class=\"ngg-gallery-thumbnail-box\n\t\t\t\t\t\t\t\t\t\t\t\"\n\t\t\t>\n\t\t\t\t\t\t<div class=\"ngg-gallery-thumbnail\">\n\t\t<a href=\"https:\/\/www.endless-hills.de\/wp-content\/gallery\/danse-avec-le-loup\/DSC_1338.JPG?t=1399979274\"\n\t\t\ttitle=\" \"\n\t\t\tdata-src=\"https:\/\/www.endless-hills.de\/wp-content\/gallery\/danse-avec-le-loup\/DSC_1338.JPG?t=1399979274\"\n\t\t\tdata-thumbnail=\"https:\/\/www.endless-hills.de\/wp-content\/gallery\/danse-avec-le-loup\/thumbs\/thumbs_DSC_1338.JPG?t=1399979274\"\n\t\t\tdata-image-id=\"5517\"\n\t\t\tdata-image-name=\"DSC_1338.JPG\"\n\t\t\tdata-title=\"DSC_1338\"\n\t\t\tdata-description=\" \"\n\t\t\tdata-image-slug=\"dsc_1338\"\n\t\t\t\t\t\t\t\t\t\t\t\t\t\t\t\t\t\t\t\tclass=\"shutterset_5e43cb20261d38a262bf64b25c44e173\">\n\t\t\t\t\t\t\t\t<img\n\t\t\t\t\ttitle=\"DSC_1338\"\n\t\t\t\t\talt=\"DSC_1338\"\n\t\t\t\t\tsrc=\"https:\/\/www.endless-hills.de\/wp-content\/gallery\/danse-avec-le-loup\/thumbs\/thumbs_DSC_1338.JPG?t=1399979274\"\n\t\t\t\t\twidth=\"300\"\n\t\t\t\t\theight=\"300\"\n\t\t\t\t\tstyle=\"max-width:100%;\"\n\t\t\t\t\/>\n\t\t\t<\/a>\n\t\t<\/div>\n\t\t\t\t\t\t\t<\/div>\n\t\t\t\n\t\t\t\t<div id=\"ngg-image-10\" class=\"ngg-gallery-thumbnail-box\n\t\t\t\t\t\t\t\t\t\t\t\"\n\t\t\t>\n\t\t\t\t\t\t<div class=\"ngg-gallery-thumbnail\">\n\t\t<a href=\"https:\/\/www.endless-hills.de\/wp-content\/gallery\/danse-avec-le-loup\/DSC_1339.JPG?t=1399979313\"\n\t\t\ttitle=\" \"\n\t\t\tdata-src=\"https:\/\/www.endless-hills.de\/wp-content\/gallery\/danse-avec-le-loup\/DSC_1339.JPG?t=1399979313\"\n\t\t\tdata-thumbnail=\"https:\/\/www.endless-hills.de\/wp-content\/gallery\/danse-avec-le-loup\/thumbs\/thumbs_DSC_1339.JPG?t=1399979313\"\n\t\t\tdata-image-id=\"5518\"\n\t\t\tdata-image-name=\"DSC_1339.JPG\"\n\t\t\tdata-title=\"DSC_1339\"\n\t\t\tdata-description=\" \"\n\t\t\tdata-image-slug=\"dsc_1339\"\n\t\t\t\t\t\t\t\t\t\t\t\t\t\t\t\t\t\t\t\tclass=\"shutterset_5e43cb20261d38a262bf64b25c44e173\">\n\t\t\t\t\t\t\t\t<img\n\t\t\t\t\ttitle=\"DSC_1339\"\n\t\t\t\t\talt=\"DSC_1339\"\n\t\t\t\t\tsrc=\"https:\/\/www.endless-hills.de\/wp-content\/gallery\/danse-avec-le-loup\/thumbs\/thumbs_DSC_1339.JPG?t=1399979313\"\n\t\t\t\t\twidth=\"300\"\n\t\t\t\t\theight=\"300\"\n\t\t\t\t\tstyle=\"max-width:100%;\"\n\t\t\t\t\/>\n\t\t\t<\/a>\n\t\t<\/div>\n\t\t\t\t\t\t\t<\/div>\n\t\t\t\n\t\t\t\t<div id=\"ngg-image-11\" class=\"ngg-gallery-thumbnail-box\n\t\t\t\t\t\t\t\t\t\t\t\"\n\t\t\t>\n\t\t\t\t\t\t<div class=\"ngg-gallery-thumbnail\">\n\t\t<a href=\"https:\/\/www.endless-hills.de\/wp-content\/gallery\/danse-avec-le-loup\/DSC_1344.JPG?t=1398693507\"\n\t\t\ttitle=\"\"\n\t\t\tdata-src=\"https:\/\/www.endless-hills.de\/wp-content\/gallery\/danse-avec-le-loup\/DSC_1344.JPG?t=1398693507\"\n\t\t\tdata-thumbnail=\"https:\/\/www.endless-hills.de\/wp-content\/gallery\/danse-avec-le-loup\/thumbs\/thumbs_DSC_1344.JPG?t=1398693507\"\n\t\t\tdata-image-id=\"5445\"\n\t\t\tdata-image-name=\"DSC_1344.JPG\"\n\t\t\tdata-title=\"DSC_1344\"\n\t\t\tdata-description=\"\"\n\t\t\tdata-image-slug=\"dsc_1344\"\n\t\t\t\t\t\t\t\t\t\t\t\t\t\t\t\t\t\t\t\tclass=\"shutterset_5e43cb20261d38a262bf64b25c44e173\">\n\t\t\t\t\t\t\t\t<img\n\t\t\t\t\ttitle=\"DSC_1344\"\n\t\t\t\t\talt=\"DSC_1344\"\n\t\t\t\t\tsrc=\"https:\/\/www.endless-hills.de\/wp-content\/gallery\/danse-avec-le-loup\/thumbs\/thumbs_DSC_1344.JPG?t=1398693507\"\n\t\t\t\t\twidth=\"300\"\n\t\t\t\t\theight=\"300\"\n\t\t\t\t\tstyle=\"max-width:100%;\"\n\t\t\t\t\/>\n\t\t\t<\/a>\n\t\t<\/div>\n\t\t\t\t\t\t\t<\/div>\n\t\t\t\n\t\t\t\t<div id=\"ngg-image-12\" class=\"ngg-gallery-thumbnail-box\n\t\t\t\t\t\t\t\t\t\t\t\"\n\t\t\t>\n\t\t\t\t\t\t<div class=\"ngg-gallery-thumbnail\">\n\t\t<a href=\"https:\/\/www.endless-hills.de\/wp-content\/gallery\/danse-avec-le-loup\/DSC_1401.JPG?t=1397732778\"\n\t\t\ttitle=\" \"\n\t\t\tdata-src=\"https:\/\/www.endless-hills.de\/wp-content\/gallery\/danse-avec-le-loup\/DSC_1401.JPG?t=1397732778\"\n\t\t\tdata-thumbnail=\"https:\/\/www.endless-hills.de\/wp-content\/gallery\/danse-avec-le-loup\/thumbs\/thumbs_DSC_1401.JPG?t=1397732778\"\n\t\t\tdata-image-id=\"5446\"\n\t\t\tdata-image-name=\"DSC_1401.JPG\"\n\t\t\tdata-title=\"DSC_1401\"\n\t\t\tdata-description=\" \"\n\t\t\tdata-image-slug=\"dsc_1401\"\n\t\t\t\t\t\t\t\t\t\t\t\t\t\t\t\t\t\t\t\tclass=\"shutterset_5e43cb20261d38a262bf64b25c44e173\">\n\t\t\t\t\t\t\t\t<img\n\t\t\t\t\ttitle=\"DSC_1401\"\n\t\t\t\t\talt=\"DSC_1401\"\n\t\t\t\t\tsrc=\"https:\/\/www.endless-hills.de\/wp-content\/gallery\/danse-avec-le-loup\/thumbs\/thumbs_DSC_1401.JPG?t=1397732778\"\n\t\t\t\t\twidth=\"300\"\n\t\t\t\t\theight=\"300\"\n\t\t\t\t\tstyle=\"max-width:100%;\"\n\t\t\t\t\/>\n\t\t\t<\/a>\n\t\t<\/div>\n\t\t\t\t\t\t\t<\/div>\n\t\t\t\n\t\t\t\t<div id=\"ngg-image-13\" class=\"ngg-gallery-thumbnail-box\n\t\t\t\t\t\t\t\t\t\t\t\"\n\t\t\t>\n\t\t\t\t\t\t<div class=\"ngg-gallery-thumbnail\">\n\t\t<a href=\"https:\/\/www.endless-hills.de\/wp-content\/gallery\/danse-avec-le-loup\/DSC_1403.JPG?t=1397732817\"\n\t\t\ttitle=\" \"\n\t\t\tdata-src=\"https:\/\/www.endless-hills.de\/wp-content\/gallery\/danse-avec-le-loup\/DSC_1403.JPG?t=1397732817\"\n\t\t\tdata-thumbnail=\"https:\/\/www.endless-hills.de\/wp-content\/gallery\/danse-avec-le-loup\/thumbs\/thumbs_DSC_1403.JPG?t=1397732817\"\n\t\t\tdata-image-id=\"5447\"\n\t\t\tdata-image-name=\"DSC_1403.JPG\"\n\t\t\tdata-title=\"DSC_1403\"\n\t\t\tdata-description=\" \"\n\t\t\tdata-image-slug=\"dsc_1403\"\n\t\t\t\t\t\t\t\t\t\t\t\t\t\t\t\t\t\t\t\tclass=\"shutterset_5e43cb20261d38a262bf64b25c44e173\">\n\t\t\t\t\t\t\t\t<img\n\t\t\t\t\ttitle=\"DSC_1403\"\n\t\t\t\t\talt=\"DSC_1403\"\n\t\t\t\t\tsrc=\"https:\/\/www.endless-hills.de\/wp-content\/gallery\/danse-avec-le-loup\/thumbs\/thumbs_DSC_1403.JPG?t=1397732817\"\n\t\t\t\t\twidth=\"300\"\n\t\t\t\t\theight=\"300\"\n\t\t\t\t\tstyle=\"max-width:100%;\"\n\t\t\t\t\/>\n\t\t\t<\/a>\n\t\t<\/div>\n\t\t\t\t\t\t\t<\/div>\n\t\t\t\n\t\t\t\t<div id=\"ngg-image-14\" class=\"ngg-gallery-thumbnail-box\n\t\t\t\t\t\t\t\t\t\t\t\"\n\t\t\t>\n\t\t\t\t\t\t<div class=\"ngg-gallery-thumbnail\">\n\t\t<a href=\"https:\/\/www.endless-hills.de\/wp-content\/gallery\/danse-avec-le-loup\/DSC_1405.JPG?t=1397732854\"\n\t\t\ttitle=\" \"\n\t\t\tdata-src=\"https:\/\/www.endless-hills.de\/wp-content\/gallery\/danse-avec-le-loup\/DSC_1405.JPG?t=1397732854\"\n\t\t\tdata-thumbnail=\"https:\/\/www.endless-hills.de\/wp-content\/gallery\/danse-avec-le-loup\/thumbs\/thumbs_DSC_1405.JPG?t=1397732854\"\n\t\t\tdata-image-id=\"5448\"\n\t\t\tdata-image-name=\"DSC_1405.JPG\"\n\t\t\tdata-title=\"DSC_1405\"\n\t\t\tdata-description=\" \"\n\t\t\tdata-image-slug=\"dsc_1405\"\n\t\t\t\t\t\t\t\t\t\t\t\t\t\t\t\t\t\t\t\tclass=\"shutterset_5e43cb20261d38a262bf64b25c44e173\">\n\t\t\t\t\t\t\t\t<img\n\t\t\t\t\ttitle=\"DSC_1405\"\n\t\t\t\t\talt=\"DSC_1405\"\n\t\t\t\t\tsrc=\"https:\/\/www.endless-hills.de\/wp-content\/gallery\/danse-avec-le-loup\/thumbs\/thumbs_DSC_1405.JPG?t=1397732854\"\n\t\t\t\t\twidth=\"300\"\n\t\t\t\t\theight=\"300\"\n\t\t\t\t\tstyle=\"max-width:100%;\"\n\t\t\t\t\/>\n\t\t\t<\/a>\n\t\t<\/div>\n\t\t\t\t\t\t\t<\/div>\n\t\t\t\n\t\t\t\t<div id=\"ngg-image-15\" class=\"ngg-gallery-thumbnail-box\n\t\t\t\t\t\t\t\t\t\t\t\"\n\t\t\t>\n\t\t\t\t\t\t<div class=\"ngg-gallery-thumbnail\">\n\t\t<a href=\"https:\/\/www.endless-hills.de\/wp-content\/gallery\/danse-avec-le-loup\/dsc_0874.jpg\"\n\t\t\ttitle=\"\"\n\t\t\tdata-src=\"https:\/\/www.endless-hills.de\/wp-content\/gallery\/danse-avec-le-loup\/dsc_0874.jpg\"\n\t\t\tdata-thumbnail=\"https:\/\/www.endless-hills.de\/wp-content\/gallery\/danse-avec-le-loup\/thumbs\/thumbs_dsc_0874.jpg\"\n\t\t\tdata-image-id=\"5363\"\n\t\t\tdata-image-name=\"dsc_0874.jpg\"\n\t\t\tdata-title=\"dsc_0874\"\n\t\t\tdata-description=\"\"\n\t\t\tdata-image-slug=\"dsc_0874-3\"\n\t\t\t\t\t\t\t\t\t\t\t\t\t\t\t\t\t\t\t\tclass=\"shutterset_5e43cb20261d38a262bf64b25c44e173\">\n\t\t\t\t\t\t\t\t<img\n\t\t\t\t\ttitle=\"dsc_0874\"\n\t\t\t\t\talt=\"dsc_0874\"\n\t\t\t\t\tsrc=\"https:\/\/www.endless-hills.de\/wp-content\/gallery\/danse-avec-le-loup\/thumbs\/thumbs_dsc_0874.jpg\"\n\t\t\t\t\twidth=\"300\"\n\t\t\t\t\theight=\"300\"\n\t\t\t\t\tstyle=\"max-width:100%;\"\n\t\t\t\t\/>\n\t\t\t<\/a>\n\t\t<\/div>\n\t\t\t\t\t\t\t<\/div>\n\t\t\t\n\t\t\t\t<div id=\"ngg-image-16\" class=\"ngg-gallery-thumbnail-box\n\t\t\t\t\t\t\t\t\t\t\t\"\n\t\t\t>\n\t\t\t\t\t\t<div class=\"ngg-gallery-thumbnail\">\n\t\t<a href=\"https:\/\/www.endless-hills.de\/wp-content\/gallery\/danse-avec-le-loup\/dsc_1021.jpg\"\n\t\t\ttitle=\" \"\n\t\t\tdata-src=\"https:\/\/www.endless-hills.de\/wp-content\/gallery\/danse-avec-le-loup\/dsc_1021.jpg\"\n\t\t\tdata-thumbnail=\"https:\/\/www.endless-hills.de\/wp-content\/gallery\/danse-avec-le-loup\/thumbs\/thumbs_dsc_1021.jpg\"\n\t\t\tdata-image-id=\"5407\"\n\t\t\tdata-image-name=\"dsc_1021.jpg\"\n\t\t\tdata-title=\"dsc_1021\"\n\t\t\tdata-description=\" \"\n\t\t\tdata-image-slug=\"dsc_1021-2\"\n\t\t\t\t\t\t\t\t\t\t\t\t\t\t\t\t\t\t\t\tclass=\"shutterset_5e43cb20261d38a262bf64b25c44e173\">\n\t\t\t\t\t\t\t\t<img\n\t\t\t\t\ttitle=\"dsc_1021\"\n\t\t\t\t\talt=\"dsc_1021\"\n\t\t\t\t\tsrc=\"https:\/\/www.endless-hills.de\/wp-content\/gallery\/danse-avec-le-loup\/thumbs\/thumbs_dsc_1021.jpg\"\n\t\t\t\t\twidth=\"300\"\n\t\t\t\t\theight=\"300\"\n\t\t\t\t\tstyle=\"max-width:100%;\"\n\t\t\t\t\/>\n\t\t\t<\/a>\n\t\t<\/div>\n\t\t\t\t\t\t\t<\/div>\n\t\t\t\n\t\t\t\t<div id=\"ngg-image-17\" class=\"ngg-gallery-thumbnail-box\n\t\t\t\t\t\t\t\t\t\t\t\"\n\t\t\t>\n\t\t\t\t\t\t<div class=\"ngg-gallery-thumbnail\">\n\t\t<a href=\"https:\/\/www.endless-hills.de\/wp-content\/gallery\/danse-avec-le-loup\/dsc_1010.jpg\"\n\t\t\ttitle=\" \"\n\t\t\tdata-src=\"https:\/\/www.endless-hills.de\/wp-content\/gallery\/danse-avec-le-loup\/dsc_1010.jpg\"\n\t\t\tdata-thumbnail=\"https:\/\/www.endless-hills.de\/wp-content\/gallery\/danse-avec-le-loup\/thumbs\/thumbs_dsc_1010.jpg\"\n\t\t\tdata-image-id=\"5401\"\n\t\t\tdata-image-name=\"dsc_1010.jpg\"\n\t\t\tdata-title=\"dsc_1010\"\n\t\t\tdata-description=\" \"\n\t\t\tdata-image-slug=\"dsc_1010\"\n\t\t\t\t\t\t\t\t\t\t\t\t\t\t\t\t\t\t\t\tclass=\"shutterset_5e43cb20261d38a262bf64b25c44e173\">\n\t\t\t\t\t\t\t\t<img\n\t\t\t\t\ttitle=\"dsc_1010\"\n\t\t\t\t\talt=\"dsc_1010\"\n\t\t\t\t\tsrc=\"https:\/\/www.endless-hills.de\/wp-content\/gallery\/danse-avec-le-loup\/thumbs\/thumbs_dsc_1010.jpg\"\n\t\t\t\t\twidth=\"300\"\n\t\t\t\t\theight=\"300\"\n\t\t\t\t\tstyle=\"max-width:100%;\"\n\t\t\t\t\/>\n\t\t\t<\/a>\n\t\t<\/div>\n\t\t\t\t\t\t\t<\/div>\n\t\t\t\n\t\n\t<br style=\"clear: both\" \/>\n\n\t\t<div class=\"slideshowlink\">\n\t\t<a href='https:\/\/www.endless-hills.de\/index.php\/nggallery\/slideshow?page_id=5662'>[Zeige als Diashow]<\/a>\n\n\t<\/div>\n\t\n\t\t<!-- Pagination -->\n\t\t<div class='ngg-clear'><\/div>\t<\/div>\n<\/p>\n","protected":false},"excerpt":{"rendered":"<p>Darksable R\u00fcde &#8211; Geburtsgewicht 273g Unser Wonneproppen ist ein kr\u00e4ftiger kleiner Kerl. Seine breite wei\u00dfe Halskrause und sein leuchtendes darksable machen ihn zu etwas ganz Besonderem. Er ist ein ganz gem\u00fctlicher Bub, der es liebt zu schmusen und zu kuscheln. Mit 5 Wochen wiegt er 1070g Alle Welpen sind genetisch frei vom MDR1 Gendefekt, sowie [&hellip;]<\/p>\n","protected":false},"author":3,"featured_media":0,"parent":5138,"menu_order":0,"comment_status":"closed","ping_status":"closed","template":"","meta":{"ngg_post_thumbnail":0,"footnotes":""},"class_list":["post-5662","page","type-page","status-publish","hentry"],"_links":{"self":[{"href":"https:\/\/www.endless-hills.de\/index.php?rest_route=\/wp\/v2\/pages\/5662","targetHints":{"allow":["GET"]}}],"collection":[{"href":"https:\/\/www.endless-hills.de\/index.php?rest_route=\/wp\/v2\/pages"}],"about":[{"href":"https:\/\/www.endless-hills.de\/index.php?rest_route=\/wp\/v2\/types\/page"}],"author":[{"embeddable":true,"href":"https:\/\/www.endless-hills.de\/index.php?rest_route=\/wp\/v2\/users\/3"}],"replies":[{"embeddable":true,"href":"https:\/\/www.endless-hills.de\/index.php?rest_route=%2Fwp%2Fv2%2Fcomments&post=5662"}],"version-history":[{"count":10,"href":"https:\/\/www.endless-hills.de\/index.php?rest_route=\/wp\/v2\/pages\/5662\/revisions"}],"predecessor-version":[{"id":12936,"href":"https:\/\/www.endless-hills.de\/index.php?rest_route=\/wp\/v2\/pages\/5662\/revisions\/12936"}],"up":[{"embeddable":true,"href":"https:\/\/www.endless-hills.de\/index.php?rest_route=\/wp\/v2\/pages\/5138"}],"wp:attachment":[{"href":"https:\/\/www.endless-hills.de\/index.php?rest_route=%2Fwp%2Fv2%2Fmedia&parent=5662"}],"curies":[{"name":"wp","href":"https:\/\/api.w.org\/{rel}","templated":true}]}}