{"id":5630,"date":"2014-03-15T18:41:10","date_gmt":"2014-03-15T17:41:10","guid":{"rendered":"http:\/\/www.endless-hills.de\/?page_id=5630"},"modified":"2018-06-25T20:29:10","modified_gmt":"2018-06-25T19:29:10","slug":"nashs-kinder","status":"publish","type":"page","link":"https:\/\/www.endless-hills.de\/?page_id=5630","title":{"rendered":"Nashs Kinder"},"content":{"rendered":"<p>&#8211; Nash hielt am 26.07.2015 Hochzeit mit unserer absolut wundervollen Sam. Am 28.09.2015 erblickten hieraus wirklich traumhaft sch\u00f6ne Welpen aus dieser Verbindung das Licht der Welt. 1\/0 bluemerle und 1\/2 tricolour. Siehe N- Wurf<\/p>\n<p>&#8211; Am 09.04.2015 deckt er die s\u00fc\u00dfe Weathertop`s Because something beautiful remains. Am 08.06.2015 wurden 1\/1 tricolor und 3\/1 blue merle Wepen geboren! Liebe Jutta, wir w\u00fcnschen dir alles gute mit den S\u00fc\u00dfen und viel Freude bei der Aufzucht!!!<\/p>\n<p><img loading=\"lazy\" decoding=\"async\" class=\"aligncenter wp-image-9068\" src=\"http:\/\/www.endless-hills.de\/wp-content\/uploads\/2014\/03\/11422026_698019527011076_493609672_o-300x225.jpg\" alt=\"11422026_698019527011076_493609672_o\" width=\"600\" height=\"450\" srcset=\"https:\/\/www.endless-hills.de\/wp-content\/uploads\/2014\/03\/11422026_698019527011076_493609672_o-300x225.jpg 300w, https:\/\/www.endless-hills.de\/wp-content\/uploads\/2014\/03\/11422026_698019527011076_493609672_o-1024x768.jpg 1024w, https:\/\/www.endless-hills.de\/wp-content\/uploads\/2014\/03\/11422026_698019527011076_493609672_o.jpg 2048w\" sizes=\"auto, (max-width: 600px) 100vw, 600px\" \/><\/p>\n<p>&nbsp;<\/p>\n<p>&#8211; Nash deckte am 29.06.2014 die sch\u00f6ne Pandora in Black vom Haus Gunzelmann. Hieraus erblickten am 28.08.014 7 zauberhafte Welpen aus dieser Verbindung bei den Collies vom Ohetal das Licht der Welt. Zwei Babys haben es leider nicht geschafft (1\/1 tricolour). Jedoch freuen wir uns mit Manuela \u00fcber gesunde und mopsfidele 2\/3 blue merle Welpen mit ausgezeichneter Farbe und fantastischem Wesen! Diese s\u00fc\u00dfe Maus blieb in der Zuchtst\u00e4tte vom Ohetal<\/p>\n<div id=\"attachment_9101\" style=\"width: 610px\" class=\"wp-caption aligncenter\"><img loading=\"lazy\" decoding=\"async\" aria-describedby=\"caption-attachment-9101\" class=\"wp-image-9101\" src=\"http:\/\/www.endless-hills.de\/wp-content\/uploads\/2014\/03\/11639870_1111190435574984_2135524832_o-1024x740.jpg\" alt=\"Asabi\" width=\"600\" height=\"433\" srcset=\"https:\/\/www.endless-hills.de\/wp-content\/uploads\/2014\/03\/11639870_1111190435574984_2135524832_o-1024x740.jpg 1024w, https:\/\/www.endless-hills.de\/wp-content\/uploads\/2014\/03\/11639870_1111190435574984_2135524832_o-300x217.jpg 300w, https:\/\/www.endless-hills.de\/wp-content\/uploads\/2014\/03\/11639870_1111190435574984_2135524832_o.jpg 2048w\" sizes=\"auto, (max-width: 600px) 100vw, 600px\" \/><p id=\"caption-attachment-9101\" class=\"wp-caption-text\">Asabi<\/p><\/div>\n<p>&nbsp;<\/p>\n<p>&nbsp;<\/p>\n<div id=\"attachment_6902\" style=\"width: 610px\" class=\"wp-caption aligncenter\"><img loading=\"lazy\" decoding=\"async\" aria-describedby=\"caption-attachment-6902\" class=\"wp-image-6902\" src=\"http:\/\/www.endless-hills.de\/wp-content\/uploads\/2014\/03\/10744812_779788408746613_1724204598_n.jpg\" alt=\"Ein T\u00f6chterchen fehlt leider auf dem Foto, da sie schon ausgezogen war\" width=\"600\" height=\"400\" srcset=\"https:\/\/www.endless-hills.de\/wp-content\/uploads\/2014\/03\/10744812_779788408746613_1724204598_n.jpg 960w, https:\/\/www.endless-hills.de\/wp-content\/uploads\/2014\/03\/10744812_779788408746613_1724204598_n-300x200.jpg 300w\" sizes=\"auto, (max-width: 600px) 100vw, 600px\" \/><p id=\"caption-attachment-6902\" class=\"wp-caption-text\">Ein T\u00f6chterchen fehlt leider auf dem Foto, da sie schon ausgezogen war<\/p><\/div>\n<p>&nbsp;<\/p>\n<p><a href=\"http:\/\/www.collies-vom-ohetal.de\/welpen.html\" target=\"_blank\" rel=\"noopener\">http:\/\/www.collies-vom-ohetal.de\/welpen.html<\/a><\/p>\n<p>&#8211; Unser Traumbub Nash deckt am 15.02.2014 die wundersch\u00f6ne Fleur Noire du Clos de Marialan. Hieraus sind &nbsp;p\u00fcnktlich zu Ostern bei den Herby`s Dream Collies 8 kleine Flashis geboren! 5\/1 tricolour und 1\/1 blue merle Welpen in herausragender Farbe!<\/p>\n<p>Herby`s Dream Earl Grey, CEA\/PRA\/KAT frei, MDR1 +\/-, DM N\/DM, PRA N\/N, HD &#8211; A1, ED 0!!! Wir sind mega stolz!!!<\/p>\n<p>Sein tricolour farbener Bruder Herby`s Dream Early Bird ist bei uns als Deckr\u00fcde zugelassen!<\/p>\n<div id=\"attachment_9198\" style=\"width: 710px\" class=\"wp-caption aligncenter\"><img loading=\"lazy\" decoding=\"async\" aria-describedby=\"caption-attachment-9198\" class=\"wp-image-9198\" src=\"http:\/\/www.endless-hills.de\/wp-content\/uploads\/2014\/03\/DSC_0797-1024x892.jpg\" alt=\"Finn, 15 Monate hat uns besucht\" width=\"700\" height=\"610\" srcset=\"https:\/\/www.endless-hills.de\/wp-content\/uploads\/2014\/03\/DSC_0797-1024x892.jpg 1024w, https:\/\/www.endless-hills.de\/wp-content\/uploads\/2014\/03\/DSC_0797-300x261.jpg 300w\" sizes=\"auto, (max-width: 700px) 100vw, 700px\" \/><p id=\"caption-attachment-9198\" class=\"wp-caption-text\">Finn, 15 Monate hat uns besucht<\/p><\/div>\n<p>&nbsp;<\/p>\n<p>&nbsp;<\/p>\n<div id=\"attachment_5904\" style=\"width: 310px\" class=\"wp-caption aligncenter\"><img loading=\"lazy\" decoding=\"async\" aria-describedby=\"caption-attachment-5904\" class=\"wp-image-5904 size-medium\" src=\"http:\/\/www.endless-hills.de\/wp-content\/uploads\/2014\/03\/nashbabys-300x199.jpg\" alt=\"Alle Achte\" width=\"300\" height=\"199\" srcset=\"https:\/\/www.endless-hills.de\/wp-content\/uploads\/2014\/03\/nashbabys-300x199.jpg 300w, https:\/\/www.endless-hills.de\/wp-content\/uploads\/2014\/03\/nashbabys.jpg 700w\" sizes=\"auto, (max-width: 300px) 100vw, 300px\" \/><p id=\"caption-attachment-5904\" class=\"wp-caption-text\">Alle Achte<\/p><\/div>\n","protected":false},"excerpt":{"rendered":"<p>&#8211; Nash hielt am 26.07.2015 Hochzeit mit unserer absolut wundervollen Sam. Am 28.09.2015 erblickten hieraus wirklich traumhaft sch\u00f6ne Welpen aus dieser Verbindung das Licht der Welt. 1\/0 bluemerle und 1\/2 tricolour. Siehe N- Wurf &#8211; Am 09.04.2015 deckt er die s\u00fc\u00dfe Weathertop`s Because something beautiful remains. Am 08.06.2015 wurden 1\/1 tricolor und 3\/1 blue merle [&hellip;]<\/p>\n","protected":false},"author":3,"featured_media":0,"parent":3017,"menu_order":1,"comment_status":"closed","ping_status":"closed","template":"","meta":{"ngg_post_thumbnail":0,"footnotes":""},"class_list":["post-5630","page","type-page","status-publish","hentry"],"_links":{"self":[{"href":"https:\/\/www.endless-hills.de\/index.php?rest_route=\/wp\/v2\/pages\/5630","targetHints":{"allow":["GET"]}}],"collection":[{"href":"https:\/\/www.endless-hills.de\/index.php?rest_route=\/wp\/v2\/pages"}],"about":[{"href":"https:\/\/www.endless-hills.de\/index.php?rest_route=\/wp\/v2\/types\/page"}],"author":[{"embeddable":true,"href":"https:\/\/www.endless-hills.de\/index.php?rest_route=\/wp\/v2\/users\/3"}],"replies":[{"embeddable":true,"href":"https:\/\/www.endless-hills.de\/index.php?rest_route=%2Fwp%2Fv2%2Fcomments&post=5630"}],"version-history":[{"count":22,"href":"https:\/\/www.endless-hills.de\/index.php?rest_route=\/wp\/v2\/pages\/5630\/revisions"}],"predecessor-version":[{"id":18889,"href":"https:\/\/www.endless-hills.de\/index.php?rest_route=\/wp\/v2\/pages\/5630\/revisions\/18889"}],"up":[{"embeddable":true,"href":"https:\/\/www.endless-hills.de\/index.php?rest_route=\/wp\/v2\/pages\/3017"}],"wp:attachment":[{"href":"https:\/\/www.endless-hills.de\/index.php?rest_route=%2Fwp%2Fv2%2Fmedia&parent=5630"}],"curies":[{"name":"wp","href":"https:\/\/api.w.org\/{rel}","templated":true}]}}