{"id":5415,"date":"2014-02-12T09:34:21","date_gmt":"2014-02-12T08:34:21","guid":{"rendered":"http:\/\/www.endless-hills.de\/?page_id=5415"},"modified":"2017-05-29T17:28:04","modified_gmt":"2017-05-29T16:28:04","slug":"bonnie-blue-finestra","status":"publish","type":"page","link":"https:\/\/www.endless-hills.de\/?page_id=5415","title":{"rendered":"Bonnie Blue Finestra"},"content":{"rendered":"<p>Blue merle H\u00fcndin (Bitch) &#8211; Fay<\/p>\n<p>geboren am 14. November 2013<\/p>\n<p><span style=\"color: #0000ff;\">CEA\/PRA\/KAT puppytest klinisch frei, MDR1 +\/-, DM N\/N (clear Eltern), CEA gen. +\/- ( Carrier), PRArcd2 N\/N (clear), HD &#8211; A1, vollzahniges Scherengebi\u00df, nat\u00fcrliche Kippohren, K\u00f6rklasse I, Wesenstest mit Bravur gemeistert!<\/span><\/p>\n<p><span style=\"color: #ff0000;\">VV1 <span style=\"color: #000000;\">CAC Dachau<\/span>, bester J\u00fcngster, Bester J\u00fcngster in Show<\/span><\/p>\n<p><span style=\"color: #ff0000;\">VV1 <span style=\"color: #000000;\">in<\/span>\u00a0<span style=\"color: #000000;\">Hirschaid<\/span><\/span><\/p>\n<p><span style=\"color: #ff0000;\">Jugendsieger Karlsruhe 2014<\/span><\/p>\n<p><span style=\"color: #ff0000;\">2 x V1 CACJ<\/span><\/p>\n<p><span style=\"color: #ff0000;\">2 x V1, 1 x CACA, CACIB, BOS<\/span><\/p>\n<p>V2,\u00a0V3,\u00a0V4,\u00a0V<\/p>\n<p><img loading=\"lazy\" decoding=\"async\" class=\"aligncenter wp-image-7252\" src=\"http:\/\/www.endless-hills.de\/wp-content\/uploads\/2014\/02\/DSC_0996-300x254.jpg\" alt=\"DSC_0996\" width=\"700\" height=\"593\" srcset=\"https:\/\/www.endless-hills.de\/wp-content\/uploads\/2014\/02\/DSC_0996-300x254.jpg 300w, https:\/\/www.endless-hills.de\/wp-content\/uploads\/2014\/02\/DSC_0996-1024x867.jpg 1024w\" sizes=\"auto, (max-width: 700px) 100vw, 700px\" \/><\/p>\n<p style=\"text-align: center;\">Social Network macht es m\u00f6glich&#8230;<\/p>\n<p style=\"text-align: center;\">Als ich diesen kleinen blauen Traum sah, war es sofort um mich geschehen! Diese Farbe, genau diese ist es, die man sich bei einem blue merle Collie so sehr w\u00fcnscht! Ich recherchierte, wo dieses s\u00fc\u00dfe Fellkn\u00e4uel denn herkommt. Dank der Hilfe einer Bekannten, die die Besitzerin von Fays (wie wir sie nennen) Vater ist, wurde ich f\u00fcndig.<\/p>\n<p style=\"text-align: center;\">Ich schrieb die Z\u00fcchterin Veronika und Vlasta Bartova an, ob denn ihr Schmuckst\u00fcck zu vergeben w\u00e4re und siehe da:) positive Antwort. Juhuuuu!!! Als ich dann noch von ihren super Gesundheitswerten h\u00f6rte, gab es keine Frage mehr.<\/p>\n<p style=\"text-align: center;\">Auf nach Ostrava. Mitten im Winter in die unendlichen Tiefen Tschechiens&#8230; und was soll ich sagen??? Mehr als 10 Stunden Fahrt und es hat sich voll und ganz gelohnt. Nicht nur dass Fay wundersch\u00f6n ist und mit durchweg positiver Gesundheit aufwarten kann, nein, auch ihr Charakter ist einfach nur rundum bezaubernd! Permanent lustig und fr\u00f6hlich, v\u00f6llig unerschrocken entdecken wir hier nun gemeinsam die ganze Welt!<\/p>\n<p style=\"text-align: center;\">Vielen Dank liebe Vlasta und Veronika f\u00fcr euer Vertrauen, eure liebevolle Aufzucht und F\u00fcrsorge, f\u00fcr all das Positive, dass ihr Fay mitgegeben habt! Wir wissen es sehr zu sch\u00e4tzen, dass euer kleiner Diamant jetzt bei uns leben darf, denn wir sahen genau wie schwer es euch gefallen ist, die Kleine gehen zu lassen. Viele viele Tr\u00e4nen haben uns verraten, wie sehr ihr eure Hunde und Welpen liebt;)<\/p>\n<p style=\"text-align: center;\"><!-- default-view.php -->\n<div\n\tclass=\"ngg-galleryoverview default-view\n\t ngg-ajax-pagination-none\t\"\n\tid=\"ngg-gallery-a82638afa2fa85bf71f4ed07c0170422-1\"\n\tdata-gallery-id=\"112\">\n\n\t\t<!-- Thumbnails -->\n\t\t\t\t<div id=\"ngg-image-0\" class=\"ngg-gallery-thumbnail-box\n\t\t\t\t\t\t\t\tngg-2-columns\t\t\t\"\n\t\t\t>\n\t\t\t\t\t\t<div class=\"ngg-gallery-thumbnail\">\n\t\t\t<a href=\"https:\/\/www.endless-hills.de\/wp-content\/gallery\/bonnie\/DSC_0531.JPG\"\n\t\t\t\ttitle=\"\"\n\t\t\t\tdata-src=\"https:\/\/www.endless-hills.de\/wp-content\/gallery\/bonnie\/DSC_0531.JPG\"\n\t\t\t\tdata-thumbnail=\"https:\/\/www.endless-hills.de\/wp-content\/gallery\/bonnie\/thumbs\/thumbs_DSC_0531.JPG\"\n\t\t\t\tdata-image-id=\"5952\"\n\t\t\t\tdata-title=\"DSC_0531\"\n\t\t\t\tdata-description=\"\"\n\t\t\t\tdata-image-slug=\"dsc_0531-1\"\n\t\t\t\t\t\t\t\t\t\t\t\t\t\t\t\t\t\t\t\tclass=\"shutterset_a82638afa2fa85bf71f4ed07c0170422\">\n\t\t\t\t\t\t\t\t<img\n\t\t\t\t\ttitle=\"DSC_0531\"\n\t\t\t\t\talt=\"DSC_0531\"\n\t\t\t\t\tsrc=\"https:\/\/www.endless-hills.de\/wp-content\/gallery\/bonnie\/thumbs\/thumbs_DSC_0531.JPG\"\n\t\t\t\t\twidth=\"300\"\n\t\t\t\t\theight=\"300\"\n\t\t\t\t\tstyle=\"max-width:100%;\"\n\t\t\t\t\/>\n\t\t\t<\/a>\n\t\t<\/div>\n\t\t\t\t\t\t\t<\/div>\n\t\t\t\n\t\t\t\t<div id=\"ngg-image-1\" class=\"ngg-gallery-thumbnail-box\n\t\t\t\t\t\t\t\tngg-2-columns\t\t\t\"\n\t\t\t>\n\t\t\t\t\t\t<div class=\"ngg-gallery-thumbnail\">\n\t\t\t<a href=\"https:\/\/www.endless-hills.de\/wp-content\/gallery\/bonnie\/DSC_0577.JPG\"\n\t\t\t\ttitle=\" \"\n\t\t\t\tdata-src=\"https:\/\/www.endless-hills.de\/wp-content\/gallery\/bonnie\/DSC_0577.JPG\"\n\t\t\t\tdata-thumbnail=\"https:\/\/www.endless-hills.de\/wp-content\/gallery\/bonnie\/thumbs\/thumbs_DSC_0577.JPG\"\n\t\t\t\tdata-image-id=\"5953\"\n\t\t\t\tdata-title=\"DSC_0577\"\n\t\t\t\tdata-description=\" \"\n\t\t\t\tdata-image-slug=\"dsc_0577\"\n\t\t\t\t\t\t\t\t\t\t\t\t\t\t\t\t\t\t\t\tclass=\"shutterset_a82638afa2fa85bf71f4ed07c0170422\">\n\t\t\t\t\t\t\t\t<img\n\t\t\t\t\ttitle=\"DSC_0577\"\n\t\t\t\t\talt=\"DSC_0577\"\n\t\t\t\t\tsrc=\"https:\/\/www.endless-hills.de\/wp-content\/gallery\/bonnie\/thumbs\/thumbs_DSC_0577.JPG\"\n\t\t\t\t\twidth=\"300\"\n\t\t\t\t\theight=\"300\"\n\t\t\t\t\tstyle=\"max-width:100%;\"\n\t\t\t\t\/>\n\t\t\t<\/a>\n\t\t<\/div>\n\t\t\t\t\t\t\t<\/div>\n\t\t\t\n\t\t\t\t<div id=\"ngg-image-2\" class=\"ngg-gallery-thumbnail-box\n\t\t\t\t\t\t\t\tngg-2-columns\t\t\t\"\n\t\t\t>\n\t\t\t\t\t\t<div class=\"ngg-gallery-thumbnail\">\n\t\t\t<a href=\"https:\/\/www.endless-hills.de\/wp-content\/gallery\/bonnie\/DSC_0639.JPG\"\n\t\t\t\ttitle=\"\"\n\t\t\t\tdata-src=\"https:\/\/www.endless-hills.de\/wp-content\/gallery\/bonnie\/DSC_0639.JPG\"\n\t\t\t\tdata-thumbnail=\"https:\/\/www.endless-hills.de\/wp-content\/gallery\/bonnie\/thumbs\/thumbs_DSC_0639.JPG\"\n\t\t\t\tdata-image-id=\"5627\"\n\t\t\t\tdata-title=\"DSC_0639\"\n\t\t\t\tdata-description=\"\"\n\t\t\t\tdata-image-slug=\"dsc_0639-1\"\n\t\t\t\t\t\t\t\t\t\t\t\t\t\t\t\t\t\t\t\tclass=\"shutterset_a82638afa2fa85bf71f4ed07c0170422\">\n\t\t\t\t\t\t\t\t<img\n\t\t\t\t\ttitle=\"DSC_0639\"\n\t\t\t\t\talt=\"DSC_0639\"\n\t\t\t\t\tsrc=\"https:\/\/www.endless-hills.de\/wp-content\/gallery\/bonnie\/thumbs\/thumbs_DSC_0639.JPG\"\n\t\t\t\t\twidth=\"300\"\n\t\t\t\t\theight=\"300\"\n\t\t\t\t\tstyle=\"max-width:100%;\"\n\t\t\t\t\/>\n\t\t\t<\/a>\n\t\t<\/div>\n\t\t\t\t\t\t\t<\/div>\n\t\t\t\n\t\t\t\t<div id=\"ngg-image-3\" class=\"ngg-gallery-thumbnail-box\n\t\t\t\t\t\t\t\tngg-2-columns\t\t\t\"\n\t\t\t>\n\t\t\t\t\t\t<div class=\"ngg-gallery-thumbnail\">\n\t\t\t<a href=\"https:\/\/www.endless-hills.de\/wp-content\/gallery\/bonnie\/DSC_0638.JPG\"\n\t\t\t\ttitle=\" \"\n\t\t\t\tdata-src=\"https:\/\/www.endless-hills.de\/wp-content\/gallery\/bonnie\/DSC_0638.JPG\"\n\t\t\t\tdata-thumbnail=\"https:\/\/www.endless-hills.de\/wp-content\/gallery\/bonnie\/thumbs\/thumbs_DSC_0638.JPG\"\n\t\t\t\tdata-image-id=\"5626\"\n\t\t\t\tdata-title=\"DSC_0638\"\n\t\t\t\tdata-description=\" \"\n\t\t\t\tdata-image-slug=\"dsc_0638\"\n\t\t\t\t\t\t\t\t\t\t\t\t\t\t\t\t\t\t\t\tclass=\"shutterset_a82638afa2fa85bf71f4ed07c0170422\">\n\t\t\t\t\t\t\t\t<img\n\t\t\t\t\ttitle=\"DSC_0638\"\n\t\t\t\t\talt=\"DSC_0638\"\n\t\t\t\t\tsrc=\"https:\/\/www.endless-hills.de\/wp-content\/gallery\/bonnie\/thumbs\/thumbs_DSC_0638.JPG\"\n\t\t\t\t\twidth=\"300\"\n\t\t\t\t\theight=\"300\"\n\t\t\t\t\tstyle=\"max-width:100%;\"\n\t\t\t\t\/>\n\t\t\t<\/a>\n\t\t<\/div>\n\t\t\t\t\t\t\t<\/div>\n\t\t\t\n\t\t\t\t<div id=\"ngg-image-4\" class=\"ngg-gallery-thumbnail-box\n\t\t\t\t\t\t\t\tngg-2-columns\t\t\t\"\n\t\t\t>\n\t\t\t\t\t\t<div class=\"ngg-gallery-thumbnail\">\n\t\t\t<a href=\"https:\/\/www.endless-hills.de\/wp-content\/gallery\/bonnie\/DSC_0640.JPG\"\n\t\t\t\ttitle=\" \"\n\t\t\t\tdata-src=\"https:\/\/www.endless-hills.de\/wp-content\/gallery\/bonnie\/DSC_0640.JPG\"\n\t\t\t\tdata-thumbnail=\"https:\/\/www.endless-hills.de\/wp-content\/gallery\/bonnie\/thumbs\/thumbs_DSC_0640.JPG\"\n\t\t\t\tdata-image-id=\"5628\"\n\t\t\t\tdata-title=\"DSC_0640\"\n\t\t\t\tdata-description=\" \"\n\t\t\t\tdata-image-slug=\"dsc_0640-1\"\n\t\t\t\t\t\t\t\t\t\t\t\t\t\t\t\t\t\t\t\tclass=\"shutterset_a82638afa2fa85bf71f4ed07c0170422\">\n\t\t\t\t\t\t\t\t<img\n\t\t\t\t\ttitle=\"DSC_0640\"\n\t\t\t\t\talt=\"DSC_0640\"\n\t\t\t\t\tsrc=\"https:\/\/www.endless-hills.de\/wp-content\/gallery\/bonnie\/thumbs\/thumbs_DSC_0640.JPG\"\n\t\t\t\t\twidth=\"300\"\n\t\t\t\t\theight=\"300\"\n\t\t\t\t\tstyle=\"max-width:100%;\"\n\t\t\t\t\/>\n\t\t\t<\/a>\n\t\t<\/div>\n\t\t\t\t\t\t\t<\/div>\n\t\t\t\n\t\t\t\t<div id=\"ngg-image-5\" class=\"ngg-gallery-thumbnail-box\n\t\t\t\t\t\t\t\tngg-2-columns\t\t\t\"\n\t\t\t>\n\t\t\t\t\t\t<div class=\"ngg-gallery-thumbnail\">\n\t\t\t<a href=\"https:\/\/www.endless-hills.de\/wp-content\/gallery\/bonnie\/DSC_0641.JPG\"\n\t\t\t\ttitle=\" \"\n\t\t\t\tdata-src=\"https:\/\/www.endless-hills.de\/wp-content\/gallery\/bonnie\/DSC_0641.JPG\"\n\t\t\t\tdata-thumbnail=\"https:\/\/www.endless-hills.de\/wp-content\/gallery\/bonnie\/thumbs\/thumbs_DSC_0641.JPG\"\n\t\t\t\tdata-image-id=\"5629\"\n\t\t\t\tdata-title=\"DSC_0641\"\n\t\t\t\tdata-description=\" \"\n\t\t\t\tdata-image-slug=\"dsc_0641\"\n\t\t\t\t\t\t\t\t\t\t\t\t\t\t\t\t\t\t\t\tclass=\"shutterset_a82638afa2fa85bf71f4ed07c0170422\">\n\t\t\t\t\t\t\t\t<img\n\t\t\t\t\ttitle=\"DSC_0641\"\n\t\t\t\t\talt=\"DSC_0641\"\n\t\t\t\t\tsrc=\"https:\/\/www.endless-hills.de\/wp-content\/gallery\/bonnie\/thumbs\/thumbs_DSC_0641.JPG\"\n\t\t\t\t\twidth=\"300\"\n\t\t\t\t\theight=\"300\"\n\t\t\t\t\tstyle=\"max-width:100%;\"\n\t\t\t\t\/>\n\t\t\t<\/a>\n\t\t<\/div>\n\t\t\t\t\t\t\t<\/div>\n\t\t\t\n\t\t\t\t<div id=\"ngg-image-6\" class=\"ngg-gallery-thumbnail-box\n\t\t\t\t\t\t\t\tngg-2-columns\t\t\t\"\n\t\t\t>\n\t\t\t\t\t\t<div class=\"ngg-gallery-thumbnail\">\n\t\t\t<a href=\"https:\/\/www.endless-hills.de\/wp-content\/gallery\/bonnie\/DSC_0443.JPG\"\n\t\t\t\ttitle=\"\"\n\t\t\t\tdata-src=\"https:\/\/www.endless-hills.de\/wp-content\/gallery\/bonnie\/DSC_0443.JPG\"\n\t\t\t\tdata-thumbnail=\"https:\/\/www.endless-hills.de\/wp-content\/gallery\/bonnie\/thumbs\/thumbs_DSC_0443.JPG\"\n\t\t\t\tdata-image-id=\"5590\"\n\t\t\t\tdata-title=\"DSC_0443\"\n\t\t\t\tdata-description=\"\"\n\t\t\t\tdata-image-slug=\"dsc_0443-1\"\n\t\t\t\t\t\t\t\t\t\t\t\t\t\t\t\t\t\t\t\tclass=\"shutterset_a82638afa2fa85bf71f4ed07c0170422\">\n\t\t\t\t\t\t\t\t<img\n\t\t\t\t\ttitle=\"DSC_0443\"\n\t\t\t\t\talt=\"DSC_0443\"\n\t\t\t\t\tsrc=\"https:\/\/www.endless-hills.de\/wp-content\/gallery\/bonnie\/thumbs\/thumbs_DSC_0443.JPG\"\n\t\t\t\t\twidth=\"300\"\n\t\t\t\t\theight=\"300\"\n\t\t\t\t\tstyle=\"max-width:100%;\"\n\t\t\t\t\/>\n\t\t\t<\/a>\n\t\t<\/div>\n\t\t\t\t\t\t\t<\/div>\n\t\t\t\n\t\t\t\t<div id=\"ngg-image-7\" class=\"ngg-gallery-thumbnail-box\n\t\t\t\t\t\t\t\tngg-2-columns\t\t\t\"\n\t\t\t>\n\t\t\t\t\t\t<div class=\"ngg-gallery-thumbnail\">\n\t\t\t<a href=\"https:\/\/www.endless-hills.de\/wp-content\/gallery\/bonnie\/DSC_0471.JPG\"\n\t\t\t\ttitle=\" \"\n\t\t\t\tdata-src=\"https:\/\/www.endless-hills.de\/wp-content\/gallery\/bonnie\/DSC_0471.JPG\"\n\t\t\t\tdata-thumbnail=\"https:\/\/www.endless-hills.de\/wp-content\/gallery\/bonnie\/thumbs\/thumbs_DSC_0471.JPG\"\n\t\t\t\tdata-image-id=\"5591\"\n\t\t\t\tdata-title=\"DSC_0471\"\n\t\t\t\tdata-description=\" \"\n\t\t\t\tdata-image-slug=\"dsc_0471-1\"\n\t\t\t\t\t\t\t\t\t\t\t\t\t\t\t\t\t\t\t\tclass=\"shutterset_a82638afa2fa85bf71f4ed07c0170422\">\n\t\t\t\t\t\t\t\t<img\n\t\t\t\t\ttitle=\"DSC_0471\"\n\t\t\t\t\talt=\"DSC_0471\"\n\t\t\t\t\tsrc=\"https:\/\/www.endless-hills.de\/wp-content\/gallery\/bonnie\/thumbs\/thumbs_DSC_0471.JPG\"\n\t\t\t\t\twidth=\"300\"\n\t\t\t\t\theight=\"300\"\n\t\t\t\t\tstyle=\"max-width:100%;\"\n\t\t\t\t\/>\n\t\t\t<\/a>\n\t\t<\/div>\n\t\t\t\t\t\t\t<\/div>\n\t\t\t\n\t\t\t\t<div id=\"ngg-image-8\" class=\"ngg-gallery-thumbnail-box\n\t\t\t\t\t\t\t\tngg-2-columns\t\t\t\"\n\t\t\t>\n\t\t\t\t\t\t<div class=\"ngg-gallery-thumbnail\">\n\t\t\t<a href=\"https:\/\/www.endless-hills.de\/wp-content\/gallery\/bonnie\/DSC_0473.JPG\"\n\t\t\t\ttitle=\" \"\n\t\t\t\tdata-src=\"https:\/\/www.endless-hills.de\/wp-content\/gallery\/bonnie\/DSC_0473.JPG\"\n\t\t\t\tdata-thumbnail=\"https:\/\/www.endless-hills.de\/wp-content\/gallery\/bonnie\/thumbs\/thumbs_DSC_0473.JPG\"\n\t\t\t\tdata-image-id=\"5592\"\n\t\t\t\tdata-title=\"DSC_0473\"\n\t\t\t\tdata-description=\" \"\n\t\t\t\tdata-image-slug=\"dsc_0473-1\"\n\t\t\t\t\t\t\t\t\t\t\t\t\t\t\t\t\t\t\t\tclass=\"shutterset_a82638afa2fa85bf71f4ed07c0170422\">\n\t\t\t\t\t\t\t\t<img\n\t\t\t\t\ttitle=\"DSC_0473\"\n\t\t\t\t\talt=\"DSC_0473\"\n\t\t\t\t\tsrc=\"https:\/\/www.endless-hills.de\/wp-content\/gallery\/bonnie\/thumbs\/thumbs_DSC_0473.JPG\"\n\t\t\t\t\twidth=\"300\"\n\t\t\t\t\theight=\"300\"\n\t\t\t\t\tstyle=\"max-width:100%;\"\n\t\t\t\t\/>\n\t\t\t<\/a>\n\t\t<\/div>\n\t\t\t\t\t\t\t<\/div>\n\t\t\t\n\t\t\t\t<div id=\"ngg-image-9\" class=\"ngg-gallery-thumbnail-box\n\t\t\t\t\t\t\t\tngg-2-columns\t\t\t\"\n\t\t\t>\n\t\t\t\t\t\t<div class=\"ngg-gallery-thumbnail\">\n\t\t\t<a href=\"https:\/\/www.endless-hills.de\/wp-content\/gallery\/bonnie\/dsc_0380.jpg\"\n\t\t\t\ttitle=\"\"\n\t\t\t\tdata-src=\"https:\/\/www.endless-hills.de\/wp-content\/gallery\/bonnie\/dsc_0380.jpg\"\n\t\t\t\tdata-thumbnail=\"https:\/\/www.endless-hills.de\/wp-content\/gallery\/bonnie\/thumbs\/thumbs_dsc_0380.jpg\"\n\t\t\t\tdata-image-id=\"5328\"\n\t\t\t\tdata-title=\"dsc_0380\"\n\t\t\t\tdata-description=\"\"\n\t\t\t\tdata-image-slug=\"dsc_0380-2\"\n\t\t\t\t\t\t\t\t\t\t\t\t\t\t\t\t\t\t\t\tclass=\"shutterset_a82638afa2fa85bf71f4ed07c0170422\">\n\t\t\t\t\t\t\t\t<img\n\t\t\t\t\ttitle=\"dsc_0380\"\n\t\t\t\t\talt=\"dsc_0380\"\n\t\t\t\t\tsrc=\"https:\/\/www.endless-hills.de\/wp-content\/gallery\/bonnie\/thumbs\/thumbs_dsc_0380.jpg\"\n\t\t\t\t\twidth=\"300\"\n\t\t\t\t\theight=\"300\"\n\t\t\t\t\tstyle=\"max-width:100%;\"\n\t\t\t\t\/>\n\t\t\t<\/a>\n\t\t<\/div>\n\t\t\t\t\t\t\t<\/div>\n\t\t\t\n\t\t\t\t<div id=\"ngg-image-10\" class=\"ngg-gallery-thumbnail-box\n\t\t\t\t\t\t\t\tngg-2-columns\t\t\t\"\n\t\t\t>\n\t\t\t\t\t\t<div class=\"ngg-gallery-thumbnail\">\n\t\t\t<a href=\"https:\/\/www.endless-hills.de\/wp-content\/gallery\/bonnie\/dsc_0370.jpg\"\n\t\t\t\ttitle=\" \"\n\t\t\t\tdata-src=\"https:\/\/www.endless-hills.de\/wp-content\/gallery\/bonnie\/dsc_0370.jpg\"\n\t\t\t\tdata-thumbnail=\"https:\/\/www.endless-hills.de\/wp-content\/gallery\/bonnie\/thumbs\/thumbs_dsc_0370.jpg\"\n\t\t\t\tdata-image-id=\"5325\"\n\t\t\t\tdata-title=\"dsc_0370\"\n\t\t\t\tdata-description=\" \"\n\t\t\t\tdata-image-slug=\"dsc_0370\"\n\t\t\t\t\t\t\t\t\t\t\t\t\t\t\t\t\t\t\t\tclass=\"shutterset_a82638afa2fa85bf71f4ed07c0170422\">\n\t\t\t\t\t\t\t\t<img\n\t\t\t\t\ttitle=\"dsc_0370\"\n\t\t\t\t\talt=\"dsc_0370\"\n\t\t\t\t\tsrc=\"https:\/\/www.endless-hills.de\/wp-content\/gallery\/bonnie\/thumbs\/thumbs_dsc_0370.jpg\"\n\t\t\t\t\twidth=\"300\"\n\t\t\t\t\theight=\"300\"\n\t\t\t\t\tstyle=\"max-width:100%;\"\n\t\t\t\t\/>\n\t\t\t<\/a>\n\t\t<\/div>\n\t\t\t\t\t\t\t<\/div>\n\t\t\t\n\t\t\t\t<div id=\"ngg-image-11\" class=\"ngg-gallery-thumbnail-box\n\t\t\t\t\t\t\t\tngg-2-columns\t\t\t\"\n\t\t\t>\n\t\t\t\t\t\t<div class=\"ngg-gallery-thumbnail\">\n\t\t\t<a href=\"https:\/\/www.endless-hills.de\/wp-content\/gallery\/bonnie\/dsc_0375.jpg\"\n\t\t\t\ttitle=\" \"\n\t\t\t\tdata-src=\"https:\/\/www.endless-hills.de\/wp-content\/gallery\/bonnie\/dsc_0375.jpg\"\n\t\t\t\tdata-thumbnail=\"https:\/\/www.endless-hills.de\/wp-content\/gallery\/bonnie\/thumbs\/thumbs_dsc_0375.jpg\"\n\t\t\t\tdata-image-id=\"5326\"\n\t\t\t\tdata-title=\"dsc_0375\"\n\t\t\t\tdata-description=\" \"\n\t\t\t\tdata-image-slug=\"dsc_0375\"\n\t\t\t\t\t\t\t\t\t\t\t\t\t\t\t\t\t\t\t\tclass=\"shutterset_a82638afa2fa85bf71f4ed07c0170422\">\n\t\t\t\t\t\t\t\t<img\n\t\t\t\t\ttitle=\"dsc_0375\"\n\t\t\t\t\talt=\"dsc_0375\"\n\t\t\t\t\tsrc=\"https:\/\/www.endless-hills.de\/wp-content\/gallery\/bonnie\/thumbs\/thumbs_dsc_0375.jpg\"\n\t\t\t\t\twidth=\"300\"\n\t\t\t\t\theight=\"300\"\n\t\t\t\t\tstyle=\"max-width:100%;\"\n\t\t\t\t\/>\n\t\t\t<\/a>\n\t\t<\/div>\n\t\t\t\t\t\t\t<\/div>\n\t\t\t\n\t\t\t\t<div id=\"ngg-image-12\" class=\"ngg-gallery-thumbnail-box\n\t\t\t\t\t\t\t\tngg-2-columns\t\t\t\"\n\t\t\t>\n\t\t\t\t\t\t<div class=\"ngg-gallery-thumbnail\">\n\t\t\t<a href=\"https:\/\/www.endless-hills.de\/wp-content\/gallery\/bonnie\/dsc_0387.jpg\"\n\t\t\t\ttitle=\" \"\n\t\t\t\tdata-src=\"https:\/\/www.endless-hills.de\/wp-content\/gallery\/bonnie\/dsc_0387.jpg\"\n\t\t\t\tdata-thumbnail=\"https:\/\/www.endless-hills.de\/wp-content\/gallery\/bonnie\/thumbs\/thumbs_dsc_0387.jpg\"\n\t\t\t\tdata-image-id=\"5329\"\n\t\t\t\tdata-title=\"dsc_0387\"\n\t\t\t\tdata-description=\" \"\n\t\t\t\tdata-image-slug=\"dsc_0387\"\n\t\t\t\t\t\t\t\t\t\t\t\t\t\t\t\t\t\t\t\tclass=\"shutterset_a82638afa2fa85bf71f4ed07c0170422\">\n\t\t\t\t\t\t\t\t<img\n\t\t\t\t\ttitle=\"dsc_0387\"\n\t\t\t\t\talt=\"dsc_0387\"\n\t\t\t\t\tsrc=\"https:\/\/www.endless-hills.de\/wp-content\/gallery\/bonnie\/thumbs\/thumbs_dsc_0387.jpg\"\n\t\t\t\t\twidth=\"300\"\n\t\t\t\t\theight=\"300\"\n\t\t\t\t\tstyle=\"max-width:100%;\"\n\t\t\t\t\/>\n\t\t\t<\/a>\n\t\t<\/div>\n\t\t\t\t\t\t\t<\/div>\n\t\t\t\n\t\t\t\t<div id=\"ngg-image-13\" class=\"ngg-gallery-thumbnail-box\n\t\t\t\t\t\t\t\tngg-2-columns\t\t\t\"\n\t\t\t>\n\t\t\t\t\t\t<div class=\"ngg-gallery-thumbnail\">\n\t\t\t<a href=\"https:\/\/www.endless-hills.de\/wp-content\/gallery\/bonnie\/dsc_0379.jpg\"\n\t\t\t\ttitle=\" \"\n\t\t\t\tdata-src=\"https:\/\/www.endless-hills.de\/wp-content\/gallery\/bonnie\/dsc_0379.jpg\"\n\t\t\t\tdata-thumbnail=\"https:\/\/www.endless-hills.de\/wp-content\/gallery\/bonnie\/thumbs\/thumbs_dsc_0379.jpg\"\n\t\t\t\tdata-image-id=\"5327\"\n\t\t\t\tdata-title=\"dsc_0379\"\n\t\t\t\tdata-description=\" \"\n\t\t\t\tdata-image-slug=\"dsc_0379-2\"\n\t\t\t\t\t\t\t\t\t\t\t\t\t\t\t\t\t\t\t\tclass=\"shutterset_a82638afa2fa85bf71f4ed07c0170422\">\n\t\t\t\t\t\t\t\t<img\n\t\t\t\t\ttitle=\"dsc_0379\"\n\t\t\t\t\talt=\"dsc_0379\"\n\t\t\t\t\tsrc=\"https:\/\/www.endless-hills.de\/wp-content\/gallery\/bonnie\/thumbs\/thumbs_dsc_0379.jpg\"\n\t\t\t\t\twidth=\"300\"\n\t\t\t\t\theight=\"300\"\n\t\t\t\t\tstyle=\"max-width:100%;\"\n\t\t\t\t\/>\n\t\t\t<\/a>\n\t\t<\/div>\n\t\t\t\t\t\t\t<\/div>\n\t\t\t\n\t\t\t\t<div id=\"ngg-image-14\" class=\"ngg-gallery-thumbnail-box\n\t\t\t\t\t\t\t\tngg-2-columns\t\t\t\"\n\t\t\t>\n\t\t\t\t\t\t<div class=\"ngg-gallery-thumbnail\">\n\t\t\t<a href=\"https:\/\/www.endless-hills.de\/wp-content\/gallery\/bonnie\/dsc_0389.jpg\"\n\t\t\t\ttitle=\" \"\n\t\t\t\tdata-src=\"https:\/\/www.endless-hills.de\/wp-content\/gallery\/bonnie\/dsc_0389.jpg\"\n\t\t\t\tdata-thumbnail=\"https:\/\/www.endless-hills.de\/wp-content\/gallery\/bonnie\/thumbs\/thumbs_dsc_0389.jpg\"\n\t\t\t\tdata-image-id=\"5330\"\n\t\t\t\tdata-title=\"dsc_0389\"\n\t\t\t\tdata-description=\" \"\n\t\t\t\tdata-image-slug=\"dsc_0389\"\n\t\t\t\t\t\t\t\t\t\t\t\t\t\t\t\t\t\t\t\tclass=\"shutterset_a82638afa2fa85bf71f4ed07c0170422\">\n\t\t\t\t\t\t\t\t<img\n\t\t\t\t\ttitle=\"dsc_0389\"\n\t\t\t\t\talt=\"dsc_0389\"\n\t\t\t\t\tsrc=\"https:\/\/www.endless-hills.de\/wp-content\/gallery\/bonnie\/thumbs\/thumbs_dsc_0389.jpg\"\n\t\t\t\t\twidth=\"300\"\n\t\t\t\t\theight=\"300\"\n\t\t\t\t\tstyle=\"max-width:100%;\"\n\t\t\t\t\/>\n\t\t\t<\/a>\n\t\t<\/div>\n\t\t\t\t\t\t\t<\/div>\n\t\t\t\n\t\t\t\t<div id=\"ngg-image-15\" class=\"ngg-gallery-thumbnail-box\n\t\t\t\t\t\t\t\tngg-2-columns\t\t\t\"\n\t\t\t>\n\t\t\t\t\t\t<div class=\"ngg-gallery-thumbnail\">\n\t\t\t<a href=\"https:\/\/www.endless-hills.de\/wp-content\/gallery\/bonnie\/dsc_1088.jpg\"\n\t\t\t\ttitle=\" \"\n\t\t\t\tdata-src=\"https:\/\/www.endless-hills.de\/wp-content\/gallery\/bonnie\/dsc_1088.jpg\"\n\t\t\t\tdata-thumbnail=\"https:\/\/www.endless-hills.de\/wp-content\/gallery\/bonnie\/thumbs\/thumbs_dsc_1088.jpg\"\n\t\t\t\tdata-image-id=\"5261\"\n\t\t\t\tdata-title=\"dsc_1088\"\n\t\t\t\tdata-description=\" \"\n\t\t\t\tdata-image-slug=\"dsc_1088-3\"\n\t\t\t\t\t\t\t\t\t\t\t\t\t\t\t\t\t\t\t\tclass=\"shutterset_a82638afa2fa85bf71f4ed07c0170422\">\n\t\t\t\t\t\t\t\t<img\n\t\t\t\t\ttitle=\"dsc_1088\"\n\t\t\t\t\talt=\"dsc_1088\"\n\t\t\t\t\tsrc=\"https:\/\/www.endless-hills.de\/wp-content\/gallery\/bonnie\/thumbs\/thumbs_dsc_1088.jpg\"\n\t\t\t\t\twidth=\"300\"\n\t\t\t\t\theight=\"300\"\n\t\t\t\t\tstyle=\"max-width:100%;\"\n\t\t\t\t\/>\n\t\t\t<\/a>\n\t\t<\/div>\n\t\t\t\t\t\t\t<\/div>\n\t\t\t\n\t\t\t\t<div id=\"ngg-image-16\" class=\"ngg-gallery-thumbnail-box\n\t\t\t\t\t\t\t\tngg-2-columns\t\t\t\"\n\t\t\t>\n\t\t\t\t\t\t<div class=\"ngg-gallery-thumbnail\">\n\t\t\t<a href=\"https:\/\/www.endless-hills.de\/wp-content\/gallery\/bonnie\/dsc_1089.jpg\"\n\t\t\t\ttitle=\" \"\n\t\t\t\tdata-src=\"https:\/\/www.endless-hills.de\/wp-content\/gallery\/bonnie\/dsc_1089.jpg\"\n\t\t\t\tdata-thumbnail=\"https:\/\/www.endless-hills.de\/wp-content\/gallery\/bonnie\/thumbs\/thumbs_dsc_1089.jpg\"\n\t\t\t\tdata-image-id=\"5262\"\n\t\t\t\tdata-title=\"dsc_1089\"\n\t\t\t\tdata-description=\" \"\n\t\t\t\tdata-image-slug=\"dsc_1089-2\"\n\t\t\t\t\t\t\t\t\t\t\t\t\t\t\t\t\t\t\t\tclass=\"shutterset_a82638afa2fa85bf71f4ed07c0170422\">\n\t\t\t\t\t\t\t\t<img\n\t\t\t\t\ttitle=\"dsc_1089\"\n\t\t\t\t\talt=\"dsc_1089\"\n\t\t\t\t\tsrc=\"https:\/\/www.endless-hills.de\/wp-content\/gallery\/bonnie\/thumbs\/thumbs_dsc_1089.jpg\"\n\t\t\t\t\twidth=\"300\"\n\t\t\t\t\theight=\"300\"\n\t\t\t\t\tstyle=\"max-width:100%;\"\n\t\t\t\t\/>\n\t\t\t<\/a>\n\t\t<\/div>\n\t\t\t\t\t\t\t<\/div>\n\t\t\t\n\t\t\t\t<div id=\"ngg-image-17\" class=\"ngg-gallery-thumbnail-box\n\t\t\t\t\t\t\t\tngg-2-columns\t\t\t\"\n\t\t\t>\n\t\t\t\t\t\t<div class=\"ngg-gallery-thumbnail\">\n\t\t\t<a href=\"https:\/\/www.endless-hills.de\/wp-content\/gallery\/bonnie\/dsc_1143.jpg\"\n\t\t\t\ttitle=\" \"\n\t\t\t\tdata-src=\"https:\/\/www.endless-hills.de\/wp-content\/gallery\/bonnie\/dsc_1143.jpg\"\n\t\t\t\tdata-thumbnail=\"https:\/\/www.endless-hills.de\/wp-content\/gallery\/bonnie\/thumbs\/thumbs_dsc_1143.jpg\"\n\t\t\t\tdata-image-id=\"5264\"\n\t\t\t\tdata-title=\"dsc_1143\"\n\t\t\t\tdata-description=\" \"\n\t\t\t\tdata-image-slug=\"dsc_1143-3\"\n\t\t\t\t\t\t\t\t\t\t\t\t\t\t\t\t\t\t\t\tclass=\"shutterset_a82638afa2fa85bf71f4ed07c0170422\">\n\t\t\t\t\t\t\t\t<img\n\t\t\t\t\ttitle=\"dsc_1143\"\n\t\t\t\t\talt=\"dsc_1143\"\n\t\t\t\t\tsrc=\"https:\/\/www.endless-hills.de\/wp-content\/gallery\/bonnie\/thumbs\/thumbs_dsc_1143.jpg\"\n\t\t\t\t\twidth=\"300\"\n\t\t\t\t\theight=\"300\"\n\t\t\t\t\tstyle=\"max-width:100%;\"\n\t\t\t\t\/>\n\t\t\t<\/a>\n\t\t<\/div>\n\t\t\t\t\t\t\t<\/div>\n\t\t\t\n\t\n\t<br style=\"clear: both\" \/>\n\n\t\t<div class=\"slideshowlink\">\n\t\t<a href='https:\/\/www.endless-hills.de\/index.php\/nggallery\/slideshow?page_id=5415'>[Zeige als Diashow]<\/a>\n\n\t<\/div>\n\t\n\t\t<!-- Pagination -->\n\t\t<div class='ngg-clear'><\/div>\t<\/div>\n<\/p>\n","protected":false},"excerpt":{"rendered":"<p>Blue merle H\u00fcndin (Bitch) &#8211; Fay geboren am 14. November 2013 CEA\/PRA\/KAT puppytest klinisch frei, MDR1 +\/-, DM N\/N (clear Eltern), CEA gen. +\/- ( Carrier), PRArcd2 N\/N (clear), HD &#8211; A1, vollzahniges Scherengebi\u00df, nat\u00fcrliche Kippohren, K\u00f6rklasse I, Wesenstest mit Bravur gemeistert! VV1 CAC Dachau, bester J\u00fcngster, Bester J\u00fcngster in Show VV1 in\u00a0Hirschaid Jugendsieger Karlsruhe [&hellip;]<\/p>\n","protected":false},"author":3,"featured_media":0,"parent":4669,"menu_order":6,"comment_status":"closed","ping_status":"closed","template":"","meta":{"ngg_post_thumbnail":0,"footnotes":""},"class_list":["post-5415","page","type-page","status-publish","hentry"],"_links":{"self":[{"href":"https:\/\/www.endless-hills.de\/index.php?rest_route=\/wp\/v2\/pages\/5415","targetHints":{"allow":["GET"]}}],"collection":[{"href":"https:\/\/www.endless-hills.de\/index.php?rest_route=\/wp\/v2\/pages"}],"about":[{"href":"https:\/\/www.endless-hills.de\/index.php?rest_route=\/wp\/v2\/types\/page"}],"author":[{"embeddable":true,"href":"https:\/\/www.endless-hills.de\/index.php?rest_route=\/wp\/v2\/users\/3"}],"replies":[{"embeddable":true,"href":"https:\/\/www.endless-hills.de\/index.php?rest_route=%2Fwp%2Fv2%2Fcomments&post=5415"}],"version-history":[{"count":23,"href":"https:\/\/www.endless-hills.de\/index.php?rest_route=\/wp\/v2\/pages\/5415\/revisions"}],"predecessor-version":[{"id":13834,"href":"https:\/\/www.endless-hills.de\/index.php?rest_route=\/wp\/v2\/pages\/5415\/revisions\/13834"}],"up":[{"embeddable":true,"href":"https:\/\/www.endless-hills.de\/index.php?rest_route=\/wp\/v2\/pages\/4669"}],"wp:attachment":[{"href":"https:\/\/www.endless-hills.de\/index.php?rest_route=%2Fwp%2Fv2%2Fmedia&parent=5415"}],"curies":[{"name":"wp","href":"https:\/\/api.w.org\/{rel}","templated":true}]}}