{"id":5138,"date":"2013-11-24T13:56:27","date_gmt":"2013-11-24T12:56:27","guid":{"rendered":"http:\/\/www.endless-hills.de\/?page_id=5138"},"modified":"2014-05-26T19:11:33","modified_gmt":"2014-05-26T18:11:33","slug":"aktueller-j-wurf","status":"publish","type":"page","link":"https:\/\/www.endless-hills.de\/?page_id=5138","title":{"rendered":"D-Wurf"},"content":{"rendered":"<h3 style=\"text-align: center;\"><span style=\"color: #0000ff;\">Wir haben seit 16. M\u00e4rz 2014\u00a0Sheltie\u00a0Welpen in dark sable<\/span><\/h3>\n<p style=\"text-align: center;\">Unsere Sonntagskinder sind vier R\u00fcden und eine H\u00fcndin mit stattlichen Geburtsgewichten von 234-273 g<\/p>\n<p style=\"text-align: center;\">Bilder in den Namensgalerien<\/p>\n<p style=\"text-align: center;\"><span style=\"line-height: 1.5em;\">+++<\/span><\/p>\n<h3 style=\"text-align: center;\"><span style=\"color: #0000ff;\">Verpaarung<\/span><\/h3>\n<p style=\"text-align: center;\"><img loading=\"lazy\" decoding=\"async\" class=\"aligncenter  wp-image-5473\" src=\"http:\/\/www.endless-hills.de\/wp-content\/uploads\/2012\/10\/sissid3.jpg\" alt=\"sissid3\" width=\"659\" height=\"330\" srcset=\"https:\/\/www.endless-hills.de\/wp-content\/uploads\/2012\/10\/sissid3.jpg 941w, https:\/\/www.endless-hills.de\/wp-content\/uploads\/2012\/10\/sissid3-300x150.jpg 300w\" sizes=\"auto, (max-width: 659px) 100vw, 659px\" \/><\/p>\n<h4 style=\"text-align: center;\"><span style=\"color: #ff0000;\">A touch of Angus from Strawberry Country (Muffin)<\/span><\/h4>\n<p style=\"text-align: center;\">CEA\/PRA\/KAT und Kolobom frei puppy test, CEA gen. normal \/ frei (Slovgen), MDR1 +\/+,\u00a0 nat\u00fcrliche Kippohren, HD \u2013 A, Gr\u00f6\u00dfe 38cm, K\u00f6rklasse 1,\u00a0<a href=\"http:\/\/www.endless-hills.de\/wp-content\/uploads\/2013\/04\/CEA-gen-Protocol.pdf\">CEA gen free Protocol<\/a><\/p>\n<p style=\"text-align: center;\">x<\/p>\n<h4 style=\"text-align: center;\"><span style=\"color: #ff0000;\">Deutscher Jgd. Champion Grande Princesse de Baviere des Romarins de Mayerling (Sissi)<\/span><\/h4>\n<p style=\"text-align: center;\">CEA\/PRA\/KAT und Kolobom frei mit 12 Monaten, PRA\/KAT\u00a0 frei puppy test DOK, gen. carrier (lt. Genomia), MDR1 +\/-,\u00a0 nat\u00fcrliche Kippohren, \u00a0HD \u2013 A, Gr\u00f6\u00dfe 35 cm<\/p>\n<p style=\"text-align: center;\">* * * *<\/p>\n<p style=\"text-align: center;\"><strong>Sie haben Interesse an einem unserer Welpen ?<\/strong><\/p>\n<p style=\"text-align: center;\"><strong><span style=\"color: #000080;\"><span style=\"color: #000080;\"><a title=\"Kontakt\" href=\"http:\/\/www.endless-hills.de\/?page_id=168\">Nehmen Sie einfach Kontakt mit uns auf.<\/a>\u00a0 Wir freuen uns auf Ihren Anruf.<\/span><\/span><\/strong><\/p>\n","protected":false},"excerpt":{"rendered":"<p>Wir haben seit 16. M\u00e4rz 2014\u00a0Sheltie\u00a0Welpen in dark sable Unsere Sonntagskinder sind vier R\u00fcden und eine H\u00fcndin mit stattlichen Geburtsgewichten von 234-273 g Bilder in den Namensgalerien +++ Verpaarung A touch of Angus from Strawberry Country (Muffin) CEA\/PRA\/KAT und Kolobom frei puppy test, CEA gen. normal \/ frei (Slovgen), MDR1 +\/+,\u00a0 nat\u00fcrliche Kippohren, HD \u2013 [&hellip;]<\/p>\n","protected":false},"author":3,"featured_media":0,"parent":3851,"menu_order":5,"comment_status":"closed","ping_status":"closed","template":"","meta":{"ngg_post_thumbnail":0,"footnotes":""},"class_list":["post-5138","page","type-page","status-publish","hentry"],"_links":{"self":[{"href":"https:\/\/www.endless-hills.de\/index.php?rest_route=\/wp\/v2\/pages\/5138","targetHints":{"allow":["GET"]}}],"collection":[{"href":"https:\/\/www.endless-hills.de\/index.php?rest_route=\/wp\/v2\/pages"}],"about":[{"href":"https:\/\/www.endless-hills.de\/index.php?rest_route=\/wp\/v2\/types\/page"}],"author":[{"embeddable":true,"href":"https:\/\/www.endless-hills.de\/index.php?rest_route=\/wp\/v2\/users\/3"}],"replies":[{"embeddable":true,"href":"https:\/\/www.endless-hills.de\/index.php?rest_route=%2Fwp%2Fv2%2Fcomments&post=5138"}],"version-history":[{"count":29,"href":"https:\/\/www.endless-hills.de\/index.php?rest_route=\/wp\/v2\/pages\/5138\/revisions"}],"predecessor-version":[{"id":6138,"href":"https:\/\/www.endless-hills.de\/index.php?rest_route=\/wp\/v2\/pages\/5138\/revisions\/6138"}],"up":[{"embeddable":true,"href":"https:\/\/www.endless-hills.de\/index.php?rest_route=\/wp\/v2\/pages\/3851"}],"wp:attachment":[{"href":"https:\/\/www.endless-hills.de\/index.php?rest_route=%2Fwp%2Fv2%2Fmedia&parent=5138"}],"curies":[{"name":"wp","href":"https:\/\/api.w.org\/{rel}","templated":true}]}}