{"id":5099,"date":"2013-11-04T21:22:16","date_gmt":"2013-11-04T20:22:16","guid":{"rendered":"http:\/\/www.endless-hills.de\/?page_id=5099"},"modified":"2016-05-30T13:23:26","modified_gmt":"2016-05-30T12:23:26","slug":"muffins-kinder","status":"publish","type":"page","link":"https:\/\/www.endless-hills.de\/?page_id=5099","title":{"rendered":"Muffins Kinder"},"content":{"rendered":"<p>&nbsp;<\/p>\n<p>&#8211; Am 30.01.2016 deckt Muffin die traumhafte Mia. Bei Verena Zittlau &#8222;Shelties from Sugarbuck&#8220; wurde am 31.03.2016 eine H\u00fcndin und ein R\u00fcde in tricolour geboren. Beide Welpen einfach zuckers\u00fc\u00df &lt;3<\/p>\n<p><img loading=\"lazy\" decoding=\"async\" class=\"aligncenter size-full wp-image-12809\" src=\"http:\/\/www.endless-hills.de\/wp-content\/uploads\/2013\/11\/2zxDa-2ZdYB-1.jpg\" alt=\"2zxDa-2ZdYB-1\" width=\"400\" height=\"372\" srcset=\"https:\/\/www.endless-hills.de\/wp-content\/uploads\/2013\/11\/2zxDa-2ZdYB-1.jpg 400w, https:\/\/www.endless-hills.de\/wp-content\/uploads\/2013\/11\/2zxDa-2ZdYB-1-300x279.jpg 300w\" sizes=\"auto, (max-width: 400px) 100vw, 400px\" \/><\/p>\n<p>&#8211; Am 02.12.2015 deckt Muffin die s\u00fc\u00dfe Allegra All In One. Bei Martina Kohlhepp &#8222;Shelties vom Nixenteich&#8220; erblickten hieraus am 03.02.2016 2 darksable R\u00fcden, ein tricolour R\u00fcde und eine darksable H\u00fcndin das Licht der Welt. Wirklich zuckers\u00fc\u00dfe Welpen. Leider war die H\u00fcndin nicht lebensf\u00e4hig ;(<\/p>\n<p><img loading=\"lazy\" decoding=\"async\" class=\"aligncenter wp-image-11836\" src=\"http:\/\/www.endless-hills.de\/wp-content\/uploads\/2013\/11\/image1-1024x768.jpg\" alt=\"image1\" width=\"400\" height=\"300\" srcset=\"https:\/\/www.endless-hills.de\/wp-content\/uploads\/2013\/11\/image1-1024x768.jpg 1024w, https:\/\/www.endless-hills.de\/wp-content\/uploads\/2013\/11\/image1-300x225.jpg 300w, https:\/\/www.endless-hills.de\/wp-content\/uploads\/2013\/11\/image1.jpg 1600w\" sizes=\"auto, (max-width: 400px) 100vw, 400px\" \/><\/p>\n<p>&nbsp;<\/p>\n<p>&#8211; Am 04.09.2013 deckt Muffin die sch\u00f6ne Enya aus dem 5Seenland. Aus dieser Liaison erblickten am 04.11.2013 vier zauberhafte M\u00e4dchen in tricolour und darksable das Licht der Welt<\/p>\n<p><img loading=\"lazy\" decoding=\"async\" class=\"aligncenter size-medium wp-image-6478\" src=\"http:\/\/www.endless-hills.de\/wp-content\/uploads\/2013\/11\/IvySept14-1-244x300.jpg\" alt=\"IvySept14-1\" width=\"244\" height=\"300\" srcset=\"https:\/\/www.endless-hills.de\/wp-content\/uploads\/2013\/11\/IvySept14-1-244x300.jpg 244w, https:\/\/www.endless-hills.de\/wp-content\/uploads\/2013\/11\/IvySept14-1-835x1024.jpg 835w, https:\/\/www.endless-hills.de\/wp-content\/uploads\/2013\/11\/IvySept14-1.jpg 1638w\" sizes=\"auto, (max-width: 244px) 100vw, 244px\" \/><\/p>\n<p style=\"text-align: left;\">&#8211; Am 28.12.2013 deckte Muffin die tolle Shannon (Magical Heartbreakers Endless Love Emily). Blieb leider ohne Folgen;(<\/p>\n<p style=\"text-align: left;\">&#8211; Am 14.01.2014 deckt Muffin die zauberhafte Daria aus dem 5 Seen-Land. Vier wundervolle Welpen wurden am 14.03.2014 geboren: 1 sable Bub, eine sable H\u00fcndin und zwei tricolour H\u00fcndinnen<\/p>\n<p style=\"text-align: left;\">&#8211; Am 15.01.2014 deckt er Magical Heartbreakers Angel from Heaven (Jamie) auch hieraus entstanden 3 wundervolle Babies!<\/p>\n<p style=\"text-align: left;\">&#8211; Am 16.01.2014 belegt Muffin unsere wundervolle Grande Princesse de Baviere des RDM Sissi und wir haben seit 16.03.2014 unsere ersten eigenen Muffin Kinder 4\/1 darksable \ud83d\ude42<\/p>\n<p style=\"text-align: left;\">&#8211; Am 07.12.2014 deckt Muffin die s\u00fc\u00dfe Gabi &#8211; Prinzess vom Gro\u00df Salze. Hieraus wurden am 06. Februar 2015 5 zuckers\u00fc\u00dfe Welpen geboren. Es sind zwei R\u00fcden und drei H\u00fcndinnen in darksable:)<\/p>\n<p><a href=\"http:\/\/www.shelties-vom-aitrachtal.de\/welpen\" target=\"_blank\">http:\/\/www.shelties-vom-aitrachtal.de\/welpen\/<\/a><\/p>\n<p><img loading=\"lazy\" decoding=\"async\" class=\"aligncenter wp-image-7788 size-medium\" src=\"http:\/\/www.endless-hills.de\/wp-content\/uploads\/2013\/11\/DSC00138-300x259.jpg\" alt=\"DSC00138\" width=\"300\" height=\"259\" srcset=\"https:\/\/www.endless-hills.de\/wp-content\/uploads\/2013\/11\/DSC00138-300x259.jpg 300w, https:\/\/www.endless-hills.de\/wp-content\/uploads\/2013\/11\/DSC00138-1024x885.jpg 1024w\" sizes=\"auto, (max-width: 300px) 100vw, 300px\" \/><\/p>\n","protected":false},"excerpt":{"rendered":"<p>&nbsp; &#8211; Am 30.01.2016 deckt Muffin die traumhafte Mia. Bei Verena Zittlau &#8222;Shelties from Sugarbuck&#8220; wurde am 31.03.2016 eine H\u00fcndin und ein R\u00fcde in tricolour geboren. Beide Welpen einfach zuckers\u00fc\u00df &lt;3 &#8211; Am 02.12.2015 deckt Muffin die s\u00fc\u00dfe Allegra All In One. Bei Martina Kohlhepp &#8222;Shelties vom Nixenteich&#8220; erblickten hieraus am 03.02.2016 2 darksable R\u00fcden, [&hellip;]<\/p>\n","protected":false},"author":3,"featured_media":0,"parent":4548,"menu_order":0,"comment_status":"closed","ping_status":"closed","template":"","meta":{"ngg_post_thumbnail":0,"footnotes":""},"class_list":["post-5099","page","type-page","status-publish","hentry"],"_links":{"self":[{"href":"https:\/\/www.endless-hills.de\/index.php?rest_route=\/wp\/v2\/pages\/5099","targetHints":{"allow":["GET"]}}],"collection":[{"href":"https:\/\/www.endless-hills.de\/index.php?rest_route=\/wp\/v2\/pages"}],"about":[{"href":"https:\/\/www.endless-hills.de\/index.php?rest_route=\/wp\/v2\/types\/page"}],"author":[{"embeddable":true,"href":"https:\/\/www.endless-hills.de\/index.php?rest_route=\/wp\/v2\/users\/3"}],"replies":[{"embeddable":true,"href":"https:\/\/www.endless-hills.de\/index.php?rest_route=%2Fwp%2Fv2%2Fcomments&post=5099"}],"version-history":[{"count":24,"href":"https:\/\/www.endless-hills.de\/index.php?rest_route=\/wp\/v2\/pages\/5099\/revisions"}],"predecessor-version":[{"id":13533,"href":"https:\/\/www.endless-hills.de\/index.php?rest_route=\/wp\/v2\/pages\/5099\/revisions\/13533"}],"up":[{"embeddable":true,"href":"https:\/\/www.endless-hills.de\/index.php?rest_route=\/wp\/v2\/pages\/4548"}],"wp:attachment":[{"href":"https:\/\/www.endless-hills.de\/index.php?rest_route=%2Fwp%2Fv2%2Fmedia&parent=5099"}],"curies":[{"name":"wp","href":"https:\/\/api.w.org\/{rel}","templated":true}]}}