{"id":4698,"date":"2013-05-30T19:30:46","date_gmt":"2013-05-30T18:30:46","guid":{"rendered":"http:\/\/www.endless-hills.de\/?page_id=4698"},"modified":"2013-07-26T21:55:28","modified_gmt":"2013-07-26T20:55:28","slug":"coco-pops","status":"publish","type":"page","link":"https:\/\/www.endless-hills.de\/?page_id=4698","title":{"rendered":"Coco Pops"},"content":{"rendered":"<p>R\u00fcde, goldsable, weisse Blesse<\/p>\n<p style=\"text-align: center;\">Pop`s ist unser aller Liebling. Er wickelt jeden um den Finger. Weil er ja noch so klein ist, kann ihm niemand wirklich b\u00f6se sein, wenn er Bl\u00f6dsinn macht. Sein wei\u00dfes Schn\u00e4uzchen macht ihn eben zu etwas ganz Besonderen! Er wird in Zukunft auf den Namen Bela h\u00f6ren. Hoffentlich;)<\/p>\n<p style=\"text-align: center;\">Bela wiegt mit 4 Wochen 670 g<\/p>\n<p style=\"text-align: center;\">mit 8 Wochen 1850 g<\/p>\n<p style=\"text-align: center;\">Bela ist \u00a0MDR1 \u00a0+\/+ und CEA gen. frei (Carrier)<\/p>\n<p style=\"text-align: center;\"><strong><span style=\"color: #ff0000;\">&#8211; IST BEREITS VERGEBEN &#8211;<\/span><\/strong><\/p>\n<p>&nbsp;<\/p>\n<p style=\"text-align: center;\">ngg_shortcode_0_placeholder<\/p>\n","protected":false},"excerpt":{"rendered":"<p>R\u00fcde, goldsable, weisse Blesse Pop`s ist unser aller Liebling. Er wickelt jeden um den Finger. Weil er ja noch so klein ist, kann ihm niemand wirklich b\u00f6se sein, wenn er Bl\u00f6dsinn macht. Sein wei\u00dfes Schn\u00e4uzchen macht ihn eben zu etwas ganz Besonderen! Er wird in Zukunft auf den Namen Bela h\u00f6ren. Hoffentlich;) Bela wiegt mit [&hellip;]<\/p>\n","protected":false},"author":3,"featured_media":0,"parent":4619,"menu_order":3,"comment_status":"closed","ping_status":"closed","template":"","meta":{"ngg_post_thumbnail":0,"footnotes":""},"class_list":["post-4698","page","type-page","status-publish","hentry"],"_links":{"self":[{"href":"https:\/\/www.endless-hills.de\/index.php?rest_route=\/wp\/v2\/pages\/4698","targetHints":{"allow":["GET"]}}],"collection":[{"href":"https:\/\/www.endless-hills.de\/index.php?rest_route=\/wp\/v2\/pages"}],"about":[{"href":"https:\/\/www.endless-hills.de\/index.php?rest_route=\/wp\/v2\/types\/page"}],"author":[{"embeddable":true,"href":"https:\/\/www.endless-hills.de\/index.php?rest_route=\/wp\/v2\/users\/3"}],"replies":[{"embeddable":true,"href":"https:\/\/www.endless-hills.de\/index.php?rest_route=%2Fwp%2Fv2%2Fcomments&post=4698"}],"version-history":[{"count":11,"href":"https:\/\/www.endless-hills.de\/index.php?rest_route=\/wp\/v2\/pages\/4698\/revisions"}],"predecessor-version":[{"id":4849,"href":"https:\/\/www.endless-hills.de\/index.php?rest_route=\/wp\/v2\/pages\/4698\/revisions\/4849"}],"up":[{"embeddable":true,"href":"https:\/\/www.endless-hills.de\/index.php?rest_route=\/wp\/v2\/pages\/4619"}],"wp:attachment":[{"href":"https:\/\/www.endless-hills.de\/index.php?rest_route=%2Fwp%2Fv2%2Fmedia&parent=4698"}],"curies":[{"name":"wp","href":"https:\/\/api.w.org\/{rel}","templated":true}]}}