{"id":4635,"date":"2013-05-20T16:03:31","date_gmt":"2013-05-20T15:03:31","guid":{"rendered":"http:\/\/www.endless-hills.de\/?page_id=4635"},"modified":"2013-07-26T22:01:44","modified_gmt":"2013-07-26T21:01:44","slug":"billy-jean","status":"publish","type":"page","link":"https:\/\/www.endless-hills.de\/?page_id=4635","title":{"rendered":"Billy Jean"},"content":{"rendered":"<p style=\"text-align: center;\">Billy Jean, tricolour R\u00fcde, Geburtsgewicht 193g<\/p>\n<p style=\"text-align: center;\">Billy ist ein supers\u00fc\u00dfer, sehr verschmuster und nicht dominanter R\u00fcde. Meist l\u00e4sst der Knuddelb\u00e4r sich von seiner Schwester unterbuttern. Futter und Menschen liebt er \u00fcber alles und geht auf alles und jeden freudig und aufgeschlossen zu. Alles in allem ist er genauso, wie wir uns Welpen w\u00fcnschen!<\/p>\n<p style=\"text-align: center;\">Django wiegt mit 4 Wochen 1090 g<\/p>\n<p style=\"text-align: center;\">mit 8 Wochen 2286 g<\/p>\n<p style=\"text-align: center;\">Billy ist MDR1 +\/+, JRD frei, CEA gen. frei, CEA\/PRA\/KAT frei puppy test<\/p>\n<p style=\"text-align: center;\"><span style=\"color: #ff0000;\">!!!Ist vergeben!!!<\/span><\/p>\n<p style=\"text-align: center;\">ngg_shortcode_0_placeholder<\/p>\n","protected":false},"excerpt":{"rendered":"<p>Billy Jean, tricolour R\u00fcde, Geburtsgewicht 193g Billy ist ein supers\u00fc\u00dfer, sehr verschmuster und nicht dominanter R\u00fcde. Meist l\u00e4sst der Knuddelb\u00e4r sich von seiner Schwester unterbuttern. Futter und Menschen liebt er \u00fcber alles und geht auf alles und jeden freudig und aufgeschlossen zu. Alles in allem ist er genauso, wie wir uns Welpen w\u00fcnschen! Django wiegt [&hellip;]<\/p>\n","protected":false},"author":3,"featured_media":0,"parent":4617,"menu_order":0,"comment_status":"closed","ping_status":"closed","template":"","meta":{"ngg_post_thumbnail":0,"footnotes":""},"class_list":["post-4635","page","type-page","status-publish","hentry"],"_links":{"self":[{"href":"https:\/\/www.endless-hills.de\/index.php?rest_route=\/wp\/v2\/pages\/4635","targetHints":{"allow":["GET"]}}],"collection":[{"href":"https:\/\/www.endless-hills.de\/index.php?rest_route=\/wp\/v2\/pages"}],"about":[{"href":"https:\/\/www.endless-hills.de\/index.php?rest_route=\/wp\/v2\/types\/page"}],"author":[{"embeddable":true,"href":"https:\/\/www.endless-hills.de\/index.php?rest_route=\/wp\/v2\/users\/3"}],"replies":[{"embeddable":true,"href":"https:\/\/www.endless-hills.de\/index.php?rest_route=%2Fwp%2Fv2%2Fcomments&post=4635"}],"version-history":[{"count":10,"href":"https:\/\/www.endless-hills.de\/index.php?rest_route=\/wp\/v2\/pages\/4635\/revisions"}],"predecessor-version":[{"id":4802,"href":"https:\/\/www.endless-hills.de\/index.php?rest_route=\/wp\/v2\/pages\/4635\/revisions\/4802"}],"up":[{"embeddable":true,"href":"https:\/\/www.endless-hills.de\/index.php?rest_route=\/wp\/v2\/pages\/4617"}],"wp:attachment":[{"href":"https:\/\/www.endless-hills.de\/index.php?rest_route=%2Fwp%2Fv2%2Fmedia&parent=4635"}],"curies":[{"name":"wp","href":"https:\/\/api.w.org\/{rel}","templated":true}]}}