{"id":4619,"date":"2013-05-20T15:37:42","date_gmt":"2013-05-20T14:37:42","guid":{"rendered":"http:\/\/www.endless-hills.de\/?page_id=4619"},"modified":"2013-09-01T20:59:32","modified_gmt":"2013-09-01T19:59:32","slug":"aktuell-sheltie-c-wurf","status":"publish","type":"page","link":"https:\/\/www.endless-hills.de\/?page_id=4619","title":{"rendered":"C-Wurf"},"content":{"rendered":"<h2 style=\"text-align: center;\"><span style=\"color: #000080;\">!!! Unsere Babies sind da !!!<\/span><\/h2>\n<h2 style=\"text-align: center;\">Wir haben supers\u00fc\u00dfe Sheltie Welpen in gold sable.<\/h2>\n<p style=\"text-align: center;\">Die Feiertags-kinder sind am 30. Mai 2013 geboren. Wir haben drei M\u00e4dchen und einen R\u00fcden.<\/p>\n<p style=\"text-align: center;\"><strong><span style=\"color: #ff00ff;\">California Sun (H\u00fcndin)<\/span><\/strong> &#8211; <a title=\"California Sun\" href=\"http:\/\/www.endless-hills.de\/?page_id=4694\">Klick hier<\/a><\/p>\n<p style=\"text-align: center;\"><strong><span style=\"color: #ff00ff;\">Coconut Kiss (H\u00fcndin)<\/span><\/strong> &#8211; <a title=\"Coconut Kiss\" href=\"http:\/\/www.endless-hills.de\/?page_id=4696\">Klick hier<\/a><\/p>\n<p style=\"text-align: center;\"><strong><span style=\"color: #333399;\">Coco Pops (R\u00fcde)<\/span> <\/strong>&#8211; <a title=\"Coco Pops\" href=\"http:\/\/www.endless-hills.de\/?page_id=4698\">Klick hier<\/a><\/p>\n<p style=\"text-align: center;\"><strong><span style=\"color: #ff00ff;\">Coeur d&#8217;Amour (H\u00fcndin)<\/span> <\/strong>&#8211; <a title=\"Coeur d\u2019Amour\" href=\"http:\/\/www.endless-hills.de\/?page_id=4700\">Klick hier<\/a><\/p>\n<p style=\"text-align: center;\"><a href=\"http:\/\/www.endless-hills.de\/wp-content\/uploads\/2013\/05\/DSC_0843.jpg\"><img loading=\"lazy\" decoding=\"async\" class=\"aligncenter  wp-image-4684\" alt=\"DSC_0843\" src=\"http:\/\/www.endless-hills.de\/wp-content\/uploads\/2013\/05\/DSC_0843-1024x685.jpg\" width=\"614\" height=\"411\" srcset=\"https:\/\/www.endless-hills.de\/wp-content\/uploads\/2013\/05\/DSC_0843-1024x685.jpg 1024w, https:\/\/www.endless-hills.de\/wp-content\/uploads\/2013\/05\/DSC_0843-300x200.jpg 300w\" sizes=\"auto, (max-width: 614px) 100vw, 614px\" \/><\/a><\/p>\n<p style=\"text-align: center;\"><a href=\"http:\/\/www.endless-hills.de\/wp-content\/uploads\/2013\/05\/DSC_0844.jpg\"><img loading=\"lazy\" decoding=\"async\" class=\"wp-image-4685 aligncenter\" alt=\"DSC_0844\" src=\"http:\/\/www.endless-hills.de\/wp-content\/uploads\/2013\/05\/DSC_0844-1024x685.jpg\" width=\"614\" height=\"411\" srcset=\"https:\/\/www.endless-hills.de\/wp-content\/uploads\/2013\/05\/DSC_0844-1024x685.jpg 1024w, https:\/\/www.endless-hills.de\/wp-content\/uploads\/2013\/05\/DSC_0844-300x200.jpg 300w\" sizes=\"auto, (max-width: 614px) 100vw, 614px\" \/><\/a><\/p>\n<p>&nbsp;<\/p>\n<p style=\"text-align: center;\"><a href=\"http:\/\/www.endless-hills.de\/wp-content\/uploads\/2010\/09\/Sissi-Hochzeit.jpg\"><img loading=\"lazy\" decoding=\"async\" class=\"aligncenter  wp-image-4449\" alt=\"Sissi Hochzeit\" src=\"http:\/\/www.endless-hills.de\/wp-content\/uploads\/2010\/09\/Sissi-Hochzeit.jpg\" width=\"659\" height=\"330\" srcset=\"https:\/\/www.endless-hills.de\/wp-content\/uploads\/2010\/09\/Sissi-Hochzeit.jpg 941w, https:\/\/www.endless-hills.de\/wp-content\/uploads\/2010\/09\/Sissi-Hochzeit-300x150.jpg 300w\" sizes=\"auto, (max-width: 659px) 100vw, 659px\" \/><\/a><\/p>\n<p style=\"text-align: center;\">Dt. Jugendchampion\u00a0Grande Princesse de Baviere &#8222;Sissi&#8220; des Romarins de Mayerling<\/p>\n<p style=\"text-align: center;\">CEA\/PRA\/KAT \u00a0und Kolobom frei mit 12 Monaten<\/p>\n<p style=\"text-align: center;\">PRA\/KAT frei DOK puppy test, CEA gen. Carrier<\/p>\n<p style=\"text-align: center;\">HD &#8211; A<\/p>\n<p style=\"text-align: center;\">MDR1 +\/-<\/p>\n<p style=\"text-align: center;\">&amp;<\/p>\n<p style=\"text-align: center;\">Dt. Champion Club &amp; VDH\u00a0Excellent Choice Such is Life (Kevin)<\/p>\n<p style=\"text-align: center;\">CEA\/PRA\/KAT frei puppy test DOK<\/p>\n<p style=\"text-align: center;\">CEA gen. Carrier<\/p>\n<p style=\"text-align: center;\">HD &#8211; B<\/p>\n<p style=\"text-align: center;\">MDR1 +\/+<\/p>\n<p style=\"text-align: center;\">Wir erhoffen uns aus dieser f\u00fcr uns wahnsinnig interessanten Verpaarung sehr typvolle Welpen in sable white !!!<\/p>\n<p style=\"text-align: center;\">+++<\/p>\n<p style=\"text-align: center;\"><strong>Sie haben Interesse an einem unserer Welpen ?<\/strong><\/p>\n<p style=\"text-align: center;\"><strong><span style=\"color: #000080;\"><span style=\"color: #000080;\"><a title=\"Kontakt\" href=\"http:\/\/www.endless-hills.de\/?page_id=168\">Nehmen Sie einfach Kontakt mit uns auf.<\/a>\u00a0 Wir freuen uns auf Ihren Anruf.<\/span><\/span><\/strong><\/p>\n","protected":false},"excerpt":{"rendered":"<p>!!! Unsere Babies sind da !!! Wir haben supers\u00fc\u00dfe Sheltie Welpen in gold sable. Die Feiertags-kinder sind am 30. Mai 2013 geboren. Wir haben drei M\u00e4dchen und einen R\u00fcden. California Sun (H\u00fcndin) &#8211; Klick hier Coconut Kiss (H\u00fcndin) &#8211; Klick hier Coco Pops (R\u00fcde) &#8211; Klick hier Coeur d&#8217;Amour (H\u00fcndin) &#8211; Klick hier &nbsp; Dt. [&hellip;]<\/p>\n","protected":false},"author":3,"featured_media":0,"parent":3851,"menu_order":3,"comment_status":"closed","ping_status":"closed","template":"","meta":{"ngg_post_thumbnail":0,"footnotes":""},"class_list":["post-4619","page","type-page","status-publish","hentry"],"_links":{"self":[{"href":"https:\/\/www.endless-hills.de\/index.php?rest_route=\/wp\/v2\/pages\/4619","targetHints":{"allow":["GET"]}}],"collection":[{"href":"https:\/\/www.endless-hills.de\/index.php?rest_route=\/wp\/v2\/pages"}],"about":[{"href":"https:\/\/www.endless-hills.de\/index.php?rest_route=\/wp\/v2\/types\/page"}],"author":[{"embeddable":true,"href":"https:\/\/www.endless-hills.de\/index.php?rest_route=\/wp\/v2\/users\/3"}],"replies":[{"embeddable":true,"href":"https:\/\/www.endless-hills.de\/index.php?rest_route=%2Fwp%2Fv2%2Fcomments&post=4619"}],"version-history":[{"count":8,"href":"https:\/\/www.endless-hills.de\/index.php?rest_route=\/wp\/v2\/pages\/4619\/revisions"}],"predecessor-version":[{"id":4960,"href":"https:\/\/www.endless-hills.de\/index.php?rest_route=\/wp\/v2\/pages\/4619\/revisions\/4960"}],"up":[{"embeddable":true,"href":"https:\/\/www.endless-hills.de\/index.php?rest_route=\/wp\/v2\/pages\/3851"}],"wp:attachment":[{"href":"https:\/\/www.endless-hills.de\/index.php?rest_route=%2Fwp%2Fv2%2Fmedia&parent=4619"}],"curies":[{"name":"wp","href":"https:\/\/api.w.org\/{rel}","templated":true}]}}