{"id":4548,"date":"2013-04-29T13:49:34","date_gmt":"2013-04-29T12:49:34","guid":{"rendered":"http:\/\/www.endless-hills.de\/?page_id=4548"},"modified":"2024-12-03T20:40:48","modified_gmt":"2024-12-03T19:40:48","slug":"a-touch-of-angus-from-strawberry-country","status":"publish","type":"page","link":"https:\/\/www.endless-hills.de\/?page_id=4548","title":{"rendered":"Angus from Strawberry Country"},"content":{"rendered":"<p>Dark sable R\u00fcde &#8211; dog (Shetland Sheepdog), genannt Muffin, geboren 16.09.2011<\/p>\n<p><span style=\"color: #0000ff;\">CEA\/PRA\/KAT und Kolobom frei puppy test, CEA gen. normal \/ frei (Slovgen), MDR1 +\/+,\u00a0 nat\u00fcrliche Kippohren,<\/span><\/p>\n<p><span style=\"color: #0000ff;\">HD \u2013 A, 38cm, K\u00f6rklasse 1,\u00a0<a href=\"http:\/\/www.endless-hills.de\/wp-content\/uploads\/2013\/04\/CEA-gen-Protocol.pdf\">CEA gen free Protocol<\/a>\u00a0<\/span><\/p>\n<p>Muffin steht geeigneten H\u00fcndinnen zum Decken zur Verf\u00fcgung<\/p>\n<p><span style=\"color: #ff0000;\">V2 CAC &#8211; Res. Magdeburg<\/span><\/p>\n<p><span style=\"color: #ff0000;\">V2 CAC &#8211; Res. Penig<\/span><\/p>\n<p><span style=\"color: #ff0000;\">V2 CACA &#8211; Res. Innsbruck<\/span><\/p>\n<p><span style=\"color: #ff0000;\">V4 Tulln\u00a0<\/span><\/p>\n<p>&nbsp;<\/p>\n<div id=\"attachment_5015\" style=\"width: 551px\" class=\"wp-caption aligncenter\"><a href=\"http:\/\/www.endless-hills.de\/wp-content\/uploads\/2013\/04\/Muffinwald.jpg\"><img loading=\"lazy\" decoding=\"async\" aria-describedby=\"caption-attachment-5015\" class=\" wp-image-5015  \" alt=\"Muffin, genau 2 Jahre alt\" src=\"http:\/\/www.endless-hills.de\/wp-content\/uploads\/2013\/04\/Muffinwald.jpg\" width=\"541\" height=\"363\" srcset=\"https:\/\/www.endless-hills.de\/wp-content\/uploads\/2013\/04\/Muffinwald.jpg 1002w, https:\/\/www.endless-hills.de\/wp-content\/uploads\/2013\/04\/Muffinwald-300x200.jpg 300w\" sizes=\"auto, (max-width: 541px) 100vw, 541px\" \/><\/a><p id=\"caption-attachment-5015\" class=\"wp-caption-text\">Muffin, genau 2 Jahre alt<\/p><\/div>\n<div id=\"attachment_4573\" style=\"width: 570px\" class=\"wp-caption aligncenter\"><a href=\"http:\/\/www.endless-hills.de\/wp-content\/uploads\/2013\/04\/ANGUS.jpg\"><img loading=\"lazy\" decoding=\"async\" aria-describedby=\"caption-attachment-4573\" class=\" wp-image-4573 \" alt=\"ANGUS\" src=\"http:\/\/www.endless-hills.de\/wp-content\/uploads\/2013\/04\/ANGUS.jpg\" width=\"560\" height=\"400\" srcset=\"https:\/\/www.endless-hills.de\/wp-content\/uploads\/2013\/04\/ANGUS.jpg 800w, https:\/\/www.endless-hills.de\/wp-content\/uploads\/2013\/04\/ANGUS-300x214.jpg 300w\" sizes=\"auto, (max-width: 560px) 100vw, 560px\" \/><\/a><p id=\"caption-attachment-4573\" class=\"wp-caption-text\">A touch of Angus from Strawberry Country &#8222;Muffin&#8220;<\/p><\/div>\n<p>Wir konnten einfach nicht anders&#8230;..<\/p>\n<p>Als wir sahen, dass dieser s\u00fc\u00dfe Zwerg zum Verkauf steht, war es f\u00fcr uns Liebe auf den ersten Blick! Wir mussten ihn einfach ansehen und nach langen Gespr\u00e4chen mit der Z\u00fcchterin und vielen \u00dcberlegungen sa\u00df er schwupp di wupp in unserem Auto und trat die Reise ins sch\u00f6ne Bayern an. Wir freuen uns sehr \u00fcber diesen liebenswerten, verschmusten, quirligen und witzigen Schatz und hoffen, dass er unsere Sheltiezucht weiter positiv voran bringt. Liebe Marthe, wir danken dir von Herzen! Wir haben ihn weil er sooo s\u00fc\u00df ist einfach Muffin getauft;)<\/p>\n<h3 style=\"text-align: center;\">\u00a0Ahnentafel<\/h3>\n<p style=\"text-align: center;\"><a href=\"http:\/\/www.endless-hills.de\/wp-content\/uploads\/2013\/04\/ahnentafel.jpg\"><img loading=\"lazy\" decoding=\"async\" class=\"aligncenter  wp-image-4577\" alt=\"ahnentafel\" src=\"http:\/\/www.endless-hills.de\/wp-content\/uploads\/2013\/04\/ahnentafel.jpg\" width=\"626\" height=\"268\" srcset=\"https:\/\/www.endless-hills.de\/wp-content\/uploads\/2013\/04\/ahnentafel.jpg 783w, https:\/\/www.endless-hills.de\/wp-content\/uploads\/2013\/04\/ahnentafel-300x128.jpg 300w\" sizes=\"auto, (max-width: 626px) 100vw, 626px\" \/><\/a><\/p>\n<h3 style=\"text-align: center;\">Bildgalerie<\/h3>\n<p style=\"text-align: center;\">ngg_shortcode_0_placeholder<\/p>\n<p>&nbsp;<\/p>\n<p>&nbsp;<\/p>\n","protected":false},"excerpt":{"rendered":"<p>Dark sable R\u00fcde &#8211; dog (Shetland Sheepdog), genannt Muffin, geboren 16.09.2011 CEA\/PRA\/KAT und Kolobom frei puppy test, CEA gen. normal \/ frei (Slovgen), MDR1 +\/+,\u00a0 nat\u00fcrliche Kippohren, HD \u2013 A, 38cm, K\u00f6rklasse 1,\u00a0CEA gen free Protocol\u00a0 Muffin steht geeigneten H\u00fcndinnen zum Decken zur Verf\u00fcgung V2 CAC &#8211; Res. Magdeburg V2 CAC &#8211; Res. Penig V2 [&hellip;]<\/p>\n","protected":false},"author":3,"featured_media":0,"parent":21292,"menu_order":3,"comment_status":"closed","ping_status":"closed","template":"","meta":{"ngg_post_thumbnail":0,"footnotes":""},"class_list":["post-4548","page","type-page","status-publish","hentry"],"_links":{"self":[{"href":"https:\/\/www.endless-hills.de\/index.php?rest_route=\/wp\/v2\/pages\/4548","targetHints":{"allow":["GET"]}}],"collection":[{"href":"https:\/\/www.endless-hills.de\/index.php?rest_route=\/wp\/v2\/pages"}],"about":[{"href":"https:\/\/www.endless-hills.de\/index.php?rest_route=\/wp\/v2\/types\/page"}],"author":[{"embeddable":true,"href":"https:\/\/www.endless-hills.de\/index.php?rest_route=\/wp\/v2\/users\/3"}],"replies":[{"embeddable":true,"href":"https:\/\/www.endless-hills.de\/index.php?rest_route=%2Fwp%2Fv2%2Fcomments&post=4548"}],"version-history":[{"count":27,"href":"https:\/\/www.endless-hills.de\/index.php?rest_route=\/wp\/v2\/pages\/4548\/revisions"}],"predecessor-version":[{"id":5564,"href":"https:\/\/www.endless-hills.de\/index.php?rest_route=\/wp\/v2\/pages\/4548\/revisions\/5564"}],"up":[{"embeddable":true,"href":"https:\/\/www.endless-hills.de\/index.php?rest_route=\/wp\/v2\/pages\/21292"}],"wp:attachment":[{"href":"https:\/\/www.endless-hills.de\/index.php?rest_route=%2Fwp%2Fv2%2Fmedia&parent=4548"}],"curies":[{"name":"wp","href":"https:\/\/api.w.org\/{rel}","templated":true}]}}