{"id":4346,"date":"2013-01-11T18:44:21","date_gmt":"2013-01-11T17:44:21","guid":{"rendered":"http:\/\/www.endless-hills.de\/?page_id=4346"},"modified":"2017-05-29T21:54:29","modified_gmt":"2017-05-29T20:54:29","slug":"h-wurf","status":"publish","type":"page","link":"https:\/\/www.endless-hills.de\/?page_id=4346","title":{"rendered":"H-Wurf"},"content":{"rendered":"<h2 style=\"text-align: center;\"><span style=\"color: #000080;\">Unser H-Wurf<\/span><\/h2>\n<p style=\"text-align: center;\">Unsere zauberhaften Halloween\u00a0Welpen wurden\u00a0am 31.10.2012 geboren.<\/p>\n<p style=\"text-align: center;\">Wir freuten uns \u00fcber 5 M\u00e4dchen und 3 Jungs ! Eine H\u00fcndin haben wir in Mitbesitz behalten.<\/p>\n<h3 style=\"text-align: center;\">&#8212;<\/h3>\n<p style=\"text-align: center;\"><span style=\"color: #000000;\">Hot Legs Paris &#8211; H\u00fcndin, sable white &#8211; vergeben an Familie Ehm<\/span><\/p>\n<p style=\"text-align: center;\"><span style=\"color: #000000;\">Hot Chocolate &#8211; R\u00fcde, sable white \u00a0&#8211; \u00a0vergeben an Familie Gebler<\/span><\/p>\n<p style=\"text-align: center;\"><span style=\"color: #000000;\" data-mce-mark=\"1\">Hone Bee &#8211; H\u00fcndin, sable white &#8211; vergeben an Familie Stahl<\/span><\/p>\n<p style=\"text-align: center;\"><span style=\"color: #000000;\">Hip Hop Hero &#8211; R\u00fcde, sable white &#8211; \u00a0bleibt in der Heimatzuchtst\u00e4tte<\/span><\/p>\n<p style=\"text-align: center;\"><span style=\"color: #000000;\">Hanky Panky &#8211; R\u00fcde, sable white \u00a0&#8211; vergeben an Familie Fabricius<\/span><\/p>\n<p style=\"text-align: center;\"><span style=\"color: #000000;\">Havanna Moon &#8211; H\u00fcndin, sable white &#8211; vergeben an Familie Schernell-Appel<\/span><\/p>\n<p style=\"text-align: center;\"><span style=\"color: #000000;\">Hairspray Holly &#8211; H\u00fcndin, sable white &#8211; vergeben an Familie Brandes<\/span><\/p>\n<p style=\"text-align: center;\"><span style=\"color: #000000;\">High Heels Akascha &#8211; H\u00fcndin, sabel white &#8211; vergeben an Familie Winnat<\/span><\/p>\n<p style=\"text-align: center;\"><span style=\"color: #000080;\" data-mce-mark=\"1\">&#8211;\u00a0 &#8211;\u00a0 &#8211;<\/span><\/p>\n<p style=\"text-align: center;\"><strong><span style=\"color: #000080;\">Wie alles begann&#8230;.\u00a0 A Dior &#8222;First Adventure&#8220; &#8211; Zoe`s erstes Abenteuer<\/span><\/strong><\/p>\n<p style=\"text-align: center;\">Wir begaben uns mit unserer Prinzessin Zoe auf die anstrengende Reise ins sch\u00f6ne D\u00e4nemark, denn dort ist der edle Traumprinz Harley wohnhaft.<\/p>\n<p style=\"text-align: center;\">Seine treuen Augen, sein charmantes L\u00e4cheln, sein perfekter K\u00f6rper und seine Knochenst\u00e4rke, sowie sein sch\u00f6nes, f\u00fclliges Haarkleid lie\u00dfen uns annehmen, er sei der perfekte Gemahl f\u00fcr die wundervolle, blonde Zoe mit dem lieblichen, anmutigen Ausdruck einer K\u00f6nigin !!!<\/p>\n<p style=\"text-align: center;\">Um ein M\u00e4rchen zu beginnen, fragten wir an, ob wir seinen Hofstaat denn einmal besuchen d\u00fcrften.<\/p>\n<p style=\"text-align: center;\">Mit gro\u00dfer Freude nahm er an. Dort angekommen, gab Zoe sich, ganz feine Dame, erst einmal sehr sch\u00fcchtern und zur\u00fcckhaltend. Nach zwei Tagen jedoch schoss Amor seine Pfeile und aus den beiden wurde das &#8222;TRAUMPAAR&#8220; des Landes.<\/p>\n<p style=\"text-align: center;\">Wir sind \u00fcbergl\u00fccklich und m\u00e4chtig stolz, dass wir aus dieser exzellenten Verbindung zweier toller H\u00e4user kleine Harley Prinzen und Zoe Prinzessinnen erwarten d\u00fcrfen.<\/p>\n<p style=\"text-align: center;\"><img loading=\"lazy\" decoding=\"async\" class=\"wp-image-4004 aligncenter\" title=\"Prinzenpaar\" src=\"http:\/\/www.endless-hills.de\/wp-content\/uploads\/2012\/05\/hochzeit1.jpg\" alt=\"\" width=\"496\" height=\"298\" srcset=\"https:\/\/www.endless-hills.de\/wp-content\/uploads\/2012\/05\/hochzeit1.jpg 806w, https:\/\/www.endless-hills.de\/wp-content\/uploads\/2012\/05\/hochzeit1-300x180.jpg 300w\" sizes=\"auto, (max-width: 496px) 100vw, 496px\" \/><\/p>\n<h3 style=\"text-align: center;\"><\/h3>\n<h3 style=\"text-align: center;\"><a title=\"Harley\" href=\"http:\/\/www.endless-hills.de\/?page_id=4008\">ngg_shortcode_0_placeholder<\/a><\/h3>\n","protected":false},"excerpt":{"rendered":"<p>Unser H-Wurf Unsere zauberhaften Halloween\u00a0Welpen wurden\u00a0am 31.10.2012 geboren. Wir freuten uns \u00fcber 5 M\u00e4dchen und 3 Jungs ! Eine H\u00fcndin haben wir in Mitbesitz behalten. &#8212; Hot Legs Paris &#8211; H\u00fcndin, sable white &#8211; vergeben an Familie Ehm Hot Chocolate &#8211; R\u00fcde, sable white \u00a0&#8211; \u00a0vergeben an Familie Gebler Hone Bee &#8211; H\u00fcndin, sable white [&hellip;]<\/p>\n","protected":false},"author":3,"featured_media":0,"parent":1539,"menu_order":11,"comment_status":"closed","ping_status":"closed","template":"","meta":{"ngg_post_thumbnail":0,"footnotes":""},"class_list":["post-4346","page","type-page","status-publish","hentry"],"_links":{"self":[{"href":"https:\/\/www.endless-hills.de\/index.php?rest_route=\/wp\/v2\/pages\/4346","targetHints":{"allow":["GET"]}}],"collection":[{"href":"https:\/\/www.endless-hills.de\/index.php?rest_route=\/wp\/v2\/pages"}],"about":[{"href":"https:\/\/www.endless-hills.de\/index.php?rest_route=\/wp\/v2\/types\/page"}],"author":[{"embeddable":true,"href":"https:\/\/www.endless-hills.de\/index.php?rest_route=\/wp\/v2\/users\/3"}],"replies":[{"embeddable":true,"href":"https:\/\/www.endless-hills.de\/index.php?rest_route=%2Fwp%2Fv2%2Fcomments&post=4346"}],"version-history":[{"count":8,"href":"https:\/\/www.endless-hills.de\/index.php?rest_route=\/wp\/v2\/pages\/4346\/revisions"}],"predecessor-version":[{"id":14935,"href":"https:\/\/www.endless-hills.de\/index.php?rest_route=\/wp\/v2\/pages\/4346\/revisions\/14935"}],"up":[{"embeddable":true,"href":"https:\/\/www.endless-hills.de\/index.php?rest_route=\/wp\/v2\/pages\/1539"}],"wp:attachment":[{"href":"https:\/\/www.endless-hills.de\/index.php?rest_route=%2Fwp%2Fv2%2Fmedia&parent=4346"}],"curies":[{"name":"wp","href":"https:\/\/api.w.org\/{rel}","templated":true}]}}