{"id":3358,"date":"2012-02-29T23:03:06","date_gmt":"2012-02-29T22:03:06","guid":{"rendered":"http:\/\/www.endless-hills.de\/?page_id=3358"},"modified":"2016-04-29T22:38:35","modified_gmt":"2016-04-29T21:38:35","slug":"rettungshunde","status":"publish","type":"page","link":"https:\/\/www.endless-hills.de\/?page_id=3358","title":{"rendered":"Rettungshunde"},"content":{"rendered":"<p style=\"text-align: center;\">\u00a0Wieder ist einer unserer Hunde erfolgreich und hat \u00fcberzeugt deshalb wird auch er nun zum Rettungshund ausgebildet!<\/p>\n<h3 style=\"text-align: center;\">Danse avec Le Loup of endless hills<\/h3>\n<p style=\"text-align: center;\">CEA\/PRA\/KAT frei, genetisch frei, MDR1 genetisch frei,<\/p>\n<p style=\"text-align: center;\"><span style=\"color: #ff0000;\">!!!Begleithundpr\u00fcfung bereits mit 15 Monaten erfolgreich absolviert!!!<\/span><\/p>\n<p style=\"text-align: center;\"><img loading=\"lazy\" decoding=\"async\" class=\"aligncenter size-full wp-image-9311\" src=\"http:\/\/www.endless-hills.de\/wp-content\/uploads\/2012\/02\/image1.jpg\" alt=\"image1\" width=\"470\" height=\"705\" srcset=\"https:\/\/www.endless-hills.de\/wp-content\/uploads\/2012\/02\/image1.jpg 470w, https:\/\/www.endless-hills.de\/wp-content\/uploads\/2012\/02\/image1-200x300.jpg 200w\" sizes=\"auto, (max-width: 470px) 100vw, 470px\" \/><\/p>\n<p style=\"text-align: center;\"><a href=\"http:\/\/www.rhs-isar-loisachtal.de\/Startseite\/Mitglieder\u00a0\">http:\/\/www.rhs-isar-loisachtal.de\/Startseite\/Mitglieder\u00a0<\/a><\/p>\n<h3 style=\"text-align: center;\">***********<\/h3>\n<h3 style=\"text-align: center;\">Black Abahachi of endless hills<\/h3>\n<p style=\"text-align: center;\"><span style=\"color: #ff0000;\">Mehrfach gepr\u00fcfter DRK Rettungshund<\/span><\/p>\n<p style=\"text-align: center;\">CEA\/PRA\/KAT klinisch frei (puppy test und mit 5 Jahren),\u00a0 MDR1 +\/+, HD-A, Wesenstest mit Bravur bestanden!<\/p>\n<p style=\"text-align: center;\"><span style=\"color: #ff0000;\">Rettete\u00a0\u00a0schon mehrere\u00a0Menschenleben<\/span><\/p>\n<p style=\"text-align: center;\"><span style=\"color: #000000;\">Wir sind sehr stolz auf Dich !!!<\/span><\/p>\n<p style=\"text-align: center;\"><span style=\"color: #000000;\">Liebe Familie Winnat,<\/span><\/p>\n<p style=\"text-align: left;\"><span style=\"color: #000000;\"> viel Gl\u00fcck bei all euren Vorhaben, w<\/span>eiterhin ganz viel Freude mit eurem Trio bei der Ausbildung und vielen herzlichen Dank f\u00fcr euer Vertrauen, die Liebe und M\u00fche, sowie die viele Zeit die ihr in unsere drei Z\u00f6glinge investiert.<\/p>\n<p style=\"text-align: center;\"><strong>**********<\/strong><\/p>\n<h3 style=\"text-align: center;\">High Heels Akascha of endless hills<\/h3>\n<p style=\"text-align: center;\">RH1 bestanden<\/p>\n<p style=\"text-align: center;\">CEA\/PRA\/KAT frei puppy test, MDR1 +\/-, DM &#8211; \u00a0N\/DM, HD &#8211; A1<\/p>\n<div id=\"attachment_4644\" style=\"width: 655px\" class=\"wp-caption aligncenter\"><a href=\"http:\/\/www.endless-hills.de\/wp-content\/uploads\/2012\/02\/100_4617.jpg\"><img loading=\"lazy\" decoding=\"async\" aria-describedby=\"caption-attachment-4644\" class=\" wp-image-4644 \" src=\"http:\/\/www.endless-hills.de\/wp-content\/uploads\/2012\/02\/100_4617-1024x768.jpg\" alt=\"100_4617\" width=\"645\" height=\"484\" srcset=\"https:\/\/www.endless-hills.de\/wp-content\/uploads\/2012\/02\/100_4617-1024x768.jpg 1024w, https:\/\/www.endless-hills.de\/wp-content\/uploads\/2012\/02\/100_4617-300x225.jpg 300w, https:\/\/www.endless-hills.de\/wp-content\/uploads\/2012\/02\/100_4617.jpg 1600w\" sizes=\"auto, (max-width: 645px) 100vw, 645px\" \/><\/a><p id=\"caption-attachment-4644\" class=\"wp-caption-text\">High Heels Akascha of endless hills<\/p><\/div>\n<p>&nbsp;<\/p>\n<div id=\"attachment_4643\" style=\"width: 655px\" class=\"wp-caption aligncenter\"><a href=\"http:\/\/www.endless-hills.de\/wp-content\/uploads\/2012\/02\/100_4612.jpg\"><img loading=\"lazy\" decoding=\"async\" aria-describedby=\"caption-attachment-4643\" class=\" wp-image-4643 \" src=\"http:\/\/www.endless-hills.de\/wp-content\/uploads\/2012\/02\/100_4612-1024x768.jpg\" alt=\"100_4612\" width=\"645\" height=\"484\" srcset=\"https:\/\/www.endless-hills.de\/wp-content\/uploads\/2012\/02\/100_4612-1024x768.jpg 1024w, https:\/\/www.endless-hills.de\/wp-content\/uploads\/2012\/02\/100_4612-300x225.jpg 300w, https:\/\/www.endless-hills.de\/wp-content\/uploads\/2012\/02\/100_4612.jpg 1600w\" sizes=\"auto, (max-width: 645px) 100vw, 645px\" \/><\/a><p id=\"caption-attachment-4643\" class=\"wp-caption-text\">Black Abahachi und Guess who`s Geeny of endless hills<\/p><\/div>\n<h3 style=\"text-align: center;\">*************<\/h3>\n<h3 style=\"text-align: center;\">Guess who`s Geeny of endless hills<\/h3>\n<p style=\"text-align: center;\">RH1 bestanden<\/p>\n<p style=\"text-align: center;\">extrem erfolgreich im Rettungshundeeinsatz und begeisterter Mantrailer, sodass sie sogar staatlich daf\u00fcr gef\u00f6rdert wurde!!! Wir sind unsagbar stolz \ud83d\ude42<\/p>\n<p style=\"text-align: center;\">PRA\/KAT\/ Kolobom frei puppy test DOK, MDR1 +\/-, HD &#8211; A1, DM N\/DM, Wesenstest mit Bravur bestanden!<\/p>\n<div id=\"attachment_4642\" style=\"width: 655px\" class=\"wp-caption aligncenter\"><a href=\"http:\/\/www.endless-hills.de\/wp-content\/uploads\/2012\/02\/100_4606.jpg\"><img loading=\"lazy\" decoding=\"async\" aria-describedby=\"caption-attachment-4642\" class=\" wp-image-4642 \" src=\"http:\/\/www.endless-hills.de\/wp-content\/uploads\/2012\/02\/100_4606-1024x768.jpg\" alt=\"100_4606\" width=\"645\" height=\"484\" srcset=\"https:\/\/www.endless-hills.de\/wp-content\/uploads\/2012\/02\/100_4606-1024x768.jpg 1024w, https:\/\/www.endless-hills.de\/wp-content\/uploads\/2012\/02\/100_4606-300x225.jpg 300w, https:\/\/www.endless-hills.de\/wp-content\/uploads\/2012\/02\/100_4606.jpg 1600w\" sizes=\"auto, (max-width: 645px) 100vw, 645px\" \/><\/a><p id=\"caption-attachment-4642\" class=\"wp-caption-text\">Guess who`s Geeny<\/p><\/div>\n<h3 style=\"text-align: center;\">\u00a0*****************<\/h3>\n<h3 style=\"text-align: center;\">Ghostriver Gnocchi of endless hills<\/h3>\n<p style=\"text-align: center;\">CEA\/PRA\/KAT frei puppy test, PRA\/KAT frei DOK, MDR1 +\/+, DM N\/DM, HD &#8211; A1, Wesenstest mit Bravur bestanden! BH<\/p>\n<div id=\"attachment_4606\" style=\"width: 655px\" class=\"wp-caption aligncenter\"><a href=\"http:\/\/www.endless-hills.de\/wp-content\/uploads\/2011\/11\/DSC_1343.jpg\"><img loading=\"lazy\" decoding=\"async\" aria-describedby=\"caption-attachment-4606\" class=\" wp-image-4606 \" src=\"http:\/\/www.endless-hills.de\/wp-content\/uploads\/2011\/11\/DSC_1343-1024x685.jpg\" alt=\"Ghostriver Gnocchi of endelss hills\" width=\"645\" height=\"431\" srcset=\"https:\/\/www.endless-hills.de\/wp-content\/uploads\/2011\/11\/DSC_1343-1024x685.jpg 1024w, https:\/\/www.endless-hills.de\/wp-content\/uploads\/2011\/11\/DSC_1343-300x200.jpg 300w\" sizes=\"auto, (max-width: 645px) 100vw, 645px\" \/><\/a><p id=\"caption-attachment-4606\" class=\"wp-caption-text\">Ghostriver Gnocchi of endless hills<\/p><\/div>\n<p style=\"text-align: center;\">\n","protected":false},"excerpt":{"rendered":"<p>\u00a0Wieder ist einer unserer Hunde erfolgreich und hat \u00fcberzeugt deshalb wird auch er nun zum Rettungshund ausgebildet! Danse avec Le Loup of endless hills CEA\/PRA\/KAT frei, genetisch frei, MDR1 genetisch frei, !!!Begleithundpr\u00fcfung bereits mit 15 Monaten erfolgreich absolviert!!! http:\/\/www.rhs-isar-loisachtal.de\/Startseite\/Mitglieder\u00a0 *********** Black Abahachi of endless hills Mehrfach gepr\u00fcfter DRK Rettungshund CEA\/PRA\/KAT klinisch frei (puppy test und [&hellip;]<\/p>\n","protected":false},"author":3,"featured_media":0,"parent":10,"menu_order":5,"comment_status":"closed","ping_status":"closed","template":"","meta":{"ngg_post_thumbnail":0,"footnotes":""},"class_list":["post-3358","page","type-page","status-publish","hentry"],"_links":{"self":[{"href":"https:\/\/www.endless-hills.de\/index.php?rest_route=\/wp\/v2\/pages\/3358","targetHints":{"allow":["GET"]}}],"collection":[{"href":"https:\/\/www.endless-hills.de\/index.php?rest_route=\/wp\/v2\/pages"}],"about":[{"href":"https:\/\/www.endless-hills.de\/index.php?rest_route=\/wp\/v2\/types\/page"}],"author":[{"embeddable":true,"href":"https:\/\/www.endless-hills.de\/index.php?rest_route=\/wp\/v2\/users\/3"}],"replies":[{"embeddable":true,"href":"https:\/\/www.endless-hills.de\/index.php?rest_route=%2Fwp%2Fv2%2Fcomments&post=3358"}],"version-history":[{"count":23,"href":"https:\/\/www.endless-hills.de\/index.php?rest_route=\/wp\/v2\/pages\/3358\/revisions"}],"predecessor-version":[{"id":13341,"href":"https:\/\/www.endless-hills.de\/index.php?rest_route=\/wp\/v2\/pages\/3358\/revisions\/13341"}],"up":[{"embeddable":true,"href":"https:\/\/www.endless-hills.de\/index.php?rest_route=\/wp\/v2\/pages\/10"}],"wp:attachment":[{"href":"https:\/\/www.endless-hills.de\/index.php?rest_route=%2Fwp%2Fv2%2Fmedia&parent=3358"}],"curies":[{"name":"wp","href":"https:\/\/api.w.org\/{rel}","templated":true}]}}