{"id":3316,"date":"2012-02-23T19:42:31","date_gmt":"2012-02-23T18:42:31","guid":{"rendered":"http:\/\/www.endless-hills.de\/?page_id=3316"},"modified":"2019-12-04T16:40:06","modified_gmt":"2019-12-04T15:40:06","slug":"futter","status":"publish","type":"page","link":"https:\/\/www.endless-hills.de\/?page_id=3316","title":{"rendered":"Futter"},"content":{"rendered":"<table id=\"content_wrap\" cellspacing=\"0\" cellpadding=\"0\">\n<tbody>\n<tr>\n<td id=\"content_cell\">\n<table border=\"0\" width=\"100%\" cellspacing=\"0\" cellpadding=\"0\">\n<tbody>\n<tr>\n<td width=\"100%\">\n<div align=\"left\">\n<p><strong>Artgerechte Ern\u00e4hrung f\u00fcr ihren Vierbeiner<\/strong><\/p>\n<p>&nbsp;<\/p>\n<p>Die Ern\u00e4hrung ist eines der wichtigsten Standbeine einer guten Gesundheit. Die meisten Hundebesitzer haben leider die Verantwortung f\u00fcr die Ern\u00e4hrung ihres Hundes an die Tierfutterindustrie abgegeben. Es ist einfacher den Angaben des Herstellers zu glauben, als sich eingehend mit dem Thema Ern\u00e4hrung zu besch\u00e4ftigen, bzw. die Angaben der Zusammensetzung &#8222;richtig&#8220; zu lesen.<\/p>\n<p>Das zumeist aus Getreide bestehende Futter verursacht den enormen Zuwachs an Krankheiten bei unseren Vierbeinern. Krebs, Nieren- und Lebererkrankungen, Allergien,&nbsp; Hautprobleme, Immunschw\u00e4chen und Wachstumsst\u00f6rungen treten immer h\u00e4ufiger auf und lassen sich nicht einfach mit \u00dcberz\u00fcchtung erkl\u00e4ren.<\/p>\n<p>Industriefutter gibt es jetzt seit etwa 60 Jahre. In diesen 60 Jahren hat sich der allgemeine Gesundheitszustand unserer Hunde verschlechtert. Das h\u00e4ngt unter anderem mit der nicht artgerechten Ern\u00e4hrung zusammen.<\/p>\n<p>&nbsp;<\/p>\n<p><strong>Artgerechtes Naturfutter von REICO <\/strong><\/p>\n<p>Liebe Tierfreunde, auf diesem Weg m\u00f6chte ich Ihnen eines von vielen Naturprodukten der Firma Reico-Vital-Systeme vorstellen. Unser komplettes Nahrungsangebot befindet sich als einziges weltweit im mineralischen Gleichgewicht. Es ist frei von genmanipulierten Rohstoffen, F\u00fcll- bzw. Aromastoffen, Fettzugaben, Tiermehl, chemischen Dickungsmitteln, chemischen Farb- und Konservierungsstoffen. Selbstverst\u00e4ndlich auch ohne Tierversuche.&nbsp; Alleinfuttermittel Feuchtfutter f\u00fcr alle Hunderassen. Alle 8 MaxidogVit\u00ae Sorten haben einen hohen Fleischanteil von 64%-74%, so wie die Natur es vorgibt. Zubereitung und Verwendung:&nbsp; Schonende Zubereitung durch Kaltabf\u00fcllung. Das verwendete Fleisch weist Lebensmittelqualit\u00e4t auf. Nebenerzeugnisse: Die verwendeten tierischen Nebenerzeugnisse sind beim Hundefutter: Herz, Leber, Niere, Pansen, Zunge und Euter (keine Schlachtabf\u00e4lle). Mikrobiologisches Profil: Produziert nach den g\u00fcltigen EU-Richtlinien. Gesamtkeimzahl: Aerobe und anaerobe Keime (inkl. Salmonellen) nicht vorhanden. Wir garantieren, dass das verwendete Fleisch aus deutschen Schlachth\u00f6fen stammt. Das Vorgaren des Gem\u00fcses gew\u00e4hrleistet eine noch bessere Vertr\u00e4glichkeit. Bei MaxidogVit\u00ae werden die Rohstoffe frisch verarbeitet. Somit bleiben die wertvollen und lebensnotwendigen Vitamine, Mineralstoffe und Spurenelemente erhalten. Unser spezielles Herstellungsverfahren bel\u00e4sst die Vollnahrung wirkungsvoll. Unsere Produkte sind BSE- und MKS-frei getestet. Mit MaxidogVit\u00ae ern\u00e4hren Sie Ihren Hund ausgewogen und abwechslungsreich. Das gleiche gilt f\u00fcr unsere Trockenfutter. Unser gesamtes Angebot finden Sie weiter unten auf meiner eigenen Seite. \u00dcbrigens, das Futter wird direkt zu ihnen nach Hause geliefert, also entf\u00e4llt l\u00e4stiges Schleppen. Meist erfolgt die Lieferung innerhalb 24h nach Bestelleingang per DPD.<\/p>\n<p>Es ist an der Zeit, dass wir f\u00fcr Gesundheit Geld ausgeben, damit die Krankheit nicht teuer wird!<\/p>\n<\/div>\n<\/td>\n<\/tr>\n<\/tbody>\n<\/table>\n<\/td>\n<\/tr>\n<\/tbody>\n<\/table>\n<table id=\"content_wrap\" cellspacing=\"0\" cellpadding=\"0\">\n<tbody>\n<tr>\n<td id=\"content_cell\">\n<table border=\"0\" width=\"100%\" cellspacing=\"0\" cellpadding=\"0\">\n<tbody>\n<tr>\n<td width=\"100%\">\n<div align=\"left\">\n<p><strong>Wie ich zu Reico gekommen bin: <\/strong><\/p>\n<p><strong>Nachdem mich eine befreundete Tiern\u00e4rrin auf Reico Vital aufmerksam machte und mir ihre Erfahrungen&nbsp;mit gesunden, so&nbsp;wie schwer erkrankten Tieren, die mit diesem Futter ern\u00e4hrt&nbsp;wieder ein sehr gutes, langes Leben f\u00fchrten&nbsp;erz\u00e4hlte, wurde ich sehr neugierig.<\/strong><\/p>\n<p><strong>Als&nbsp;unser Smiley nach einer Milzentfernung stark abmagerte und ich mit welchem Futter auch immer, nichts auf ihn drauf gef\u00fcttert bekam, probierte ich es einfach aus. Und siehe da, wir waren erfolgreich!<\/strong><\/p>\n<p><strong>So probierte ich mich durch die Produktpalette, fand meine Lieblinge. Reico bietet wirklich f\u00fcr jeden Hund, ganz egal ob Allergiker, sensibel, zu dick, zu d\u00fcnn, tragend, Welpe,&#8230; genau das Richtige!<\/strong><\/p>\n<p><strong>Ich interessierte mich mehr und mehr auch f\u00fcr das Unternehmen und seine Prinzipien. Weil diese mich ebenso \u00fcberzeugten, wollte ich Mitarbeiter dieses Unternehmens werden. Ich strengte mich an, las mich ein, besuchte Seminare und bilde mich stetig fort, um auch unsere Welpenk\u00e4ufer, alle Hundefamilien und jeden Interessenten immer gut und richtig beraten und unterst\u00fctzen zu k\u00f6nnen.<\/strong><\/p>\n<p>&nbsp;<\/p>\n<p>M\u00f6chten Sie sich auch informieren? Schm\u00f6kern Sie doch mal auf meiner pers\u00f6nichen Reico Vital Seite! Viel Spa\u00df!!!<\/p>\n<p>H<a href=\"http:\/\/www.reico-vital.com\/NHuptas\" target=\"_blank\" rel=\"noopener\">ier klicken um zu meiner Homepage bei Reico Vital zu gelangen<\/a><\/p>\n<p>&nbsp;<\/p>\n<p>&nbsp;<\/p>\n<\/div>\n<\/td>\n<\/tr>\n<tr>\n<td valign=\"top\"><img loading=\"lazy\" decoding=\"async\" src=\"http:\/\/1.1.1.5\/bmi\/www.reico-vital-nrw.de\/images\/i.gif\" alt=\"\" width=\"462\" height=\"1\"\/><\/td>\n<\/tr>\n<\/tbody>\n<\/table>\n<\/td>\n<\/tr>\n<\/tbody>\n<\/table>\n<p>&nbsp;<\/p>\n<p>&nbsp;<\/p>\n","protected":false},"excerpt":{"rendered":"<p>Artgerechte Ern\u00e4hrung f\u00fcr ihren Vierbeiner &nbsp; Die Ern\u00e4hrung ist eines der wichtigsten Standbeine einer guten Gesundheit. Die meisten Hundebesitzer haben leider die Verantwortung f\u00fcr die Ern\u00e4hrung ihres Hundes an die Tierfutterindustrie abgegeben. Es ist einfacher den Angaben des Herstellers zu glauben, als sich eingehend mit dem Thema Ern\u00e4hrung zu besch\u00e4ftigen, bzw. die Angaben der Zusammensetzung [&hellip;]<\/p>\n","protected":false},"author":3,"featured_media":0,"parent":0,"menu_order":5,"comment_status":"closed","ping_status":"closed","template":"","meta":{"ngg_post_thumbnail":0,"footnotes":""},"class_list":["post-3316","page","type-page","status-publish","hentry"],"_links":{"self":[{"href":"https:\/\/www.endless-hills.de\/index.php?rest_route=\/wp\/v2\/pages\/3316","targetHints":{"allow":["GET"]}}],"collection":[{"href":"https:\/\/www.endless-hills.de\/index.php?rest_route=\/wp\/v2\/pages"}],"about":[{"href":"https:\/\/www.endless-hills.de\/index.php?rest_route=\/wp\/v2\/types\/page"}],"author":[{"embeddable":true,"href":"https:\/\/www.endless-hills.de\/index.php?rest_route=\/wp\/v2\/users\/3"}],"replies":[{"embeddable":true,"href":"https:\/\/www.endless-hills.de\/index.php?rest_route=%2Fwp%2Fv2%2Fcomments&post=3316"}],"version-history":[{"count":23,"href":"https:\/\/www.endless-hills.de\/index.php?rest_route=\/wp\/v2\/pages\/3316\/revisions"}],"predecessor-version":[{"id":18734,"href":"https:\/\/www.endless-hills.de\/index.php?rest_route=\/wp\/v2\/pages\/3316\/revisions\/18734"}],"wp:attachment":[{"href":"https:\/\/www.endless-hills.de\/index.php?rest_route=%2Fwp%2Fv2%2Fmedia&parent=3316"}],"curies":[{"name":"wp","href":"https:\/\/api.w.org\/{rel}","templated":true}]}}