{"id":3249,"date":"2012-01-23T16:51:48","date_gmt":"2012-01-23T15:51:48","guid":{"rendered":"http:\/\/www.collies-of-endless-hills.de\/?page_id=3249"},"modified":"2013-04-02T21:55:52","modified_gmt":"2013-04-02T20:55:52","slug":"aktuelle-collie-welpen","status":"publish","type":"page","link":"https:\/\/www.endless-hills.de\/?page_id=3249","title":{"rendered":"G-Wurf"},"content":{"rendered":"<h3 style=\"text-align: center;\"><\/h3>\n<h3 style=\"text-align: center;\"><span style=\"color: #0000ff;\">Unsere kleinen Colliezwerge in blue merle und tricolour sind am 1. April 2012 geboren.<\/span><\/h3>\n<p style=\"text-align: center;\"><span style=\"color: #0000ff;\"><strong>!!! Alle Welpen sind bereits vergeben<\/strong> !!!<\/span><\/p>\n<p style=\"text-align: center;\"><strong>Klicken Sie auf den Namen um mehr zum jeweiligen Welpen zu erfahren.<\/strong><\/p>\n<p style=\"text-align: center;\"><span style=\"color: #ff0000;\"><span style=\"color: #ff0000;\">Get crazy about blue Gigolo\u00a0(R\u00fcde, Blue Merle) &#8211; <span style=\"color: #ff0000;\">vergeben<\/span><\/span><\/span><\/p>\n<p style=\"text-align: center;\"><span style=\"color: #ff0000;\"><span style=\"color: #ff0000;\">Ginger give me five &#8211; (H\u00fcndin, Tricolour) &#8211; vergeben<\/span><\/span><\/p>\n<p style=\"text-align: center;\"><span style=\"color: #ff0000;\"><span style=\"color: #ff0000;\">Gangsta&#8217;s Paradise &#8211; (R\u00fcde, Blue Merle) &#8211; vergeben<\/span><\/span><\/p>\n<p style=\"text-align: center;\"><span style=\"color: #ff0000;\"><span style=\"color: #ff0000;\">Gracy go ahead &#8211; (H\u00fcndin,\u00a0Blue Merle) &#8211;\u00a0<span style=\"color: #ff0000;\">vergeben<\/span><\/span><\/span><\/p>\n<p style=\"text-align: center;\"><span style=\"color: #ff0000;\"><span style=\"color: #ff0000;\">Ghost River Gnocchi &#8211; (R\u00fcde,\u00a0Blue Merle) &#8211; bleibt bei uns<a title=\"Ghost River Gnocchi\" href=\"http:\/\/www.endless-hills.de\/?page_id=3464\"><br \/>\n<\/a><\/span><\/span><\/p>\n<p style=\"text-align: center;\"><span style=\"color: #ff0000;\"><span style=\"color: #ff0000;\">Giotto the Gentleman &#8211; (R\u00fcde,\u00a0Tricolour) &#8211; vergeben<\/span><\/span><\/p>\n<p style=\"text-align: center;\"><span style=\"color: #ff0000;\"><span style=\"color: #ff0000;\">Guess who&#8217;s Geeny &#8211; (H\u00fcndin,\u00a0Blue Merle) &#8211; vergeben<\/span><\/span><\/p>\n<p style=\"text-align: center;\">&#8211;<\/p>\n<p style=\"text-align: center;\"><span style=\"color: #ff0000;\"><strong>Informationen zur Verpaarung:<\/strong><\/span><\/p>\n<p style=\"text-align: center;\"><strong>Excellent Choice of endless hills<\/strong><br \/>\nCEA\/PRA\/KAT frei puppy test DOK, HD \u2013 A, MDR1 +\/-, frei von allen Augenkrankheiten<br \/>\n&amp;<br \/>\n\u00d6sterreichischen Jugendchampion<br \/>\n<strong>Wild Head`s Keep Smiling<\/strong><br \/>\nCEA\/PRA\/KAT frei puppy test, HD \u2013 A, MDR1 +\/-, frei von allen Augenkrankheiten<img loading=\"lazy\" decoding=\"async\" class=\"aligncenter  wp-image-3279\" title=\"smileyandchoice\" alt=\"\" src=\"http:\/\/www.collies-of-endless-hills.de\/wp-content\/uploads\/2012\/01\/smileyandchoice-1024x833.jpg\" width=\"614\" height=\"500\" srcset=\"https:\/\/www.endless-hills.de\/wp-content\/uploads\/2012\/01\/smileyandchoice-1024x833.jpg 1024w, https:\/\/www.endless-hills.de\/wp-content\/uploads\/2012\/01\/smileyandchoice-300x244.jpg 300w, https:\/\/www.endless-hills.de\/wp-content\/uploads\/2012\/01\/smileyandchoice.jpg 1127w\" sizes=\"auto, (max-width: 614px) 100vw, 614px\" \/><\/p>\n<p style=\"text-align: center;\">ngg_shortcode_0_placeholder<\/p>\n","protected":false},"excerpt":{"rendered":"<p>Unsere kleinen Colliezwerge in blue merle und tricolour sind am 1. April 2012 geboren. !!! Alle Welpen sind bereits vergeben !!! Klicken Sie auf den Namen um mehr zum jeweiligen Welpen zu erfahren. Get crazy about blue Gigolo\u00a0(R\u00fcde, Blue Merle) &#8211; vergeben Ginger give me five &#8211; (H\u00fcndin, Tricolour) &#8211; vergeben Gangsta&#8217;s Paradise &#8211; (R\u00fcde, [&hellip;]<\/p>\n","protected":false},"author":3,"featured_media":0,"parent":1539,"menu_order":10,"comment_status":"closed","ping_status":"closed","template":"","meta":{"ngg_post_thumbnail":0,"footnotes":""},"class_list":["post-3249","page","type-page","status-publish","hentry"],"_links":{"self":[{"href":"https:\/\/www.endless-hills.de\/index.php?rest_route=\/wp\/v2\/pages\/3249","targetHints":{"allow":["GET"]}}],"collection":[{"href":"https:\/\/www.endless-hills.de\/index.php?rest_route=\/wp\/v2\/pages"}],"about":[{"href":"https:\/\/www.endless-hills.de\/index.php?rest_route=\/wp\/v2\/types\/page"}],"author":[{"embeddable":true,"href":"https:\/\/www.endless-hills.de\/index.php?rest_route=\/wp\/v2\/users\/3"}],"replies":[{"embeddable":true,"href":"https:\/\/www.endless-hills.de\/index.php?rest_route=%2Fwp%2Fv2%2Fcomments&post=3249"}],"version-history":[{"count":27,"href":"https:\/\/www.endless-hills.de\/index.php?rest_route=\/wp\/v2\/pages\/3249\/revisions"}],"predecessor-version":[{"id":3251,"href":"https:\/\/www.endless-hills.de\/index.php?rest_route=\/wp\/v2\/pages\/3249\/revisions\/3251"}],"up":[{"embeddable":true,"href":"https:\/\/www.endless-hills.de\/index.php?rest_route=\/wp\/v2\/pages\/1539"}],"wp:attachment":[{"href":"https:\/\/www.endless-hills.de\/index.php?rest_route=%2Fwp%2Fv2%2Fmedia&parent=3249"}],"curies":[{"name":"wp","href":"https:\/\/api.w.org\/{rel}","templated":true}]}}