{"id":3017,"date":"2011-11-15T23:06:18","date_gmt":"2011-11-15T22:06:18","guid":{"rendered":"http:\/\/www.collies-of-endless-hills.de\/?page_id=3017"},"modified":"2016-04-29T22:45:58","modified_gmt":"2016-04-29T21:45:58","slug":"fame-monster-of-endless-hills","status":"publish","type":"page","link":"https:\/\/www.endless-hills.de\/?page_id=3017","title":{"rendered":"Ghost River Gnocchi of endless hills"},"content":{"rendered":"<p>R\u00fcde blue merle &#8211; geboren am 01.04.2012 &#8211; \u00a0gestorben am 05.04.2016<\/p>\n<p>Nash ist ein wundersch\u00f6ner Sohn von unserem Wild Head<code>s Keep Smiling und lebte in Mitbesitz. Er hat in bereits mehreren W\u00fcrfen traumhaft sch\u00f6ne Kinder bei verschiedenen Z\u00fcchtern hervorgebracht. Mehr als gl\u00fccklich macht uns, dass wir mit ihm bereits die 4. Generation unserer blue merle Linie ziehen konnten. Sein Sohn Herby<\/code>\u00a0\u00b4s Dream Early Bird steht uns als R\u00fcde zur Verf\u00fcgung und wir warten sehnlichst darauf, ihn bald einzusetzen. Aus unserem N-Wurf durften wir zwei seiner zauberhaften T\u00f6chter hier behalten und hoffen nun umso mehr, dass sie sich weiterhin gut entwickeln und eines Tages bei uns ebenso wundervollen Nachwuchs hervorbringen k\u00f6nnen.<\/p>\n<p>Auf Grund eines gemeinen Giftk\u00f6deranschlages durfte er gerade 4 Jahre alt werden. Wir sind mehr als best\u00fcrzt und traurig und uns fehlen einfach die Worte. Ausf\u00fchrlicher m\u00f6chten wir im Moment nicht werden. Der Schmerz sitzt einfach viel zu tief ;(<\/p>\n<p>Unser Seelenhund, unser &#8222;Once in a lifetime&#8220; Hund, wir werden dich nie vergessen, der Schmerz f\u00fcr immer in unseren Seelen brennen. Dieses Versprechen geben wir dir mit auf deinen Weg \u00fcber die Regenbogenbr\u00fccke:<\/p>\n<p>Du wirst f\u00fcr immer unsterblich sein mein Engel! RUN FREE!<\/p>\n<p>&nbsp;<\/p>\n<p><span style=\"color: #0000ff;\">CEA\/PRA\/KAT frei puppy test, CEA gen affected, MDR1 +\/+, HD -A1, DM &#8211; \u00a0N\/DM (Tr\u00e4ger), PRA rcd2 N\/N gen. frei,\u00a0<\/span><span style=\"color: #0000ff;\">Wesenstest bestanden, befindet sich in Ausbildung zum Rettungshund, Agility<\/span><\/p>\n<p><span style=\"color: #ff0000;\">Best Puppy CACIB Wels\u00a0<\/span><\/p>\n<p><span style=\"color: #ff0000;\">Landesjugendsieger Bayern 2013<\/span><\/p>\n<p><span style=\"color: #ff0000;\">\u00a0CACIB M\u00fcnchen \u00a0V1 CAC-J, 3x CACJ Res.<\/span><\/p>\n<p><span style=\"color: #ff0000;\">\u00a0<\/span><span style=\"color: #ff0000;\">CACIB Dortmund V1 CAC (2 Anwartschaften),\u00a0CACIB N\u00fcrnberg V1 CAC, 4x V2, 1x V3, 1x V4<\/span><\/p>\n<p><span style=\"color: #0000ff;\">Begleithundpr\u00fcfung bestanden!!!<\/span><\/p>\n<div id=\"attachment_9289\" style=\"width: 710px\" class=\"wp-caption aligncenter\"><img loading=\"lazy\" decoding=\"async\" aria-describedby=\"caption-attachment-9289\" class=\"wp-image-9289\" src=\"http:\/\/www.endless-hills.de\/wp-content\/uploads\/2011\/11\/DSC_0927-1024x1012.jpg\" alt=\"Nash, 3 Jahre\" width=\"700\" height=\"692\" srcset=\"https:\/\/www.endless-hills.de\/wp-content\/uploads\/2011\/11\/DSC_0927-1024x1012.jpg 1024w, https:\/\/www.endless-hills.de\/wp-content\/uploads\/2011\/11\/DSC_0927-100x100.jpg 100w, https:\/\/www.endless-hills.de\/wp-content\/uploads\/2011\/11\/DSC_0927-300x297.jpg 300w\" sizes=\"auto, (max-width: 700px) 100vw, 700px\" \/><p id=\"caption-attachment-9289\" class=\"wp-caption-text\">Nash, 3 Jahre<\/p><\/div>\n<p>&nbsp;<\/p>\n<div id=\"attachment_13342\" style=\"width: 710px\" class=\"wp-caption aligncenter\"><img loading=\"lazy\" decoding=\"async\" aria-describedby=\"caption-attachment-13342\" class=\"wp-image-13342\" src=\"http:\/\/www.endless-hills.de\/wp-content\/uploads\/2011\/11\/DSC_0890-1024x773.jpg\" alt=\"In deinen Kindern lebst du weiter &lt;3\" width=\"700\" height=\"528\" srcset=\"https:\/\/www.endless-hills.de\/wp-content\/uploads\/2011\/11\/DSC_0890-1024x773.jpg 1024w, https:\/\/www.endless-hills.de\/wp-content\/uploads\/2011\/11\/DSC_0890-300x226.jpg 300w, https:\/\/www.endless-hills.de\/wp-content\/uploads\/2011\/11\/DSC_0890-768x579.jpg 768w\" sizes=\"auto, (max-width: 700px) 100vw, 700px\" \/><p id=\"caption-attachment-13342\" class=\"wp-caption-text\">In deinen Kindern lebst du weiter &lt;3<\/p><\/div>\n<p>Nash ist ein unheimlich typvoller Collie R\u00fcde aus unserem G &#8211; Wurf. Da er als einziger nicht in der Wurfkiste, sondern in unserem Wohnzimmer geboren wurde (seine Mama dachte, sie m\u00fcsste diese mal verlassen;), fiel er sofort aus Liebe unter unsere besondere Beobachtung. Er wurde sch\u00f6ner und sch\u00f6ner und dieser wahnsinns Welpe eroberte unsere Herzen im Sturm. Nachdem wir auch noch seine \u00a0sehr positiven Gesundheitswerte hatten, war klar, diesen wertvollen blauen Saphir k\u00f6nnen wir unm\u00f6glich f\u00fcr unsere Zucht verlieren.<\/p>\n<h4 style=\"text-align: center;\">Ahnentafel<\/h4>\n<p style=\"text-align: center;\"><img loading=\"lazy\" decoding=\"async\" class=\"aligncenter size-full wp-image-5558\" src=\"http:\/\/www.endless-hills.de\/wp-content\/uploads\/2011\/11\/Ghostriver.jpg\" alt=\"Ghostriver\" width=\"527\" height=\"465\" srcset=\"https:\/\/www.endless-hills.de\/wp-content\/uploads\/2011\/11\/Ghostriver.jpg 527w, https:\/\/www.endless-hills.de\/wp-content\/uploads\/2011\/11\/Ghostriver-300x264.jpg 300w\" sizes=\"auto, (max-width: 527px) 100vw, 527px\" \/><\/p>\n<p>&nbsp;<\/p>\n<p style=\"text-align: center;\">ngg_shortcode_0_placeholder<\/p>\n","protected":false},"excerpt":{"rendered":"<p>R\u00fcde blue merle &#8211; geboren am 01.04.2012 &#8211; \u00a0gestorben am 05.04.2016 Nash ist ein wundersch\u00f6ner Sohn von unserem Wild Heads Keep Smiling und lebte in Mitbesitz. Er hat in bereits mehreren W\u00fcrfen traumhaft sch\u00f6ne Kinder bei verschiedenen Z\u00fcchtern hervorgebracht. Mehr als gl\u00fccklich macht uns, dass wir mit ihm bereits die 4. Generation unserer blue merle [&hellip;]<\/p>\n","protected":false},"author":3,"featured_media":0,"parent":5743,"menu_order":1,"comment_status":"closed","ping_status":"closed","template":"","meta":{"ngg_post_thumbnail":0,"footnotes":""},"class_list":["post-3017","page","type-page","status-publish","hentry"],"_links":{"self":[{"href":"https:\/\/www.endless-hills.de\/index.php?rest_route=\/wp\/v2\/pages\/3017","targetHints":{"allow":["GET"]}}],"collection":[{"href":"https:\/\/www.endless-hills.de\/index.php?rest_route=\/wp\/v2\/pages"}],"about":[{"href":"https:\/\/www.endless-hills.de\/index.php?rest_route=\/wp\/v2\/types\/page"}],"author":[{"embeddable":true,"href":"https:\/\/www.endless-hills.de\/index.php?rest_route=\/wp\/v2\/users\/3"}],"replies":[{"embeddable":true,"href":"https:\/\/www.endless-hills.de\/index.php?rest_route=%2Fwp%2Fv2%2Fcomments&post=3017"}],"version-history":[{"count":57,"href":"https:\/\/www.endless-hills.de\/index.php?rest_route=\/wp\/v2\/pages\/3017\/revisions"}],"predecessor-version":[{"id":13343,"href":"https:\/\/www.endless-hills.de\/index.php?rest_route=\/wp\/v2\/pages\/3017\/revisions\/13343"}],"up":[{"embeddable":true,"href":"https:\/\/www.endless-hills.de\/index.php?rest_route=\/wp\/v2\/pages\/5743"}],"wp:attachment":[{"href":"https:\/\/www.endless-hills.de\/index.php?rest_route=%2Fwp%2Fv2%2Fmedia&parent=3017"}],"curies":[{"name":"wp","href":"https:\/\/api.w.org\/{rel}","templated":true}]}}