{"id":2997,"date":"2011-11-15T22:31:46","date_gmt":"2011-11-15T21:31:46","guid":{"rendered":"http:\/\/www.collies-of-endless-hills.de\/?page_id=2997"},"modified":"2024-12-03T20:39:05","modified_gmt":"2024-12-03T19:39:05","slug":"grande-princesse-baviere-sissi","status":"publish","type":"page","link":"https:\/\/www.endless-hills.de\/?page_id=2997","title":{"rendered":"JgCh Grande Princesse Bavi\u00e8re dRdM"},"content":{"rendered":"<p style=\"text-align: left;\">Sable H\u00fcndin &#8211; Bitch (Shetland Sheepdog), geboren 28.06.2011<\/p>\n<p><span style=\"color: #0000ff;\">CEA\/PRA\/KAT und Kolobom frei mit 12 Monaten, gen. carrier (lt. Genomia), MDR1 +\/-,\u00a0 nat\u00fcrliche Kippohren,<\/span><\/p>\n<p><span style=\"color: #0000ff;\">HD &#8211; A, 35 cm <\/span><\/p>\n<p><strong><span style=\"color: #ff0000;\">\u00a0Deutscher Jugendchampion<\/span><\/strong><\/p>\n<p><strong><span style=\"color: #ff0000;\"> 7 x V1 CAC,1 CACIB, 2x BOB, 1xBOS, best female CACIB Wieselburg, 1x V2 Res. CAC<br \/>\n<\/span><\/strong><\/p>\n<div>\n<p>Die s\u00fc\u00dfe, kecke Sissi hat den Weg von Frankreich zur\u00fcck in Ihre bayrische Namensheimat gefunden. Wir hoffen mit dieser zuckers\u00fc\u00dfen Schnecke unsere Sheltiezucht erfolgreich erweitern zu k\u00f6nnen. Sissi ist eine vorwitzige, flinke und verspielte H\u00fcndin, die uns mit ihrem freundlichen, menschenbezogenen Wesen t\u00e4glich neu begeistert. Wir danken Sandrine und Pierre Bohn, dass sie uns ihre s\u00fc\u00dfe Hoffnung anvertraut haben<\/p>\n<div id=\"attachment_4520\" style=\"width: 411px\" class=\"wp-caption aligncenter\"><a href=\"http:\/\/www.endless-hills.de\/wp-content\/uploads\/2011\/11\/GRANDE_PRINCESSE_DE_BAVIERE_DES_ROMARINS_DE_MAYERLING.jpg\"><img loading=\"lazy\" decoding=\"async\" aria-describedby=\"caption-attachment-4520\" class=\"size-full wp-image-4520\" alt=\"Sissi, CACIB Wieselburg, V1, CAC-A, CACIB, best female, BOS\" src=\"http:\/\/www.endless-hills.de\/wp-content\/uploads\/2011\/11\/GRANDE_PRINCESSE_DE_BAVIERE_DES_ROMARINS_DE_MAYERLING.jpg\" width=\"401\" height=\"363\" srcset=\"https:\/\/www.endless-hills.de\/wp-content\/uploads\/2011\/11\/GRANDE_PRINCESSE_DE_BAVIERE_DES_ROMARINS_DE_MAYERLING.jpg 401w, https:\/\/www.endless-hills.de\/wp-content\/uploads\/2011\/11\/GRANDE_PRINCESSE_DE_BAVIERE_DES_ROMARINS_DE_MAYERLING-300x271.jpg 300w\" sizes=\"auto, (max-width: 401px) 100vw, 401px\" \/><\/a><p id=\"caption-attachment-4520\" class=\"wp-caption-text\">Sissi, CACIB Wieselburg, V1, CAC-A, CACIB, best female, BOS<\/p><\/div>\n<\/div>\n<p style=\"text-align: center;\">\u00a0<a href=\"http:\/\/www.endless-hills.de\/wp-content\/uploads\/2011\/11\/Scan_Pic0001.jpg\"><img loading=\"lazy\" decoding=\"async\" class=\"aligncenter size-medium wp-image-4292\" alt=\"Scan_Pic0001\" src=\"http:\/\/www.endless-hills.de\/wp-content\/uploads\/2011\/11\/Scan_Pic0001-207x300.jpg\" width=\"207\" height=\"300\" srcset=\"https:\/\/www.endless-hills.de\/wp-content\/uploads\/2011\/11\/Scan_Pic0001-207x300.jpg 207w, https:\/\/www.endless-hills.de\/wp-content\/uploads\/2011\/11\/Scan_Pic0001-708x1024.jpg 708w, https:\/\/www.endless-hills.de\/wp-content\/uploads\/2011\/11\/Scan_Pic0001.jpg 1526w\" sizes=\"auto, (max-width: 207px) 100vw, 207px\" \/><\/a><\/p>\n<h3 style=\"text-align: center;\">Ahnentafel<\/h3>\n<p style=\"text-align: center;\"><img loading=\"lazy\" decoding=\"async\" class=\"aligncenter size-full wp-image-3580\" title=\"Sissi\" alt=\"\" src=\"http:\/\/www.endless-hills.de\/wp-content\/uploads\/2011\/11\/Sissi2.jpg\" width=\"645\" height=\"358\" srcset=\"https:\/\/www.endless-hills.de\/wp-content\/uploads\/2011\/11\/Sissi2.jpg 645w, https:\/\/www.endless-hills.de\/wp-content\/uploads\/2011\/11\/Sissi2-300x166.jpg 300w\" sizes=\"auto, (max-width: 645px) 100vw, 645px\" \/><\/p>\n<h3 style=\"text-align: center;\">Bildgalerie<\/h3>\n<p style=\"text-align: center;\">ngg_shortcode_0_placeholder<\/p>\n","protected":false},"excerpt":{"rendered":"<p>Sable H\u00fcndin &#8211; Bitch (Shetland Sheepdog), geboren 28.06.2011 CEA\/PRA\/KAT und Kolobom frei mit 12 Monaten, gen. carrier (lt. Genomia), MDR1 +\/-,\u00a0 nat\u00fcrliche Kippohren, HD &#8211; A, 35 cm \u00a0Deutscher Jugendchampion 7 x V1 CAC,1 CACIB, 2x BOB, 1xBOS, best female CACIB Wieselburg, 1x V2 Res. CAC Die s\u00fc\u00dfe, kecke Sissi hat den Weg von Frankreich [&hellip;]<\/p>\n","protected":false},"author":3,"featured_media":0,"parent":21292,"menu_order":2,"comment_status":"closed","ping_status":"closed","template":"","meta":{"ngg_post_thumbnail":0,"footnotes":""},"class_list":["post-2997","page","type-page","status-publish","hentry"],"_links":{"self":[{"href":"https:\/\/www.endless-hills.de\/index.php?rest_route=\/wp\/v2\/pages\/2997","targetHints":{"allow":["GET"]}}],"collection":[{"href":"https:\/\/www.endless-hills.de\/index.php?rest_route=\/wp\/v2\/pages"}],"about":[{"href":"https:\/\/www.endless-hills.de\/index.php?rest_route=\/wp\/v2\/types\/page"}],"author":[{"embeddable":true,"href":"https:\/\/www.endless-hills.de\/index.php?rest_route=\/wp\/v2\/users\/3"}],"replies":[{"embeddable":true,"href":"https:\/\/www.endless-hills.de\/index.php?rest_route=%2Fwp%2Fv2%2Fcomments&post=2997"}],"version-history":[{"count":34,"href":"https:\/\/www.endless-hills.de\/index.php?rest_route=\/wp\/v2\/pages\/2997\/revisions"}],"predecessor-version":[{"id":5917,"href":"https:\/\/www.endless-hills.de\/index.php?rest_route=\/wp\/v2\/pages\/2997\/revisions\/5917"}],"up":[{"embeddable":true,"href":"https:\/\/www.endless-hills.de\/index.php?rest_route=\/wp\/v2\/pages\/21292"}],"wp:attachment":[{"href":"https:\/\/www.endless-hills.de\/index.php?rest_route=%2Fwp%2Fv2%2Fmedia&parent=2997"}],"curies":[{"name":"wp","href":"https:\/\/api.w.org\/{rel}","templated":true}]}}