{"id":23,"date":"2010-01-18T15:46:00","date_gmt":"2010-01-18T14:46:00","guid":{"rendered":"http:\/\/www.nicollies.de\/?page_id=23"},"modified":"2024-12-03T20:33:10","modified_gmt":"2024-12-03T19:33:10","slug":"blue-jeans-vom-old-tom","status":"publish","type":"page","link":"https:\/\/www.endless-hills.de\/?page_id=23","title":{"rendered":"Ch. Blue Jeans vom old Tom"},"content":{"rendered":"<p>Blue Merle H\u00fcndin (Bitch) &#8211; geboren am 27.12.2007<\/p>\n<p><span style=\"color: #0000ff;\">CEA\/PRA\/KAT und Kolombom frei mit 7 Wochen, MDR1 -\/-,&nbsp; HD-A,&nbsp; zur Zucht empfohlen<\/span><\/p>\n<h2><span style=\"color: #ff0000;\">Champion \u00d6KV<\/span><\/h2>\n<p><strong><span style=\"color: #ff0000;\">Jugendsiegerin Stuttgart 2008<\/span><\/strong><\/p>\n<p><strong><span style=\"color: #ff0000;\">World Club Winner Salzburg 2012<\/span><\/strong><\/p>\n<p><span style=\"color: #ff0000;\">VV1 in der J\u00fcngstenklasse<\/span><\/p>\n<p><span style=\"color: #ff0000;\">2x V1 CAC-J, 1xV2 Res CAC-J,&nbsp;1x V4 in der Jugendklasse<\/span><\/p>\n<p><span style=\"color: #ff0000;\">4xV1 CAC-A, &nbsp;6x V2, 1x V3, 1xV4 in der Offenen Klasse<\/span><\/p>\n<p><span style=\"color: #ff0000;\">1x CACIB<\/span><\/p>\n<p><span style=\"color: #ff0000;\">1x RES. CACIB, V2 CACA Res.<\/span><\/p>\n<p><span style=\"color: #0000ff;\">&nbsp;<\/span><\/p>\n<p>Unsere Blue Jeans ist ein kleiner Vorwitz, der meint jeden um den Finger wickeln zu k\u00f6nnen. Sie gibt sich Fremden gegen\u00fcber&nbsp;erst einmal unnahbar&nbsp; und bellt&nbsp;sie frech an. Zwei Minuten sp\u00e4ter kann sie jedoch mit jedem Freundschaft schlie\u00dfen und wird zur aufgeschlossenen, verfressenen Schmuseh\u00fcndin.&nbsp;Juni ist der totale Powerhund und unser Alphatier. Mit ihr kann man viele Aufgabenbereiche erf\u00fcllen. Wir sind ihr heilig und niemand d\u00fcrfte uns etwas tun.&nbsp;Am meisten liebt sie das Apportieren und Ball spielen. Quietschies werden sofort bet\u00fcddelt, als w\u00e4ren es ihre Babys. Eine absolut treue Seele ohne jegliche Angst oder Nervosit\u00e4t, die ich niemals missen m\u00f6chte. Als Mama meistert sie alles souver\u00e4n, klasse und einfach nur prima und problemlos. Sie schenkte uns bisweilen aus unserem E- und F- Wurf&nbsp;sehr erfolgreiche und typvolle Nachzucht! Mit unserem J &#8211; Wurf , indem uns Blue Jeans abermals acht wundersch\u00f6ne Kinder schenkte, entlassen wir unser bestes St\u00fcck in den Ruhestand, den sie bei meinen Eltern genie\u00dft. &nbsp;Mit Herby*s Dream Early Bird und Northern Light of endless hills verst\u00e4rkt bereits die 4. Generation aus ihr unsere Zucht &lt;3 Das macht uns wirklich mehr als gl\u00fccklich<\/p>\n<div id=\"attachment_13627\" style=\"width: 710px\" class=\"wp-caption aligncenter\"><img loading=\"lazy\" decoding=\"async\" aria-describedby=\"caption-attachment-13627\" class=\"wp-image-13627\" src=\"http:\/\/www.endless-hills.de\/wp-content\/uploads\/2010\/01\/DSC_0761-1024x892.jpg\" alt=\"Blue Jeans, 8 Jahre\" width=\"700\" height=\"610\" srcset=\"https:\/\/www.endless-hills.de\/wp-content\/uploads\/2010\/01\/DSC_0761-1024x892.jpg 1024w, https:\/\/www.endless-hills.de\/wp-content\/uploads\/2010\/01\/DSC_0761-300x261.jpg 300w, https:\/\/www.endless-hills.de\/wp-content\/uploads\/2010\/01\/DSC_0761-768x669.jpg 768w\" sizes=\"auto, (max-width: 700px) 100vw, 700px\" \/><p id=\"caption-attachment-13627\" class=\"wp-caption-text\">Blue Jeans, 8 Jahre<\/p><\/div>\n<div id=\"attachment_2598\" style=\"width: 310px\" class=\"wp-caption aligncenter\"><img loading=\"lazy\" decoding=\"async\" aria-describedby=\"caption-attachment-2598\" class=\"size-medium wp-image-2598 \" title=\"bluejeans (17)\" src=\"http:\/\/www.collies-of-endless-hills.de\/wp-content\/uploads\/2010\/01\/bluejeans-171-300x200.jpg\" alt=\"\" width=\"300\" height=\"200\" srcset=\"https:\/\/www.endless-hills.de\/wp-content\/uploads\/2010\/01\/bluejeans-171-300x200.jpg 300w, https:\/\/www.endless-hills.de\/wp-content\/uploads\/2010\/01\/bluejeans-171.jpg 800w\" sizes=\"auto, (max-width: 300px) 100vw, 300px\" \/><p id=\"caption-attachment-2598\" class=\"wp-caption-text\">Blue Jeans, 3,5 Jahre<\/p><\/div>\n<p><a href=\"http:\/\/www.endless-hills.de\/wp-content\/uploads\/2010\/01\/Scan_Pic0005.jpg\"><img loading=\"lazy\" decoding=\"async\" class=\"aligncenter size-medium wp-image-4288\" src=\"http:\/\/www.endless-hills.de\/wp-content\/uploads\/2010\/01\/Scan_Pic0005-203x300.jpg\" alt=\"Scan_Pic0005\" width=\"203\" height=\"300\" srcset=\"https:\/\/www.endless-hills.de\/wp-content\/uploads\/2010\/01\/Scan_Pic0005-203x300.jpg 203w, https:\/\/www.endless-hills.de\/wp-content\/uploads\/2010\/01\/Scan_Pic0005-693x1024.jpg 693w, https:\/\/www.endless-hills.de\/wp-content\/uploads\/2010\/01\/Scan_Pic0005.jpg 1581w\" sizes=\"auto, (max-width: 203px) 100vw, 203px\" \/><\/a><\/p>\n<h3 style=\"text-align: center;\">Ahnentafel<\/h3>\n<p style=\"text-align: center;\"><img loading=\"lazy\" decoding=\"async\" class=\"aligncenter size-full wp-image-901\" title=\"Blue Jeans Ahnentafel\" src=\"http:\/\/www.collies-of-endless-hills.de\/wp-content\/uploads\/2010\/01\/junipedigree.jpg\" alt=\"\" width=\"589\" height=\"666\" srcset=\"https:\/\/www.endless-hills.de\/wp-content\/uploads\/2010\/01\/junipedigree.jpg 589w, https:\/\/www.endless-hills.de\/wp-content\/uploads\/2010\/01\/junipedigree-265x300.jpg 265w\" sizes=\"auto, (max-width: 589px) 100vw, 589px\" \/><\/p>\n<h3 style=\"text-align: center;\">Bildgalerie<\/h3>\n<p style=\"text-align: center;\">ngg_shortcode_0_placeholder<\/p>\n","protected":false},"excerpt":{"rendered":"<p>Blue Merle H\u00fcndin (Bitch) &#8211; geboren am 27.12.2007 CEA\/PRA\/KAT und Kolombom frei mit 7 Wochen, MDR1 -\/-,&nbsp; HD-A,&nbsp; zur Zucht empfohlen Champion \u00d6KV Jugendsiegerin Stuttgart 2008 World Club Winner Salzburg 2012 VV1 in der J\u00fcngstenklasse 2x V1 CAC-J, 1xV2 Res CAC-J,&nbsp;1x V4 in der Jugendklasse 4xV1 CAC-A, &nbsp;6x V2, 1x V3, 1xV4 in der Offenen [&hellip;]<\/p>\n","protected":false},"author":3,"featured_media":0,"parent":5743,"menu_order":3,"comment_status":"closed","ping_status":"closed","template":"","meta":{"ngg_post_thumbnail":0,"footnotes":""},"class_list":["post-23","page","type-page","status-publish","hentry"],"_links":{"self":[{"href":"https:\/\/www.endless-hills.de\/index.php?rest_route=\/wp\/v2\/pages\/23","targetHints":{"allow":["GET"]}}],"collection":[{"href":"https:\/\/www.endless-hills.de\/index.php?rest_route=\/wp\/v2\/pages"}],"about":[{"href":"https:\/\/www.endless-hills.de\/index.php?rest_route=\/wp\/v2\/types\/page"}],"author":[{"embeddable":true,"href":"https:\/\/www.endless-hills.de\/index.php?rest_route=\/wp\/v2\/users\/3"}],"replies":[{"embeddable":true,"href":"https:\/\/www.endless-hills.de\/index.php?rest_route=%2Fwp%2Fv2%2Fcomments&post=23"}],"version-history":[{"count":45,"href":"https:\/\/www.endless-hills.de\/index.php?rest_route=\/wp\/v2\/pages\/23\/revisions"}],"predecessor-version":[{"id":19873,"href":"https:\/\/www.endless-hills.de\/index.php?rest_route=\/wp\/v2\/pages\/23\/revisions\/19873"}],"up":[{"embeddable":true,"href":"https:\/\/www.endless-hills.de\/index.php?rest_route=\/wp\/v2\/pages\/5743"}],"wp:attachment":[{"href":"https:\/\/www.endless-hills.de\/index.php?rest_route=%2Fwp%2Fv2%2Fmedia&parent=23"}],"curies":[{"name":"wp","href":"https:\/\/api.w.org\/{rel}","templated":true}]}}