{"id":21299,"date":"2024-12-03T20:47:39","date_gmt":"2024-12-03T19:47:39","guid":{"rendered":"http:\/\/www.endless-hills.de\/?page_id=21299"},"modified":"2024-12-03T21:32:14","modified_gmt":"2024-12-03T20:32:14","slug":"a2-wurf","status":"publish","type":"page","link":"https:\/\/www.endless-hills.de\/?page_id=21299","title":{"rendered":"A2 Wurf"},"content":{"rendered":"\n<h3 class=\"wp-block-heading\">Hurra!<\/h3>\n\n\n\n<h3 class=\"wp-block-heading\">Unsere Collie-Welpen sind am 16. Mai 2023 sicher gelandet.<\/h3>\n\n\n\n<h3 class=\"wp-block-heading\">Wir freuen uns \u00fcber 3\/1 Tricolour &nbsp;und 2\/3 Blue Merle Welpen.<\/h3>\n\n\n\n<h3 class=\"wp-block-heading\">Pearl ist wie immer eine liebevolle Mama.<\/h3>\n\n\nngg_shortcode_0_placeholder\n\n\n\n<h2 class=\"wp-block-heading\">Unsere Collie Verpaarung<\/h2>\n\n\n\n<p><strong>Paint The World du Clos de Sea-Wind x Gipsy vom Obersten-Holz<\/strong><\/p>\n\n\n<div class=\"wp-block-image\">\n<figure class=\"aligncenter\"><img loading=\"lazy\" decoding=\"async\" width=\"1024\" height=\"917\" src=\"http:\/\/www.endless-hills.de\/wp-content\/uploads\/2020\/10\/Lennox12-e1605214257643-1024x917.jpg\" alt=\"\" class=\"wp-image-20635\" srcset=\"https:\/\/www.endless-hills.de\/wp-content\/uploads\/2020\/10\/Lennox12-e1605214257643-1024x917.jpg 1024w, https:\/\/www.endless-hills.de\/wp-content\/uploads\/2020\/10\/Lennox12-e1605214257643-300x269.jpg 300w, https:\/\/www.endless-hills.de\/wp-content\/uploads\/2020\/10\/Lennox12-e1605214257643-768x688.jpg 768w, https:\/\/www.endless-hills.de\/wp-content\/uploads\/2020\/10\/Lennox12-e1605214257643-1536x1376.jpg 1536w, https:\/\/www.endless-hills.de\/wp-content\/uploads\/2020\/10\/Lennox12-e1605214257643-2048x1834.jpg 2048w\" sizes=\"auto, (max-width: 1024px) 100vw, 1024px\" \/><\/figure>\n<\/div>\n\n<div class=\"wp-block-image\">\n<figure class=\"aligncenter\"><img loading=\"lazy\" decoding=\"async\" width=\"1024\" height=\"959\" src=\"http:\/\/www.endless-hills.de\/wp-content\/uploads\/2020\/11\/5A8EBE92-E42B-403C-BCA0-349AA387AADC-1024x959.jpeg\" alt=\"\" class=\"wp-image-20739\" srcset=\"https:\/\/www.endless-hills.de\/wp-content\/uploads\/2020\/11\/5A8EBE92-E42B-403C-BCA0-349AA387AADC-1024x959.jpeg 1024w, https:\/\/www.endless-hills.de\/wp-content\/uploads\/2020\/11\/5A8EBE92-E42B-403C-BCA0-349AA387AADC-300x281.jpeg 300w, https:\/\/www.endless-hills.de\/wp-content\/uploads\/2020\/11\/5A8EBE92-E42B-403C-BCA0-349AA387AADC-768x719.jpeg 768w, https:\/\/www.endless-hills.de\/wp-content\/uploads\/2020\/11\/5A8EBE92-E42B-403C-BCA0-349AA387AADC-1536x1438.jpeg 1536w, https:\/\/www.endless-hills.de\/wp-content\/uploads\/2020\/11\/5A8EBE92-E42B-403C-BCA0-349AA387AADC.jpeg 1600w\" sizes=\"auto, (max-width: 1024px) 100vw, 1024px\" \/><\/figure>\n<\/div>\n\n\n<h2 class=\"wp-block-heading\">***<\/h2>\n\n\n\n<p><strong><em>Manchmal ergibt es sich, dass wir mehrere Welpen aufziehen bis wir uns endg\u00fcltig f\u00fcr &#8222;den Einen&#8220; entscheiden und somit einer unserer Diamanten zu einem sp\u00e4teren Zeitpunkt zur Vermittlung steht. Ausserdem ergeben sich auch mal Umst\u00e4nde, die es n\u00f6tig machen f\u00fcr einen geliebten erwachsenen Hund ein neues Zuhause zu suchen.<\/em><\/strong><\/p>\n\n\n\n<p>Sie suchen einen etwas \u00e4lteren Collie als Ihren Begleiter? Rufen Sie uns gerne einfach unverbindlich an und fragen nach<\/p>\n\n\n\n<p><strong><a href=\"http:\/\/www.endless-hills.de\/?page_id=168\">Nehmen Sie einfach Kontakt mit uns auf.&nbsp;<\/a><\/strong><\/p>\n\n\n\n<h3 class=\"wp-block-heading\"><strong>Wir freuen uns noch mehr auf Ihren Anruf.<\/strong><\/h3>\n","protected":false},"excerpt":{"rendered":"<p>Hurra! Unsere Collie-Welpen sind am 16. Mai 2023 sicher gelandet. Wir freuen uns \u00fcber 3\/1 Tricolour &nbsp;und 2\/3 Blue Merle Welpen. Pearl ist wie immer eine liebevolle Mama. Unsere Collie Verpaarung Paint The World du Clos de Sea-Wind x Gipsy vom Obersten-Holz *** Manchmal ergibt es sich, dass wir mehrere Welpen aufziehen bis wir uns [&hellip;]<\/p>\n","protected":false},"author":3,"featured_media":0,"parent":21301,"menu_order":1,"comment_status":"closed","ping_status":"closed","template":"","meta":{"ngg_post_thumbnail":0,"footnotes":""},"class_list":["post-21299","page","type-page","status-publish","hentry"],"_links":{"self":[{"href":"https:\/\/www.endless-hills.de\/index.php?rest_route=\/wp\/v2\/pages\/21299","targetHints":{"allow":["GET"]}}],"collection":[{"href":"https:\/\/www.endless-hills.de\/index.php?rest_route=\/wp\/v2\/pages"}],"about":[{"href":"https:\/\/www.endless-hills.de\/index.php?rest_route=\/wp\/v2\/types\/page"}],"author":[{"embeddable":true,"href":"https:\/\/www.endless-hills.de\/index.php?rest_route=\/wp\/v2\/users\/3"}],"replies":[{"embeddable":true,"href":"https:\/\/www.endless-hills.de\/index.php?rest_route=%2Fwp%2Fv2%2Fcomments&post=21299"}],"version-history":[{"count":2,"href":"https:\/\/www.endless-hills.de\/index.php?rest_route=\/wp\/v2\/pages\/21299\/revisions"}],"predecessor-version":[{"id":21338,"href":"https:\/\/www.endless-hills.de\/index.php?rest_route=\/wp\/v2\/pages\/21299\/revisions\/21338"}],"up":[{"embeddable":true,"href":"https:\/\/www.endless-hills.de\/index.php?rest_route=\/wp\/v2\/pages\/21301"}],"wp:attachment":[{"href":"https:\/\/www.endless-hills.de\/index.php?rest_route=%2Fwp%2Fv2%2Fmedia&parent=21299"}],"curies":[{"name":"wp","href":"https:\/\/api.w.org\/{rel}","templated":true}]}}