{"id":20852,"date":"2021-06-28T10:12:26","date_gmt":"2021-06-28T09:12:26","guid":{"rendered":"http:\/\/www.endless-hills.de\/?page_id=20852"},"modified":"2021-06-28T10:13:13","modified_gmt":"2021-06-28T09:13:13","slug":"x-wurf","status":"publish","type":"page","link":"https:\/\/www.endless-hills.de\/?page_id=20852","title":{"rendered":"X-Wurf"},"content":{"rendered":"\n<p><br \/>Unsere Collie Welpen von Neo und Pearl sind am 27. November geboren. Wir freuen uns \u00fcber 1\/0 Tricolour und 2\/0 sable Welpen. Mama und Babys sind wohlauf und die Kleinen wachsen und gedeihen. Wir sind \u00fcbergl\u00fccklich und genie\u00dfen jede Sekunde dieses kostbaren Welpengl\u00fccks!<\/p>\n\n\n\n<h3 class=\"wp-block-heading\">Alpensieger 2019&nbsp;<\/h3>\n\n\n\n<h3 class=\"wp-block-heading\">Nec Plus Ultra du Clos de Sea-Wind<\/h3>\n\n\n\n<h3 class=\"wp-block-heading\">und&nbsp;<\/h3>\n\n\n\n<h3 class=\"wp-block-heading\">Gipsy vom Obersten Holz<\/h3>\n\n\n\n<div class=\"wp-block-image\"><figure class=\"aligncenter\"><img loading=\"lazy\" decoding=\"async\" width=\"828\" height=\"538\" src=\"http:\/\/www.endless-hills.de\/wp-content\/uploads\/2020\/11\/image0Pearl.jpeg\" alt=\"\" class=\"wp-image-20752\" srcset=\"https:\/\/www.endless-hills.de\/wp-content\/uploads\/2020\/11\/image0Pearl.jpeg 828w, https:\/\/www.endless-hills.de\/wp-content\/uploads\/2020\/11\/image0Pearl-300x195.jpeg 300w, https:\/\/www.endless-hills.de\/wp-content\/uploads\/2020\/11\/image0Pearl-768x499.jpeg 768w\" sizes=\"auto, (max-width: 828px) 100vw, 828px\" \/><\/figure><\/div>\n\n\n\n<hr class=\"wp-block-separator\"\/>\n\n\n\n<p><strong><em>Manchmal ergibt es sich, dass wir mehrere Welpen aufziehen bis wir uns&nbsp;entg\u00fcltig f\u00fcr &#8222;den Einen&#8220; entscheiden und somit einer unserer Diamanten zu einem sp\u00e4teren&nbsp;Zeitpunkt zur Vermittlung steht. Ausserdem ergeben sich auch mal Umst\u00e4nde, die es n\u00f6tig machen f\u00fcr einen geliebten erwachsenen Hund ein neues Zuhause zu suchen.<\/em><\/strong><\/p>\n\n\n\n<p>Sie suchen einen etwas \u00e4lteren Collie als Ihren Begleiter? Rufen Sie uns gerne einfach unverbindlich an und fragen nach<\/p>\n\n\n\n<p><strong><a href=\"http:\/\/www.endless-hills.de\/?page_id=168\">Nehmen Sie einfach Kontakt mit uns auf.&nbsp;&nbsp;<\/a><\/strong><\/p>\n\n\n\n<h3 class=\"wp-block-heading\"><strong>Wir freuen uns noch mehr auf Ihren Anruf.<\/strong><\/h3>\n","protected":false},"excerpt":{"rendered":"<p>Unsere Collie Welpen von Neo und Pearl sind am 27. November geboren. Wir freuen uns \u00fcber 1\/0 Tricolour und 2\/0 sable Welpen. Mama und Babys sind wohlauf und die Kleinen wachsen und gedeihen. Wir sind \u00fcbergl\u00fccklich und genie\u00dfen jede Sekunde dieses kostbaren Welpengl\u00fccks! Alpensieger 2019&nbsp; Nec Plus Ultra du Clos de Sea-Wind und&nbsp; Gipsy vom [&hellip;]<\/p>\n","protected":false},"author":3,"featured_media":0,"parent":1539,"menu_order":24,"comment_status":"closed","ping_status":"closed","template":"","meta":{"ngg_post_thumbnail":0,"footnotes":""},"class_list":["post-20852","page","type-page","status-publish","hentry"],"_links":{"self":[{"href":"https:\/\/www.endless-hills.de\/index.php?rest_route=\/wp\/v2\/pages\/20852","targetHints":{"allow":["GET"]}}],"collection":[{"href":"https:\/\/www.endless-hills.de\/index.php?rest_route=\/wp\/v2\/pages"}],"about":[{"href":"https:\/\/www.endless-hills.de\/index.php?rest_route=\/wp\/v2\/types\/page"}],"author":[{"embeddable":true,"href":"https:\/\/www.endless-hills.de\/index.php?rest_route=\/wp\/v2\/users\/3"}],"replies":[{"embeddable":true,"href":"https:\/\/www.endless-hills.de\/index.php?rest_route=%2Fwp%2Fv2%2Fcomments&post=20852"}],"version-history":[{"count":1,"href":"https:\/\/www.endless-hills.de\/index.php?rest_route=\/wp\/v2\/pages\/20852\/revisions"}],"predecessor-version":[{"id":20853,"href":"https:\/\/www.endless-hills.de\/index.php?rest_route=\/wp\/v2\/pages\/20852\/revisions\/20853"}],"up":[{"embeddable":true,"href":"https:\/\/www.endless-hills.de\/index.php?rest_route=\/wp\/v2\/pages\/1539"}],"wp:attachment":[{"href":"https:\/\/www.endless-hills.de\/index.php?rest_route=%2Fwp%2Fv2%2Fmedia&parent=20852"}],"curies":[{"name":"wp","href":"https:\/\/api.w.org\/{rel}","templated":true}]}}