{"id":20626,"date":"2020-10-03T21:44:14","date_gmt":"2020-10-03T20:44:14","guid":{"rendered":"http:\/\/www.endless-hills.de\/?page_id=20626"},"modified":"2020-10-07T15:52:45","modified_gmt":"2020-10-07T14:52:45","slug":"wall-e","status":"publish","type":"page","link":"https:\/\/www.endless-hills.de\/?page_id=20626","title":{"rendered":"WALL.E"},"content":{"rendered":"<p>darksable R\u00fcde<\/p>\n<p>dicke Halskrause, zuckers\u00fc\u00dfer Ausdruck<\/p>\nngg_shortcode_0_placeholder\n","protected":false},"excerpt":{"rendered":"<p>darksable R\u00fcde dicke Halskrause, zuckers\u00fc\u00dfer Ausdruck<\/p>\n","protected":false},"author":3,"featured_media":0,"parent":20607,"menu_order":3,"comment_status":"closed","ping_status":"closed","template":"","meta":{"ngg_post_thumbnail":0,"footnotes":""},"class_list":["post-20626","page","type-page","status-publish","hentry"],"_links":{"self":[{"href":"https:\/\/www.endless-hills.de\/index.php?rest_route=\/wp\/v2\/pages\/20626","targetHints":{"allow":["GET"]}}],"collection":[{"href":"https:\/\/www.endless-hills.de\/index.php?rest_route=\/wp\/v2\/pages"}],"about":[{"href":"https:\/\/www.endless-hills.de\/index.php?rest_route=\/wp\/v2\/types\/page"}],"author":[{"embeddable":true,"href":"https:\/\/www.endless-hills.de\/index.php?rest_route=\/wp\/v2\/users\/3"}],"replies":[{"embeddable":true,"href":"https:\/\/www.endless-hills.de\/index.php?rest_route=%2Fwp%2Fv2%2Fcomments&post=20626"}],"version-history":[{"count":2,"href":"https:\/\/www.endless-hills.de\/index.php?rest_route=\/wp\/v2\/pages\/20626\/revisions"}],"predecessor-version":[{"id":20685,"href":"https:\/\/www.endless-hills.de\/index.php?rest_route=\/wp\/v2\/pages\/20626\/revisions\/20685"}],"up":[{"embeddable":true,"href":"https:\/\/www.endless-hills.de\/index.php?rest_route=\/wp\/v2\/pages\/20607"}],"wp:attachment":[{"href":"https:\/\/www.endless-hills.de\/index.php?rest_route=%2Fwp%2Fv2%2Fmedia&parent=20626"}],"curies":[{"name":"wp","href":"https:\/\/api.w.org\/{rel}","templated":true}]}}