{"id":20329,"date":"2020-06-09T08:38:48","date_gmt":"2020-06-09T07:38:48","guid":{"rendered":"http:\/\/www.endless-hills.de\/?page_id=20329"},"modified":"2020-06-13T11:12:16","modified_gmt":"2020-06-13T10:12:16","slug":"vision-of-love","status":"publish","type":"page","link":"https:\/\/www.endless-hills.de\/?page_id=20329","title":{"rendered":"Vision of Love"},"content":{"rendered":"<p>blue merle H\u00fcndin<\/p>\n<p>Geburtsgewicht 137g<\/p>\n<p>sie ist einfach unsere Mini \ud83d\ude42 winzig geboren, eine K\u00e4mpferin durch und durch erschleicht sie sich die Herzen aller. Hilfe um schneller zu wachsen wollte sie nicht. Sie wollte das ganz alleine schaffen und hat es auch gepackt! Eine zuckers\u00fc\u00dfe Maus mit extrem sch\u00f6ner Zeichnung und Blesse. Vorerst etwas sch\u00fcchtern taut sie jetzt so richtig auf und fordert jetzt alles ein, was ein Welpe so braucht &lt;3<\/p>\n<p>MDR1 +\/+, DM N\/N, CEA genetisch Carrier, PRA, Hyperurikosurie und IPD N\/N by parentage<\/p>\nngg_shortcode_0_placeholder\n","protected":false},"excerpt":{"rendered":"<p>blue merle H\u00fcndin Geburtsgewicht 137g sie ist einfach unsere Mini \ud83d\ude42 winzig geboren, eine K\u00e4mpferin durch und durch erschleicht sie sich die Herzen aller. Hilfe um schneller zu wachsen wollte sie nicht. Sie wollte das ganz alleine schaffen und hat es auch gepackt! Eine zuckers\u00fc\u00dfe Maus mit extrem sch\u00f6ner Zeichnung und Blesse. Vorerst etwas sch\u00fcchtern [&hellip;]<\/p>\n","protected":false},"author":3,"featured_media":0,"parent":20316,"menu_order":6,"comment_status":"closed","ping_status":"closed","template":"","meta":{"ngg_post_thumbnail":0,"footnotes":""},"class_list":["post-20329","page","type-page","status-publish","hentry"],"_links":{"self":[{"href":"https:\/\/www.endless-hills.de\/index.php?rest_route=\/wp\/v2\/pages\/20329","targetHints":{"allow":["GET"]}}],"collection":[{"href":"https:\/\/www.endless-hills.de\/index.php?rest_route=\/wp\/v2\/pages"}],"about":[{"href":"https:\/\/www.endless-hills.de\/index.php?rest_route=\/wp\/v2\/types\/page"}],"author":[{"embeddable":true,"href":"https:\/\/www.endless-hills.de\/index.php?rest_route=\/wp\/v2\/users\/3"}],"replies":[{"embeddable":true,"href":"https:\/\/www.endless-hills.de\/index.php?rest_route=%2Fwp%2Fv2%2Fcomments&post=20329"}],"version-history":[{"count":2,"href":"https:\/\/www.endless-hills.de\/index.php?rest_route=\/wp\/v2\/pages\/20329\/revisions"}],"predecessor-version":[{"id":20443,"href":"https:\/\/www.endless-hills.de\/index.php?rest_route=\/wp\/v2\/pages\/20329\/revisions\/20443"}],"up":[{"embeddable":true,"href":"https:\/\/www.endless-hills.de\/index.php?rest_route=\/wp\/v2\/pages\/20316"}],"wp:attachment":[{"href":"https:\/\/www.endless-hills.de\/index.php?rest_route=%2Fwp%2Fv2%2Fmedia&parent=20329"}],"curies":[{"name":"wp","href":"https:\/\/api.w.org\/{rel}","templated":true}]}}