{"id":20327,"date":"2020-06-09T08:35:07","date_gmt":"2020-06-09T07:35:07","guid":{"rendered":"http:\/\/www.endless-hills.de\/?page_id=20327"},"modified":"2020-06-13T11:11:31","modified_gmt":"2020-06-13T10:11:31","slug":"venetian-night","status":"publish","type":"page","link":"https:\/\/www.endless-hills.de\/?page_id=20327","title":{"rendered":"Venetian Night"},"content":{"rendered":"<p>tricolour H\u00fcndin<\/p>\n<p>sehr s\u00fc\u00dfe H\u00fcndin mit sch\u00f6nem durchgehenden Kragen. Lieb, verschmust, und witzig wedelt sie den ganzen Tag mit ihrem Schw\u00e4nzchen und verteilt jede Menge K\u00fcsschen.<\/p>\n<p>MDR1 +\/+, DM N\/DM, CEA genetisch Carrier, PRA, Hyperurikosurie und IPD N\/N by parentage<\/p>\nngg_shortcode_0_placeholder\n","protected":false},"excerpt":{"rendered":"<p>tricolour H\u00fcndin sehr s\u00fc\u00dfe H\u00fcndin mit sch\u00f6nem durchgehenden Kragen. Lieb, verschmust, und witzig wedelt sie den ganzen Tag mit ihrem Schw\u00e4nzchen und verteilt jede Menge K\u00fcsschen. MDR1 +\/+, DM N\/DM, CEA genetisch Carrier, PRA, Hyperurikosurie und IPD N\/N by parentage &#8220; order_by=&#8220;sortorder&#8220; order_direction=&#8220;ASC&#8220; returns=&#8220;included&#8220; maximum_entity_count=&#8220;500&#8243;]<\/p>\n","protected":false},"author":3,"featured_media":0,"parent":20316,"menu_order":5,"comment_status":"closed","ping_status":"closed","template":"","meta":{"ngg_post_thumbnail":0,"footnotes":""},"class_list":["post-20327","page","type-page","status-publish","hentry"],"_links":{"self":[{"href":"https:\/\/www.endless-hills.de\/index.php?rest_route=\/wp\/v2\/pages\/20327","targetHints":{"allow":["GET"]}}],"collection":[{"href":"https:\/\/www.endless-hills.de\/index.php?rest_route=\/wp\/v2\/pages"}],"about":[{"href":"https:\/\/www.endless-hills.de\/index.php?rest_route=\/wp\/v2\/types\/page"}],"author":[{"embeddable":true,"href":"https:\/\/www.endless-hills.de\/index.php?rest_route=\/wp\/v2\/users\/3"}],"replies":[{"embeddable":true,"href":"https:\/\/www.endless-hills.de\/index.php?rest_route=%2Fwp%2Fv2%2Fcomments&post=20327"}],"version-history":[{"count":2,"href":"https:\/\/www.endless-hills.de\/index.php?rest_route=\/wp\/v2\/pages\/20327\/revisions"}],"predecessor-version":[{"id":20442,"href":"https:\/\/www.endless-hills.de\/index.php?rest_route=\/wp\/v2\/pages\/20327\/revisions\/20442"}],"up":[{"embeddable":true,"href":"https:\/\/www.endless-hills.de\/index.php?rest_route=\/wp\/v2\/pages\/20316"}],"wp:attachment":[{"href":"https:\/\/www.endless-hills.de\/index.php?rest_route=%2Fwp%2Fv2%2Fmedia&parent=20327"}],"curies":[{"name":"wp","href":"https:\/\/api.w.org\/{rel}","templated":true}]}}