{"id":20325,"date":"2020-06-09T08:33:09","date_gmt":"2020-06-09T07:33:09","guid":{"rendered":"http:\/\/www.endless-hills.de\/?page_id=20325"},"modified":"2020-06-13T11:11:04","modified_gmt":"2020-06-13T10:11:04","slug":"vintage-melody","status":"publish","type":"page","link":"https:\/\/www.endless-hills.de\/?page_id=20325","title":{"rendered":"Vintage Melody"},"content":{"rendered":"<p>blue merle bitch<\/p>\n<p>wundersch\u00f6ne und kr\u00e4ftige blue merle H\u00fcndin in hervorragender F\u00e4rbend Merlung. Melody hat ein sehr angenehmes, ruhiges und lustiges Wesen.<\/p>\n<p>MDR1 +\/+, DM N\/N, CEA genetisch Carrier, PRA, Hyperurikosurie und IPD N\/N by parentage<\/p>\nngg_shortcode_0_placeholder\n","protected":false},"excerpt":{"rendered":"<p>blue merle bitch wundersch\u00f6ne und kr\u00e4ftige blue merle H\u00fcndin in hervorragender F\u00e4rbend Merlung. Melody hat ein sehr angenehmes, ruhiges und lustiges Wesen. MDR1 +\/+, DM N\/N, CEA genetisch Carrier, PRA, Hyperurikosurie und IPD N\/N by parentage &#8220; order_by=&#8220;sortorder&#8220; order_direction=&#8220;ASC&#8220; returns=&#8220;included&#8220; maximum_entity_count=&#8220;500&#8243;]<\/p>\n","protected":false},"author":3,"featured_media":0,"parent":20316,"menu_order":4,"comment_status":"closed","ping_status":"closed","template":"","meta":{"ngg_post_thumbnail":0,"footnotes":""},"class_list":["post-20325","page","type-page","status-publish","hentry"],"_links":{"self":[{"href":"https:\/\/www.endless-hills.de\/index.php?rest_route=\/wp\/v2\/pages\/20325","targetHints":{"allow":["GET"]}}],"collection":[{"href":"https:\/\/www.endless-hills.de\/index.php?rest_route=\/wp\/v2\/pages"}],"about":[{"href":"https:\/\/www.endless-hills.de\/index.php?rest_route=\/wp\/v2\/types\/page"}],"author":[{"embeddable":true,"href":"https:\/\/www.endless-hills.de\/index.php?rest_route=\/wp\/v2\/users\/3"}],"replies":[{"embeddable":true,"href":"https:\/\/www.endless-hills.de\/index.php?rest_route=%2Fwp%2Fv2%2Fcomments&post=20325"}],"version-history":[{"count":2,"href":"https:\/\/www.endless-hills.de\/index.php?rest_route=\/wp\/v2\/pages\/20325\/revisions"}],"predecessor-version":[{"id":20441,"href":"https:\/\/www.endless-hills.de\/index.php?rest_route=\/wp\/v2\/pages\/20325\/revisions\/20441"}],"up":[{"embeddable":true,"href":"https:\/\/www.endless-hills.de\/index.php?rest_route=\/wp\/v2\/pages\/20316"}],"wp:attachment":[{"href":"https:\/\/www.endless-hills.de\/index.php?rest_route=%2Fwp%2Fv2%2Fmedia&parent=20325"}],"curies":[{"name":"wp","href":"https:\/\/api.w.org\/{rel}","templated":true}]}}