{"id":20321,"date":"2020-06-09T08:28:57","date_gmt":"2020-06-09T07:28:57","guid":{"rendered":"http:\/\/www.endless-hills.de\/?page_id=20321"},"modified":"2020-06-13T11:10:11","modified_gmt":"2020-06-13T10:10:11","slug":"vanity-fair","status":"publish","type":"page","link":"https:\/\/www.endless-hills.de\/?page_id=20321","title":{"rendered":"Vanity Fair"},"content":{"rendered":"<p>blue merle bitch<\/p>\n<p>zuckers\u00fc\u00dfe H\u00fcndin, volle Halskrause<\/p>\n<p>MDR1 +\/+, DM N\/DM, CEA genetisch Carrier, PRA, Hyperurikosurie und IPD N\/N by parentage<\/p>\nngg_shortcode_0_placeholder\n","protected":false},"excerpt":{"rendered":"<p>blue merle bitch zuckers\u00fc\u00dfe H\u00fcndin, volle Halskrause MDR1 +\/+, DM N\/DM, CEA genetisch Carrier, PRA, Hyperurikosurie und IPD N\/N by parentage &#8220; order_by=&#8220;sortorder&#8220; order_direction=&#8220;ASC&#8220; returns=&#8220;included&#8220; maximum_entity_count=&#8220;500&#8243;]<\/p>\n","protected":false},"author":3,"featured_media":0,"parent":20316,"menu_order":2,"comment_status":"closed","ping_status":"closed","template":"","meta":{"ngg_post_thumbnail":0,"footnotes":""},"class_list":["post-20321","page","type-page","status-publish","hentry"],"_links":{"self":[{"href":"https:\/\/www.endless-hills.de\/index.php?rest_route=\/wp\/v2\/pages\/20321","targetHints":{"allow":["GET"]}}],"collection":[{"href":"https:\/\/www.endless-hills.de\/index.php?rest_route=\/wp\/v2\/pages"}],"about":[{"href":"https:\/\/www.endless-hills.de\/index.php?rest_route=\/wp\/v2\/types\/page"}],"author":[{"embeddable":true,"href":"https:\/\/www.endless-hills.de\/index.php?rest_route=\/wp\/v2\/users\/3"}],"replies":[{"embeddable":true,"href":"https:\/\/www.endless-hills.de\/index.php?rest_route=%2Fwp%2Fv2%2Fcomments&post=20321"}],"version-history":[{"count":2,"href":"https:\/\/www.endless-hills.de\/index.php?rest_route=\/wp\/v2\/pages\/20321\/revisions"}],"predecessor-version":[{"id":20439,"href":"https:\/\/www.endless-hills.de\/index.php?rest_route=\/wp\/v2\/pages\/20321\/revisions\/20439"}],"up":[{"embeddable":true,"href":"https:\/\/www.endless-hills.de\/index.php?rest_route=\/wp\/v2\/pages\/20316"}],"wp:attachment":[{"href":"https:\/\/www.endless-hills.de\/index.php?rest_route=%2Fwp%2Fv2%2Fmedia&parent=20321"}],"curies":[{"name":"wp","href":"https:\/\/api.w.org\/{rel}","templated":true}]}}