{"id":20128,"date":"2019-04-09T19:49:18","date_gmt":"2019-04-09T18:49:18","guid":{"rendered":"http:\/\/www.endless-hills.de\/?page_id=20128"},"modified":"2020-11-30T21:53:33","modified_gmt":"2020-11-30T20:53:33","slug":"neos-kinder","status":"publish","type":"page","link":"https:\/\/www.endless-hills.de\/?page_id=20128","title":{"rendered":"Neos Kinder"},"content":{"rendered":"<ul>\n<li>Neo deckt am 10.03.2019 unsere Red Hot Ferrari of endless hills. Wir erwarten hieraus um den 11.05.2019 Welpen in darksable, goldsable und tricolour. Wir freuen uns riesig \ud83d\ude42 Leider hat Lainee ihre Welpen resorbiert. Wir sind todungl\u00fccklich ;(<\/li>\n<li>Neo hielt am 25.03.2019 Hochzeit mit unserer Lovely Dream`s Night des Stuarts de Boisbelle. Leider waren wir mit Tag 16 doch zu sp\u00e4t und die Verpaarung blieb folgenlos \ud83d\ude41<\/li>\n<li>Neo hielt am 13.04 &amp; 15.04 Hochzeit mit Toffilu`s Give Up Fighting &nbsp;Against Love. Hieraus wurden 6 entz\u00fcckende Welpen geboren n\u00e4mlich 1\/3 sable und 1\/1 tricolour. Wir freuen uns riesig&nbsp;<\/li>\n<li>Neo deckt am 20.04.2019 Olea von den Nibelungen Aristos. Sie ist eine Tochter unseres Pancho Sir vom Br\u00fcggener &#8211; Land und so hoffen wir sehr mit Karin auf Enkelkinderchen. Leider blieb die Verpackung folgenlos<\/li>\n<li>Neo deckt Fayana Fairy Magic of Nice Sunrise. Hieraus wurden 2\/1 sable Welpen geboren. Leider hat es ein zu kleiner Bub nicht geschafft.<\/li>\n<li>Neo hielt Hochzeit mit Quality of endless hills. Bei den Collies vom Obersten Holz wurden hieraus am 01.07.2020 1\/1 sable und 0\/1 tricolour Welpen geboren. Wir sind super gl\u00fccklich und freuen uns tierisch mit unserer lieben Freundin Claudia&nbsp;<\/li>\n<li>Neo deckt am 16.07.2020 unsere Lovely Dream`s Night des Stuarts de Boisbelle. Wir hoffen diesmal so sehr das unserer Traumverpaarung Fr\u00fcchte tr\u00e4gt und es hat geklappt &lt;3 !\/2 tricolour und 2\/2 sable Welpen erblickten am 17. 09.2020 das Licht der Welt<\/li>\n<li>Neo deckt am 27.11.2020 unsere Gipsy vom Obersten Holz, wir haben hieraus 1\/0 Tricolor und 2\/0 s\u00e4ble Welpen.&nbsp;<\/li>\n<li>Neo deckt am 30.11.2020 die s\u00fc\u00dfe Grace vom Obersten Holz, wir hoffen sehr mit unserer Freundin Claudia Lehmal auf zauberhafte Welpen und dr\u00fccken hierf\u00fcr alle Daumen.<\/li>\n<\/ul>\n<p>&nbsp;<\/p>\n<p>Emails und Nachrichten die uns von seiner Nachzucht bzw deren Z\u00fcchter erreichen! Ganz lieben Dank daf\u00fcr &lt;3:<\/p>\n<p>&nbsp;<\/p>\n<p>Liebe Nicole,nun \u00fcbersende ich Dir endlich die Fotos der Neo-Sch\u00e4tze und m\u00f6chte mich im gleichen Atemzug noch einmal bei Neo und Dir bedanken, dass Ihr mir diesen Wurf erm\u00f6glicht habt.<\/p>\n<p style=\"text-align: left;\">Vier der Lieblinge haben ein tolles Zuhause gefunden&#8230;<br \/>\nTiffany ist ein Reisehund geworden und f\u00e4hrt mit ihren beiden Katzenfreundinnen und Frauchen und Herrchen durch die Welt. Miley wohnt ganz in der N\u00e4he, in Halle. Der kleine Mentalist, Filou, hat ein tolles Zuhause im Odenwald gefunden und Campino lebt bei einer tollen Familie in Datteln.<\/p>\n<p>Kensi und Gigi sind meine Hoffnungstr\u00e4ger f\u00fcr die Zukunft und, wie auch immer die Entwicklung, von der ich bislang sehr begeistert bin weitergehen wird, sie machen mich jeden Tag einfach nur gl\u00fccklich&#8230;Momentan wei\u00df ich kaum noch, was ich ihnen noch beibringen kann. Sie lernen jedes Kommando in Windeseile und f\u00fchren es aus, als h\u00e4tten sie nie etwas anderes getan. Dabei haben beide den ganzen Tag ein L\u00e4cheln im Gesicht. Sie sind sehr temperamentvoll, springen mir manchmal genau in die Arme aber nur, um dann dort zu verharren und minutenlang zu schmusen&#8230;<\/p>\n<p>Sie sind im Wesen wirklich einmalig, echte Goldsch\u00e4tze, unbezahlbar und f\u00fcr mich unverzichtbar geworden &lt;3<\/p>\n<p>Danke&#8230;&#8230;<\/p>\n<ul>\n<li>\nngg_shortcode_0_placeholder<\/li>\n<li>&nbsp;<\/li>\n<\/ul>\n","protected":false},"excerpt":{"rendered":"<p>Neo deckt am 10.03.2019 unsere Red Hot Ferrari of endless hills. Wir erwarten hieraus um den 11.05.2019 Welpen in darksable, goldsable und tricolour. Wir freuen uns riesig \ud83d\ude42 Leider hat Lainee ihre Welpen resorbiert. Wir sind todungl\u00fccklich ;( Neo hielt am 25.03.2019 Hochzeit mit unserer Lovely Dream`s Night des Stuarts de Boisbelle. Leider waren wir [&hellip;]<\/p>\n","protected":false},"author":3,"featured_media":0,"parent":18959,"menu_order":0,"comment_status":"closed","ping_status":"closed","template":"","meta":{"ngg_post_thumbnail":0,"footnotes":""},"class_list":["post-20128","page","type-page","status-publish","hentry"],"_links":{"self":[{"href":"https:\/\/www.endless-hills.de\/index.php?rest_route=\/wp\/v2\/pages\/20128","targetHints":{"allow":["GET"]}}],"collection":[{"href":"https:\/\/www.endless-hills.de\/index.php?rest_route=\/wp\/v2\/pages"}],"about":[{"href":"https:\/\/www.endless-hills.de\/index.php?rest_route=\/wp\/v2\/types\/page"}],"author":[{"embeddable":true,"href":"https:\/\/www.endless-hills.de\/index.php?rest_route=\/wp\/v2\/users\/3"}],"replies":[{"embeddable":true,"href":"https:\/\/www.endless-hills.de\/index.php?rest_route=%2Fwp%2Fv2%2Fcomments&post=20128"}],"version-history":[{"count":12,"href":"https:\/\/www.endless-hills.de\/index.php?rest_route=\/wp\/v2\/pages\/20128\/revisions"}],"predecessor-version":[{"id":20762,"href":"https:\/\/www.endless-hills.de\/index.php?rest_route=\/wp\/v2\/pages\/20128\/revisions\/20762"}],"up":[{"embeddable":true,"href":"https:\/\/www.endless-hills.de\/index.php?rest_route=\/wp\/v2\/pages\/18959"}],"wp:attachment":[{"href":"https:\/\/www.endless-hills.de\/index.php?rest_route=%2Fwp%2Fv2%2Fmedia&parent=20128"}],"curies":[{"name":"wp","href":"https:\/\/api.w.org\/{rel}","templated":true}]}}