{"id":1952,"date":"2010-09-13T10:40:18","date_gmt":"2010-09-13T09:40:18","guid":{"rendered":"http:\/\/www.collies-of-endless-hills.de\/?page_id=1952"},"modified":"2026-04-13T19:44:11","modified_gmt":"2026-04-13T18:44:11","slug":"home2","status":"publish","type":"page","link":"https:\/\/www.endless-hills.de\/","title":{"rendered":"Home"},"content":{"rendered":"<h2 style=\"text-align: center;\"><img loading=\"lazy\" decoding=\"async\" class=\"size-full wp-image-1300\" title=\"welpe1\" src=\"http:\/\/www.endless-hills.de\/wp-content\/uploads\/2010\/01\/welpe11.gif\" alt=\"\" width=\"57\" height=\"44\"\/>&nbsp;<span style=\"color: #003366;\">Herzlich Willkommen&nbsp;<\/span><img loading=\"lazy\" decoding=\"async\" title=\"welpe2\" src=\"http:\/\/www.endless-hills.de\/wp-content\/uploads\/2010\/01\/welpe2.gif\" alt=\"\" width=\"57\" height=\"44\"\/><\/h2>\n<p style=\"text-align: center;\"><span style=\"color: #003366;\"><strong>VDH &amp; Club f\u00fcr britische H\u00fctehunde Zuchtst\u00e4tte seit 2006<\/strong><\/span><\/p>\n<p style=\"text-align: center;\"><span style=\"color: #ff0000;\">19. Jahr Zucht, 26 Jahre Leidenschaft<\/span><\/p>\n<p>&nbsp;<\/p>\n\n\n<h2 class=\"wp-block-heading has-text-align-center\"><span style=\"color: #0000ff;\">Wir haben Welpen<\/span><\/h2>\n\n\n\n<p class=\"has-text-align-center has-vivid-red-color has-text-color has-link-color wp-elements-f6e8b8d88250ca3e4aaac198f40c6fa2\" style=\"font-size:25px\">aus der Verpaarung <\/p>\n\n\n\n<p class=\"has-text-align-center\" style=\"font-size:16px\">Danno von den Schalksm\u00fchler H\u00f6hen X Show Elveras Grace<\/p>\n\n\n\n<p><\/p>\n\n\n\n<div class=\"wp-block-group\"><div class=\"wp-block-group__inner-container is-layout-constrained wp-block-group-is-layout-constrained\">\n<p class=\"has-text-align-center has-black-color has-text-color has-link-color wp-elements-8a9f9a6f68a7b0fe97d3bb315ea682cd\" style=\"font-size:16px\">Zwei zauberhaft gechillte tricolour Sheltie R\u00fcden suchen noch ein Zuhause<\/p>\n<\/div><\/div>\n\n\n\n<p><\/p>\n\n\n\n<div class=\"wp-block-columns is-layout-flex wp-container-core-columns-is-layout-9d6595d7 wp-block-columns-is-layout-flex\">\n<div class=\"wp-block-column is-layout-flow wp-block-column-is-layout-flow\" style=\"flex-basis:100%\">\n<figure class=\"wp-block-gallery has-nested-images columns-default is-cropped wp-block-gallery-1 is-layout-flex wp-block-gallery-is-layout-flex\">\n<figure class=\"wp-block-image size-large\"><img loading=\"lazy\" decoding=\"async\" width=\"845\" height=\"1024\" data-id=\"21395\" src=\"https:\/\/www.endless-hills.de\/wp-content\/uploads\/2026\/04\/df18464d-6b51-41d4-9c2b-0eaea9efe765-845x1024.jpeg\" alt=\"\" class=\"wp-image-21395\" srcset=\"https:\/\/www.endless-hills.de\/wp-content\/uploads\/2026\/04\/df18464d-6b51-41d4-9c2b-0eaea9efe765-845x1024.jpeg 845w, https:\/\/www.endless-hills.de\/wp-content\/uploads\/2026\/04\/df18464d-6b51-41d4-9c2b-0eaea9efe765-248x300.jpeg 248w, https:\/\/www.endless-hills.de\/wp-content\/uploads\/2026\/04\/df18464d-6b51-41d4-9c2b-0eaea9efe765-768x931.jpeg 768w, https:\/\/www.endless-hills.de\/wp-content\/uploads\/2026\/04\/df18464d-6b51-41d4-9c2b-0eaea9efe765-1267x1536.jpeg 1267w, https:\/\/www.endless-hills.de\/wp-content\/uploads\/2026\/04\/df18464d-6b51-41d4-9c2b-0eaea9efe765.jpeg 1320w\" sizes=\"auto, (max-width: 845px) 100vw, 845px\" \/><\/figure>\n\n\n\n<figure class=\"wp-block-image size-large\"><img loading=\"lazy\" decoding=\"async\" width=\"768\" height=\"1024\" data-id=\"21396\" src=\"https:\/\/www.endless-hills.de\/wp-content\/uploads\/2026\/04\/5f0ff12d-9010-4020-b427-8b615e93d8d2-768x1024.jpeg\" alt=\"\" class=\"wp-image-21396\" srcset=\"https:\/\/www.endless-hills.de\/wp-content\/uploads\/2026\/04\/5f0ff12d-9010-4020-b427-8b615e93d8d2-768x1024.jpeg 768w, https:\/\/www.endless-hills.de\/wp-content\/uploads\/2026\/04\/5f0ff12d-9010-4020-b427-8b615e93d8d2-225x300.jpeg 225w, https:\/\/www.endless-hills.de\/wp-content\/uploads\/2026\/04\/5f0ff12d-9010-4020-b427-8b615e93d8d2-1152x1536.jpeg 1152w, https:\/\/www.endless-hills.de\/wp-content\/uploads\/2026\/04\/5f0ff12d-9010-4020-b427-8b615e93d8d2.jpeg 1200w\" sizes=\"auto, (max-width: 768px) 100vw, 768px\" \/><\/figure>\n<\/figure>\n<\/div>\n<\/div>\n\n\n<p style=\"text-align: center;\">**********************************************************<\/p>\n<h1 class=\"wp-block-heading has-text-align-center\" style=\"text-align: center;\"><span style=\"color: #0000ff;\">Wir erwarten Ende Mai 2026<\/span><\/h1>\n<h2 class=\"wp-block-heading has-text-align-center\" style=\"text-align: center;\">Welpen in tricolour und sable<\/h2>\n<p style=\"text-align: center;\"><!-- \/wp:post-content --><\/p>\n<p><!-- wp:group {\"layout\":{\"type\":\"constrained\"}} --><\/p>\n<div class=\"wp-block-group\" style=\"text-align: center;\"><!-- wp:paragraph {\"align\":\"center\",\"style\":{\"typography\":{\"fontSize\":\"20px\"},\"elements\":{\"link\":{\"color\":{\"text\":\"var:preset|color|vivid-red\"}}}},\"textColor\":\"vivid-red\"} -->\n<h3 class=\"has-text-align-center has-vivid-red-color has-text-color has-link-color\"><strong>Aus der Verpaarung<\/strong><\/h3>\n<h3><!-- \/wp:paragraph --><\/h3>\n<p><!-- wp:paragraph {\"align\":\"center\",\"style\":{\"typography\":{\"fontSize\":\"20px\"}}} --><\/p>\n<h3 class=\"has-text-align-center\">Sanyo vom Haubergsland X Relani von den Schalksm\u00fchler H\u00f6hen<\/h3>\n<p><img loading=\"lazy\" decoding=\"async\" class=\"aligncenter size-medium wp-image-21440\" src=\"http:\/\/www.endless-hills.de\/wp-content\/uploads\/2026\/04\/D2DDD459-5AC2-4469-ADEA-AEE530CB7B14-278x300.jpeg\" alt=\"\" width=\"278\" height=\"300\" srcset=\"https:\/\/www.endless-hills.de\/wp-content\/uploads\/2026\/04\/D2DDD459-5AC2-4469-ADEA-AEE530CB7B14-278x300.jpeg 278w, https:\/\/www.endless-hills.de\/wp-content\/uploads\/2026\/04\/D2DDD459-5AC2-4469-ADEA-AEE530CB7B14.jpeg 575w\" sizes=\"auto, (max-width: 278px) 100vw, 278px\" \/><\/p>\n<h3><img loading=\"lazy\" decoding=\"async\" class=\"aligncenter size-medium wp-image-21424\" src=\"http:\/\/www.endless-hills.de\/wp-content\/uploads\/2026\/04\/13c9fd24-11ba-4312-8626-28fa313b8e25-300x200.jpeg\" alt=\"\" width=\"300\" height=\"200\" srcset=\"https:\/\/www.endless-hills.de\/wp-content\/uploads\/2026\/04\/13c9fd24-11ba-4312-8626-28fa313b8e25-300x200.jpeg 300w, https:\/\/www.endless-hills.de\/wp-content\/uploads\/2026\/04\/13c9fd24-11ba-4312-8626-28fa313b8e25-1024x683.jpeg 1024w, https:\/\/www.endless-hills.de\/wp-content\/uploads\/2026\/04\/13c9fd24-11ba-4312-8626-28fa313b8e25-768x512.jpeg 768w, https:\/\/www.endless-hills.de\/wp-content\/uploads\/2026\/04\/13c9fd24-11ba-4312-8626-28fa313b8e25.jpeg 1500w\" sizes=\"auto, (max-width: 300px) 100vw, 300px\" \/><\/h3>\n<p><!-- \/wp:paragraph --><\/p>\n<p><!-- wp:paragraph {\"align\":\"center\"} --><\/p>\n<p class=\"has-text-align-center\">&#8211;<\/p>\n<p><!-- \/wp:paragraph --><\/p>\n<p><!-- wp:paragraph {\"align\":\"center\",\"style\":{\"typography\":{\"fontSize\":\"20px\"}}} --><\/p>\n<p class=\"has-text-align-center\">*******************************************<\/p>\n<\/div>\n<p style=\"text-align: center;\">*************<\/p>\n<p style=\"text-align: center;\">Viele unserer Hunde sind im Einsatz als Schul-, Therapie- und Rettungshunde. Gerade befinden sich wieder drei in Ausbildung. Wir sind sehr sehr stolz auf unseren Nachwuchs.<\/p>\n<p style=\"text-align: center;\">*************<\/p>\n<p style=\"text-align: center;\">&nbsp;Wir z\u00fcchten Collies und Shelties nach FCI Standard im VDH (Verband f\u00fcr das Deutsche Hundewesen) und (CfBrH) Club f\u00fcr Britische H\u00fctehunde seit 2006 mit Leidenschaft und Herz ! Unser Ziel ist es gesunde, wesensfeste, gut sozialisierte und vor allem familienfreundliche Hunde zu z\u00fcchten. Wir w\u00fcnschen Ihnen viel Spa\u00df beim St\u00f6bern auf unserer Webseite.<\/p>\n<p style=\"text-align: center;\">&#8211;<\/p>\n<h3 style=\"text-align: center;\"><img loading=\"lazy\" decoding=\"async\" class=\"aligncenter size-full wp-image-297\" style=\"font-size: 13px;\" title=\"Wir z\u00fcchten im FCI \/ VDH \/ DCC\" src=\"http:\/\/www.collies-of-endless-hills.de\/wp-content\/uploads\/2010\/01\/VDH-FCI.jpg\" alt=\"\" width=\"128\" height=\"34\"\/><\/h3>\n<p style=\"text-align: center;\">&nbsp;Nicole Huptas, Coburger Stra\u00dfe 102, 96479 Weitramsdorf<\/p>\n<p style=\"text-align: center;\">Festnetz: 09561\/7318760&nbsp;&#8211; Mobil: 0160\/90972729<\/p>\n<p><!-- \/wp:paragraph --><\/p>","protected":false},"excerpt":{"rendered":"<p>&nbsp;Herzlich Willkommen&nbsp; VDH &amp; Club f\u00fcr britische H\u00fctehunde Zuchtst\u00e4tte seit 2006 19. Jahr Zucht, 26 Jahre Leidenschaft &nbsp; Wir haben Welpen aus der Verpaarung Danno von den Schalksm\u00fchler H\u00f6hen X Show Elveras Grace Zwei zauberhaft gechillte tricolour Sheltie R\u00fcden suchen noch ein Zuhause ********************************************************** Wir erwarten Ende Mai 2026 Welpen in tricolour und sable Aus [&hellip;]<\/p>\n","protected":false},"author":3,"featured_media":0,"parent":0,"menu_order":0,"comment_status":"closed","ping_status":"closed","template":"","meta":{"ngg_post_thumbnail":0,"footnotes":""},"class_list":["post-1952","page","type-page","status-publish","hentry"],"_links":{"self":[{"href":"https:\/\/www.endless-hills.de\/index.php?rest_route=\/wp\/v2\/pages\/1952","targetHints":{"allow":["GET"]}}],"collection":[{"href":"https:\/\/www.endless-hills.de\/index.php?rest_route=\/wp\/v2\/pages"}],"about":[{"href":"https:\/\/www.endless-hills.de\/index.php?rest_route=\/wp\/v2\/types\/page"}],"author":[{"embeddable":true,"href":"https:\/\/www.endless-hills.de\/index.php?rest_route=\/wp\/v2\/users\/3"}],"replies":[{"embeddable":true,"href":"https:\/\/www.endless-hills.de\/index.php?rest_route=%2Fwp%2Fv2%2Fcomments&post=1952"}],"version-history":[{"count":1681,"href":"https:\/\/www.endless-hills.de\/index.php?rest_route=\/wp\/v2\/pages\/1952\/revisions"}],"predecessor-version":[{"id":21448,"href":"https:\/\/www.endless-hills.de\/index.php?rest_route=\/wp\/v2\/pages\/1952\/revisions\/21448"}],"wp:attachment":[{"href":"https:\/\/www.endless-hills.de\/index.php?rest_route=%2Fwp%2Fv2%2Fmedia&parent=1952"}],"curies":[{"name":"wp","href":"https:\/\/api.w.org\/{rel}","templated":true}]}}