{"id":19141,"date":"2019-02-11T21:45:36","date_gmt":"2019-02-11T20:45:36","guid":{"rendered":"http:\/\/www.endless-hills.de\/?page_id=19141"},"modified":"2019-04-10T20:01:36","modified_gmt":"2019-04-10T19:01:36","slug":"up-to-date-jamie","status":"publish","type":"page","link":"https:\/\/www.endless-hills.de\/?page_id=19141","title":{"rendered":"Up to date Jamie"},"content":{"rendered":"<p>blue merle R\u00fcde<\/p>\n<p>Jamie, der ruhige, vertr\u00e4umte, gem\u00fctliche Schlumpf macht bald gemeinsam mit seinem Kumpel Pedro seine Familie unsicher. MDR!+\/-, DM N\/DM, PRA N\/N, CEA\/PRA\/KAT frei puppy test. Wir w\u00fcschen euch ganz viel Freude miteinander ihr Lieben und freuen uns schon jetzt auf das versprochene Bombardement an Bildern \ud83d\ude09<\/p>\nngg_shortcode_0_placeholder\n","protected":false},"excerpt":{"rendered":"<p>blue merle R\u00fcde Jamie, der ruhige, vertr\u00e4umte, gem\u00fctliche Schlumpf macht bald gemeinsam mit seinem Kumpel Pedro seine Familie unsicher. MDR!+\/-, DM N\/DM, PRA N\/N, CEA\/PRA\/KAT frei puppy test. Wir w\u00fcschen euch ganz viel Freude miteinander ihr Lieben und freuen uns schon jetzt auf das versprochene Bombardement an Bildern \ud83d\ude09 &#8220; order_by=&#8220;sortorder&#8220; order_direction=&#8220;ASC&#8220; returns=&#8220;included&#8220; maximum_entity_count=&#8220;500&#8243;]<\/p>\n","protected":false},"author":3,"featured_media":0,"parent":20130,"menu_order":6,"comment_status":"closed","ping_status":"closed","template":"","meta":{"ngg_post_thumbnail":0,"footnotes":""},"class_list":["post-19141","page","type-page","status-publish","hentry"],"_links":{"self":[{"href":"https:\/\/www.endless-hills.de\/index.php?rest_route=\/wp\/v2\/pages\/19141","targetHints":{"allow":["GET"]}}],"collection":[{"href":"https:\/\/www.endless-hills.de\/index.php?rest_route=\/wp\/v2\/pages"}],"about":[{"href":"https:\/\/www.endless-hills.de\/index.php?rest_route=\/wp\/v2\/types\/page"}],"author":[{"embeddable":true,"href":"https:\/\/www.endless-hills.de\/index.php?rest_route=\/wp\/v2\/users\/3"}],"replies":[{"embeddable":true,"href":"https:\/\/www.endless-hills.de\/index.php?rest_route=%2Fwp%2Fv2%2Fcomments&post=19141"}],"version-history":[{"count":3,"href":"https:\/\/www.endless-hills.de\/index.php?rest_route=\/wp\/v2\/pages\/19141\/revisions"}],"predecessor-version":[{"id":20121,"href":"https:\/\/www.endless-hills.de\/index.php?rest_route=\/wp\/v2\/pages\/19141\/revisions\/20121"}],"up":[{"embeddable":true,"href":"https:\/\/www.endless-hills.de\/index.php?rest_route=\/wp\/v2\/pages\/20130"}],"wp:attachment":[{"href":"https:\/\/www.endless-hills.de\/index.php?rest_route=%2Fwp%2Fv2%2Fmedia&parent=19141"}],"curies":[{"name":"wp","href":"https:\/\/api.w.org\/{rel}","templated":true}]}}