{"id":19125,"date":"2019-02-11T21:43:05","date_gmt":"2019-02-11T20:43:05","guid":{"rendered":"http:\/\/www.endless-hills.de\/?page_id=19125"},"modified":"2019-04-10T20:00:35","modified_gmt":"2019-04-10T19:00:35","slug":"unlocked-bombshell","status":"publish","type":"page","link":"https:\/\/www.endless-hills.de\/?page_id=19125","title":{"rendered":"Unlocked Bombshell"},"content":{"rendered":"<p>blue merle H\u00fcndin<\/p>\n<p>Wundersch\u00f6n, zuckers\u00fc\u00df, rotzfrech und dabei doch anh\u00e4nglich, verschmust und gem\u00fctlich ist Elfi, unsere h\u00fcbsche Elfe. MDR1+\/-, DM N\/DM, CEA\/PRA\/KAT frei. Wir w\u00fcnschen ihren zuk\u00fcnftigen Besitzern alles erdenklich Gute! M\u00f6gen sich all eure Hoffnungen und Tr\u00e4um mit unserem Prachtst\u00fcck erf\u00fcllen!<\/p>\nngg_shortcode_0_placeholder\n<p>&nbsp;<\/p>\n","protected":false},"excerpt":{"rendered":"<p>blue merle H\u00fcndin Wundersch\u00f6n, zuckers\u00fc\u00df, rotzfrech und dabei doch anh\u00e4nglich, verschmust und gem\u00fctlich ist Elfi, unsere h\u00fcbsche Elfe. MDR1+\/-, DM N\/DM, CEA\/PRA\/KAT frei. Wir w\u00fcnschen ihren zuk\u00fcnftigen Besitzern alles erdenklich Gute! M\u00f6gen sich all eure Hoffnungen und Tr\u00e4um mit unserem Prachtst\u00fcck erf\u00fcllen! &#8220; order_by=&#8220;sortorder&#8220; order_direction=&#8220;ASC&#8220; returns=&#8220;included&#8220; maximum_entity_count=&#8220;500&#8243;] &nbsp;<\/p>\n","protected":false},"author":3,"featured_media":0,"parent":20130,"menu_order":3,"comment_status":"closed","ping_status":"closed","template":"","meta":{"ngg_post_thumbnail":0,"footnotes":""},"class_list":["post-19125","page","type-page","status-publish","hentry"],"_links":{"self":[{"href":"https:\/\/www.endless-hills.de\/index.php?rest_route=\/wp\/v2\/pages\/19125","targetHints":{"allow":["GET"]}}],"collection":[{"href":"https:\/\/www.endless-hills.de\/index.php?rest_route=\/wp\/v2\/pages"}],"about":[{"href":"https:\/\/www.endless-hills.de\/index.php?rest_route=\/wp\/v2\/types\/page"}],"author":[{"embeddable":true,"href":"https:\/\/www.endless-hills.de\/index.php?rest_route=\/wp\/v2\/users\/3"}],"replies":[{"embeddable":true,"href":"https:\/\/www.endless-hills.de\/index.php?rest_route=%2Fwp%2Fv2%2Fcomments&post=19125"}],"version-history":[{"count":3,"href":"https:\/\/www.endless-hills.de\/index.php?rest_route=\/wp\/v2\/pages\/19125\/revisions"}],"predecessor-version":[{"id":20115,"href":"https:\/\/www.endless-hills.de\/index.php?rest_route=\/wp\/v2\/pages\/19125\/revisions\/20115"}],"up":[{"embeddable":true,"href":"https:\/\/www.endless-hills.de\/index.php?rest_route=\/wp\/v2\/pages\/20130"}],"wp:attachment":[{"href":"https:\/\/www.endless-hills.de\/index.php?rest_route=%2Fwp%2Fv2%2Fmedia&parent=19125"}],"curies":[{"name":"wp","href":"https:\/\/api.w.org\/{rel}","templated":true}]}}