{"id":19098,"date":"2019-02-11T21:37:12","date_gmt":"2019-02-11T20:37:12","guid":{"rendered":"http:\/\/www.endless-hills.de\/?page_id=19098"},"modified":"2019-04-10T19:59:46","modified_gmt":"2019-04-10T18:59:46","slug":"upgrade-your-highscore","status":"publish","type":"page","link":"https:\/\/www.endless-hills.de\/?page_id=19098","title":{"rendered":"Upgrade your Highscore"},"content":{"rendered":"<p>tricolour R\u00fcde<\/p>\n<p>Knopf ist ein wundersch\u00f6ner R\u00fcde mit toller Ausstrahlung und einer wahnsinnigen Ruhe. Er wird seine Familie ganz sicher gl\u00fccklich machen. Wir w\u00fcnschen euch das er all eure Erwartungen erf\u00fcllt! MDR1 +\/-, DM N\/N, PRA N\/N, CEA\/PRA\/KAT frei<\/p>\nngg_shortcode_0_placeholder\n","protected":false},"excerpt":{"rendered":"<p>tricolour R\u00fcde Knopf ist ein wundersch\u00f6ner R\u00fcde mit toller Ausstrahlung und einer wahnsinnigen Ruhe. Er wird seine Familie ganz sicher gl\u00fccklich machen. Wir w\u00fcnschen euch das er all eure Erwartungen erf\u00fcllt! MDR1 +\/-, DM N\/N, PRA N\/N, CEA\/PRA\/KAT frei &#8220; order_by=&#8220;sortorder&#8220; order_direction=&#8220;ASC&#8220; returns=&#8220;included&#8220; maximum_entity_count=&#8220;500&#8243;]<\/p>\n","protected":false},"author":3,"featured_media":0,"parent":20130,"menu_order":1,"comment_status":"closed","ping_status":"closed","template":"","meta":{"ngg_post_thumbnail":0,"footnotes":""},"class_list":["post-19098","page","type-page","status-publish","hentry"],"_links":{"self":[{"href":"https:\/\/www.endless-hills.de\/index.php?rest_route=\/wp\/v2\/pages\/19098","targetHints":{"allow":["GET"]}}],"collection":[{"href":"https:\/\/www.endless-hills.de\/index.php?rest_route=\/wp\/v2\/pages"}],"about":[{"href":"https:\/\/www.endless-hills.de\/index.php?rest_route=\/wp\/v2\/types\/page"}],"author":[{"embeddable":true,"href":"https:\/\/www.endless-hills.de\/index.php?rest_route=\/wp\/v2\/users\/3"}],"replies":[{"embeddable":true,"href":"https:\/\/www.endless-hills.de\/index.php?rest_route=%2Fwp%2Fv2%2Fcomments&post=19098"}],"version-history":[{"count":4,"href":"https:\/\/www.endless-hills.de\/index.php?rest_route=\/wp\/v2\/pages\/19098\/revisions"}],"predecessor-version":[{"id":20110,"href":"https:\/\/www.endless-hills.de\/index.php?rest_route=\/wp\/v2\/pages\/19098\/revisions\/20110"}],"up":[{"embeddable":true,"href":"https:\/\/www.endless-hills.de\/index.php?rest_route=\/wp\/v2\/pages\/20130"}],"wp:attachment":[{"href":"https:\/\/www.endless-hills.de\/index.php?rest_route=%2Fwp%2Fv2%2Fmedia&parent=19098"}],"curies":[{"name":"wp","href":"https:\/\/api.w.org\/{rel}","templated":true}]}}