{"id":18959,"date":"2018-10-18T19:57:45","date_gmt":"2018-10-18T18:57:45","guid":{"rendered":"http:\/\/www.endless-hills.de\/?page_id=18959"},"modified":"2024-12-03T20:28:50","modified_gmt":"2024-12-03T19:28:50","slug":"nec-plus-ultra-du-clos-de-seawind","status":"publish","type":"page","link":"https:\/\/www.endless-hills.de\/?page_id=18959","title":{"rendered":"NEC Plus Ultra du Clos de Seawind"},"content":{"rendered":"<p>darksable R\u00fcde (Dog) \u2013 Neo<\/p>\n<p>geboren am 22. Juni 2017<\/p>\n<p><span style=\"color: #ff0000;\">Alpensieger 2019<\/span><\/p>\n<p>1xV1 CACA, CACIB, BOS&nbsp;<\/p>\n<p>V1 CAC in Stadelhofen<\/p>\n<p>3x V2 Res CAC<\/p>\n<p>CEA\/PRA\/KAT klinisch frei puppy test und erneut frei von allem 02\/19, MDR1 +\/+, DM \u2013 N\/N (frei), PRA N\/N (frei), IPD N\/N, HD -A2, vollzahniges korrektes Scherengebi\u00df, nat\u00fcrliche Kippohren, 57 cm<\/p>\n<p>K\u00f6rklasse I<\/p>\n<p>Neo ist bei uns zu Hause und steht geeigneten H\u00fcndinnen zum Decken zur Verf\u00fcgung<\/p>\n<p>pedigree &#8211; <a href=\"http:\/\/www.collie-online.com\/pedigree\/01-fc-pedigree-finder_virtualist_2.php?pid=60723&amp;Genre=all&amp;parent1=Local%20Hero%20du%20Clos%20de%20Seawind&amp;nom=J-Lo%20du%20Clos%20de%20Seawind&amp;classe=coloron\">click<\/a>&#8211;<\/p>\n<p>K\u00f6rbericht:<\/p>\n<p>Vorz\u00fcgliche Gesamterscheinung, korrekter Kopf, vollzahniges Scherengebiss, typischer Ausdruck, sehr gute Hals-R\u00fcckenlinie Brusttiefe und Winkelungen, korrekte fl\u00fcssige Bewegung, vorz\u00fcgliche Fellanlage, freundliches Verhalten (Erika Heintz)<\/p>\n<p><img loading=\"lazy\" decoding=\"async\" class=\"aligncenter wp-image-20205\" src=\"http:\/\/www.endless-hills.de\/wp-content\/uploads\/2019\/04\/50022262_2293077037414571_360568255460409344_n.jpg\" alt=\"\" width=\"650\" height=\"846\" srcset=\"https:\/\/www.endless-hills.de\/wp-content\/uploads\/2019\/04\/50022262_2293077037414571_360568255460409344_n.jpg 738w, https:\/\/www.endless-hills.de\/wp-content\/uploads\/2019\/04\/50022262_2293077037414571_360568255460409344_n-231x300.jpg 231w\" sizes=\"auto, (max-width: 650px) 100vw, 650px\" \/><\/p>\n<p>&nbsp;<\/p>\n<p>&nbsp;<\/p>\nngg_shortcode_0_placeholder\n","protected":false},"excerpt":{"rendered":"<p>darksable R\u00fcde (Dog) \u2013 Neo geboren am 22. Juni 2017 Alpensieger 2019 1xV1 CACA, CACIB, BOS&nbsp; V1 CAC in Stadelhofen 3x V2 Res CAC CEA\/PRA\/KAT klinisch frei puppy test und erneut frei von allem 02\/19, MDR1 +\/+, DM \u2013 N\/N (frei), PRA N\/N (frei), IPD N\/N, HD -A2, vollzahniges korrektes Scherengebi\u00df, nat\u00fcrliche Kippohren, 57 cm [&hellip;]<\/p>\n","protected":false},"author":3,"featured_media":0,"parent":4669,"menu_order":0,"comment_status":"closed","ping_status":"closed","template":"","meta":{"ngg_post_thumbnail":0,"footnotes":""},"class_list":["post-18959","page","type-page","status-publish","hentry"],"_links":{"self":[{"href":"https:\/\/www.endless-hills.de\/index.php?rest_route=\/wp\/v2\/pages\/18959","targetHints":{"allow":["GET"]}}],"collection":[{"href":"https:\/\/www.endless-hills.de\/index.php?rest_route=\/wp\/v2\/pages"}],"about":[{"href":"https:\/\/www.endless-hills.de\/index.php?rest_route=\/wp\/v2\/types\/page"}],"author":[{"embeddable":true,"href":"https:\/\/www.endless-hills.de\/index.php?rest_route=\/wp\/v2\/users\/3"}],"replies":[{"embeddable":true,"href":"https:\/\/www.endless-hills.de\/index.php?rest_route=%2Fwp%2Fv2%2Fcomments&post=18959"}],"version-history":[{"count":13,"href":"https:\/\/www.endless-hills.de\/index.php?rest_route=\/wp\/v2\/pages\/18959\/revisions"}],"predecessor-version":[{"id":20248,"href":"https:\/\/www.endless-hills.de\/index.php?rest_route=\/wp\/v2\/pages\/18959\/revisions\/20248"}],"up":[{"embeddable":true,"href":"https:\/\/www.endless-hills.de\/index.php?rest_route=\/wp\/v2\/pages\/4669"}],"wp:attachment":[{"href":"https:\/\/www.endless-hills.de\/index.php?rest_route=%2Fwp%2Fv2%2Fmedia&parent=18959"}],"curies":[{"name":"wp","href":"https:\/\/api.w.org\/{rel}","templated":true}]}}