{"id":17118,"date":"2017-09-22T09:02:43","date_gmt":"2017-09-22T08:02:43","guid":{"rendered":"http:\/\/www.endless-hills.de\/?page_id=17118"},"modified":"2017-11-12T14:04:46","modified_gmt":"2017-11-12T13:04:46","slug":"touch-of-love","status":"publish","type":"page","link":"https:\/\/www.endless-hills.de\/?page_id=17118","title":{"rendered":"Tainted of Love &#8211; vergeben"},"content":{"rendered":"<p>darksable H\u00fcndin<\/p>\n<p>einfach zuckers\u00fc\u00dfes M\u00e4dchen mit breiter Halskrause &nbsp;&lt;3 Sie wird ein wundervolles Leben mit anderen Tieren f\u00fchren \ud83d\ude42 Nun hei\u00dft sie Lassie<\/p>\nngg_shortcode_0_placeholder\n","protected":false},"excerpt":{"rendered":"<p>darksable H\u00fcndin einfach zuckers\u00fc\u00dfes M\u00e4dchen mit breiter Halskrause &nbsp;&lt;3 Sie wird ein wundervolles Leben mit anderen Tieren f\u00fchren \ud83d\ude42 Nun hei\u00dft sie Lassie &#8220; order_by=&#8220;sortorder&#8220; order_direction=&#8220;ASC&#8220; returns=&#8220;included&#8220; maximum_entity_count=&#8220;500&#8243;]<\/p>\n","protected":false},"author":3,"featured_media":0,"parent":17100,"menu_order":9,"comment_status":"closed","ping_status":"closed","template":"","meta":{"ngg_post_thumbnail":0,"footnotes":""},"class_list":["post-17118","page","type-page","status-publish","hentry"],"_links":{"self":[{"href":"https:\/\/www.endless-hills.de\/index.php?rest_route=\/wp\/v2\/pages\/17118","targetHints":{"allow":["GET"]}}],"collection":[{"href":"https:\/\/www.endless-hills.de\/index.php?rest_route=\/wp\/v2\/pages"}],"about":[{"href":"https:\/\/www.endless-hills.de\/index.php?rest_route=\/wp\/v2\/types\/page"}],"author":[{"embeddable":true,"href":"https:\/\/www.endless-hills.de\/index.php?rest_route=\/wp\/v2\/users\/3"}],"replies":[{"embeddable":true,"href":"https:\/\/www.endless-hills.de\/index.php?rest_route=%2Fwp%2Fv2%2Fcomments&post=17118"}],"version-history":[{"count":7,"href":"https:\/\/www.endless-hills.de\/index.php?rest_route=\/wp\/v2\/pages\/17118\/revisions"}],"predecessor-version":[{"id":18587,"href":"https:\/\/www.endless-hills.de\/index.php?rest_route=\/wp\/v2\/pages\/17118\/revisions\/18587"}],"up":[{"embeddable":true,"href":"https:\/\/www.endless-hills.de\/index.php?rest_route=\/wp\/v2\/pages\/17100"}],"wp:attachment":[{"href":"https:\/\/www.endless-hills.de\/index.php?rest_route=%2Fwp%2Fv2%2Fmedia&parent=17118"}],"curies":[{"name":"wp","href":"https:\/\/api.w.org\/{rel}","templated":true}]}}