{"id":17114,"date":"2017-09-22T08:58:31","date_gmt":"2017-09-22T07:58:31","guid":{"rendered":"http:\/\/www.endless-hills.de\/?page_id=17114"},"modified":"2017-11-12T14:03:04","modified_gmt":"2017-11-12T13:03:04","slug":"tainted-love-reserviert","status":"publish","type":"page","link":"https:\/\/www.endless-hills.de\/?page_id=17114","title":{"rendered":"Touch of Love &#8211; vergeben"},"content":{"rendered":"<p>sable H\u00fcndin<\/p>\n<p>momentan kommt sie ganz nach ihrer tollen Champion Oma und gef\u00e4llt uns ausgesprochen gut. Sie lebt nun gemeinsam mit einen s\u00fc\u00dfen Beardie Opi &lt;3 Viel Spa\u00df Lotte<\/p>\nngg_shortcode_0_placeholder\n","protected":false},"excerpt":{"rendered":"<p>sable H\u00fcndin momentan kommt sie ganz nach ihrer tollen Champion Oma und gef\u00e4llt uns ausgesprochen gut. Sie lebt nun gemeinsam mit einen s\u00fc\u00dfen Beardie Opi &lt;3 Viel Spa\u00df Lotte &#8220; order_by=&#8220;sortorder&#8220; order_direction=&#8220;ASC&#8220; returns=&#8220;included&#8220; maximum_entity_count=&#8220;500&#8243;]<\/p>\n","protected":false},"author":3,"featured_media":0,"parent":17100,"menu_order":7,"comment_status":"closed","ping_status":"closed","template":"","meta":{"ngg_post_thumbnail":0,"footnotes":""},"class_list":["post-17114","page","type-page","status-publish","hentry"],"_links":{"self":[{"href":"https:\/\/www.endless-hills.de\/index.php?rest_route=\/wp\/v2\/pages\/17114","targetHints":{"allow":["GET"]}}],"collection":[{"href":"https:\/\/www.endless-hills.de\/index.php?rest_route=\/wp\/v2\/pages"}],"about":[{"href":"https:\/\/www.endless-hills.de\/index.php?rest_route=\/wp\/v2\/types\/page"}],"author":[{"embeddable":true,"href":"https:\/\/www.endless-hills.de\/index.php?rest_route=\/wp\/v2\/users\/3"}],"replies":[{"embeddable":true,"href":"https:\/\/www.endless-hills.de\/index.php?rest_route=%2Fwp%2Fv2%2Fcomments&post=17114"}],"version-history":[{"count":7,"href":"https:\/\/www.endless-hills.de\/index.php?rest_route=\/wp\/v2\/pages\/17114\/revisions"}],"predecessor-version":[{"id":18586,"href":"https:\/\/www.endless-hills.de\/index.php?rest_route=\/wp\/v2\/pages\/17114\/revisions\/18586"}],"up":[{"embeddable":true,"href":"https:\/\/www.endless-hills.de\/index.php?rest_route=\/wp\/v2\/pages\/17100"}],"wp:attachment":[{"href":"https:\/\/www.endless-hills.de\/index.php?rest_route=%2Fwp%2Fv2%2Fmedia&parent=17114"}],"curies":[{"name":"wp","href":"https:\/\/api.w.org\/{rel}","templated":true}]}}