{"id":17110,"date":"2017-09-22T08:55:56","date_gmt":"2017-09-22T07:55:56","guid":{"rendered":"http:\/\/www.endless-hills.de\/?page_id=17110"},"modified":"2020-07-27T10:27:27","modified_gmt":"2020-07-27T09:27:27","slug":"tender-kiss","status":"publish","type":"page","link":"https:\/\/www.endless-hills.de\/?page_id=17110","title":{"rendered":"Tender Kiss of endless hills"},"content":{"rendered":"<p>tricolour H\u00fcndin &#8211; Kiss<\/p>\n<p>geboren am 11.09.2017 um 9.20 Uhr mit 164g aus einem Wurf mit 10 Welpen<\/p>\n<p><span style=\"color: #0000ff;\">MDR1 +\/-, PRA N\/N, Hyperurikosurie N\/N, DM N\/DM, IPD N\/IPD, CEA\/PRA\/KAT frei puppy test, vollzahniges korrektes Scherengebi\u00df, nat\u00fcrliche Kippohren, Hd- A,&nbsp;<\/span><span style=\"color: #0000ff;\">K\u00f6rklasse I<\/span><\/p>\n<p><span style=\"color: #ff0000;\">pedigree &#8211;<a style=\"color: #ff0000;\" href=\"http:\/\/www.collie-online.com\/pedigree\/01-fc-pedigree-finder_virtualist_2.php?pid=56256&amp;Genre=all&amp;parent1=Kaptain%20Nemo%20of%20Endless%20Hills&amp;nom=Millubie%20Shining%20Star%20For%20Dallinaire&amp;classe=coloron\">click<\/a>&#8211;<\/span><\/p>\n<p>&nbsp;Jugendklasse<\/p>\n<p>V2 Res CACJ,&nbsp;V3<\/p>\n<p>ZK:<\/p>\n<p>V1 Salzburg 2019<\/p>\n<p>3x V1 CAC, CACIB, BOS<\/p>\n<p>2x V1 CAC Schweiz, Agrovia Winner<\/p>\n<p>K\u00f6rbericht:<\/p>\n<p>Harmonisch aufgebaute H\u00fcndin, korrekter Stopp, vollzahniges Scherengebiss, typischer Ausdruck, gute Halsl\u00e4nge, gerader R\u00fccken, sehr gute Vorbrust und Brusttiefe, sehr gute Winkelungen, in der Bewegung hinten etwas eng, vorz\u00fcgliche Fellanlage, freundliches Verhalten (Erika Heintz)<\/p>\n<p><img loading=\"lazy\" decoding=\"async\" class=\"aligncenter wp-image-20104\" src=\"http:\/\/www.endless-hills.de\/wp-content\/uploads\/2019\/04\/fullsizeoutput_387b-1024x854.jpeg\" alt=\"\" width=\"650\" height=\"542\" srcset=\"https:\/\/www.endless-hills.de\/wp-content\/uploads\/2019\/04\/fullsizeoutput_387b-1024x854.jpeg 1024w, https:\/\/www.endless-hills.de\/wp-content\/uploads\/2019\/04\/fullsizeoutput_387b-300x250.jpeg 300w, https:\/\/www.endless-hills.de\/wp-content\/uploads\/2019\/04\/fullsizeoutput_387b-768x641.jpeg 768w\" sizes=\"auto, (max-width: 650px) 100vw, 650px\" \/><\/p>\n<p>Unsere zuckers\u00fc\u00dfe Kiss ging als Welpe in ein Z\u00fcchterzuhause. Da die Chemie dort nicht stimmte zwischen den beiden kauften wir unser M\u00e4dchen mit 7 Monaten kurzerhand zur\u00fcck. Wir sind gespannt, was die Zukunft f\u00fcr sie vorsieht. Soll sie unsere Zucht bereichern als einzige Tochter, die uns von ihrer Mami blieb? Wer wei\u00df es &nbsp;schon zu diesem fr\u00fchen Zeitpunkt? F\u00fcr jetzt sind wir zumindest sehr froh, das sie zu uns zur\u00fcck kam. V\u00f6llig unkompliziert in jeder Lebenslage, voller Tatendrang und Elan, jedes einzelne Individuum liebend rennt sie fr\u00f6hlich und stets gut gelaunt durch die Welt. Sie liebt es zu apportieren und mit B\u00e4llen und St\u00f6ckchen zu spielen, genau wie ihre Mama. Sie redet und erz\u00e4hlt genau so gern wie ihre Oma Sanza und \u00fcbt man f\u00fcr den Showring ist sie so einfach zu motivieren wie ihr Papa Nemo \ud83d\ude09<\/p>\nngg_shortcode_0_placeholder\n","protected":false},"excerpt":{"rendered":"<p>tricolour H\u00fcndin &#8211; Kiss geboren am 11.09.2017 um 9.20 Uhr mit 164g aus einem Wurf mit 10 Welpen MDR1 +\/-, PRA N\/N, Hyperurikosurie N\/N, DM N\/DM, IPD N\/IPD, CEA\/PRA\/KAT frei puppy test, vollzahniges korrektes Scherengebi\u00df, nat\u00fcrliche Kippohren, Hd- A,&nbsp;K\u00f6rklasse I pedigree &#8211;click&#8211; &nbsp;Jugendklasse V2 Res CACJ,&nbsp;V3 ZK: V1 Salzburg 2019 3x V1 CAC, CACIB, BOS [&hellip;]<\/p>\n","protected":false},"author":3,"featured_media":0,"parent":17100,"menu_order":5,"comment_status":"closed","ping_status":"closed","template":"","meta":{"ngg_post_thumbnail":0,"footnotes":""},"class_list":["post-17110","page","type-page","status-publish","hentry"],"_links":{"self":[{"href":"https:\/\/www.endless-hills.de\/index.php?rest_route=\/wp\/v2\/pages\/17110","targetHints":{"allow":["GET"]}}],"collection":[{"href":"https:\/\/www.endless-hills.de\/index.php?rest_route=\/wp\/v2\/pages"}],"about":[{"href":"https:\/\/www.endless-hills.de\/index.php?rest_route=\/wp\/v2\/types\/page"}],"author":[{"embeddable":true,"href":"https:\/\/www.endless-hills.de\/index.php?rest_route=\/wp\/v2\/users\/3"}],"replies":[{"embeddable":true,"href":"https:\/\/www.endless-hills.de\/index.php?rest_route=%2Fwp%2Fv2%2Fcomments&post=17110"}],"version-history":[{"count":20,"href":"https:\/\/www.endless-hills.de\/index.php?rest_route=\/wp\/v2\/pages\/17110\/revisions"}],"predecessor-version":[{"id":20250,"href":"https:\/\/www.endless-hills.de\/index.php?rest_route=\/wp\/v2\/pages\/17110\/revisions\/20250"}],"up":[{"embeddable":true,"href":"https:\/\/www.endless-hills.de\/index.php?rest_route=\/wp\/v2\/pages\/17100"}],"wp:attachment":[{"href":"https:\/\/www.endless-hills.de\/index.php?rest_route=%2Fwp%2Fv2%2Fmedia&parent=17110"}],"curies":[{"name":"wp","href":"https:\/\/api.w.org\/{rel}","templated":true}]}}