{"id":17106,"date":"2017-09-22T08:53:58","date_gmt":"2017-09-22T07:53:58","guid":{"rendered":"http:\/\/www.endless-hills.de\/?page_id=17106"},"modified":"2017-11-10T11:56:56","modified_gmt":"2017-11-10T10:56:56","slug":"tornado","status":"publish","type":"page","link":"https:\/\/www.endless-hills.de\/?page_id=17106","title":{"rendered":"Tornado- vergeben"},"content":{"rendered":"<p>tricolour R\u00fcde<\/p>\n<p>zuckers\u00fc\u00dfer Junge mit durchgehender Halskrause. Er heisst nun Troll und wohnt im sch\u00f6nen Th\u00fcringen<\/p>\nngg_shortcode_0_placeholder\n","protected":false},"excerpt":{"rendered":"<p>tricolour R\u00fcde zuckers\u00fc\u00dfer Junge mit durchgehender Halskrause. Er heisst nun Troll und wohnt im sch\u00f6nen Th\u00fcringen &#8220; order_by=&#8220;sortorder&#8220; order_direction=&#8220;ASC&#8220; returns=&#8220;included&#8220; maximum_entity_count=&#8220;500&#8243;]<\/p>\n","protected":false},"author":3,"featured_media":0,"parent":17100,"menu_order":3,"comment_status":"closed","ping_status":"closed","template":"","meta":{"ngg_post_thumbnail":0,"footnotes":""},"class_list":["post-17106","page","type-page","status-publish","hentry"],"_links":{"self":[{"href":"https:\/\/www.endless-hills.de\/index.php?rest_route=\/wp\/v2\/pages\/17106","targetHints":{"allow":["GET"]}}],"collection":[{"href":"https:\/\/www.endless-hills.de\/index.php?rest_route=\/wp\/v2\/pages"}],"about":[{"href":"https:\/\/www.endless-hills.de\/index.php?rest_route=\/wp\/v2\/types\/page"}],"author":[{"embeddable":true,"href":"https:\/\/www.endless-hills.de\/index.php?rest_route=\/wp\/v2\/users\/3"}],"replies":[{"embeddable":true,"href":"https:\/\/www.endless-hills.de\/index.php?rest_route=%2Fwp%2Fv2%2Fcomments&post=17106"}],"version-history":[{"count":4,"href":"https:\/\/www.endless-hills.de\/index.php?rest_route=\/wp\/v2\/pages\/17106\/revisions"}],"predecessor-version":[{"id":18572,"href":"https:\/\/www.endless-hills.de\/index.php?rest_route=\/wp\/v2\/pages\/17106\/revisions\/18572"}],"up":[{"embeddable":true,"href":"https:\/\/www.endless-hills.de\/index.php?rest_route=\/wp\/v2\/pages\/17100"}],"wp:attachment":[{"href":"https:\/\/www.endless-hills.de\/index.php?rest_route=%2Fwp%2Fv2%2Fmedia&parent=17106"}],"curies":[{"name":"wp","href":"https:\/\/api.w.org\/{rel}","templated":true}]}}