{"id":17100,"date":"2017-09-22T08:50:08","date_gmt":"2017-09-22T07:50:08","guid":{"rendered":"http:\/\/www.endless-hills.de\/?page_id=17100"},"modified":"2017-11-18T18:09:21","modified_gmt":"2017-11-18T17:09:21","slug":"t-wurf","status":"publish","type":"page","link":"https:\/\/www.endless-hills.de\/?page_id=17100","title":{"rendered":"T-Wurf"},"content":{"rendered":"<h3 style=\"text-align: center;\">Seit &nbsp;11. September 2017 haben wir Welpen in tricolour und darksable aus einer f\u00fcr uns &nbsp;mehr als spannenden und \u00e4u\u00dferst wichtigen Verpaarung<\/h3>\n<h4 style=\"text-align: center;\"><span style=\"color: #0000ff;\">Champion<\/span><\/h4>\n<h4 style=\"text-align: center;\"><span style=\"color: #0000ff;\">Kaptain Nemo of endless hills<\/span><\/h4>\n<p style=\"text-align: center;\">CEA\/PRA\/KAT frei Puppy test 7 Wochen, CEA genetisch Carrier, MDR1 +\/+, PRA N\/N, DM N\/DM<\/p>\n<p style=\"text-align: center;\">HD A, nat\u00fcrliche Kippohren, vollzahniges Scherengebi\u00df, K\u00f6rklasse I, Wesenstest mit Bravur bestanden<\/p>\n<p style=\"text-align: center;\">&amp;<\/p>\n<h4 style=\"text-align: center;\"><span style=\"color: #ff0000;\">Jugendchampion &amp; Champion<\/span><\/h4>\n<h4 style=\"text-align: center;\"><span style=\"color: #ff0000;\">Millubie Shining Star for Dallinaire<\/span><\/h4>\n<p style=\"text-align: center;\">CEA\/PRA\/KAT frei, HD-B1, MDR &#8211; \/-, DM DM\/DM, PRA N\/N, CEA genetisch Carrier<\/p>\n<p style=\"text-align: center;\">vollzahniges Scherengebi\u00df, nat\u00fcrliche Kippohren, K\u00f6rklasse 2, Wesenstest in aller Freundlichkeit bestanden<\/p>\n<p style=\"text-align: center;\">Alle Welpen werden MDR1 +\/-, PRA N\/N, also genetisch nicht betroffen (frei) sein. DM und CEA wird getestet.<\/p>\n<p style=\"text-align: center;\">pedigree &#8211; <a href=\"http:\/\/www.collie-online.com\/pedigree\/01-fc-pedigree-finder_virtualist_2.php?pid=56256&amp;Genre=all&amp;parent1=Kaptain%20Nemo%20of%20Endless%20Hills&amp;nom=Millubie%20Shining%20Star%20For%20Dallinaire&amp;classe=coloron\">click<\/a>&#8211;<\/p>\n<p><img loading=\"lazy\" decoding=\"async\" class=\"aligncenter wp-image-16506\" src=\"http:\/\/www.endless-hills.de\/wp-content\/uploads\/2010\/01\/2zxDa-54zNa-1.jpg\" alt=\"\" width=\"650\" height=\"528\" srcset=\"https:\/\/www.endless-hills.de\/wp-content\/uploads\/2010\/01\/2zxDa-54zNa-1.jpg 400w, https:\/\/www.endless-hills.de\/wp-content\/uploads\/2010\/01\/2zxDa-54zNa-1-300x244.jpg 300w\" sizes=\"auto, (max-width: 650px) 100vw, 650px\" \/><\/p>\n<p style=\"text-align: center;\">Wir erwarten uns wesensfeste, gesunde, wahnsinnig sch\u00f6ne und typvolle Welpen aus internationalen, britischen Linien, die sich sicherlich f\u00fcr vielerlei Bereiche des Lebens, als perfekter Familienhund oder f\u00fcr den Sport und eventuell auch f\u00fcr Zucht und Show eignen werden. Lange haben wir darauf hin gearbeitet und sind sehr sehr gespannt was uns diese Traumverpaarung f\u00fcr die Zukunft bringt.<\/p>\n<p style=\"text-align: center;\">+++++++++++++++++++++++++++++++++++++++++++++++++++++++++++++++++++++++<\/p>\n<p style=\"text-align: center;\"><b><i>Manchmal ergibt es sich, dass wir mehrere Welpen aufziehen bis wir uns&nbsp;entg\u00fcltig f\u00fcr &#8222;den Einen&#8220; entscheiden und somit einer unserer Diamanten zu einem sp\u00e4teren&nbsp;Zeitpunkt zur Vermittlung steht. Ausserdem ergeben sich auch mal Umst\u00e4nde, die es n\u00f6tig machen f\u00fcr einen geliebten erwachsenen Hund ein neues Zuhause zu suchen.<\/i><\/b><\/p>\n<p style=\"text-align: center;\">*********<\/p>\n<p style=\"text-align: center;\">Sie suchen einen etwas \u00e4lteren Collie als Ihren Begleiter? Rufen Sie uns gerne einfach unverbindlich an und fragen nach<\/p>\n","protected":false},"excerpt":{"rendered":"<p>Seit &nbsp;11. September 2017 haben wir Welpen in tricolour und darksable aus einer f\u00fcr uns &nbsp;mehr als spannenden und \u00e4u\u00dferst wichtigen Verpaarung Champion Kaptain Nemo of endless hills CEA\/PRA\/KAT frei Puppy test 7 Wochen, CEA genetisch Carrier, MDR1 +\/+, PRA N\/N, DM N\/DM HD A, nat\u00fcrliche Kippohren, vollzahniges Scherengebi\u00df, K\u00f6rklasse I, Wesenstest mit Bravur bestanden [&hellip;]<\/p>\n","protected":false},"author":3,"featured_media":0,"parent":1539,"menu_order":20,"comment_status":"closed","ping_status":"closed","template":"","meta":{"ngg_post_thumbnail":0,"footnotes":""},"class_list":["post-17100","page","type-page","status-publish","hentry"],"_links":{"self":[{"href":"https:\/\/www.endless-hills.de\/index.php?rest_route=\/wp\/v2\/pages\/17100","targetHints":{"allow":["GET"]}}],"collection":[{"href":"https:\/\/www.endless-hills.de\/index.php?rest_route=\/wp\/v2\/pages"}],"about":[{"href":"https:\/\/www.endless-hills.de\/index.php?rest_route=\/wp\/v2\/types\/page"}],"author":[{"embeddable":true,"href":"https:\/\/www.endless-hills.de\/index.php?rest_route=\/wp\/v2\/users\/3"}],"replies":[{"embeddable":true,"href":"https:\/\/www.endless-hills.de\/index.php?rest_route=%2Fwp%2Fv2%2Fcomments&post=17100"}],"version-history":[{"count":3,"href":"https:\/\/www.endless-hills.de\/index.php?rest_route=\/wp\/v2\/pages\/17100\/revisions"}],"predecessor-version":[{"id":17125,"href":"https:\/\/www.endless-hills.de\/index.php?rest_route=\/wp\/v2\/pages\/17100\/revisions\/17125"}],"up":[{"embeddable":true,"href":"https:\/\/www.endless-hills.de\/index.php?rest_route=\/wp\/v2\/pages\/1539"}],"wp:attachment":[{"href":"https:\/\/www.endless-hills.de\/index.php?rest_route=%2Fwp%2Fv2%2Fmedia&parent=17100"}],"curies":[{"name":"wp","href":"https:\/\/api.w.org\/{rel}","templated":true}]}}