{"id":17098,"date":"2017-09-22T08:49:45","date_gmt":"2017-09-22T07:49:45","guid":{"rendered":"http:\/\/www.endless-hills.de\/?page_id=17098"},"modified":"2017-11-27T11:39:09","modified_gmt":"2017-11-27T10:39:09","slug":"tabasco","status":"publish","type":"page","link":"https:\/\/www.endless-hills.de\/?page_id=17098","title":{"rendered":"Tabasco- vergeben"},"content":{"rendered":"<p>darksable R\u00fcde<\/p>\n<p>mega s\u00fc\u00dfer Bub mit Blesse. Er freut sich sehr auf seine tolle Familie und seine zuk\u00fcnftigen Herausforderungen.<\/p>\nngg_shortcode_0_placeholder\n","protected":false},"excerpt":{"rendered":"<p>darksable R\u00fcde mega s\u00fc\u00dfer Bub mit Blesse. Er freut sich sehr auf seine tolle Familie und seine zuk\u00fcnftigen Herausforderungen. &#8220; order_by=&#8220;sortorder&#8220; order_direction=&#8220;ASC&#8220; returns=&#8220;included&#8220; maximum_entity_count=&#8220;500&#8243;]<\/p>\n","protected":false},"author":3,"featured_media":0,"parent":17100,"menu_order":2,"comment_status":"closed","ping_status":"closed","template":"","meta":{"ngg_post_thumbnail":0,"footnotes":""},"class_list":["post-17098","page","type-page","status-publish","hentry"],"_links":{"self":[{"href":"https:\/\/www.endless-hills.de\/index.php?rest_route=\/wp\/v2\/pages\/17098","targetHints":{"allow":["GET"]}}],"collection":[{"href":"https:\/\/www.endless-hills.de\/index.php?rest_route=\/wp\/v2\/pages"}],"about":[{"href":"https:\/\/www.endless-hills.de\/index.php?rest_route=\/wp\/v2\/types\/page"}],"author":[{"embeddable":true,"href":"https:\/\/www.endless-hills.de\/index.php?rest_route=\/wp\/v2\/users\/3"}],"replies":[{"embeddable":true,"href":"https:\/\/www.endless-hills.de\/index.php?rest_route=%2Fwp%2Fv2%2Fcomments&post=17098"}],"version-history":[{"count":4,"href":"https:\/\/www.endless-hills.de\/index.php?rest_route=\/wp\/v2\/pages\/17098\/revisions"}],"predecessor-version":[{"id":18616,"href":"https:\/\/www.endless-hills.de\/index.php?rest_route=\/wp\/v2\/pages\/17098\/revisions\/18616"}],"up":[{"embeddable":true,"href":"https:\/\/www.endless-hills.de\/index.php?rest_route=\/wp\/v2\/pages\/17100"}],"wp:attachment":[{"href":"https:\/\/www.endless-hills.de\/index.php?rest_route=%2Fwp%2Fv2%2Fmedia&parent=17098"}],"curies":[{"name":"wp","href":"https:\/\/api.w.org\/{rel}","templated":true}]}}