{"id":16975,"date":"2017-09-01T21:46:56","date_gmt":"2017-09-01T20:46:56","guid":{"rendered":"http:\/\/www.endless-hills.de\/?page_id=16975"},"modified":"2017-09-08T15:36:13","modified_gmt":"2017-09-08T14:36:13","slug":"stardust","status":"publish","type":"page","link":"https:\/\/www.endless-hills.de\/?page_id=16975","title":{"rendered":"Stardust"},"content":{"rendered":"<p>tricolour R\u00fcde<\/p>\n<p>geboren um 23.37 Uhr mit 335 g<\/p>\n<p>wei\u00dfes N\u00e4schen, wei\u00dfer Strich am Kopf, weiteres folgt \ud83d\ude42<\/p>\nngg_shortcode_0_placeholder\n","protected":false},"excerpt":{"rendered":"<p>tricolour R\u00fcde geboren um 23.37 Uhr mit 335 g wei\u00dfes N\u00e4schen, wei\u00dfer Strich am Kopf, weiteres folgt \ud83d\ude42 &#8220; order_by=&#8220;sortorder&#8220; order_direction=&#8220;ASC&#8220; returns=&#8220;included&#8220; maximum_entity_count=&#8220;500&#8243;]<\/p>\n","protected":false},"author":3,"featured_media":0,"parent":16968,"menu_order":3,"comment_status":"closed","ping_status":"closed","template":"","meta":{"ngg_post_thumbnail":0,"footnotes":""},"class_list":["post-16975","page","type-page","status-publish","hentry"],"_links":{"self":[{"href":"https:\/\/www.endless-hills.de\/index.php?rest_route=\/wp\/v2\/pages\/16975","targetHints":{"allow":["GET"]}}],"collection":[{"href":"https:\/\/www.endless-hills.de\/index.php?rest_route=\/wp\/v2\/pages"}],"about":[{"href":"https:\/\/www.endless-hills.de\/index.php?rest_route=\/wp\/v2\/types\/page"}],"author":[{"embeddable":true,"href":"https:\/\/www.endless-hills.de\/index.php?rest_route=\/wp\/v2\/users\/3"}],"replies":[{"embeddable":true,"href":"https:\/\/www.endless-hills.de\/index.php?rest_route=%2Fwp%2Fv2%2Fcomments&post=16975"}],"version-history":[{"count":2,"href":"https:\/\/www.endless-hills.de\/index.php?rest_route=\/wp\/v2\/pages\/16975\/revisions"}],"predecessor-version":[{"id":17062,"href":"https:\/\/www.endless-hills.de\/index.php?rest_route=\/wp\/v2\/pages\/16975\/revisions\/17062"}],"up":[{"embeddable":true,"href":"https:\/\/www.endless-hills.de\/index.php?rest_route=\/wp\/v2\/pages\/16968"}],"wp:attachment":[{"href":"https:\/\/www.endless-hills.de\/index.php?rest_route=%2Fwp%2Fv2%2Fmedia&parent=16975"}],"curies":[{"name":"wp","href":"https:\/\/api.w.org\/{rel}","templated":true}]}}