{"id":16973,"date":"2017-09-01T21:40:21","date_gmt":"2017-09-01T20:40:21","guid":{"rendered":"http:\/\/www.endless-hills.de\/?page_id=16973"},"modified":"2017-11-10T12:04:40","modified_gmt":"2017-11-10T11:04:40","slug":"starbucks","status":"publish","type":"page","link":"https:\/\/www.endless-hills.de\/?page_id=16973","title":{"rendered":"Starbucks- vergeben"},"content":{"rendered":"<p>tricolour R\u00fcde<\/p>\n<p>geboren um 23.15 Uhr mit 375g<\/p>\n<p>Der Traumbub lebt nun im sch\u00f6nen Graz in \u00d6sterreich und erf\u00fcllt die Herzen seiner neuen Besitzer<\/p>\nngg_shortcode_0_placeholder\n","protected":false},"excerpt":{"rendered":"<p>tricolour R\u00fcde geboren um 23.15 Uhr mit 375g Der Traumbub lebt nun im sch\u00f6nen Graz in \u00d6sterreich und erf\u00fcllt die Herzen seiner neuen Besitzer &#8220; order_by=&#8220;sortorder&#8220; order_direction=&#8220;ASC&#8220; returns=&#8220;included&#8220; maximum_entity_count=&#8220;500&#8243;]<\/p>\n","protected":false},"author":3,"featured_media":0,"parent":16968,"menu_order":2,"comment_status":"closed","ping_status":"closed","template":"","meta":{"ngg_post_thumbnail":0,"footnotes":""},"class_list":["post-16973","page","type-page","status-publish","hentry"],"_links":{"self":[{"href":"https:\/\/www.endless-hills.de\/index.php?rest_route=\/wp\/v2\/pages\/16973","targetHints":{"allow":["GET"]}}],"collection":[{"href":"https:\/\/www.endless-hills.de\/index.php?rest_route=\/wp\/v2\/pages"}],"about":[{"href":"https:\/\/www.endless-hills.de\/index.php?rest_route=\/wp\/v2\/types\/page"}],"author":[{"embeddable":true,"href":"https:\/\/www.endless-hills.de\/index.php?rest_route=\/wp\/v2\/users\/3"}],"replies":[{"embeddable":true,"href":"https:\/\/www.endless-hills.de\/index.php?rest_route=%2Fwp%2Fv2%2Fcomments&post=16973"}],"version-history":[{"count":5,"href":"https:\/\/www.endless-hills.de\/index.php?rest_route=\/wp\/v2\/pages\/16973\/revisions"}],"predecessor-version":[{"id":18581,"href":"https:\/\/www.endless-hills.de\/index.php?rest_route=\/wp\/v2\/pages\/16973\/revisions\/18581"}],"up":[{"embeddable":true,"href":"https:\/\/www.endless-hills.de\/index.php?rest_route=\/wp\/v2\/pages\/16968"}],"wp:attachment":[{"href":"https:\/\/www.endless-hills.de\/index.php?rest_route=%2Fwp%2Fv2%2Fmedia&parent=16973"}],"curies":[{"name":"wp","href":"https:\/\/api.w.org\/{rel}","templated":true}]}}