{"id":15232,"date":"2017-06-09T20:27:26","date_gmt":"2017-06-09T19:27:26","guid":{"rendered":"http:\/\/www.endless-hills.de\/?page_id=15232"},"modified":"2017-07-22T20:36:02","modified_gmt":"2017-07-22T19:36:02","slug":"royal-romeo","status":"publish","type":"page","link":"https:\/\/www.endless-hills.de\/?page_id=15232","title":{"rendered":"Royal Romeo &#8211; vergeben"},"content":{"rendered":"<p>Goldsable R\u00fcde<\/p>\n<p>geboren am 09.06.2017 um 6.49 Uhr mit 350g<\/p>\n<p>genetische Werte:<\/p>\n<p>MDR1 +\/+, DM N\/DM, PRA N\/N, also genetisch frei<\/p>\n<p>breite wei\u00dfe Halskrause, N\u00e4schen etwas wei\u00df, ein Beinchen braun<\/p>\n<p>Romeo ist genau wie sein Name verhei\u00dft: lieb, anh\u00e4nglich, ruhig, ehrlich und z\u00e4rtlich. Ein absolut liebenswerter Schmuser, der ganz viel Geduld hat. &lt;3<\/p>\nngg_shortcode_0_placeholder\nngg_shortcode_1_placeholder\n","protected":false},"excerpt":{"rendered":"<p>Goldsable R\u00fcde geboren am 09.06.2017 um 6.49 Uhr mit 350g genetische Werte: MDR1 +\/+, DM N\/DM, PRA N\/N, also genetisch frei breite wei\u00dfe Halskrause, N\u00e4schen etwas wei\u00df, ein Beinchen braun Romeo ist genau wie sein Name verhei\u00dft: lieb, anh\u00e4nglich, ruhig, ehrlich und z\u00e4rtlich. Ein absolut liebenswerter Schmuser, der ganz viel Geduld hat. &lt;3 &#8220; order_by=&#8220;sortorder&#8220; [&hellip;]<\/p>\n","protected":false},"author":3,"featured_media":0,"parent":15576,"menu_order":6,"comment_status":"closed","ping_status":"closed","template":"","meta":{"ngg_post_thumbnail":0,"footnotes":""},"class_list":["post-15232","page","type-page","status-publish","hentry"],"_links":{"self":[{"href":"https:\/\/www.endless-hills.de\/index.php?rest_route=\/wp\/v2\/pages\/15232","targetHints":{"allow":["GET"]}}],"collection":[{"href":"https:\/\/www.endless-hills.de\/index.php?rest_route=\/wp\/v2\/pages"}],"about":[{"href":"https:\/\/www.endless-hills.de\/index.php?rest_route=\/wp\/v2\/types\/page"}],"author":[{"embeddable":true,"href":"https:\/\/www.endless-hills.de\/index.php?rest_route=\/wp\/v2\/users\/3"}],"replies":[{"embeddable":true,"href":"https:\/\/www.endless-hills.de\/index.php?rest_route=%2Fwp%2Fv2%2Fcomments&post=15232"}],"version-history":[{"count":8,"href":"https:\/\/www.endless-hills.de\/index.php?rest_route=\/wp\/v2\/pages\/15232\/revisions"}],"predecessor-version":[{"id":16678,"href":"https:\/\/www.endless-hills.de\/index.php?rest_route=\/wp\/v2\/pages\/15232\/revisions\/16678"}],"up":[{"embeddable":true,"href":"https:\/\/www.endless-hills.de\/index.php?rest_route=\/wp\/v2\/pages\/15576"}],"wp:attachment":[{"href":"https:\/\/www.endless-hills.de\/index.php?rest_route=%2Fwp%2Fv2%2Fmedia&parent=15232"}],"curies":[{"name":"wp","href":"https:\/\/api.w.org\/{rel}","templated":true}]}}