{"id":15227,"date":"2017-06-09T20:21:21","date_gmt":"2017-06-09T19:21:21","guid":{"rendered":"http:\/\/www.endless-hills.de\/?page_id=15227"},"modified":"2019-09-22T19:38:19","modified_gmt":"2019-09-22T18:38:19","slug":"red-riding-hood-reserviert","status":"publish","type":"page","link":"https:\/\/www.endless-hills.de\/?page_id=15227","title":{"rendered":"Red Hot Ferrari of endless hills"},"content":{"rendered":"<p>Darksable H\u00fcndin &#8211; Lainee<\/p>\n<p>geboren am 09.06.2017 um 4.36 Uhr mit 340g<\/p>\n<p><span style=\"color: #0000ff;\">MDR1 +\/+, PRA N\/N, DM N\/N, CEA R\/r also genetisch frei, CEA\/PRA\/KAT frei puppy test 7 Wochen, vollzahniges korrektes Scherengebi\u00df, nat\u00fcrliche Kippohren, Hd-A, Wesenstest mit Bravur bestanden<\/span><\/p>\n<p>K\u00f6rklasse 1<\/p>\n<p>Salzburg 2018 Jugendklasse V2 Res CAC J<\/p>\n<p><span style=\"color: #ff0000;\">Dachau 2018 V1, Jugend BOB, Jugend BEST IN SHOW<\/span><\/p>\n<div id=\"attachment_18869\" style=\"width: 660px\" class=\"wp-caption aligncenter\"><img loading=\"lazy\" decoding=\"async\" aria-describedby=\"caption-attachment-18869\" class=\"wp-image-18869\" src=\"http:\/\/www.endless-hills.de\/wp-content\/uploads\/2017\/06\/fullsizeoutput_339b-1024x683.jpeg\" alt=\"\" width=\"650\" height=\"433\" srcset=\"https:\/\/www.endless-hills.de\/wp-content\/uploads\/2017\/06\/fullsizeoutput_339b-1024x683.jpeg 1024w, https:\/\/www.endless-hills.de\/wp-content\/uploads\/2017\/06\/fullsizeoutput_339b-300x200.jpeg 300w, https:\/\/www.endless-hills.de\/wp-content\/uploads\/2017\/06\/fullsizeoutput_339b-768x512.jpeg 768w\" sizes=\"auto, (max-width: 650px) 100vw, 650px\" \/><p id=\"caption-attachment-18869\" class=\"wp-caption-text\">Lainee 9 Monate<\/p><\/div>\n<p>&nbsp;<\/p>\n<p>Lainee ist eine kleine Prinzessin, die sich durchzusetzen wei\u00df. Wundersch\u00f6n, keck und aktiv. Wir sind t\u00e4glich mehr begeistert von unserem Diamanten. Sie nimmt eine Entwicklung von der wir nicht zu tr\u00e4umen gewagt h\u00e4tten. In Dachau 2018 erm\u00f6glicht sie uns unseren bisher gr\u00f6\u00dften Erfolg und erlangt aus allen Rassen das Jugend BEST IN SHOW!!! Wir sind unsagbar stolz auf sie!!! Gesundheitlich weist sie Bestwerte auf und charakterlich ist sie einfach ein Traumhund. Wir hoffen zu gegebener Zeit unsere sable Linie aus Ch Patty Lady vom Br\u00fcggener &#8211; Land, daraus ihren Vater &nbsp;MultiCH Kaptain Nemo of endless hills, nach ihr in die 4. Generation zu f\u00fchren.<\/p>\n<p>Pedigree &#8211; <a href=\"http:\/\/www.collie-online.com\/pedigree\/01-fc-pedigree-finder_virtualist_2.php?pid=56256&amp;Genre=all&amp;parent1=Kaptain%20Nemo%20of%20Endless%20Hills&amp;nom=Nicky%20Schenk%20Mir%20Ein%20L\u00e4cheln%20of%20Kassiopeia&amp;classe=coloron\">click<\/a>&nbsp;&nbsp;&#8211;<\/p>\nngg_shortcode_0_placeholder\n","protected":false},"excerpt":{"rendered":"<p>Darksable H\u00fcndin &#8211; Lainee geboren am 09.06.2017 um 4.36 Uhr mit 340g MDR1 +\/+, PRA N\/N, DM N\/N, CEA R\/r also genetisch frei, CEA\/PRA\/KAT frei puppy test 7 Wochen, vollzahniges korrektes Scherengebi\u00df, nat\u00fcrliche Kippohren, Hd-A, Wesenstest mit Bravur bestanden K\u00f6rklasse 1 Salzburg 2018 Jugendklasse V2 Res CAC J Dachau 2018 V1, Jugend BOB, Jugend BEST [&hellip;]<\/p>\n","protected":false},"author":3,"featured_media":0,"parent":15576,"menu_order":3,"comment_status":"closed","ping_status":"closed","template":"","meta":{"ngg_post_thumbnail":0,"footnotes":""},"class_list":["post-15227","page","type-page","status-publish","hentry"],"_links":{"self":[{"href":"https:\/\/www.endless-hills.de\/index.php?rest_route=\/wp\/v2\/pages\/15227","targetHints":{"allow":["GET"]}}],"collection":[{"href":"https:\/\/www.endless-hills.de\/index.php?rest_route=\/wp\/v2\/pages"}],"about":[{"href":"https:\/\/www.endless-hills.de\/index.php?rest_route=\/wp\/v2\/types\/page"}],"author":[{"embeddable":true,"href":"https:\/\/www.endless-hills.de\/index.php?rest_route=\/wp\/v2\/users\/3"}],"replies":[{"embeddable":true,"href":"https:\/\/www.endless-hills.de\/index.php?rest_route=%2Fwp%2Fv2%2Fcomments&post=15227"}],"version-history":[{"count":20,"href":"https:\/\/www.endless-hills.de\/index.php?rest_route=\/wp\/v2\/pages\/15227\/revisions"}],"predecessor-version":[{"id":20126,"href":"https:\/\/www.endless-hills.de\/index.php?rest_route=\/wp\/v2\/pages\/15227\/revisions\/20126"}],"up":[{"embeddable":true,"href":"https:\/\/www.endless-hills.de\/index.php?rest_route=\/wp\/v2\/pages\/15576"}],"wp:attachment":[{"href":"https:\/\/www.endless-hills.de\/index.php?rest_route=%2Fwp%2Fv2%2Fmedia&parent=15227"}],"curies":[{"name":"wp","href":"https:\/\/api.w.org\/{rel}","templated":true}]}}