{"id":15221,"date":"2017-06-09T20:12:27","date_gmt":"2017-06-09T19:12:27","guid":{"rendered":"http:\/\/www.endless-hills.de\/?page_id=15221"},"modified":"2017-11-22T22:33:20","modified_gmt":"2017-11-22T21:33:20","slug":"red-hot-ferrari","status":"publish","type":"page","link":"https:\/\/www.endless-hills.de\/?page_id=15221","title":{"rendered":"Red Riding Hood &#8211; vergeben"},"content":{"rendered":"<p>Goldsable H\u00fcndin&nbsp;<\/p>\n<p>geboren am 09.06.2017 um 6.12 Uhr mit 285g<\/p>\n<p>MDR1 +\/+, PRA N\/N, DM N\/N, also genetisch frei<\/p>\n<p>ganz breite wei\u00dfe Halskrause<\/p>\n<p>M\u00e4uschen, Sch\u00e4tzchen, Engelchen&#8230; all das sind Worte f\u00fcr das kleine fesche Rotk\u00e4ppchen Wundersch\u00f6n, elegant, verschmust und einfach nur zum Verlieben ist dieses Goldst\u00fcck &lt;3<\/p>\nngg_shortcode_0_placeholder\n","protected":false},"excerpt":{"rendered":"<p>Goldsable H\u00fcndin&nbsp; geboren am 09.06.2017 um 6.12 Uhr mit 285g MDR1 +\/+, PRA N\/N, DM N\/N, also genetisch frei ganz breite wei\u00dfe Halskrause M\u00e4uschen, Sch\u00e4tzchen, Engelchen&#8230; all das sind Worte f\u00fcr das kleine fesche Rotk\u00e4ppchen Wundersch\u00f6n, elegant, verschmust und einfach nur zum Verlieben ist dieses Goldst\u00fcck &lt;3 &#8220; order_by=&#8220;sortorder&#8220; order_direction=&#8220;ASC&#8220; returns=&#8220;included&#8220; maximum_entity_count=&#8220;500&#8243;]<\/p>\n","protected":false},"author":3,"featured_media":0,"parent":15576,"menu_order":5,"comment_status":"closed","ping_status":"closed","template":"","meta":{"ngg_post_thumbnail":0,"footnotes":""},"class_list":["post-15221","page","type-page","status-publish","hentry"],"_links":{"self":[{"href":"https:\/\/www.endless-hills.de\/index.php?rest_route=\/wp\/v2\/pages\/15221","targetHints":{"allow":["GET"]}}],"collection":[{"href":"https:\/\/www.endless-hills.de\/index.php?rest_route=\/wp\/v2\/pages"}],"about":[{"href":"https:\/\/www.endless-hills.de\/index.php?rest_route=\/wp\/v2\/types\/page"}],"author":[{"embeddable":true,"href":"https:\/\/www.endless-hills.de\/index.php?rest_route=\/wp\/v2\/users\/3"}],"replies":[{"embeddable":true,"href":"https:\/\/www.endless-hills.de\/index.php?rest_route=%2Fwp%2Fv2%2Fcomments&post=15221"}],"version-history":[{"count":11,"href":"https:\/\/www.endless-hills.de\/index.php?rest_route=\/wp\/v2\/pages\/15221\/revisions"}],"predecessor-version":[{"id":18611,"href":"https:\/\/www.endless-hills.de\/index.php?rest_route=\/wp\/v2\/pages\/15221\/revisions\/18611"}],"up":[{"embeddable":true,"href":"https:\/\/www.endless-hills.de\/index.php?rest_route=\/wp\/v2\/pages\/15576"}],"wp:attachment":[{"href":"https:\/\/www.endless-hills.de\/index.php?rest_route=%2Fwp%2Fv2%2Fmedia&parent=15221"}],"curies":[{"name":"wp","href":"https:\/\/api.w.org\/{rel}","templated":true}]}}