{"id":14432,"date":"2017-05-10T20:15:58","date_gmt":"2017-05-10T19:15:58","guid":{"rendered":"http:\/\/www.endless-hills.de\/?page_id=14432"},"modified":"2017-06-20T09:16:47","modified_gmt":"2017-06-20T08:16:47","slug":"quicksilver","status":"publish","type":"page","link":"https:\/\/www.endless-hills.de\/?page_id=14432","title":{"rendered":"Quicksilver &#8211; vergeben"},"content":{"rendered":"<p>goldsable R\u00fcde, dicke Blesse<\/p>\n<p>geboren um 7.15 Uhr mit 277 g<\/p>\n<p>Der freche, megas\u00fc\u00dfe Louie wird das Leben von Petra, Julia und Finn auf den Kopf stellen &lt;3<\/p>\n<p><!-- default-view.php -->\n<div\n\tclass=\"ngg-galleryoverview default-view\n\t ngg-ajax-pagination-none\t\"\n\tid=\"ngg-gallery-c2f45fe5d9d96c44052958912dd86a42-1\"\n\tdata-nextgen-gallery-id=\"180\"\n\tdata-gallery-id=\"180\"\n\t\tdata-gallery-name=\"Quicksilver\"\n\t>\n\n\t\t<!-- Thumbnails -->\n\t\t\t\t<div id=\"ngg-image-0\" class=\"ngg-gallery-thumbnail-box\n\t\t\t\t\t\t\t\t\t\t\t\"\n\t\t\t>\n\t\t\t\t\t\t<div class=\"ngg-gallery-thumbnail\">\n\t\t<a href=\"https:\/\/www.endless-hills.de\/wp-content\/gallery\/Quicksilver\/fullsizeoutput_2fab.jpeg?t=1498403092\"\n\t\t\ttitle=\"\"\n\t\t\tdata-src=\"https:\/\/www.endless-hills.de\/wp-content\/gallery\/Quicksilver\/fullsizeoutput_2fab.jpeg?t=1498403092\"\n\t\t\tdata-thumbnail=\"https:\/\/www.endless-hills.de\/wp-content\/gallery\/Quicksilver\/thumbs\/thumbs_fullsizeoutput_2fab.jpeg?t=1498403092\"\n\t\t\tdata-image-id=\"9244\"\n\t\t\tdata-image-name=\"fullsizeoutput_2fab.jpeg\"\n\t\t\tdata-title=\"fullsizeoutput_2fab\"\n\t\t\tdata-description=\"\"\n\t\t\tdata-image-slug=\"fullsizeoutput_2fab\"\n\t\t\t\t\t\t\t\t\t\t\t\t\t\t\t\t\t\t\t\tclass=\"shutterset_c2f45fe5d9d96c44052958912dd86a42\">\n\t\t\t\t\t\t\t\t<img\n\t\t\t\t\ttitle=\"fullsizeoutput_2fab\"\n\t\t\t\t\talt=\"fullsizeoutput_2fab\"\n\t\t\t\t\tsrc=\"https:\/\/www.endless-hills.de\/wp-content\/gallery\/Quicksilver\/thumbs\/thumbs_fullsizeoutput_2fab.jpeg?t=1498403092\"\n\t\t\t\t\twidth=\"300\"\n\t\t\t\t\theight=\"300\"\n\t\t\t\t\tstyle=\"max-width:100%;\"\n\t\t\t\t\/>\n\t\t\t<\/a>\n\t\t<\/div>\n\t\t\t\t\t\t\t<\/div>\n\t\t\t\n\t\t\t\t<div id=\"ngg-image-1\" class=\"ngg-gallery-thumbnail-box\n\t\t\t\t\t\t\t\t\t\t\t\"\n\t\t\t>\n\t\t\t\t\t\t<div class=\"ngg-gallery-thumbnail\">\n\t\t<a href=\"https:\/\/www.endless-hills.de\/wp-content\/gallery\/Quicksilver\/DSC_0095.JPG?t=1498403189\"\n\t\t\ttitle=\"\"\n\t\t\tdata-src=\"https:\/\/www.endless-hills.de\/wp-content\/gallery\/Quicksilver\/DSC_0095.JPG?t=1498403189\"\n\t\t\tdata-thumbnail=\"https:\/\/www.endless-hills.de\/wp-content\/gallery\/Quicksilver\/thumbs\/thumbs_DSC_0095.JPG?t=1498403189\"\n\t\t\tdata-image-id=\"9254\"\n\t\t\tdata-image-name=\"DSC_0095.JPG\"\n\t\t\tdata-title=\"DSC_0095\"\n\t\t\tdata-description=\"\"\n\t\t\tdata-image-slug=\"dsc_0095-4\"\n\t\t\t\t\t\t\t\t\t\t\t\t\t\t\t\t\t\t\t\tclass=\"shutterset_c2f45fe5d9d96c44052958912dd86a42\">\n\t\t\t\t\t\t\t\t<img\n\t\t\t\t\ttitle=\"DSC_0095\"\n\t\t\t\t\talt=\"DSC_0095\"\n\t\t\t\t\tsrc=\"https:\/\/www.endless-hills.de\/wp-content\/gallery\/Quicksilver\/thumbs\/thumbs_DSC_0095.JPG?t=1498403189\"\n\t\t\t\t\twidth=\"300\"\n\t\t\t\t\theight=\"300\"\n\t\t\t\t\tstyle=\"max-width:100%;\"\n\t\t\t\t\/>\n\t\t\t<\/a>\n\t\t<\/div>\n\t\t\t\t\t\t\t<\/div>\n\t\t\t\n\t\t\t\t<div id=\"ngg-image-2\" class=\"ngg-gallery-thumbnail-box\n\t\t\t\t\t\t\t\t\t\t\t\"\n\t\t\t>\n\t\t\t\t\t\t<div class=\"ngg-gallery-thumbnail\">\n\t\t<a href=\"https:\/\/www.endless-hills.de\/wp-content\/gallery\/Quicksilver\/fullsizeoutput_2fa7.jpeg?t=1498403098\"\n\t\t\ttitle=\"\"\n\t\t\tdata-src=\"https:\/\/www.endless-hills.de\/wp-content\/gallery\/Quicksilver\/fullsizeoutput_2fa7.jpeg?t=1498403098\"\n\t\t\tdata-thumbnail=\"https:\/\/www.endless-hills.de\/wp-content\/gallery\/Quicksilver\/thumbs\/thumbs_fullsizeoutput_2fa7.jpeg?t=1498403098\"\n\t\t\tdata-image-id=\"9246\"\n\t\t\tdata-image-name=\"fullsizeoutput_2fa7.jpeg\"\n\t\t\tdata-title=\"fullsizeoutput_2fa7\"\n\t\t\tdata-description=\"\"\n\t\t\tdata-image-slug=\"fullsizeoutput_2fa7\"\n\t\t\t\t\t\t\t\t\t\t\t\t\t\t\t\t\t\t\t\tclass=\"shutterset_c2f45fe5d9d96c44052958912dd86a42\">\n\t\t\t\t\t\t\t\t<img\n\t\t\t\t\ttitle=\"fullsizeoutput_2fa7\"\n\t\t\t\t\talt=\"fullsizeoutput_2fa7\"\n\t\t\t\t\tsrc=\"https:\/\/www.endless-hills.de\/wp-content\/gallery\/Quicksilver\/thumbs\/thumbs_fullsizeoutput_2fa7.jpeg?t=1498403098\"\n\t\t\t\t\twidth=\"300\"\n\t\t\t\t\theight=\"300\"\n\t\t\t\t\tstyle=\"max-width:100%;\"\n\t\t\t\t\/>\n\t\t\t<\/a>\n\t\t<\/div>\n\t\t\t\t\t\t\t<\/div>\n\t\t\t\n\t\t\t\t<div id=\"ngg-image-3\" class=\"ngg-gallery-thumbnail-box\n\t\t\t\t\t\t\t\t\t\t\t\"\n\t\t\t>\n\t\t\t\t\t\t<div class=\"ngg-gallery-thumbnail\">\n\t\t<a href=\"https:\/\/www.endless-hills.de\/wp-content\/gallery\/Quicksilver\/DSC_0024.JPG?t=1498403184\"\n\t\t\ttitle=\"\"\n\t\t\tdata-src=\"https:\/\/www.endless-hills.de\/wp-content\/gallery\/Quicksilver\/DSC_0024.JPG?t=1498403184\"\n\t\t\tdata-thumbnail=\"https:\/\/www.endless-hills.de\/wp-content\/gallery\/Quicksilver\/thumbs\/thumbs_DSC_0024.JPG?t=1498403184\"\n\t\t\tdata-image-id=\"9253\"\n\t\t\tdata-image-name=\"DSC_0024.JPG\"\n\t\t\tdata-title=\"DSC_0024\"\n\t\t\tdata-description=\"\"\n\t\t\tdata-image-slug=\"dsc_0024-3\"\n\t\t\t\t\t\t\t\t\t\t\t\t\t\t\t\t\t\t\t\tclass=\"shutterset_c2f45fe5d9d96c44052958912dd86a42\">\n\t\t\t\t\t\t\t\t<img\n\t\t\t\t\ttitle=\"DSC_0024\"\n\t\t\t\t\talt=\"DSC_0024\"\n\t\t\t\t\tsrc=\"https:\/\/www.endless-hills.de\/wp-content\/gallery\/Quicksilver\/thumbs\/thumbs_DSC_0024.JPG?t=1498403184\"\n\t\t\t\t\twidth=\"300\"\n\t\t\t\t\theight=\"300\"\n\t\t\t\t\tstyle=\"max-width:100%;\"\n\t\t\t\t\/>\n\t\t\t<\/a>\n\t\t<\/div>\n\t\t\t\t\t\t\t<\/div>\n\t\t\t\n\t\t\t\t<div id=\"ngg-image-4\" class=\"ngg-gallery-thumbnail-box\n\t\t\t\t\t\t\t\t\t\t\t\"\n\t\t\t>\n\t\t\t\t\t\t<div class=\"ngg-gallery-thumbnail\">\n\t\t<a href=\"https:\/\/www.endless-hills.de\/wp-content\/gallery\/Quicksilver\/DSC_0022.JPG?t=1498403180\"\n\t\t\ttitle=\"\"\n\t\t\tdata-src=\"https:\/\/www.endless-hills.de\/wp-content\/gallery\/Quicksilver\/DSC_0022.JPG?t=1498403180\"\n\t\t\tdata-thumbnail=\"https:\/\/www.endless-hills.de\/wp-content\/gallery\/Quicksilver\/thumbs\/thumbs_DSC_0022.JPG?t=1498403180\"\n\t\t\tdata-image-id=\"9252\"\n\t\t\tdata-image-name=\"DSC_0022.JPG\"\n\t\t\tdata-title=\"DSC_0022\"\n\t\t\tdata-description=\"\"\n\t\t\tdata-image-slug=\"dsc_0022-3\"\n\t\t\t\t\t\t\t\t\t\t\t\t\t\t\t\t\t\t\t\tclass=\"shutterset_c2f45fe5d9d96c44052958912dd86a42\">\n\t\t\t\t\t\t\t\t<img\n\t\t\t\t\ttitle=\"DSC_0022\"\n\t\t\t\t\talt=\"DSC_0022\"\n\t\t\t\t\tsrc=\"https:\/\/www.endless-hills.de\/wp-content\/gallery\/Quicksilver\/thumbs\/thumbs_DSC_0022.JPG?t=1498403180\"\n\t\t\t\t\twidth=\"300\"\n\t\t\t\t\theight=\"300\"\n\t\t\t\t\tstyle=\"max-width:100%;\"\n\t\t\t\t\/>\n\t\t\t<\/a>\n\t\t<\/div>\n\t\t\t\t\t\t\t<\/div>\n\t\t\t\n\t\t\t\t<div id=\"ngg-image-5\" class=\"ngg-gallery-thumbnail-box\n\t\t\t\t\t\t\t\t\t\t\t\"\n\t\t\t>\n\t\t\t\t\t\t<div class=\"ngg-gallery-thumbnail\">\n\t\t<a href=\"https:\/\/www.endless-hills.de\/wp-content\/gallery\/Quicksilver\/DSC_0017.JPG?t=1498403175\"\n\t\t\ttitle=\"\"\n\t\t\tdata-src=\"https:\/\/www.endless-hills.de\/wp-content\/gallery\/Quicksilver\/DSC_0017.JPG?t=1498403175\"\n\t\t\tdata-thumbnail=\"https:\/\/www.endless-hills.de\/wp-content\/gallery\/Quicksilver\/thumbs\/thumbs_DSC_0017.JPG?t=1498403175\"\n\t\t\tdata-image-id=\"9251\"\n\t\t\tdata-image-name=\"DSC_0017.JPG\"\n\t\t\tdata-title=\"DSC_0017\"\n\t\t\tdata-description=\"\"\n\t\t\tdata-image-slug=\"dsc_0017-3\"\n\t\t\t\t\t\t\t\t\t\t\t\t\t\t\t\t\t\t\t\tclass=\"shutterset_c2f45fe5d9d96c44052958912dd86a42\">\n\t\t\t\t\t\t\t\t<img\n\t\t\t\t\ttitle=\"DSC_0017\"\n\t\t\t\t\talt=\"DSC_0017\"\n\t\t\t\t\tsrc=\"https:\/\/www.endless-hills.de\/wp-content\/gallery\/Quicksilver\/thumbs\/thumbs_DSC_0017.JPG?t=1498403175\"\n\t\t\t\t\twidth=\"300\"\n\t\t\t\t\theight=\"300\"\n\t\t\t\t\tstyle=\"max-width:100%;\"\n\t\t\t\t\/>\n\t\t\t<\/a>\n\t\t<\/div>\n\t\t\t\t\t\t\t<\/div>\n\t\t\t\n\t\t\t\t<div id=\"ngg-image-6\" class=\"ngg-gallery-thumbnail-box\n\t\t\t\t\t\t\t\t\t\t\t\"\n\t\t\t>\n\t\t\t\t\t\t<div class=\"ngg-gallery-thumbnail\">\n\t\t<a href=\"https:\/\/www.endless-hills.de\/wp-content\/gallery\/Quicksilver\/DSC_0009.JPG?t=1498403170\"\n\t\t\ttitle=\"\"\n\t\t\tdata-src=\"https:\/\/www.endless-hills.de\/wp-content\/gallery\/Quicksilver\/DSC_0009.JPG?t=1498403170\"\n\t\t\tdata-thumbnail=\"https:\/\/www.endless-hills.de\/wp-content\/gallery\/Quicksilver\/thumbs\/thumbs_DSC_0009.JPG?t=1498403170\"\n\t\t\tdata-image-id=\"9250\"\n\t\t\tdata-image-name=\"DSC_0009.JPG\"\n\t\t\tdata-title=\"DSC_0009\"\n\t\t\tdata-description=\"\"\n\t\t\tdata-image-slug=\"dsc_0009-2\"\n\t\t\t\t\t\t\t\t\t\t\t\t\t\t\t\t\t\t\t\tclass=\"shutterset_c2f45fe5d9d96c44052958912dd86a42\">\n\t\t\t\t\t\t\t\t<img\n\t\t\t\t\ttitle=\"DSC_0009\"\n\t\t\t\t\talt=\"DSC_0009\"\n\t\t\t\t\tsrc=\"https:\/\/www.endless-hills.de\/wp-content\/gallery\/Quicksilver\/thumbs\/thumbs_DSC_0009.JPG?t=1498403170\"\n\t\t\t\t\twidth=\"300\"\n\t\t\t\t\theight=\"300\"\n\t\t\t\t\tstyle=\"max-width:100%;\"\n\t\t\t\t\/>\n\t\t\t<\/a>\n\t\t<\/div>\n\t\t\t\t\t\t\t<\/div>\n\t\t\t\n\t\t\t\t<div id=\"ngg-image-7\" class=\"ngg-gallery-thumbnail-box\n\t\t\t\t\t\t\t\t\t\t\t\"\n\t\t\t>\n\t\t\t\t\t\t<div class=\"ngg-gallery-thumbnail\">\n\t\t<a href=\"https:\/\/www.endless-hills.de\/wp-content\/gallery\/Quicksilver\/fullsizeoutput_2fb3.jpeg?t=1498403107\"\n\t\t\ttitle=\"\"\n\t\t\tdata-src=\"https:\/\/www.endless-hills.de\/wp-content\/gallery\/Quicksilver\/fullsizeoutput_2fb3.jpeg?t=1498403107\"\n\t\t\tdata-thumbnail=\"https:\/\/www.endless-hills.de\/wp-content\/gallery\/Quicksilver\/thumbs\/thumbs_fullsizeoutput_2fb3.jpeg?t=1498403107\"\n\t\t\tdata-image-id=\"9249\"\n\t\t\tdata-image-name=\"fullsizeoutput_2fb3.jpeg\"\n\t\t\tdata-title=\"fullsizeoutput_2fb3\"\n\t\t\tdata-description=\"\"\n\t\t\tdata-image-slug=\"fullsizeoutput_2fb3\"\n\t\t\t\t\t\t\t\t\t\t\t\t\t\t\t\t\t\t\t\tclass=\"shutterset_c2f45fe5d9d96c44052958912dd86a42\">\n\t\t\t\t\t\t\t\t<img\n\t\t\t\t\ttitle=\"fullsizeoutput_2fb3\"\n\t\t\t\t\talt=\"fullsizeoutput_2fb3\"\n\t\t\t\t\tsrc=\"https:\/\/www.endless-hills.de\/wp-content\/gallery\/Quicksilver\/thumbs\/thumbs_fullsizeoutput_2fb3.jpeg?t=1498403107\"\n\t\t\t\t\twidth=\"300\"\n\t\t\t\t\theight=\"300\"\n\t\t\t\t\tstyle=\"max-width:100%;\"\n\t\t\t\t\/>\n\t\t\t<\/a>\n\t\t<\/div>\n\t\t\t\t\t\t\t<\/div>\n\t\t\t\n\t\t\t\t<div id=\"ngg-image-8\" class=\"ngg-gallery-thumbnail-box\n\t\t\t\t\t\t\t\t\t\t\t\"\n\t\t\t>\n\t\t\t\t\t\t<div class=\"ngg-gallery-thumbnail\">\n\t\t<a href=\"https:\/\/www.endless-hills.de\/wp-content\/gallery\/Quicksilver\/fullsizeoutput_2fb2.jpeg?t=1498403105\"\n\t\t\ttitle=\"\"\n\t\t\tdata-src=\"https:\/\/www.endless-hills.de\/wp-content\/gallery\/Quicksilver\/fullsizeoutput_2fb2.jpeg?t=1498403105\"\n\t\t\tdata-thumbnail=\"https:\/\/www.endless-hills.de\/wp-content\/gallery\/Quicksilver\/thumbs\/thumbs_fullsizeoutput_2fb2.jpeg?t=1498403105\"\n\t\t\tdata-image-id=\"9248\"\n\t\t\tdata-image-name=\"fullsizeoutput_2fb2.jpeg\"\n\t\t\tdata-title=\"fullsizeoutput_2fb2\"\n\t\t\tdata-description=\"\"\n\t\t\tdata-image-slug=\"fullsizeoutput_2fb2\"\n\t\t\t\t\t\t\t\t\t\t\t\t\t\t\t\t\t\t\t\tclass=\"shutterset_c2f45fe5d9d96c44052958912dd86a42\">\n\t\t\t\t\t\t\t\t<img\n\t\t\t\t\ttitle=\"fullsizeoutput_2fb2\"\n\t\t\t\t\talt=\"fullsizeoutput_2fb2\"\n\t\t\t\t\tsrc=\"https:\/\/www.endless-hills.de\/wp-content\/gallery\/Quicksilver\/thumbs\/thumbs_fullsizeoutput_2fb2.jpeg?t=1498403105\"\n\t\t\t\t\twidth=\"300\"\n\t\t\t\t\theight=\"300\"\n\t\t\t\t\tstyle=\"max-width:100%;\"\n\t\t\t\t\/>\n\t\t\t<\/a>\n\t\t<\/div>\n\t\t\t\t\t\t\t<\/div>\n\t\t\t\n\t\t\t\t<div id=\"ngg-image-9\" class=\"ngg-gallery-thumbnail-box\n\t\t\t\t\t\t\t\t\t\t\t\"\n\t\t\t>\n\t\t\t\t\t\t<div class=\"ngg-gallery-thumbnail\">\n\t\t<a href=\"https:\/\/www.endless-hills.de\/wp-content\/gallery\/Quicksilver\/DSC_0534.JPG?t=1498403103\"\n\t\t\ttitle=\"\"\n\t\t\tdata-src=\"https:\/\/www.endless-hills.de\/wp-content\/gallery\/Quicksilver\/DSC_0534.JPG?t=1498403103\"\n\t\t\tdata-thumbnail=\"https:\/\/www.endless-hills.de\/wp-content\/gallery\/Quicksilver\/thumbs\/thumbs_DSC_0534.JPG?t=1498403103\"\n\t\t\tdata-image-id=\"9247\"\n\t\t\tdata-image-name=\"DSC_0534.JPG\"\n\t\t\tdata-title=\"DSC_0534\"\n\t\t\tdata-description=\"\"\n\t\t\tdata-image-slug=\"dsc_0534-1\"\n\t\t\t\t\t\t\t\t\t\t\t\t\t\t\t\t\t\t\t\tclass=\"shutterset_c2f45fe5d9d96c44052958912dd86a42\">\n\t\t\t\t\t\t\t\t<img\n\t\t\t\t\ttitle=\"DSC_0534\"\n\t\t\t\t\talt=\"DSC_0534\"\n\t\t\t\t\tsrc=\"https:\/\/www.endless-hills.de\/wp-content\/gallery\/Quicksilver\/thumbs\/thumbs_DSC_0534.JPG?t=1498403103\"\n\t\t\t\t\twidth=\"300\"\n\t\t\t\t\theight=\"300\"\n\t\t\t\t\tstyle=\"max-width:100%;\"\n\t\t\t\t\/>\n\t\t\t<\/a>\n\t\t<\/div>\n\t\t\t\t\t\t\t<\/div>\n\t\t\t\n\t\t\t\t<div id=\"ngg-image-10\" class=\"ngg-gallery-thumbnail-box\n\t\t\t\t\t\t\t\t\t\t\t\"\n\t\t\t>\n\t\t\t\t\t\t<div class=\"ngg-gallery-thumbnail\">\n\t\t<a href=\"https:\/\/www.endless-hills.de\/wp-content\/gallery\/Quicksilver\/fullsizeoutput_2fac.jpeg?t=1498403095\"\n\t\t\ttitle=\"\"\n\t\t\tdata-src=\"https:\/\/www.endless-hills.de\/wp-content\/gallery\/Quicksilver\/fullsizeoutput_2fac.jpeg?t=1498403095\"\n\t\t\tdata-thumbnail=\"https:\/\/www.endless-hills.de\/wp-content\/gallery\/Quicksilver\/thumbs\/thumbs_fullsizeoutput_2fac.jpeg?t=1498403095\"\n\t\t\tdata-image-id=\"9245\"\n\t\t\tdata-image-name=\"fullsizeoutput_2fac.jpeg\"\n\t\t\tdata-title=\"fullsizeoutput_2fac\"\n\t\t\tdata-description=\"\"\n\t\t\tdata-image-slug=\"fullsizeoutput_2fac\"\n\t\t\t\t\t\t\t\t\t\t\t\t\t\t\t\t\t\t\t\tclass=\"shutterset_c2f45fe5d9d96c44052958912dd86a42\">\n\t\t\t\t\t\t\t\t<img\n\t\t\t\t\ttitle=\"fullsizeoutput_2fac\"\n\t\t\t\t\talt=\"fullsizeoutput_2fac\"\n\t\t\t\t\tsrc=\"https:\/\/www.endless-hills.de\/wp-content\/gallery\/Quicksilver\/thumbs\/thumbs_fullsizeoutput_2fac.jpeg?t=1498403095\"\n\t\t\t\t\twidth=\"300\"\n\t\t\t\t\theight=\"300\"\n\t\t\t\t\tstyle=\"max-width:100%;\"\n\t\t\t\t\/>\n\t\t\t<\/a>\n\t\t<\/div>\n\t\t\t\t\t\t\t<\/div>\n\t\t\t\n\t\t\t\t<div id=\"ngg-image-11\" class=\"ngg-gallery-thumbnail-box\n\t\t\t\t\t\t\t\t\t\t\t\"\n\t\t\t>\n\t\t\t\t\t\t<div class=\"ngg-gallery-thumbnail\">\n\t\t<a href=\"https:\/\/www.endless-hills.de\/wp-content\/gallery\/Quicksilver\/fullsizeoutput_2f4f.jpeg?t=1497554983\"\n\t\t\ttitle=\"\"\n\t\t\tdata-src=\"https:\/\/www.endless-hills.de\/wp-content\/gallery\/Quicksilver\/fullsizeoutput_2f4f.jpeg?t=1497554983\"\n\t\t\tdata-thumbnail=\"https:\/\/www.endless-hills.de\/wp-content\/gallery\/Quicksilver\/thumbs\/thumbs_fullsizeoutput_2f4f.jpeg?t=1497554983\"\n\t\t\tdata-image-id=\"9124\"\n\t\t\tdata-image-name=\"fullsizeoutput_2f4f.jpeg\"\n\t\t\tdata-title=\"fullsizeoutput_2f4f\"\n\t\t\tdata-description=\"\"\n\t\t\tdata-image-slug=\"fullsizeoutput_2f4f\"\n\t\t\t\t\t\t\t\t\t\t\t\t\t\t\t\t\t\t\t\tclass=\"shutterset_c2f45fe5d9d96c44052958912dd86a42\">\n\t\t\t\t\t\t\t\t<img\n\t\t\t\t\ttitle=\"fullsizeoutput_2f4f\"\n\t\t\t\t\talt=\"fullsizeoutput_2f4f\"\n\t\t\t\t\tsrc=\"https:\/\/www.endless-hills.de\/wp-content\/gallery\/Quicksilver\/thumbs\/thumbs_fullsizeoutput_2f4f.jpeg?t=1497554983\"\n\t\t\t\t\twidth=\"300\"\n\t\t\t\t\theight=\"300\"\n\t\t\t\t\tstyle=\"max-width:100%;\"\n\t\t\t\t\/>\n\t\t\t<\/a>\n\t\t<\/div>\n\t\t\t\t\t\t\t<\/div>\n\t\t\t\n\t\t\t\t<div id=\"ngg-image-12\" class=\"ngg-gallery-thumbnail-box\n\t\t\t\t\t\t\t\t\t\t\t\"\n\t\t\t>\n\t\t\t\t\t\t<div class=\"ngg-gallery-thumbnail\">\n\t\t<a href=\"https:\/\/www.endless-hills.de\/wp-content\/gallery\/Quicksilver\/DSC_0214.JPG?t=1497554967\"\n\t\t\ttitle=\"\"\n\t\t\tdata-src=\"https:\/\/www.endless-hills.de\/wp-content\/gallery\/Quicksilver\/DSC_0214.JPG?t=1497554967\"\n\t\t\tdata-thumbnail=\"https:\/\/www.endless-hills.de\/wp-content\/gallery\/Quicksilver\/thumbs\/thumbs_DSC_0214.JPG?t=1497554967\"\n\t\t\tdata-image-id=\"9123\"\n\t\t\tdata-image-name=\"DSC_0214.JPG\"\n\t\t\tdata-title=\"DSC_0214\"\n\t\t\tdata-description=\"\"\n\t\t\tdata-image-slug=\"dsc_0214-2\"\n\t\t\t\t\t\t\t\t\t\t\t\t\t\t\t\t\t\t\t\tclass=\"shutterset_c2f45fe5d9d96c44052958912dd86a42\">\n\t\t\t\t\t\t\t\t<img\n\t\t\t\t\ttitle=\"DSC_0214\"\n\t\t\t\t\talt=\"DSC_0214\"\n\t\t\t\t\tsrc=\"https:\/\/www.endless-hills.de\/wp-content\/gallery\/Quicksilver\/thumbs\/thumbs_DSC_0214.JPG?t=1497554967\"\n\t\t\t\t\twidth=\"300\"\n\t\t\t\t\theight=\"300\"\n\t\t\t\t\tstyle=\"max-width:100%;\"\n\t\t\t\t\/>\n\t\t\t<\/a>\n\t\t<\/div>\n\t\t\t\t\t\t\t<\/div>\n\t\t\t\n\t\t\t\t<div id=\"ngg-image-13\" class=\"ngg-gallery-thumbnail-box\n\t\t\t\t\t\t\t\t\t\t\t\"\n\t\t\t>\n\t\t\t\t\t\t<div class=\"ngg-gallery-thumbnail\">\n\t\t<a href=\"https:\/\/www.endless-hills.de\/wp-content\/gallery\/Quicksilver\/DSC_0213.JPG?t=1497554952\"\n\t\t\ttitle=\"\"\n\t\t\tdata-src=\"https:\/\/www.endless-hills.de\/wp-content\/gallery\/Quicksilver\/DSC_0213.JPG?t=1497554952\"\n\t\t\tdata-thumbnail=\"https:\/\/www.endless-hills.de\/wp-content\/gallery\/Quicksilver\/thumbs\/thumbs_DSC_0213.JPG?t=1497554952\"\n\t\t\tdata-image-id=\"9122\"\n\t\t\tdata-image-name=\"DSC_0213.JPG\"\n\t\t\tdata-title=\"DSC_0213\"\n\t\t\tdata-description=\"\"\n\t\t\tdata-image-slug=\"dsc_0213-3\"\n\t\t\t\t\t\t\t\t\t\t\t\t\t\t\t\t\t\t\t\tclass=\"shutterset_c2f45fe5d9d96c44052958912dd86a42\">\n\t\t\t\t\t\t\t\t<img\n\t\t\t\t\ttitle=\"DSC_0213\"\n\t\t\t\t\talt=\"DSC_0213\"\n\t\t\t\t\tsrc=\"https:\/\/www.endless-hills.de\/wp-content\/gallery\/Quicksilver\/thumbs\/thumbs_DSC_0213.JPG?t=1497554952\"\n\t\t\t\t\twidth=\"300\"\n\t\t\t\t\theight=\"300\"\n\t\t\t\t\tstyle=\"max-width:100%;\"\n\t\t\t\t\/>\n\t\t\t<\/a>\n\t\t<\/div>\n\t\t\t\t\t\t\t<\/div>\n\t\t\t\n\t\t\t\t<div id=\"ngg-image-14\" class=\"ngg-gallery-thumbnail-box\n\t\t\t\t\t\t\t\t\t\t\t\"\n\t\t\t>\n\t\t\t\t\t\t<div class=\"ngg-gallery-thumbnail\">\n\t\t<a href=\"https:\/\/www.endless-hills.de\/wp-content\/gallery\/Quicksilver\/DSC_0208.JPG?t=1497554939\"\n\t\t\ttitle=\"\"\n\t\t\tdata-src=\"https:\/\/www.endless-hills.de\/wp-content\/gallery\/Quicksilver\/DSC_0208.JPG?t=1497554939\"\n\t\t\tdata-thumbnail=\"https:\/\/www.endless-hills.de\/wp-content\/gallery\/Quicksilver\/thumbs\/thumbs_DSC_0208.JPG?t=1497554939\"\n\t\t\tdata-image-id=\"9121\"\n\t\t\tdata-image-name=\"DSC_0208.JPG\"\n\t\t\tdata-title=\"DSC_0208\"\n\t\t\tdata-description=\"\"\n\t\t\tdata-image-slug=\"dsc_0208\"\n\t\t\t\t\t\t\t\t\t\t\t\t\t\t\t\t\t\t\t\tclass=\"shutterset_c2f45fe5d9d96c44052958912dd86a42\">\n\t\t\t\t\t\t\t\t<img\n\t\t\t\t\ttitle=\"DSC_0208\"\n\t\t\t\t\talt=\"DSC_0208\"\n\t\t\t\t\tsrc=\"https:\/\/www.endless-hills.de\/wp-content\/gallery\/Quicksilver\/thumbs\/thumbs_DSC_0208.JPG?t=1497554939\"\n\t\t\t\t\twidth=\"300\"\n\t\t\t\t\theight=\"300\"\n\t\t\t\t\tstyle=\"max-width:100%;\"\n\t\t\t\t\/>\n\t\t\t<\/a>\n\t\t<\/div>\n\t\t\t\t\t\t\t<\/div>\n\t\t\t\n\t\t\t\t<div id=\"ngg-image-15\" class=\"ngg-gallery-thumbnail-box\n\t\t\t\t\t\t\t\t\t\t\t\"\n\t\t\t>\n\t\t\t\t\t\t<div class=\"ngg-gallery-thumbnail\">\n\t\t<a href=\"https:\/\/www.endless-hills.de\/wp-content\/gallery\/Quicksilver\/fullsizeoutput_2f4d.jpeg?t=1497554922\"\n\t\t\ttitle=\"\"\n\t\t\tdata-src=\"https:\/\/www.endless-hills.de\/wp-content\/gallery\/Quicksilver\/fullsizeoutput_2f4d.jpeg?t=1497554922\"\n\t\t\tdata-thumbnail=\"https:\/\/www.endless-hills.de\/wp-content\/gallery\/Quicksilver\/thumbs\/thumbs_fullsizeoutput_2f4d.jpeg?t=1497554922\"\n\t\t\tdata-image-id=\"9120\"\n\t\t\tdata-image-name=\"fullsizeoutput_2f4d.jpeg\"\n\t\t\tdata-title=\"fullsizeoutput_2f4d\"\n\t\t\tdata-description=\"\"\n\t\t\tdata-image-slug=\"fullsizeoutput_2f4d\"\n\t\t\t\t\t\t\t\t\t\t\t\t\t\t\t\t\t\t\t\tclass=\"shutterset_c2f45fe5d9d96c44052958912dd86a42\">\n\t\t\t\t\t\t\t\t<img\n\t\t\t\t\ttitle=\"fullsizeoutput_2f4d\"\n\t\t\t\t\talt=\"fullsizeoutput_2f4d\"\n\t\t\t\t\tsrc=\"https:\/\/www.endless-hills.de\/wp-content\/gallery\/Quicksilver\/thumbs\/thumbs_fullsizeoutput_2f4d.jpeg?t=1497554922\"\n\t\t\t\t\twidth=\"300\"\n\t\t\t\t\theight=\"300\"\n\t\t\t\t\tstyle=\"max-width:100%;\"\n\t\t\t\t\/>\n\t\t\t<\/a>\n\t\t<\/div>\n\t\t\t\t\t\t\t<\/div>\n\t\t\t\n\t\t\t\t<div id=\"ngg-image-16\" class=\"ngg-gallery-thumbnail-box\n\t\t\t\t\t\t\t\t\t\t\t\"\n\t\t\t>\n\t\t\t\t\t\t<div class=\"ngg-gallery-thumbnail\">\n\t\t<a href=\"https:\/\/www.endless-hills.de\/wp-content\/gallery\/Quicksilver\/fullsizeoutput_2f4b.jpeg?t=1497554915\"\n\t\t\ttitle=\"\"\n\t\t\tdata-src=\"https:\/\/www.endless-hills.de\/wp-content\/gallery\/Quicksilver\/fullsizeoutput_2f4b.jpeg?t=1497554915\"\n\t\t\tdata-thumbnail=\"https:\/\/www.endless-hills.de\/wp-content\/gallery\/Quicksilver\/thumbs\/thumbs_fullsizeoutput_2f4b.jpeg?t=1497554915\"\n\t\t\tdata-image-id=\"9119\"\n\t\t\tdata-image-name=\"fullsizeoutput_2f4b.jpeg\"\n\t\t\tdata-title=\"fullsizeoutput_2f4b\"\n\t\t\tdata-description=\"\"\n\t\t\tdata-image-slug=\"fullsizeoutput_2f4b\"\n\t\t\t\t\t\t\t\t\t\t\t\t\t\t\t\t\t\t\t\tclass=\"shutterset_c2f45fe5d9d96c44052958912dd86a42\">\n\t\t\t\t\t\t\t\t<img\n\t\t\t\t\ttitle=\"fullsizeoutput_2f4b\"\n\t\t\t\t\talt=\"fullsizeoutput_2f4b\"\n\t\t\t\t\tsrc=\"https:\/\/www.endless-hills.de\/wp-content\/gallery\/Quicksilver\/thumbs\/thumbs_fullsizeoutput_2f4b.jpeg?t=1497554915\"\n\t\t\t\t\twidth=\"300\"\n\t\t\t\t\theight=\"300\"\n\t\t\t\t\tstyle=\"max-width:100%;\"\n\t\t\t\t\/>\n\t\t\t<\/a>\n\t\t<\/div>\n\t\t\t\t\t\t\t<\/div>\n\t\t\t\n\t\t\t\t<div id=\"ngg-image-17\" class=\"ngg-gallery-thumbnail-box\n\t\t\t\t\t\t\t\t\t\t\t\"\n\t\t\t>\n\t\t\t\t\t\t<div class=\"ngg-gallery-thumbnail\">\n\t\t<a href=\"https:\/\/www.endless-hills.de\/wp-content\/gallery\/Quicksilver\/fullsizeoutput_2f4a.jpeg?t=1497554911\"\n\t\t\ttitle=\"\"\n\t\t\tdata-src=\"https:\/\/www.endless-hills.de\/wp-content\/gallery\/Quicksilver\/fullsizeoutput_2f4a.jpeg?t=1497554911\"\n\t\t\tdata-thumbnail=\"https:\/\/www.endless-hills.de\/wp-content\/gallery\/Quicksilver\/thumbs\/thumbs_fullsizeoutput_2f4a.jpeg?t=1497554911\"\n\t\t\tdata-image-id=\"9118\"\n\t\t\tdata-image-name=\"fullsizeoutput_2f4a.jpeg\"\n\t\t\tdata-title=\"fullsizeoutput_2f4a\"\n\t\t\tdata-description=\"\"\n\t\t\tdata-image-slug=\"fullsizeoutput_2f4a\"\n\t\t\t\t\t\t\t\t\t\t\t\t\t\t\t\t\t\t\t\tclass=\"shutterset_c2f45fe5d9d96c44052958912dd86a42\">\n\t\t\t\t\t\t\t\t<img\n\t\t\t\t\ttitle=\"fullsizeoutput_2f4a\"\n\t\t\t\t\talt=\"fullsizeoutput_2f4a\"\n\t\t\t\t\tsrc=\"https:\/\/www.endless-hills.de\/wp-content\/gallery\/Quicksilver\/thumbs\/thumbs_fullsizeoutput_2f4a.jpeg?t=1497554911\"\n\t\t\t\t\twidth=\"300\"\n\t\t\t\t\theight=\"300\"\n\t\t\t\t\tstyle=\"max-width:100%;\"\n\t\t\t\t\/>\n\t\t\t<\/a>\n\t\t<\/div>\n\t\t\t\t\t\t\t<\/div>\n\t\t\t\n\t\t\t\t<div id=\"ngg-image-18\" class=\"ngg-gallery-thumbnail-box\n\t\t\t\t\t\t\t\t\t\t\t\"\n\t\t\t>\n\t\t\t\t\t\t<div class=\"ngg-gallery-thumbnail\">\n\t\t<a href=\"https:\/\/www.endless-hills.de\/wp-content\/gallery\/Quicksilver\/DSC_0197.JPG?t=1497554906\"\n\t\t\ttitle=\"\"\n\t\t\tdata-src=\"https:\/\/www.endless-hills.de\/wp-content\/gallery\/Quicksilver\/DSC_0197.JPG?t=1497554906\"\n\t\t\tdata-thumbnail=\"https:\/\/www.endless-hills.de\/wp-content\/gallery\/Quicksilver\/thumbs\/thumbs_DSC_0197.JPG?t=1497554906\"\n\t\t\tdata-image-id=\"9117\"\n\t\t\tdata-image-name=\"DSC_0197.JPG\"\n\t\t\tdata-title=\"DSC_0197\"\n\t\t\tdata-description=\"\"\n\t\t\tdata-image-slug=\"dsc_0197-3\"\n\t\t\t\t\t\t\t\t\t\t\t\t\t\t\t\t\t\t\t\tclass=\"shutterset_c2f45fe5d9d96c44052958912dd86a42\">\n\t\t\t\t\t\t\t\t<img\n\t\t\t\t\ttitle=\"DSC_0197\"\n\t\t\t\t\talt=\"DSC_0197\"\n\t\t\t\t\tsrc=\"https:\/\/www.endless-hills.de\/wp-content\/gallery\/Quicksilver\/thumbs\/thumbs_DSC_0197.JPG?t=1497554906\"\n\t\t\t\t\twidth=\"300\"\n\t\t\t\t\theight=\"300\"\n\t\t\t\t\tstyle=\"max-width:100%;\"\n\t\t\t\t\/>\n\t\t\t<\/a>\n\t\t<\/div>\n\t\t\t\t\t\t\t<\/div>\n\t\t\t\n\t\t\t\t<div id=\"ngg-image-19\" class=\"ngg-gallery-thumbnail-box\n\t\t\t\t\t\t\t\t\t\t\t\"\n\t\t\t>\n\t\t\t\t\t\t<div class=\"ngg-gallery-thumbnail\">\n\t\t<a href=\"https:\/\/www.endless-hills.de\/wp-content\/gallery\/Quicksilver\/DSC_0195.JPG?t=1497554884\"\n\t\t\ttitle=\"\"\n\t\t\tdata-src=\"https:\/\/www.endless-hills.de\/wp-content\/gallery\/Quicksilver\/DSC_0195.JPG?t=1497554884\"\n\t\t\tdata-thumbnail=\"https:\/\/www.endless-hills.de\/wp-content\/gallery\/Quicksilver\/thumbs\/thumbs_DSC_0195.JPG?t=1497554884\"\n\t\t\tdata-image-id=\"9116\"\n\t\t\tdata-image-name=\"DSC_0195.JPG\"\n\t\t\tdata-title=\"DSC_0195\"\n\t\t\tdata-description=\"\"\n\t\t\tdata-image-slug=\"dsc_0195-3\"\n\t\t\t\t\t\t\t\t\t\t\t\t\t\t\t\t\t\t\t\tclass=\"shutterset_c2f45fe5d9d96c44052958912dd86a42\">\n\t\t\t\t\t\t\t\t<img\n\t\t\t\t\ttitle=\"DSC_0195\"\n\t\t\t\t\talt=\"DSC_0195\"\n\t\t\t\t\tsrc=\"https:\/\/www.endless-hills.de\/wp-content\/gallery\/Quicksilver\/thumbs\/thumbs_DSC_0195.JPG?t=1497554884\"\n\t\t\t\t\twidth=\"300\"\n\t\t\t\t\theight=\"300\"\n\t\t\t\t\tstyle=\"max-width:100%;\"\n\t\t\t\t\/>\n\t\t\t<\/a>\n\t\t<\/div>\n\t\t\t\t\t\t\t<\/div>\n\t\t\t\n\t\n\t<br style=\"clear: both\" \/>\n\n\t\t<div class=\"slideshowlink\">\n\t\t<a href='https:\/\/www.endless-hills.de\/index.php\/nggallery\/slideshow?page_id=14432'>[Zeige als Diashow]<\/a>\n\n\t<\/div>\n\t\n\t\t<!-- Pagination -->\n\t\t<div class='ngg-navigation'><span class='current'>1<\/span>\n<a class='page-numbers' data-pageid='2' href='https:\/\/www.endless-hills.de\/index.php\/nggallery\/page\/2?page_id=14432'>2<\/a>\n<a class='prev' href='https:\/\/www.endless-hills.de\/index.php\/nggallery\/page\/2?page_id=14432' data-pageid=\"2\">&#9658;<\/a><\/div>\t<\/div>\n<\/p>\n","protected":false},"excerpt":{"rendered":"<p>goldsable R\u00fcde, dicke Blesse geboren um 7.15 Uhr mit 277 g Der freche, megas\u00fc\u00dfe Louie wird das Leben von Petra, Julia und Finn auf den Kopf stellen &lt;3 [Zeige als Diashow] 1 2 &#9658;<\/p>\n","protected":false},"author":3,"featured_media":0,"parent":15574,"menu_order":9,"comment_status":"closed","ping_status":"closed","template":"","meta":{"ngg_post_thumbnail":0,"footnotes":""},"class_list":["post-14432","page","type-page","status-publish","hentry"],"_links":{"self":[{"href":"https:\/\/www.endless-hills.de\/index.php?rest_route=\/wp\/v2\/pages\/14432","targetHints":{"allow":["GET"]}}],"collection":[{"href":"https:\/\/www.endless-hills.de\/index.php?rest_route=\/wp\/v2\/pages"}],"about":[{"href":"https:\/\/www.endless-hills.de\/index.php?rest_route=\/wp\/v2\/types\/page"}],"author":[{"embeddable":true,"href":"https:\/\/www.endless-hills.de\/index.php?rest_route=\/wp\/v2\/users\/3"}],"replies":[{"embeddable":true,"href":"https:\/\/www.endless-hills.de\/index.php?rest_route=%2Fwp%2Fv2%2Fcomments&post=14432"}],"version-history":[{"count":6,"href":"https:\/\/www.endless-hills.de\/index.php?rest_route=\/wp\/v2\/pages\/14432\/revisions"}],"predecessor-version":[{"id":15219,"href":"https:\/\/www.endless-hills.de\/index.php?rest_route=\/wp\/v2\/pages\/14432\/revisions\/15219"}],"up":[{"embeddable":true,"href":"https:\/\/www.endless-hills.de\/index.php?rest_route=\/wp\/v2\/pages\/15574"}],"wp:attachment":[{"href":"https:\/\/www.endless-hills.de\/index.php?rest_route=%2Fwp%2Fv2%2Fmedia&parent=14432"}],"curies":[{"name":"wp","href":"https:\/\/api.w.org\/{rel}","templated":true}]}}